{"id":7105462,"date":"2024-11-23T22:34:14","date_gmt":"2024-11-23T22:34:14","guid":{"rendered":"https:\/\/gamesbestprices.com\/product\/dragon-age-the-veilguard-deluxe-edition-pc-digital\/"},"modified":"2024-11-23T22:34:14","modified_gmt":"2024-11-23T22:34:14","slug":"dragon-age-the-veilguard-deluxe-edition-pc-digital","status":"publish","type":"product","link":"https:\/\/gamesbestprices.com\/fr\/produit\/dragon-age-the-veilguard-deluxe-edition-pc-digital\/","title":{"rendered":"Dragon Age: The Veilguard Deluxe Edition Steam Pc"},"content":{"rendered":"<p><strong>\u26a0\ufe0f<span style=\"color: #ff0000;\">OBTENEZ UN JEU STEAM ORIGINAL !<\/span> \u26a0\ufe0f<\/strong><\/p>\n<p>Profitez du mode <strong>HORS LIGNE<\/strong> avec une flexibilit\u00e9 totale. Vous recevrez un <strong>IDENTIFIANT<\/strong> et un <strong>MOT DE PASSE (UN COMPTE)<\/strong> que nous fournissons, vous permettant de jouer.<br \/>\n<strong>EN UTILISANT LE COMPTE FOURNI<\/strong>.<\/p>\n<p><strong><span style=\"color: #ff0000;\">IMPORTANT<\/span><\/strong> : Ne vous inqui\u00e9tez pas, vous aurez votre <strong>sauvegarde exclusive<\/strong> et personne ne peut vous retirer de notre compte pendant que vous jouez.<br \/>\nJouez sans tracas, quand vous voulez, en \u00e9conomisant beaucoup et en vous amusant \u00e9norm\u00e9ment !<\/p>\n<p>Les informations du compte<strong> ne peuvent pas \u00eatre modifi\u00e9es. <\/strong>Pour plus de d\u00e9tails, veuillez <span style=\"color: #037c05;\"><strong><a style=\"color: #037c05;\" href=\"https:\/\/gamesbestprices.com\/fr\/faqs\/\">cliquer sur ce lien.<\/a><\/strong><\/span><\/p>\n<p><strong>\ud83c\udfae\ud83e\uddd9\u200d\u2642\ufe0f \u00c0 PROPOS DU JEU : <\/strong><\/p>\n<table>\n<thead>\n<tr>\n<th class=\"cabecalho\" colspan=\"2\">Configuration Requise<\/th>\n<\/tr>\n<\/thead>\n<tbody>\n<tr>\n<td>Syst\u00e8me d&rsquo;exploitation<\/td>\n<td>64 bit Windows 10\/11<\/td>\n<\/tr>\n<tr>\n<td>Processeur<\/td>\n<td>Intel Core i5-8400 \/ AMD Ryzen 3 3300X* (voir notes)<\/td>\n<\/tr>\n<tr>\n<td>M\u00e9moire RAM<\/td>\n<td>16 GB RAM<\/td>\n<\/tr>\n<tr>\n<td>Carte Graphique<\/td>\n<td>NVIDIA GTX 970\/1650 \/ AMD Radeon R9 290X<\/td>\n<\/tr>\n<tr>\n<td>DirectX<\/td>\n<td>Version 12<\/td>\n<\/tr>\n<tr>\n<td>Stockage<\/td>\n<td>100 Go d&rsquo;espace disponible<\/td>\n<\/tr>\n<\/tbody>\n<\/table>\n<p>Entrez dans le monde de Thedas, une terre vibrante de nature sauvage, de labyrinthes tra\u00eetres et de villes scintillantes, impr\u00e9gn\u00e9e de conflits et de magies secr\u00e8tes. D\u00e9sormais, une paire de dieux anciens corrompus se sont lib\u00e9r\u00e9s de si\u00e8cles d&rsquo;obscurit\u00e9 et sont d\u00e9termin\u00e9s \u00e0 d\u00e9truire le monde.<\/p>\n<p>Thedas a besoin de quelqu&rsquo;un sur qui compter. \u00c9levez-vous en tant que Rook, le plus r\u00e9cent h\u00e9ros de Dragon Age. Soyez qui vous voulez \u00eatre et jouez comme vous voulez jouer tout en luttant pour emp\u00eacher les dieux de ravager le monde. Mais vous ne pouvez pas y arriver seul \u2013 les chances sont contre vous. Dirigez une \u00e9quipe de sept compagnons, chacun avec sa propre histoire riche \u00e0 d\u00e9couvrir et \u00e0 fa\u00e7onner, et ensemble vous deviendrez The Veilguard.<\/p>\n<p><img decoding=\"async\" class=\"aligncenter\" src=\"https:\/\/media1.giphy.com\/media\/v1.Y2lkPTc5MGI3NjExbzRyNzRjbzhhbG9qcWE0eG9ibGh5aWNjajJ4a2x1MnJqMDNpM3ZnbSZlcD12MV9pbnRlcm5hbF9naWZfYnlfaWQmY3Q9Zw\/V5gGTOVb7SswJk7Dqd\/giphy.gif\" alt=\"Slow Motion Dragon GIF by Xbox\" \/><\/p>\n","protected":false},"excerpt":{"rendered":"<table class=\"info-table\">\n<thead>\n<tr class=\"header-row\">\n<th>Statut<\/th>\n<th>INFORMATION<\/th>\n<\/tr>\n<\/thead>\n<tbody>\n<tr>\n<td class=\"status-cell\">\n<div class=\"status-title\">\ud83d\ude80 LIVRAISON IMM\u00c9DIATE<\/div>\n<div class=\"status-subtitle\">Acc\u00e8s instantan\u00e9<\/div>\n<\/td>\n<td class=\"info-cell\">\n<div class=\"info-box\">\n<div class=\"info-title\">ATTENTION<\/div>\n<div class=\"info-content\">LISEZ LA DESCRIPTION<\/div>\n<\/div>\n<\/td>\n<\/tr>\n<tr>\n<td class=\"status-cell\">\n<div class=\"status-title\">\ud83d\udcb0 Ce site est-il fiable ?<\/div>\n<div class=\"status-subtitle\">+ 4 ans de vente de jeux<\/div>\n<\/td>\n<td class=\"info-cell\">\n<div class=\"info-box\">\n<div class=\"info-title\">Acc\u00e8s :<\/div>\n<div class=\"info-content\">[trustindex data-widget-id=7fd81be38eb695098c8683dcf1c]<\/div>\n<\/div>\n<\/td>\n<\/tr>\n<\/tbody>\n<\/table>\n","protected":false},"featured_media":7103629,"comment_status":"open","ping_status":"closed","template":"","meta":[],"product_brand":[137],"product_cat":[634,666,636],"product_tag":[695,668,640,726],"class_list":{"0":"post-7105462","1":"product","2":"type-product","3":"status-publish","4":"has-post-thumbnail","6":"product_brand-electronic-arts","7":"product_cat-jeux","8":"product_cat-jeux-en-vedette","9":"product_cat-jeux-steam","10":"product_tag-fantaisie","11":"product_tag-riche-en-histoire","12":"product_tag-single-player","13":"product_tag-vos-choix-comptent","15":"first","16":"instock","17":"downloadable","18":"virtual","19":"purchasable","20":"product-type-simple"},"exclude_global_add_ons":[],"addons":[],"_links":{"self":[{"href":"https:\/\/gamesbestprices.com\/fr\/wp-json\/wp\/v2\/product\/7105462","targetHints":{"allow":["GET"]}}],"collection":[{"href":"https:\/\/gamesbestprices.com\/fr\/wp-json\/wp\/v2\/product"}],"about":[{"href":"https:\/\/gamesbestprices.com\/fr\/wp-json\/wp\/v2\/types\/product"}],"replies":[{"embeddable":true,"href":"https:\/\/gamesbestprices.com\/fr\/wp-json\/wp\/v2\/comments?post=7105462"}],"wp:featuredmedia":[{"embeddable":true,"href":"https:\/\/gamesbestprices.com\/fr\/wp-json\/wp\/v2\/media\/7103629"}],"wp:attachment":[{"href":"https:\/\/gamesbestprices.com\/fr\/wp-json\/wp\/v2\/media?parent=7105462"}],"wp:term":[{"taxonomy":"product_brand","embeddable":true,"href":"https:\/\/gamesbestprices.com\/fr\/wp-json\/wp\/v2\/product_brand?post=7105462"},{"taxonomy":"product_cat","embeddable":true,"href":"https:\/\/gamesbestprices.com\/fr\/wp-json\/wp\/v2\/product_cat?post=7105462"},{"taxonomy":"product_tag","embeddable":true,"href":"https:\/\/gamesbestprices.com\/fr\/wp-json\/wp\/v2\/product_tag?post=7105462"}],"curies":[{"name":"wp","href":"https:\/\/api.w.org\/{rel}","templated":true}]}}