{"id":7105447,"date":"2024-11-23T22:34:14","date_gmt":"2024-11-23T22:34:14","guid":{"rendered":"https:\/\/gamesbestprices.com\/product\/final-fantasy-xvi-complete-edition-pc-digital\/"},"modified":"2024-11-23T22:34:14","modified_gmt":"2024-11-23T22:34:14","slug":"final-fantasy-xvi-complete-edition-pc-digital","status":"publish","type":"product","link":"https:\/\/gamesbestprices.com\/fr\/produit\/final-fantasy-xvi-complete-edition-pc-digital\/","title":{"rendered":"Final Fantasy XVI Complete Edition Steam Pc"},"content":{"rendered":"<p><strong>\u26a0\ufe0f<span style=\"color: #ff0000;\">OBTENEZ UN JEU STEAM ORIGINAL !<\/span> \u26a0\ufe0f<\/strong><\/p>\n<p>Profitez du mode <strong>HORS LIGNE<\/strong> avec une flexibilit\u00e9 totale. Vous recevrez un <strong>IDENTIFIANT<\/strong> et un <strong>MOT DE PASSE (UN COMPTE)<\/strong> que nous fournissons, vous permettant de jouer.<br \/>\n<strong>EN UTILISANT LE COMPTE FOURNI<\/strong>.<\/p>\n<p><strong><span style=\"color: #ff0000;\">IMPORTANT<\/span><\/strong> : Ne vous inqui\u00e9tez pas, vous aurez votre <strong>sauvegarde exclusive<\/strong> et personne ne peut vous retirer de notre compte pendant que vous jouez.<br \/>\nJouez sans tracas, quand vous voulez, en \u00e9conomisant beaucoup et en vous amusant \u00e9norm\u00e9ment !<\/p>\n<p>Les informations du compte<strong> ne peuvent pas \u00eatre modifi\u00e9es. <\/strong>Pour plus de d\u00e9tails, veuillez <span style=\"color: #037c05;\"><strong><a style=\"color: #037c05;\" href=\"https:\/\/gamesbestprices.com\/fr\/faqs\/\">cliquer sur ce lien.<\/a><\/strong><\/span><\/p>\n<p><strong>\ud83c\udfae\ud83e\uddd9\u200d\u2642\ufe0f \u00c0 PROPOS DU JEU : <\/strong><\/p>\n<table>\n<thead>\n<tr>\n<th class=\"cabecalho\" colspan=\"2\">Configuration Requise<\/th>\n<\/tr>\n<\/thead>\n<tbody>\n<tr>\n<td>Syst\u00e8me d&rsquo;exploitation<\/td>\n<td>Windows\u00ae 10 \/ 11 64-bit<\/td>\n<\/tr>\n<tr>\n<td>Processeur<\/td>\n<td>AMD Ryzen\u2122 5 1600 \/ Intel\u00ae Core\u2122 i5-8400<\/td>\n<\/tr>\n<tr>\n<td>M\u00e9moire RAM<\/td>\n<td>16 GB RAM<\/td>\n<\/tr>\n<tr>\n<td>Carte Graphique<\/td>\n<td>AMD Radeon\u2122 RX 5700 \/ Intel\u00ae Arc\u2122 A580 \/ NVIDIA\u00ae GeForce\u00ae GTX 1070<\/td>\n<\/tr>\n<tr>\n<td>DirectX<\/td>\n<td>Version 12<\/td>\n<\/tr>\n<tr>\n<td>Stockage<\/td>\n<td>170 Go d&rsquo;espace disponible<\/td>\n<\/tr>\n<tr>\n<td>Notes Suppl\u00e9mentaires<\/td>\n<td>30FPS \u00e0 720p attendus. SSD requis. VRAM de 8 Go ou plus.<\/td>\n<\/tr>\n<\/tbody>\n<\/table>\n<h6>Final Fantasy XVI Pc<\/h6>\n<p>Le premier RPG d&rsquo;action \u00e0 part enti\u00e8re de la s\u00e9rie principale Final Fantasy.<br \/>\nUn monde \u00e9pique de dark fantasy o\u00f9 le destin de la terre est d\u00e9cid\u00e9 par les puissants Eikons et les Dominants qui les contr\u00f4lent. Voici l&rsquo;histoire de Clive Rosfield, un guerrier portant le titre de \u00ab Premier Bouclier de Rosaria \u00bb et ayant jur\u00e9 de prot\u00e9ger son jeune fr\u00e8re Joshua, le dominant du Ph\u00e9nix. Bient\u00f4t, Clive sera pris dans une grande trag\u00e9die et jurera de se venger de l&rsquo;Eikon Sombre Ifrit, une entit\u00e9 myst\u00e9rieuse qui s\u00e8me la calamit\u00e9 sur son passage.<\/p>\n<p><strong>Affrontements Titanesques<\/strong> &#8211; Quand les Dominants rivaux s&rsquo;affrontent, des batailles \u00e9piques entre leurs Eikons s&rsquo;ensuivent !<\/p>\n<p><strong>Action Eikonique<\/strong> &#8211; Clive utilise les pouvoirs de plusieurs Eikons dans des combats effr\u00e9n\u00e9s !<\/p>\n<p><img fetchpriority=\"high\" decoding=\"async\" class=\"bb_img aligncenter\" src=\"https:\/\/shared.cloudflare.steamstatic.com\/store_item_assets\/steam\/apps\/2515020\/extras\/%E5%8F%AC%E5%96%9A%E7%8D%A3%E5%90%88%E6%88%A6_%E7%9F%AD%E5%B0%BA.gif?t=1729177386\" width=\"866\" height=\"488\" \/><\/p>\n","protected":false},"excerpt":{"rendered":"<table class=\"info-table\">\n<thead>\n<tr class=\"header-row\">\n<th>Statut<\/th>\n<th>INFORMATION<\/th>\n<\/tr>\n<\/thead>\n<tbody>\n<tr>\n<td class=\"status-cell\">\n<div class=\"status-title\">\ud83d\ude80 LIVRAISON IMM\u00c9DIATE<\/div>\n<div class=\"status-subtitle\">Acc\u00e8s instantan\u00e9<\/div>\n<\/td>\n<td class=\"info-cell\">\n<div class=\"info-box\">\n<div class=\"info-title\">ATTENTION<\/div>\n<div class=\"info-content\">LISEZ LA DESCRIPTION<\/div>\n<\/div>\n<\/td>\n<\/tr>\n<tr>\n<td class=\"status-cell\">\n<div class=\"status-title\">\ud83d\udcb0 Ce site est-il fiable ?<\/div>\n<div class=\"status-subtitle\">+ 4 ans de vente de jeux<\/div>\n<\/td>\n<td class=\"info-cell\">\n<div class=\"info-box\">\n<div class=\"info-title\">Acc\u00e8s :<\/div>\n<div class=\"info-content\">[trustindex data-widget-id=7fd81be38eb695098c8683dcf1c]<\/div>\n<\/div>\n<\/td>\n<\/tr>\n<\/tbody>\n<\/table>\n","protected":false},"featured_media":7103574,"comment_status":"open","ping_status":"closed","template":"","meta":[],"product_brand":[148],"product_cat":[634,636,635],"product_tag":[694,695,668,640],"class_list":{"0":"post-7105447","1":"product","2":"type-product","3":"status-publish","4":"has-post-thumbnail","6":"product_brand-square-enix","7":"product_cat-jeux","8":"product_cat-jeux-steam","9":"product_cat-pc","10":"product_tag-cinematique","11":"product_tag-fantaisie","12":"product_tag-riche-en-histoire","13":"product_tag-single-player","15":"first","16":"instock","17":"downloadable","18":"virtual","19":"purchasable","20":"product-type-simple"},"exclude_global_add_ons":[],"addons":[],"_links":{"self":[{"href":"https:\/\/gamesbestprices.com\/fr\/wp-json\/wp\/v2\/product\/7105447","targetHints":{"allow":["GET"]}}],"collection":[{"href":"https:\/\/gamesbestprices.com\/fr\/wp-json\/wp\/v2\/product"}],"about":[{"href":"https:\/\/gamesbestprices.com\/fr\/wp-json\/wp\/v2\/types\/product"}],"replies":[{"embeddable":true,"href":"https:\/\/gamesbestprices.com\/fr\/wp-json\/wp\/v2\/comments?post=7105447"}],"wp:featuredmedia":[{"embeddable":true,"href":"https:\/\/gamesbestprices.com\/fr\/wp-json\/wp\/v2\/media\/7103574"}],"wp:attachment":[{"href":"https:\/\/gamesbestprices.com\/fr\/wp-json\/wp\/v2\/media?parent=7105447"}],"wp:term":[{"taxonomy":"product_brand","embeddable":true,"href":"https:\/\/gamesbestprices.com\/fr\/wp-json\/wp\/v2\/product_brand?post=7105447"},{"taxonomy":"product_cat","embeddable":true,"href":"https:\/\/gamesbestprices.com\/fr\/wp-json\/wp\/v2\/product_cat?post=7105447"},{"taxonomy":"product_tag","embeddable":true,"href":"https:\/\/gamesbestprices.com\/fr\/wp-json\/wp\/v2\/product_tag?post=7105447"}],"curies":[{"name":"wp","href":"https:\/\/api.w.org\/{rel}","templated":true}]}}