{"id":7105432,"date":"2024-11-23T22:34:14","date_gmt":"2024-11-23T22:34:14","guid":{"rendered":"https:\/\/gamesbestprices.com\/product\/resident-evil-4-gold-edition-separate-ways-pc-digital\/"},"modified":"2024-11-23T22:34:14","modified_gmt":"2024-11-23T22:34:14","slug":"resident-evil-4-gold-edition-separate-ways-pc-digital","status":"publish","type":"product","link":"https:\/\/gamesbestprices.com\/fr\/produit\/resident-evil-4-gold-edition-separate-ways-pc-digital\/","title":{"rendered":"Resident Evil 4 Gold Edition + Separate Ways Steam Pc"},"content":{"rendered":"<p><strong>\u26a0\ufe0f<span style=\"color: #ff0000;\">OBTENEZ UN JEU STEAM ORIGINAL !<\/span> \u26a0\ufe0f<\/strong><\/p>\n<p>Profitez du mode <strong>HORS LIGNE<\/strong> avec une flexibilit\u00e9 totale. Vous recevrez un <strong>IDENTIFIANT<\/strong> et un <strong>MOT DE PASSE (UN COMPTE)<\/strong> que nous fournissons, vous permettant de jouer.<br \/>\n<strong>EN UTILISANT LE COMPTE FOURNI<\/strong>.<\/p>\n<p><strong><span style=\"color: #ff0000;\">IMPORTANT<\/span><\/strong> : Ne vous inqui\u00e9tez pas, vous aurez votre <strong>sauvegarde exclusive<\/strong> et personne ne peut vous retirer de notre compte pendant que vous jouez.<br \/>\nJouez sans tracas, quand vous voulez, en \u00e9conomisant beaucoup et en vous amusant \u00e9norm\u00e9ment !<\/p>\n<p>Les informations du compte<strong> ne peuvent pas \u00eatre modifi\u00e9es. <\/strong>Pour plus de d\u00e9tails, veuillez <span style=\"color: #037c05;\"><strong><a style=\"color: #037c05;\" href=\"https:\/\/gamesbestprices.com\/fr\/faqs\/\">cliquer sur ce lien.<\/a><\/strong><\/span><\/p>\n<p><strong>\ud83c\udfae\ud83e\uddd9\u200d\u2642\ufe0f \u00c0 PROPOS DU JEU : <\/strong><\/p>\n<table>\n<thead>\n<tr>\n<th class=\"cabecalho\" colspan=\"2\">Configuration Minimale<\/th>\n<\/tr>\n<\/thead>\n<tbody>\n<tr>\n<td>Syst\u00e8me d&rsquo;exploitation<\/td>\n<td>Windows 10 (64 bit)<\/td>\n<\/tr>\n<tr>\n<td>Processeur<\/td>\n<td>AMD Ryzen 3 1200 \/ Intel Core i5-7500<\/td>\n<\/tr>\n<tr>\n<td>M\u00e9moire RAM<\/td>\n<td>8 GB RAM<\/td>\n<\/tr>\n<tr>\n<td>Carte Graphique<\/td>\n<td>AMD Radeon RX 560 with 4GB VRAM \/ NVIDIA GeForce GTX 1050 Ti with 4GB VRAM<\/td>\n<\/tr>\n<tr>\n<td>DirectX<\/td>\n<td>Version 12<\/td>\n<\/tr>\n<\/tbody>\n<\/table>\n<h6>Resident Evil 4 pc<\/h6>\n<p>La survie n&rsquo;est que le d\u00e9but.<br \/>\nSix ans se sont \u00e9coul\u00e9s depuis la catastrophe biologique \u00e0 Raccoon City.<br \/>\nL&rsquo;agent Leon S. Kennedy, l&rsquo;un des survivants de l&rsquo;incident, a \u00e9t\u00e9 envoy\u00e9 pour secourir la fille kidnapp\u00e9e du pr\u00e9sident.<br \/>\nIl la traque jusqu&rsquo;\u00e0 un village europ\u00e9en isol\u00e9, o\u00f9 quelque chose ne va vraiment pas chez les habitants.<br \/>\nEt le rideau se l\u00e8ve sur cette histoire de sauvetage audacieux et d&rsquo;horreur \u00e9prouvante o\u00f9 la vie et la mort, la terreur et la catharsis se croisent.<br \/>\nAvec un gameplay modernis\u00e9, une histoire r\u00e9imagin\u00e9e et des graphismes d&rsquo;un d\u00e9tail saisissant,<br \/>\nResident Evil 4 marque la renaissance d&rsquo;un g\u00e9ant de l&rsquo;industrie.<\/p>\n<p><img fetchpriority=\"high\" decoding=\"async\" class=\"aligncenter\" src=\"https:\/\/media3.giphy.com\/media\/v1.Y2lkPTc5MGI3NjExYzF1ZWN5aXJqZGtzcDVpZXVlYWFyMnpqZHc2a2RnNnphOXdvYThtcSZlcD12MV9pbnRlcm5hbF9naWZfYnlfaWQmY3Q9Zw\/NqsulNVWupqCOcLNrp\/giphy.webp\" width=\"908\" height=\"511\" \/><\/p>\n<p><img decoding=\"async\" class=\"bb_img aligncenter\" src=\"https:\/\/shared.cloudflare.steamstatic.com\/store_item_assets\/steam\/apps\/2050650\/extras\/EN_RE4_GE.png?t=1731387968\" \/><\/p>\n","protected":false},"excerpt":{"rendered":"<table class=\"info-table\">\n<thead>\n<tr class=\"header-row\">\n<th>Statut<\/th>\n<th>INFORMATION<\/th>\n<\/tr>\n<\/thead>\n<tbody>\n<tr>\n<td class=\"status-cell\">\n<div class=\"status-title\">\ud83d\ude80 LIVRAISON IMM\u00c9DIATE<\/div>\n<div class=\"status-subtitle\">Acc\u00e8s instantan\u00e9<\/div>\n<\/td>\n<td class=\"info-cell\">\n<div class=\"info-box\">\n<div class=\"info-title\">ATTENTION<\/div>\n<div class=\"info-content\">LISEZ LA DESCRIPTION<\/div>\n<\/div>\n<\/td>\n<\/tr>\n<tr>\n<td class=\"status-cell\">\n<div class=\"status-title\">\ud83d\udcb0 Ce site est-il fiable ?<\/div>\n<div class=\"status-subtitle\">+ 4 ans de vente de jeux<\/div>\n<\/td>\n<td class=\"info-cell\">\n<div class=\"info-box\">\n<div class=\"info-title\">Acc\u00e8s :<\/div>\n<div class=\"info-content\">[trustindex data-widget-id=7fd81be38eb695098c8683dcf1c]<\/div>\n<\/div>\n<\/td>\n<\/tr>\n<\/tbody>\n<\/table>\n","protected":false},"featured_media":7103675,"comment_status":"open","ping_status":"closed","template":"","meta":[],"product_brand":[134],"product_cat":[634,666,636],"product_tag":[667,638,640,641,678],"class_list":{"0":"post-7105432","1":"product","2":"type-product","3":"status-publish","4":"has-post-thumbnail","6":"product_brand-capcom","7":"product_cat-jeux","8":"product_cat-jeux-en-vedette","9":"product_cat-jeux-steam","10":"product_tag-atmospherique","11":"product_tag-horreur","12":"product_tag-single-player","13":"product_tag-survie","14":"product_tag-tps","16":"first","17":"instock","18":"downloadable","19":"virtual","20":"purchasable","21":"product-type-simple"},"exclude_global_add_ons":[],"addons":[],"_links":{"self":[{"href":"https:\/\/gamesbestprices.com\/fr\/wp-json\/wp\/v2\/product\/7105432","targetHints":{"allow":["GET"]}}],"collection":[{"href":"https:\/\/gamesbestprices.com\/fr\/wp-json\/wp\/v2\/product"}],"about":[{"href":"https:\/\/gamesbestprices.com\/fr\/wp-json\/wp\/v2\/types\/product"}],"replies":[{"embeddable":true,"href":"https:\/\/gamesbestprices.com\/fr\/wp-json\/wp\/v2\/comments?post=7105432"}],"wp:featuredmedia":[{"embeddable":true,"href":"https:\/\/gamesbestprices.com\/fr\/wp-json\/wp\/v2\/media\/7103675"}],"wp:attachment":[{"href":"https:\/\/gamesbestprices.com\/fr\/wp-json\/wp\/v2\/media?parent=7105432"}],"wp:term":[{"taxonomy":"product_brand","embeddable":true,"href":"https:\/\/gamesbestprices.com\/fr\/wp-json\/wp\/v2\/product_brand?post=7105432"},{"taxonomy":"product_cat","embeddable":true,"href":"https:\/\/gamesbestprices.com\/fr\/wp-json\/wp\/v2\/product_cat?post=7105432"},{"taxonomy":"product_tag","embeddable":true,"href":"https:\/\/gamesbestprices.com\/fr\/wp-json\/wp\/v2\/product_tag?post=7105432"}],"curies":[{"name":"wp","href":"https:\/\/api.w.org\/{rel}","templated":true}]}}