{"id":7106478,"date":"2016-03-18T18:33:06","date_gmt":"2016-03-18T18:33:06","guid":{"rendered":"https:\/\/gamesbestprices.com\/faq\/"},"modified":"2026-03-06T17:33:28","modified_gmt":"2026-03-06T17:33:28","slug":"faq","status":"publish","type":"page","link":"https:\/\/gamesbestprices.com\/fr\/faq\/","title":{"rendered":"FAQ"},"content":{"rendered":"\t\t<div data-elementor-type=\"wp-page\" data-elementor-id=\"7106478\" class=\"elementor elementor-7106478 elementor-300654\" data-elementor-post-type=\"page\">\n\t\t\t\t\t\t<section class=\"elementor-section elementor-top-section elementor-element elementor-element-305f458 elementor-section-boxed elementor-section-height-default elementor-section-height-default\" data-id=\"305f458\" data-element_type=\"section\" data-e-type=\"section\" data-settings=\"{&quot;background_background&quot;:&quot;classic&quot;}\">\n\t\t\t\t\t\t<div class=\"elementor-container elementor-column-gap-default\">\n\t\t\t\t\t<div class=\"elementor-column elementor-col-100 elementor-top-column elementor-element elementor-element-ff2acd8\" data-id=\"ff2acd8\" data-element_type=\"column\" data-e-type=\"column\">\n\t\t\t<div class=\"elementor-widget-wrap elementor-element-populated\">\n\t\t\t\t\t\t<div class=\"elementor-element elementor-element-75804a5 elementor-widget elementor-widget-heading\" data-id=\"75804a5\" data-element_type=\"widget\" data-e-type=\"widget\" data-widget_type=\"heading.default\">\n\t\t\t\t<div class=\"elementor-widget-container\">\n\t\t\t\t\t<h2 class=\"elementor-heading-title elementor-size-default\">FAQ \u2013 deuxi\u00e8me version<\/h2>\t\t\t\t<\/div>\n\t\t\t\t<\/div>\n\t\t\t\t<div class=\"elementor-element elementor-element-1a5d21a elementor-widget elementor-widget-accordion\" data-id=\"1a5d21a\" data-element_type=\"widget\" data-e-type=\"widget\" data-widget_type=\"accordion.default\">\n\t\t\t\t<div class=\"elementor-widget-container\">\n\t\t\t\t\t\t\t<div class=\"elementor-accordion\">\n\t\t\t\t\t\t\t<div class=\"elementor-accordion-item\">\n\t\t\t\t\t<h4 id=\"elementor-tab-title-2761\" class=\"elementor-tab-title\" data-tab=\"1\" role=\"button\" aria-controls=\"elementor-tab-content-2761\" aria-expanded=\"false\">\n\t\t\t\t\t\t\t\t\t\t\t\t\t<span class=\"elementor-accordion-icon elementor-accordion-icon-right\" aria-hidden=\"true\">\n\t\t\t\t\t\t\t\t\t\t\t\t\t\t\t<span class=\"elementor-accordion-icon-closed\"><svg class=\"e-font-icon-svg e-fas-plus\" viewBox=\"0 0 448 512\" xmlns=\"http:\/\/www.w3.org\/2000\/svg\"><path d=\"M416 208H272V64c0-17.67-14.33-32-32-32h-32c-17.67 0-32 14.33-32 32v144H32c-17.67 0-32 14.33-32 32v32c0 17.67 14.33 32 32 32h144v144c0 17.67 14.33 32 32 32h32c17.67 0 32-14.33 32-32V304h144c17.67 0 32-14.33 32-32v-32c0-17.67-14.33-32-32-32z\"><\/path><\/svg><\/span>\n\t\t\t\t\t\t\t\t<span class=\"elementor-accordion-icon-opened\"><svg class=\"e-font-icon-svg e-fas-minus\" viewBox=\"0 0 448 512\" xmlns=\"http:\/\/www.w3.org\/2000\/svg\"><path d=\"M416 208H32c-17.67 0-32 14.33-32 32v32c0 17.67 14.33 32 32 32h384c17.67 0 32-14.33 32-32v-32c0-17.67-14.33-32-32-32z\"><\/path><\/svg><\/span>\n\t\t\t\t\t\t\t\t\t\t\t\t\t\t<\/span>\n\t\t\t\t\t\t\t\t\t\t\t\t<a class=\"elementor-accordion-title\" tabindex=\"0\">Quels sont les modes de livraison (comment \u00e7a marche) ?<\/a>\n\t\t\t\t\t<\/h4>\n\t\t\t\t\t<div id=\"elementor-tab-content-2761\" class=\"elementor-tab-content elementor-clearfix\" data-tab=\"1\" role=\"region\" aria-labelledby=\"elementor-tab-title-2761\"><div class=\"vc_toggle_content\">\n<div class=\"vc_toggle_content\">\n<p>Pour tous les jeux, je fournis un compte (IDENTIFIANT ET MOT DE PASSE). Certaines plateformes, comme Ubisoft et Steam, n\u00e9cessitent des m\u00e9thodes hors ligne, et tu joueras avec le compte fourni. Pour les jeux Microsoft Store, tu recevras un compte, mais tu pourras jouer en ligne avec ton propre compte et gagner des succ\u00e8s comme d\u2019habitude. Chaque description de jeu pr\u00e9cise la plateforme \u00e0 laquelle il appartient.<\/p>\n<\/div>\n<\/div>\n<\/div>\n\t\t\t\t<\/div>\n\t\t\t\t\t\t\t<div class=\"elementor-accordion-item\">\n\t\t\t\t\t<h4 id=\"elementor-tab-title-2762\" class=\"elementor-tab-title\" data-tab=\"2\" role=\"button\" aria-controls=\"elementor-tab-content-2762\" aria-expanded=\"false\">\n\t\t\t\t\t\t\t\t\t\t\t\t\t<span class=\"elementor-accordion-icon elementor-accordion-icon-right\" aria-hidden=\"true\">\n\t\t\t\t\t\t\t\t\t\t\t\t\t\t\t<span class=\"elementor-accordion-icon-closed\"><svg class=\"e-font-icon-svg e-fas-plus\" viewBox=\"0 0 448 512\" xmlns=\"http:\/\/www.w3.org\/2000\/svg\"><path d=\"M416 208H272V64c0-17.67-14.33-32-32-32h-32c-17.67 0-32 14.33-32 32v144H32c-17.67 0-32 14.33-32 32v32c0 17.67 14.33 32 32 32h144v144c0 17.67 14.33 32 32 32h32c17.67 0 32-14.33 32-32V304h144c17.67 0 32-14.33 32-32v-32c0-17.67-14.33-32-32-32z\"><\/path><\/svg><\/span>\n\t\t\t\t\t\t\t\t<span class=\"elementor-accordion-icon-opened\"><svg class=\"e-font-icon-svg e-fas-minus\" viewBox=\"0 0 448 512\" xmlns=\"http:\/\/www.w3.org\/2000\/svg\"><path d=\"M416 208H32c-17.67 0-32 14.33-32 32v32c0 17.67 14.33 32 32 32h384c17.67 0 32-14.33 32-32v-32c0-17.67-14.33-32-32-32z\"><\/path><\/svg><\/span>\n\t\t\t\t\t\t\t\t\t\t\t\t\t\t<\/span>\n\t\t\t\t\t\t\t\t\t\t\t\t<a class=\"elementor-accordion-title\" tabindex=\"0\">L\u2019acc\u00e8s est-il \u00e0 vie ?<\/a>\n\t\t\t\t\t<\/h4>\n\t\t\t\t\t<div id=\"elementor-tab-content-2762\" class=\"elementor-tab-content elementor-clearfix\" data-tab=\"2\" role=\"region\" aria-labelledby=\"elementor-tab-title-2762\"><div class=\"vc_toggle_content\">\n<div class=\"vc_toggle_content\">\n<p>Dans notre hub de gamers, on privil\u00e9gie l\u2019honn\u00eatet\u00e9 et la fiabilit\u00e9. Nos produits offrent un acc\u00e8s \u00e0 vie ! Tant que notre boutique est en activit\u00e9, on fournira tout le support n\u00e9cessaire pour garantir ta satisfaction.<\/p>\n<\/div>\n<\/div>\n<\/div>\n\t\t\t\t<\/div>\n\t\t\t\t\t\t\t<div class=\"elementor-accordion-item\">\n\t\t\t\t\t<h4 id=\"elementor-tab-title-2763\" class=\"elementor-tab-title\" data-tab=\"3\" role=\"button\" aria-controls=\"elementor-tab-content-2763\" aria-expanded=\"false\">\n\t\t\t\t\t\t\t\t\t\t\t\t\t<span class=\"elementor-accordion-icon elementor-accordion-icon-right\" aria-hidden=\"true\">\n\t\t\t\t\t\t\t\t\t\t\t\t\t\t\t<span class=\"elementor-accordion-icon-closed\"><svg class=\"e-font-icon-svg e-fas-plus\" viewBox=\"0 0 448 512\" xmlns=\"http:\/\/www.w3.org\/2000\/svg\"><path d=\"M416 208H272V64c0-17.67-14.33-32-32-32h-32c-17.67 0-32 14.33-32 32v144H32c-17.67 0-32 14.33-32 32v32c0 17.67 14.33 32 32 32h144v144c0 17.67 14.33 32 32 32h32c17.67 0 32-14.33 32-32V304h144c17.67 0 32-14.33 32-32v-32c0-17.67-14.33-32-32-32z\"><\/path><\/svg><\/span>\n\t\t\t\t\t\t\t\t<span class=\"elementor-accordion-icon-opened\"><svg class=\"e-font-icon-svg e-fas-minus\" viewBox=\"0 0 448 512\" xmlns=\"http:\/\/www.w3.org\/2000\/svg\"><path d=\"M416 208H32c-17.67 0-32 14.33-32 32v32c0 17.67 14.33 32 32 32h384c17.67 0 32-14.33 32-32v-32c0-17.67-14.33-32-32-32z\"><\/path><\/svg><\/span>\n\t\t\t\t\t\t\t\t\t\t\t\t\t\t<\/span>\n\t\t\t\t\t\t\t\t\t\t\t\t<a class=\"elementor-accordion-title\" tabindex=\"0\">La livraison est-elle instantan\u00e9e ?<\/a>\n\t\t\t\t\t<\/h4>\n\t\t\t\t\t<div id=\"elementor-tab-content-2763\" class=\"elementor-tab-content elementor-clearfix\" data-tab=\"3\" role=\"region\" aria-labelledby=\"elementor-tab-title-2763\"><div class=\"vc_toggle_content\">\n<div class=\"vc_toggle_content\">\n<div class=\"vc_toggle_content\">\n<p>Si tu as des questions ou des inqui\u00e9tudes, n\u2019h\u00e9site pas \u00e0 nous contacter par e-mail ou WhatsApp. WhatsApp offre g\u00e9n\u00e9ralement des r\u00e9ponses plus rapides. On s\u2019engage \u00e0 r\u00e9pondre sous 30 minutes \u00e0 1 heure pendant les heures d\u2019ouverture.<\/p>\n<p>N\u2019h\u00e9site pas \u00e0 nous contacter. On est l\u00e0 pour te garantir une exp\u00e9rience fluide et satisfaisante.<\/p>\n<\/div>\n<\/div>\n<\/div>\n<\/div>\n\t\t\t\t<\/div>\n\t\t\t\t\t\t\t<div class=\"elementor-accordion-item\">\n\t\t\t\t\t<h4 id=\"elementor-tab-title-2764\" class=\"elementor-tab-title\" data-tab=\"4\" role=\"button\" aria-controls=\"elementor-tab-content-2764\" aria-expanded=\"false\">\n\t\t\t\t\t\t\t\t\t\t\t\t\t<span class=\"elementor-accordion-icon elementor-accordion-icon-right\" aria-hidden=\"true\">\n\t\t\t\t\t\t\t\t\t\t\t\t\t\t\t<span class=\"elementor-accordion-icon-closed\"><svg class=\"e-font-icon-svg e-fas-plus\" viewBox=\"0 0 448 512\" xmlns=\"http:\/\/www.w3.org\/2000\/svg\"><path d=\"M416 208H272V64c0-17.67-14.33-32-32-32h-32c-17.67 0-32 14.33-32 32v144H32c-17.67 0-32 14.33-32 32v32c0 17.67 14.33 32 32 32h144v144c0 17.67 14.33 32 32 32h32c17.67 0 32-14.33 32-32V304h144c17.67 0 32-14.33 32-32v-32c0-17.67-14.33-32-32-32z\"><\/path><\/svg><\/span>\n\t\t\t\t\t\t\t\t<span class=\"elementor-accordion-icon-opened\"><svg class=\"e-font-icon-svg e-fas-minus\" viewBox=\"0 0 448 512\" xmlns=\"http:\/\/www.w3.org\/2000\/svg\"><path d=\"M416 208H32c-17.67 0-32 14.33-32 32v32c0 17.67 14.33 32 32 32h384c17.67 0 32-14.33 32-32v-32c0-17.67-14.33-32-32-32z\"><\/path><\/svg><\/span>\n\t\t\t\t\t\t\t\t\t\t\t\t\t\t<\/span>\n\t\t\t\t\t\t\t\t\t\t\t\t<a class=\"elementor-accordion-title\" tabindex=\"0\">Comment dois-je vous contacter si j\u2019ai des questions ?<\/a>\n\t\t\t\t\t<\/h4>\n\t\t\t\t\t<div id=\"elementor-tab-content-2764\" class=\"elementor-tab-content elementor-clearfix\" data-tab=\"4\" role=\"region\" aria-labelledby=\"elementor-tab-title-2764\"><div class=\"vc_toggle_content\">\n<div class=\"vc_toggle_content\">\n<p>Si tu as des questions ou des inqui\u00e9tudes, n\u2019h\u00e9site pas \u00e0 nous contacter par e-mail ou WhatsApp. WhatsApp offre g\u00e9n\u00e9ralement des r\u00e9ponses plus rapides. On s\u2019engage \u00e0 r\u00e9pondre sous 30 minutes \u00e0 1 heure pendant les heures d\u2019ouverture.<\/p>\n<p>N\u2019h\u00e9site pas \u00e0 nous contacter. On est l\u00e0 pour te garantir une exp\u00e9rience fluide et satisfaisante.<\/p>\n<\/div>\n<\/div>\n<\/div>\n\t\t\t\t<\/div>\n\t\t\t\t\t\t\t<div class=\"elementor-accordion-item\">\n\t\t\t\t\t<h4 id=\"elementor-tab-title-2765\" class=\"elementor-tab-title\" data-tab=\"5\" role=\"button\" aria-controls=\"elementor-tab-content-2765\" aria-expanded=\"false\">\n\t\t\t\t\t\t\t\t\t\t\t\t\t<span class=\"elementor-accordion-icon elementor-accordion-icon-right\" aria-hidden=\"true\">\n\t\t\t\t\t\t\t\t\t\t\t\t\t\t\t<span class=\"elementor-accordion-icon-closed\"><svg class=\"e-font-icon-svg e-fas-plus\" viewBox=\"0 0 448 512\" xmlns=\"http:\/\/www.w3.org\/2000\/svg\"><path d=\"M416 208H272V64c0-17.67-14.33-32-32-32h-32c-17.67 0-32 14.33-32 32v144H32c-17.67 0-32 14.33-32 32v32c0 17.67 14.33 32 32 32h144v144c0 17.67 14.33 32 32 32h32c17.67 0 32-14.33 32-32V304h144c17.67 0 32-14.33 32-32v-32c0-17.67-14.33-32-32-32z\"><\/path><\/svg><\/span>\n\t\t\t\t\t\t\t\t<span class=\"elementor-accordion-icon-opened\"><svg class=\"e-font-icon-svg e-fas-minus\" viewBox=\"0 0 448 512\" xmlns=\"http:\/\/www.w3.org\/2000\/svg\"><path d=\"M416 208H32c-17.67 0-32 14.33-32 32v32c0 17.67 14.33 32 32 32h384c17.67 0 32-14.33 32-32v-32c0-17.67-14.33-32-32-32z\"><\/path><\/svg><\/span>\n\t\t\t\t\t\t\t\t\t\t\t\t\t\t<\/span>\n\t\t\t\t\t\t\t\t\t\t\t\t<a class=\"elementor-accordion-title\" tabindex=\"0\">Puis-je acheter en toute s\u00e9curit\u00e9 ?<\/a>\n\t\t\t\t\t<\/h4>\n\t\t\t\t\t<div id=\"elementor-tab-content-2765\" class=\"elementor-tab-content elementor-clearfix\" data-tab=\"5\" role=\"region\" aria-labelledby=\"elementor-tab-title-2765\"><div class=\"vc_toggle_content\">\n<div class=\"vc_toggle_content\">\n<p>Nous sommes une boutique de confiance, passionn\u00e9e par les jeux, et d\u00e9di\u00e9e \u00e0 offrir une exp\u00e9rience exceptionnelle. Avec plus de deux ans sur le march\u00e9, nous avons servi la communaut\u00e9 gaming avec une large gamme de produits et services de haute qualit\u00e9.<\/p>\n<p>Au fil des ann\u00e9es, nous avons construit une base fid\u00e8le de milliers de gamers satisfaits qui nous font confiance pour fournir les meilleurs jeux. Notre engagement envers l\u2019excellence se refl\u00e8te dans chaque interaction, de la navigation sur notre site \u00e0 la r\u00e9ception de ta commande.<\/p>\n<p>Dans notre boutique, tu trouveras les derni\u00e8res sorties, des classiques intemporels et une s\u00e9lection d\u2019exclusivit\u00e9s soigneusement choisies pour r\u00e9pondre aux besoins des gamers les plus exigeants.<\/p>\n<p>Rejoins notre communaut\u00e9 de clients satisfaits et d\u00e9couvre pourquoi nous sommes le choix n\u00b01 de tant de passionn\u00e9s de gaming. Merci d\u2019avoir choisi notre boutique \u2014 on est l\u00e0 pour que ton aventure gaming soit excitante et \u00e9panouissante, aujourd\u2019hui comme toujours.<\/p>\n<\/div>\n<\/div>\n<\/div>\n\t\t\t\t<\/div>\n\t\t\t\t\t\t\t<div class=\"elementor-accordion-item\">\n\t\t\t\t\t<h4 id=\"elementor-tab-title-2766\" class=\"elementor-tab-title\" data-tab=\"6\" role=\"button\" aria-controls=\"elementor-tab-content-2766\" aria-expanded=\"false\">\n\t\t\t\t\t\t\t\t\t\t\t\t\t<span class=\"elementor-accordion-icon elementor-accordion-icon-right\" aria-hidden=\"true\">\n\t\t\t\t\t\t\t\t\t\t\t\t\t\t\t<span class=\"elementor-accordion-icon-closed\"><svg class=\"e-font-icon-svg e-fas-plus\" viewBox=\"0 0 448 512\" xmlns=\"http:\/\/www.w3.org\/2000\/svg\"><path d=\"M416 208H272V64c0-17.67-14.33-32-32-32h-32c-17.67 0-32 14.33-32 32v144H32c-17.67 0-32 14.33-32 32v32c0 17.67 14.33 32 32 32h144v144c0 17.67 14.33 32 32 32h32c17.67 0 32-14.33 32-32V304h144c17.67 0 32-14.33 32-32v-32c0-17.67-14.33-32-32-32z\"><\/path><\/svg><\/span>\n\t\t\t\t\t\t\t\t<span class=\"elementor-accordion-icon-opened\"><svg class=\"e-font-icon-svg e-fas-minus\" viewBox=\"0 0 448 512\" xmlns=\"http:\/\/www.w3.org\/2000\/svg\"><path d=\"M416 208H32c-17.67 0-32 14.33-32 32v32c0 17.67 14.33 32 32 32h384c17.67 0 32-14.33 32-32v-32c0-17.67-14.33-32-32-32z\"><\/path><\/svg><\/span>\n\t\t\t\t\t\t\t\t\t\t\t\t\t\t<\/span>\n\t\t\t\t\t\t\t\t\t\t\t\t<a class=\"elementor-accordion-title\" tabindex=\"0\">Comment vais-je recevoir le produit ?<\/a>\n\t\t\t\t\t<\/h4>\n\t\t\t\t\t<div id=\"elementor-tab-content-2766\" class=\"elementor-tab-content elementor-clearfix\" data-tab=\"6\" role=\"region\" aria-labelledby=\"elementor-tab-title-2766\"><div class=\"vc_toggle_content\">\n<p>Pour rendre ton exp\u00e9rience plus rapide et plus pratique, nous sommes d\u2019abord disponibles sur WhatsApp pour r\u00e9pondre \u00e0 toute question ou inqui\u00e9tude concernant la livraison du produit. Apr\u00e8s le premier contact, tu recevras l\u2019acc\u00e8s au produit achet\u00e9 par e-mail, avec un tutoriel d\u00e9taill\u00e9 sur le processus d\u2019installation.<\/p>\n<p>On s\u2019engage \u00e0 offrir un service efficace et transparent pour garantir ta satisfaction. N\u2019h\u00e9site pas \u00e0 nous contacter sur WhatsApp pour une assistance imm\u00e9diate.<\/p>\n<\/div>\n<\/div>\n\t\t\t\t<\/div>\n\t\t\t\t\t\t\t\t\t\t<script type=\"application\/ld+json\">{\"@context\":\"https:\\\/\\\/schema.org\",\"@type\":\"FAQPage\",\"mainEntity\":[{\"@type\":\"Question\",\"name\":\"Quels sont les modes de livraison (comment \\u00e7a marche) ?\",\"acceptedAnswer\":{\"@type\":\"Answer\",\"text\":\"<div class=\\\"vc_toggle_content\\\">\\n<div class=\\\"vc_toggle_content\\\">\\n<p>Pour tous les jeux, je fournis un compte (IDENTIFIANT ET MOT DE PASSE). Certaines plateformes, comme Ubisoft et Steam, n\\u00e9cessitent des m\\u00e9thodes hors ligne, et tu joueras avec le compte fourni. Pour les jeux Microsoft Store, tu recevras un compte, mais tu pourras jouer en ligne avec ton propre compte et gagner des succ\\u00e8s comme d\\u2019habitude. Chaque description de jeu pr\\u00e9cise la plateforme \\u00e0 laquelle il appartient.<\\\/p>\\n<\\\/div>\\n<\\\/div>\\n\"}},{\"@type\":\"Question\",\"name\":\"L\\u2019acc\\u00e8s est-il \\u00e0 vie ?\",\"acceptedAnswer\":{\"@type\":\"Answer\",\"text\":\"<div class=\\\"vc_toggle_content\\\">\\n<div class=\\\"vc_toggle_content\\\">\\n<p>Dans notre hub de gamers, on privil\\u00e9gie l\\u2019honn\\u00eatet\\u00e9 et la fiabilit\\u00e9. Nos produits offrent un acc\\u00e8s \\u00e0 vie ! Tant que notre boutique est en activit\\u00e9, on fournira tout le support n\\u00e9cessaire pour garantir ta satisfaction.<\\\/p>\\n<\\\/div>\\n<\\\/div>\\n\"}},{\"@type\":\"Question\",\"name\":\"La livraison est-elle instantan\\u00e9e ?\",\"acceptedAnswer\":{\"@type\":\"Answer\",\"text\":\"<div class=\\\"vc_toggle_content\\\">\\n<div class=\\\"vc_toggle_content\\\">\\n<div class=\\\"vc_toggle_content\\\">\\n<p>Si tu as des questions ou des inqui\\u00e9tudes, n\\u2019h\\u00e9site pas \\u00e0 nous contacter par e-mail ou WhatsApp. WhatsApp offre g\\u00e9n\\u00e9ralement des r\\u00e9ponses plus rapides. On s\\u2019engage \\u00e0 r\\u00e9pondre sous 30 minutes \\u00e0 1 heure pendant les heures d\\u2019ouverture.<\\\/p>\\n<p>N\\u2019h\\u00e9site pas \\u00e0 nous contacter. On est l\\u00e0 pour te garantir une exp\\u00e9rience fluide et satisfaisante.<\\\/p>\\n<\\\/div>\\n<\\\/div>\\n<\\\/div>\\n\"}},{\"@type\":\"Question\",\"name\":\"Comment dois-je vous contacter si j\\u2019ai des questions ?\",\"acceptedAnswer\":{\"@type\":\"Answer\",\"text\":\"<div class=\\\"vc_toggle_content\\\">\\n<div class=\\\"vc_toggle_content\\\">\\n<p>Si tu as des questions ou des inqui\\u00e9tudes, n\\u2019h\\u00e9site pas \\u00e0 nous contacter par e-mail ou WhatsApp. WhatsApp offre g\\u00e9n\\u00e9ralement des r\\u00e9ponses plus rapides. On s\\u2019engage \\u00e0 r\\u00e9pondre sous 30 minutes \\u00e0 1 heure pendant les heures d\\u2019ouverture.<\\\/p>\\n<p>N\\u2019h\\u00e9site pas \\u00e0 nous contacter. On est l\\u00e0 pour te garantir une exp\\u00e9rience fluide et satisfaisante.<\\\/p>\\n<\\\/div>\\n<\\\/div>\\n\"}},{\"@type\":\"Question\",\"name\":\"Puis-je acheter en toute s\\u00e9curit\\u00e9 ?\",\"acceptedAnswer\":{\"@type\":\"Answer\",\"text\":\"<div class=\\\"vc_toggle_content\\\">\\n<div class=\\\"vc_toggle_content\\\">\\n<p>Nous sommes une boutique de confiance, passionn\\u00e9e par les jeux, et d\\u00e9di\\u00e9e \\u00e0 offrir une exp\\u00e9rience exceptionnelle. Avec plus de deux ans sur le march\\u00e9, nous avons servi la communaut\\u00e9 gaming avec une large gamme de produits et services de haute qualit\\u00e9.<\\\/p>\\n<p>Au fil des ann\\u00e9es, nous avons construit une base fid\\u00e8le de milliers de gamers satisfaits qui nous font confiance pour fournir les meilleurs jeux. Notre engagement envers l\\u2019excellence se refl\\u00e8te dans chaque interaction, de la navigation sur notre site \\u00e0 la r\\u00e9ception de ta commande.<\\\/p>\\n<p>Dans notre boutique, tu trouveras les derni\\u00e8res sorties, des classiques intemporels et une s\\u00e9lection d\\u2019exclusivit\\u00e9s soigneusement choisies pour r\\u00e9pondre aux besoins des gamers les plus exigeants.<\\\/p>\\n<p>Rejoins notre communaut\\u00e9 de clients satisfaits et d\\u00e9couvre pourquoi nous sommes le choix n\\u00b01 de tant de passionn\\u00e9s de gaming. Merci d\\u2019avoir choisi notre boutique \\u2014 on est l\\u00e0 pour que ton aventure gaming soit excitante et \\u00e9panouissante, aujourd\\u2019hui comme toujours.<\\\/p>\\n<\\\/div>\\n<\\\/div>\\n\"}},{\"@type\":\"Question\",\"name\":\"Comment vais-je recevoir le produit ?\",\"acceptedAnswer\":{\"@type\":\"Answer\",\"text\":\"<div class=\\\"vc_toggle_content\\\">\\n<p>Pour rendre ton exp\\u00e9rience plus rapide et plus pratique, nous sommes d\\u2019abord disponibles sur WhatsApp pour r\\u00e9pondre \\u00e0 toute question ou inqui\\u00e9tude concernant la livraison du produit. Apr\\u00e8s le premier contact, tu recevras l\\u2019acc\\u00e8s au produit achet\\u00e9 par e-mail, avec un tutoriel d\\u00e9taill\\u00e9 sur le processus d\\u2019installation.<\\\/p>\\n<p>On s\\u2019engage \\u00e0 offrir un service efficace et transparent pour garantir ta satisfaction. N\\u2019h\\u00e9site pas \\u00e0 nous contacter sur WhatsApp pour une assistance imm\\u00e9diate.<\\\/p>\\n<\\\/div>\\n\"}}]}<\/script>\n\t\t\t\t\t<\/div>\n\t\t\t\t\t\t<\/div>\n\t\t\t\t<\/div>\n\t\t\t\t\t<\/div>\n\t\t<\/div>\n\t\t\t\t\t<\/div>\n\t\t<\/section>\n\t\t\t\t<\/div>\n\t\t","protected":false},"excerpt":{"rendered":"<p>FAQ \u2013 deuxi\u00e8me version Quels sont les modes de livraison (comment \u00e7a marche) ? Pour tous les jeux, je fournis un compte (IDENTIFIANT ET MOT DE PASSE). Certaines plateformes, comme Ubisoft et Steam, n\u00e9cessitent des m\u00e9thodes hors ligne, et tu joueras avec le compte fourni. Pour les jeux Microsoft Store, tu recevras un compte, mais [&hellip;]<\/p>\n","protected":false},"author":1,"featured_media":0,"parent":0,"menu_order":0,"comment_status":"closed","ping_status":"closed","template":"template-archive.php","meta":{"footnotes":""},"class_list":["post-7106478","page","type-page","status-publish","hentry"],"_links":{"self":[{"href":"https:\/\/gamesbestprices.com\/fr\/wp-json\/wp\/v2\/pages\/7106478","targetHints":{"allow":["GET"]}}],"collection":[{"href":"https:\/\/gamesbestprices.com\/fr\/wp-json\/wp\/v2\/pages"}],"about":[{"href":"https:\/\/gamesbestprices.com\/fr\/wp-json\/wp\/v2\/types\/page"}],"author":[{"embeddable":true,"href":"https:\/\/gamesbestprices.com\/fr\/wp-json\/wp\/v2\/users\/1"}],"replies":[{"embeddable":true,"href":"https:\/\/gamesbestprices.com\/fr\/wp-json\/wp\/v2\/comments?post=7106478"}],"version-history":[{"count":1,"href":"https:\/\/gamesbestprices.com\/fr\/wp-json\/wp\/v2\/pages\/7106478\/revisions"}],"predecessor-version":[{"id":7106481,"href":"https:\/\/gamesbestprices.com\/fr\/wp-json\/wp\/v2\/pages\/7106478\/revisions\/7106481"}],"wp:attachment":[{"href":"https:\/\/gamesbestprices.com\/fr\/wp-json\/wp\/v2\/media?parent=7106478"}],"curies":[{"name":"wp","href":"https:\/\/api.w.org\/{rel}","templated":true}]}}