{"id":7107289,"date":"2026-05-13T06:43:48","date_gmt":"2026-05-13T06:43:48","guid":{"rendered":"https:\/\/gamesbestprices.com\/?post_type=product&#038;p=7107289"},"modified":"2026-05-13T16:57:03","modified_gmt":"2026-05-13T16:57:03","slug":"lego-batman-legacy-of-the-dark-knight-pc-steam-offline","status":"publish","type":"product","link":"https:\/\/gamesbestprices.com\/es\/producto\/lego-batman-legacy-of-the-dark-knight-pc-steam-offline\/","title":{"rendered":"LEGO BATMAN LEGACY OF THE DARK KNIGHT PC STEAM OFFLINE"},"content":{"rendered":"<p><!-- RESIDENT EVIL 9 REQUIEM - Clean HTML with CSS Classes --><\/p>\n<div class=\"lies-of-p-container\">\n<p><!-- Main Banner --><\/p>\n<div class=\"lies-of-p-banner\">\n<h1>LEGO BATMAN: LEGACY OF THE DARK KNIGHT PC STEAM OFFLINE<\/h1>\n<p>El horror contin\u00faa en una nueva era de la franquicia.<\/p>\n<\/div>\n<p><!-- Purchase Alert --><\/p>\n<div class=\"lies-of-p-alerta\">\u26a0\ufe0f \u00a1NUEVA ERA DE TERROR &#8211; HORROR DE SUPERVIVENCIA DEFINITIVO! \u26a0\ufe0f<\/div>\n<p><!-- Offline Mode --><\/p>\n<div class=\"lies-of-p-offline\">\n<h3>\ud83c\udfae \u00a1DISFRUTA OFFLINE CON M\u00c1XIMOS AHORROS! \ud83c\udfae<\/h3>\n<p>\u00a1Disfruta del modo <strong>OFFLINE<\/strong> con absoluta libertad!<\/p>\n<div class=\"lies-of-p-beneficios\">\n<p>\u2705 Utilizar\u00e1s <strong>CREDENCIALES DE ACCESO (CUENTA \u00daNICA)<\/strong> que te proporcionaremos<\/p>\n<p>\u2705 <strong>JUEGA A TRAV\u00c9S DE LA CUENTA PROPORCIONADA<\/strong> sin obst\u00e1culos<\/p>\n<p>\u2705 Acceso completo al t\u00edtulo y a todos los parches<\/p>\n<\/div>\n<p class=\"lies-of-p-economia\">Podr\u00e1s jugar sin problemas cuando quieras<\/p>\n<p class=\"lies-of-p-economia-destaque\">\ud83d\udcb0 \u00a1AHORRANDO MUCHO y \ud83c\udfaf DIVIRTI\u00c9NDOTE MUCHO!<\/p>\n<\/div>\n<p><!-- Promotional Video --><\/p>\n<div class=\"lies-of-p-video\">\n<h2>Mira el tr\u00e1iler de LEGO Batman: Legacy of the Dark Knight<\/h2>\n<div class=\"lies-of-p-video-container\">\n<div class=\"lies-of-p-video-responsive\"><iframe title=\"Reproductor de video de YouTube\" src=\"https:\/\/www.youtube-nocookie.com\/embed\/j5ha2VwHJCw\" frameborder=\"0\" allowfullscreen=\"allowfullscreen\"><\/iframe><\/div>\n<\/div>\n<\/div>\n<p><!-- System Requirements --><\/p>\n<div class=\"lies-of-p-requisitos\">\n<h2>Especificaciones del Sistema<\/h2>\n<div class=\"lies-of-p-requisitos-grid\">\n<div class=\"lies-of-p-requisitos-box\">\n<h3>M\u00ednimos<\/h3>\n<ul class=\"lies-of-p-requisitos-lista\">\n<li>\u25b9<strong>SO:<\/strong> Windows 11<\/li>\n<li>\u25b9<strong>Procesador:<\/strong> Intel Core i5-10600K o AMD Ryzen 5 1600<\/li>\n<li>\u25b9<strong>Memoria:<\/strong> 16 GB RAM<\/li>\n<li>\u25b9<strong>Gr\u00e1ficos:<\/strong> NVIDIA GeForce GTX 960, 4 GB o AMD Radeon RX 6400, 4 GB o Intel Arc A580, 8 GB<\/li>\n<li>\u25b9<strong>Almacenamiento:<\/strong> 50 GB espacio disponible<\/li>\n<li>\u25b9<strong>Notas Adicionales:<\/strong> Bajo 1080p @ 30 FPS con FSR o XeSS Equilibrado &amp; Frame Gen activado, SSD Requerido &amp; 50 GB de espacio de almacenamiento disponible requerido<\/li>\n<\/ul>\n<\/div>\n<div class=\"lies-of-p-requisitos-box\">\n<h3>Recomendados<\/h3>\n<ul class=\"lies-of-p-requisitos-lista\">\n<li>\u25b9<strong>SO:<\/strong> Windows 11<\/li>\n<li>\u25b9<strong>Procesador:<\/strong> Intel Core i7-12700 o AMD Ryzen 7 5800X<\/li>\n<li>\u25b9<strong>Memoria:<\/strong> 16 GB RAM<\/li>\n<li>\u25b9<strong>Gr\u00e1ficos:<\/strong> NVIDIA GeForce RTX 2070 SUPER, 8 GB o AMD Radeon RX 6650 XT, 8 GB o Intel Arc B580, 12 GB<\/li>\n<li>\u25b9<strong>Almacenamiento:<\/strong> 50 GB espacio disponible<\/li>\n<li>\u25b9<strong>Notas Adicionales:<\/strong> Medio 1440p @ 60 FPS con DLSS, FSR o XeSS Calidad &amp; Frame Gen activado, SSD Requerido &amp; 50 GB de espacio de almacenamiento disponible requerido<\/li>\n<\/ul>\n<\/div>\n<\/div>\n<\/div>\n<\/div>\n<p><!-- About the Game --><\/p>\n<div class=\"lies-of-p-sobre\">\n<h2>Acerca de LEGO Batman: Legacy of the Dark Knight<\/h2>\n<p>Emb\u00e1rcate en una saga \u00e9pica que redefine el hero\u00edsmo en Gotham City. LEGO BATMAN: LEGACY OF THE DARK KNIGHT sumerge a los jugadores en los a\u00f1os de formaci\u00f3n de Bruce Wayne, presenciando su arduo entrenamiento con la enigm\u00e1tica Liga de las Sombras. Esta aventura narrativa teje magistralmente una historia de transformaci\u00f3n, mientras un joven lucha con el destino, forjando un v\u00ednculo inquebrantable con aliados como Jim Gordon, la enigm\u00e1tica Catwoman y la floreciente familia de Robin, Nightwing y Batgirl. Sum\u00e9rgete en una atm\u00f3sfera rica y cinematogr\u00e1fica donde cada sombra guarda un secreto y cada alianza se forja meticulosamente, preparando el escenario para que la leyenda se desarrolle.<\/p>\n<p>Prep\u00e1rate para una acci\u00f3n trepidante mientras te pones la capa y la capucha, enfrent\u00e1ndote a los Supervillanos de DC m\u00e1s notorios e ic\u00f3nicos de Gotham City. Desde la ca\u00f3tica astucia de El Joker hasta los escalofriantes planes de El Ping\u00fcino y Mr. Freeze, cada encuentro es una prueba din\u00e1mica de ingenio y fuerza. El mundo inmersivo de LEGO BATMAN: LEGACY OF THE DARK KNIGHT chispea con la lucha perpetua entre el orden y la anarqu\u00eda, sumergi\u00e9ndote m\u00e1s profundamente en la incansable lucha de Batman para proteger su ciudad. Navega por entornos meticulosamente elaborados, participando en emocionantes combates y astutos rompecabezas, asegurando que cada momento est\u00e9 cargado de aventuras de alto riesgo y desaf\u00edo heroico.<\/p>\n<p>Eleva tu viaje heroico con la Edici\u00f3n Deluxe, expandiendo el universo de LEGO BATMAN: LEGACY OF THE DARK KNIGHT con un arsenal de nuevo equipo, veh\u00edculos y opciones de personalizaci\u00f3n. Sum\u00e9rgete en los paquetes tem\u00e1ticos de la Legacy Collection, desbloqueando trajes y Batm\u00f3viles exclusivos, o prep\u00e1rate para la pr\u00f3xima Mayhem Collection. Esta emocionante expansi\u00f3n desata a El Joker y Harley Quinn en una nueva Misi\u00f3n de Historia donde escapas de Arkham, y un ca\u00f3tico Modo Mayhem por todo Gotham. Experimenta una profundidad de contenido sin igual, asegurando que la lucha por el alma de Gotham contin\u00fae con nuevos desaf\u00edos y escapadas villanas.<\/p>\n<\/div>\n<p><!-- Features in Cards --><\/p>\n<div class=\"lies-of-p-destaques\">\n<h2>Caracter\u00edsticas del Juego<\/h2>\n<div class=\"lies-of-p-cards-grid\">\n<div class=\"lies-of-p-card\">\n<img decoding=\"async\" title=\"Jugabilidad de LEGO Batman: Legacy of the Dark Knight para PC\" src=\"https:\/\/shared.akamai.steamstatic.com\/store_item_assets\/steam\/apps\/2215200\/3c98a7a4d4624f8799d553a58fdb31d33ce1e494\/ss_3c98a7a4d4624f8799d553a58fdb31d33ce1e494.1920x1080.jpg?t=1778617453\" alt=\"LEGO Batman: Legacy of the Dark Knight PC Steam Offline - Aventura Narrativa \u00c9pica\" \/><\/p>\n<div class=\"lies-of-p-card-content\">\n<h3>AVENTURA NARRATIVA \u00c9PICA<\/h3>\n<p>Sum\u00e9rgete en una emocionante aventura de acci\u00f3n con una historia de TT Games, los aclamados creadores de LEGO Star Wars: The Skywalker Saga. Explora los secretos m\u00e1s oscuros de Gotham.<\/p>\n<\/div>\n<\/div>\n<div class=\"lies-of-p-card\">\n<img decoding=\"async\" title=\"Jugabilidad de LEGO Batman: Legacy of the Dark Knight para PC\" src=\"https:\/\/shared.akamai.steamstatic.com\/store_item_assets\/steam\/apps\/2215200\/fdbad71e14ed79de392e8d4b3915d2bec2895dbb\/ss_fdbad71e14ed79de392e8d4b3915d2bec2895dbb.1920x1080.jpg?t=1778617453\" alt=\"LEGO Batman: Legacy of the Dark Knight PC Steam Offline - Juega como Joker y Harley\" \/><\/p>\n<div class=\"lies-of-p-card-content\">\n<h3>JUEGA COMO JOKER Y HARLEY<\/h3>\n<p>Escapa del Asilo Arkham en una nueva Misi\u00f3n de Historia. Desata el caos como El Joker y Harley Quinn, luego provoca estragos en las calles de Gotham.<\/p>\n<\/div>\n<\/div>\n<div class=\"lies-of-p-card\">\n<img decoding=\"async\" title=\"Jugabilidad de LEGO Batman: Legacy of the Dark Knight para PC\" src=\"https:\/\/shared.akamai.steamstatic.com\/store_item_assets\/steam\/apps\/2215200\/ce6fbdc2574a3c8119d4b6200a9728f0b0d10573\/ss_ce6fbdc2574a3c8119d4b6200a9728f0b0d10573.1920x1080.jpg?t=1778617453\" alt=\"LEGO Batman: Legacy of the Dark Knight PC Steam Offline - Paquetes de Contenido de la Edici\u00f3n Deluxe\" \/><\/p>\n<div class=\"lies-of-p-card-content\">\n<h3>PAQUETES DE CONTENIDO DE LA EDICI\u00d3N DELUXE<\/h3>\n<p>Expande tu experiencia con m\u00e1s de 30 elementos desde el lanzamiento, incluyendo 21 trajes \u00fanicos, 3 Batm\u00f3viles y accesorios de la Batcueva en paquetes tem\u00e1ticos. Adem\u00e1s, un Paquete Siniestro con tem\u00e1tica de villanos.<\/p>\n<\/div>\n<\/div>\n<\/div>\n<\/div>\n","protected":false},"excerpt":{"rendered":"<table class=\"info-table\">\n<thead>\n<tr class=\"header-row\">\n<th>Estado<\/th>\n<th>INFORMACI\u00d3N<\/th>\n<\/tr>\n<\/thead>\n<tbody>\n<tr>\n<td class=\"status-cell\">\n<div class=\"status-title\">\ud83d\ude80 ENTREGA INMEDIATA<\/div>\n<div class=\"status-subtitle\">Obt\u00e9n acceso instant\u00e1neo<\/div>\n<\/td>\n<td class=\"info-cell\">\n<div class=\"info-box\">\n<div class=\"info-title\">ATENCI\u00d3N<\/div>\n<div class=\"info-content\">LEE LA DESCRIPCI\u00d3N<\/div>\n<\/div>\n<\/td>\n<\/tr>\n<tr>\n<td class=\"status-cell\">\n<div class=\"status-title\">\ud83d\udcb0 \u00bfEs este sitio confiable?<\/div>\n<div class=\"status-subtitle\">+ 4 a\u00f1os vendiendo juegos<\/div>\n<\/td>\n<td class=\"info-cell\">\n<div class=\"info-box\">\n<div class=\"info-title\">Acceso:<\/div>\n<div class=\"info-content\">[trustindex data-widget-id=7fd81be38eb695098c8683dcf1c]<\/div>\n<\/div>\n<\/td>\n<\/tr>\n<\/tbody>\n<\/table>\n","protected":false},"featured_media":7107282,"comment_status":"open","ping_status":"closed","template":"","meta":[],"product_brand":[],"product_cat":[325,327,335,355,349,351,366],"product_tag":[],"class_list":{"0":"post-7107289","1":"product","2":"type-product","3":"status-publish","4":"has-post-thumbnail","6":"product_cat-accion-es","7":"product_cat-aventura-es","8":"product_cat-juegos-es","9":"product_cat-lanzamientos","10":"product_cat-pc-es","11":"product_cat-pre-venta","12":"product_cat-steam-es","14":"first","15":"instock","16":"downloadable","17":"virtual","18":"purchasable","19":"product-type-simple"},"exclude_global_add_ons":[],"addons":[],"_links":{"self":[{"href":"https:\/\/gamesbestprices.com\/es\/wp-json\/wp\/v2\/product\/7107289","targetHints":{"allow":["GET"]}}],"collection":[{"href":"https:\/\/gamesbestprices.com\/es\/wp-json\/wp\/v2\/product"}],"about":[{"href":"https:\/\/gamesbestprices.com\/es\/wp-json\/wp\/v2\/types\/product"}],"replies":[{"embeddable":true,"href":"https:\/\/gamesbestprices.com\/es\/wp-json\/wp\/v2\/comments?post=7107289"}],"wp:featuredmedia":[{"embeddable":true,"href":"https:\/\/gamesbestprices.com\/es\/wp-json\/wp\/v2\/media\/7107282"}],"wp:attachment":[{"href":"https:\/\/gamesbestprices.com\/es\/wp-json\/wp\/v2\/media?parent=7107289"}],"wp:term":[{"taxonomy":"product_brand","embeddable":true,"href":"https:\/\/gamesbestprices.com\/es\/wp-json\/wp\/v2\/product_brand?post=7107289"},{"taxonomy":"product_cat","embeddable":true,"href":"https:\/\/gamesbestprices.com\/es\/wp-json\/wp\/v2\/product_cat?post=7107289"},{"taxonomy":"product_tag","embeddable":true,"href":"https:\/\/gamesbestprices.com\/es\/wp-json\/wp\/v2\/product_tag?post=7107289"}],"curies":[{"name":"wp","href":"https:\/\/api.w.org\/{rel}","templated":true}]}}