{"id":7107243,"date":"2026-04-09T15:57:25","date_gmt":"2026-04-09T15:57:25","guid":{"rendered":""},"modified":"2026-04-09T15:58:40","modified_gmt":"2026-04-09T15:58:40","slug":"marvel-tokon-fighting-souls-ultimate-edition-pc-steam-offline-es","status":"publish","type":"product","link":"https:\/\/gamesbestprices.com\/es\/producto\/marvel-tokon-fighting-souls-ultimate-edition-pc-steam-offline-es\/","title":{"rendered":"Marvel Tokon Fighting Souls Ultimate Edition PC Steam Offline"},"content":{"rendered":"<p><!-- MARVEL TOKON FIGHTING SOULS ULTIMATE EDITION - Clean HTML with CSS Classes --><\/p>\n<div class=\"lies-of-p-container\">\n<p><!-- Main Banner --><\/p>\n<div class=\"lies-of-p-banner\">\n<h1>MARVEL TOKON FIGHTING SOULS ULTIMATE EDITION PC STEAM OFFLINE<\/h1>\n<p>\u00a1Desata tu h\u00e9roe interior en el enfrentamiento definitivo de Marvel!<\/p>\n<\/div>\n<p><!-- Purchase Alert --><\/p>\n<div class=\"lies-of-p-alerta\">\u26a0\ufe0f \u00a1ENFRENTAMIENTO DEFINITIVO DE MARVEL &#8211; ALMAS DE LUCHA DESATADAS! \u26a0\ufe0f<\/div>\n<p><!-- Offline Mode --><\/p>\n<div class=\"lies-of-p-offline\">\n<h3>\ud83c\udfae \u00a1DISFRUTA OFFLINE CON M\u00c1XIMOS AHORROS! \ud83c\udfae<\/h3>\n<p>\u00a1Disfruta del modo <strong>OFFLINE<\/strong> con absoluta libertad!<\/p>\n<div class=\"lies-of-p-beneficios\">\n<p>\u2705 Utilizar\u00e1s <strong>CREDENCIALES DE ACCESO (CUENTA \u00daNICA)<\/strong> que te proporcionaremos<\/p>\n<p>\u2705 <strong>JUEGA A TRAV\u00c9S DE LA CUENTA PROPORCIONADA<\/strong> sin obst\u00e1culos<\/p>\n<p>\u2705 Acceso completo al t\u00edtulo y a todos los parches<\/p>\n<\/div>\n<p class=\"lies-of-p-economia\">Podr\u00e1s jugar sin problemas cuando quieras<\/p>\n<p class=\"lies-of-p-economia-destaque\">\ud83d\udcb0 \u00a1AHORRANDO MUCHO y \ud83c\udfaf DIVIRTI\u00c9NDOTE A LO GRANDE!<\/p>\n<\/div>\n<p><!-- Promotional Video --><\/p>\n<div class=\"lies-of-p-video\">\n<h2>Mira el tr\u00e1iler de Marvel Tokon Fighting Souls<\/h2>\n<div class=\"lies-of-p-video-container\">\n<div class=\"lies-of-p-video-responsive\"><iframe title=\"YouTube video player\" src=\"https:\/\/www.youtube-nocookie.com\/embed\/krh98HsMk5c\" frameborder=\"0\" allowfullscreen=\"allowfullscreen\"><\/iframe><\/div>\n<\/div>\n<\/div>\n<p><!-- System Requirements --><\/p>\n<div class=\"lies-of-p-requisitos\">\n<h2>Especificaciones del Sistema<\/h2>\n<div class=\"lies-of-p-requisitos-grid\">\n<p><!-- Minimum Requirements --><\/p>\n<div class=\"lies-of-p-requisitos-box\">\n<h3>M\u00ednimos<\/h3>\n<ul class=\"lies-of-p-requisitos-lista\">\n<li>\u25b9<strong>SO:<\/strong> Por anunciar<\/li>\n<li>\u25b9<strong>Procesador:<\/strong> Por anunciar<\/li>\n<li>\u25b9<strong>Memoria:<\/strong> Por anunciar<\/li>\n<li>\u25b9<strong>Tarjeta Gr\u00e1fica:<\/strong> Por anunciar<\/li>\n<li>\u25b9<strong>DirectX:<\/strong> Por anunciar<\/li>\n<li>\u25b9<strong>Almacenamiento:<\/strong> Por anunciar<\/li>\n<\/ul>\n<\/div>\n<p><!-- Recommended Requirements --><\/p>\n<div class=\"lies-of-p-requisitos-box\">\n<h3>Recomendados<\/h3>\n<ul class=\"lies-of-p-requisitos-lista\">\n<li>\u25b9<strong>SO:<\/strong> Por anunciar<\/li>\n<li>\u25b9<strong>Procesador:<\/strong> Por anunciar<\/li>\n<li>\u25b9<strong>Memoria:<\/strong> Por anunciar<\/li>\n<li>\u25b9<strong>Tarjeta Gr\u00e1fica:<\/strong> Por anunciar<\/li>\n<li>\u25b9<strong>DirectX:<\/strong> Por anunciar<\/li>\n<li>\u25b9<strong>Almacenamiento:<\/strong> Por anunciar<\/li>\n<\/ul>\n<\/div>\n<\/div>\n<\/div>\n<p><!-- About the Game --><\/p>\n<div class=\"lies-of-p-sobre\">\n<h2>Acerca de Marvel Tokon Fighting Souls Ultimate Edition<\/h2>\n<p><strong>H\u00e9roes chocan. Mundos colisionan. Tu leyenda comienza.<\/strong><\/p>\n<p>Comprar <strong>Marvel Tokon Fighting Souls Ultimate Edition PC<\/strong> significa adentrarse en el juego de lucha de Marvel m\u00e1s ambicioso jam\u00e1s creado. Prep\u00e1rate para batallas \u00e9picas, combos impresionantes y un elenco de h\u00e9roes y villanos ic\u00f3nicos en <strong>Marvel Tokon Fighting Souls Ultimate Edition Steam<\/strong>.<\/p>\n<p>Experimenta una nueva era de juegos de lucha con mec\u00e1nicas de combate fluidas, gr\u00e1ficos impresionantes y un extenso elenco que abarca todo el universo Marvel. La <strong>Ultimate Edition<\/strong> trae personajes exclusivos, trajes y contenido de historia, asegurando que tengas la experiencia de lucha definitiva.<\/p>\n<p><strong>\u00ab\u00a1Desata tu Tokon (esp\u00edritu de lucha) y reclama la victoria!\u00bb<\/strong><\/p>\n<\/div>\n<p><!-- Features in Cards --><\/p>\n<div class=\"lies-of-p-destaques\">\n<h2>Caracter\u00edsticas de la Ultimate Edition<\/h2>\n<div class=\"lies-of-p-cards-grid\">\n<p><!-- Card 1: Iconic Marvel Roster --><\/p>\n<div class=\"lies-of-p-card\">\n<p><img decoding=\"async\" title=\"Marvel Tokon Fighting Souls PC - Iconic Roster\" src=\"https:\/\/shared.fastly.steamstatic.com\/store_item_assets\/steam\/apps\/3764200\/extras\/marvel_feature_01.gif?t=1750810100\" alt=\"Marvel Tokon Fighting Souls Ultimate Edition PC Steam Offline - Iconic Roster\" \/><\/p>\n<div class=\"lies-of-p-card-content\">\n<h3>PLANTEL IC\u00d3NICO DE MARVEL<\/h3>\n<p>Elige entre una alineaci\u00f3n inigualable de legendarios Superh\u00e9roes y Supervillanos de Marvel, cada uno con habilidades y estilos de lucha \u00fanicos.<\/p>\n<\/div>\n<\/div>\n<p><!-- Card 2: Dynamic Tag-Team Combat --><\/p>\n<div class=\"lies-of-p-card\">\n<p><img decoding=\"async\" title=\"Marvel Tokon Fighting Souls Steam - Tag-Team\" src=\"https:\/\/shared.fastly.steamstatic.com\/store_item_assets\/steam\/apps\/3764200\/extras\/marvel_feature_02.gif?t=1750810100\" alt=\"Buy Marvel Tokon Fighting Souls Ultimate Edition PC - Dynamic Combat\" \/><\/p>\n<div class=\"lies-of-p-card-content\">\n<h3>COMBATE DIN\u00c1MICO POR EQUIPOS<\/h3>\n<p>Domina innovadoras mec\u00e1nicas de combate por equipos, desata devastadores hipercombos e intercambia estrat\u00e9gicamente personajes en medio de la batalla para dominar a tus oponentes.<\/p>\n<\/div>\n<\/div>\n<p><!-- Card 3: Ultimate Edition Exclusives --><\/p>\n<div class=\"lies-of-p-card\">\n<p><img decoding=\"async\" title=\"Marvel Tokon Fighting Souls - Ultimate Exclusives\" src=\"https:\/\/shared.fastly.steamstatic.com\/store_item_assets\/steam\/apps\/3764200\/extras\/marvel_feature_03.gif?t=1750810100\" alt=\"Marvel Tokon Fighting Souls Ultimate Edition for PC - Exclusives\" \/><\/p>\n<div class=\"lies-of-p-card-content\">\n<h3>EXCLUSIVOS DE LA ULTIMATE EDITION<\/h3>\n<p>Desbloquea personajes adicionales, trajes alternativos exclusivos, un libro de arte digital y un modo historia expandido solo disponible en esta edici\u00f3n definitiva.<\/p>\n<\/div>\n<\/div>\n<\/div>\n<\/div>\n<\/div>\n","protected":false},"excerpt":{"rendered":"<table class=\"info-table\">\n<thead>\n<tr class=\"header-row\">\n<th>Status<\/th>\n<th>INFORMATION<\/th>\n<\/tr>\n<\/thead>\n<tbody>\n<tr>\n<td class=\"status-cell\">\n<div class=\"status-title\">\ud83d\ude80 IMMEDIATE DELIVERY<\/div>\n<div class=\"status-subtitle\">Get instant access<\/div>\n<\/td>\n<td class=\"info-cell\">\n<div class=\"info-box\">\n<div class=\"info-title\">ATTENTION<\/div>\n<div class=\"info-content\">READ THE DESCRIPTION<\/div>\n<\/div>\n<\/td>\n<\/tr>\n<tr>\n<td class=\"status-cell\">\n<div class=\"status-title\">\ud83d\udcb0 Is this site trustworthy?<\/div>\n<div class=\"status-subtitle\">+ 4 years selling games<\/div>\n<\/td>\n<td class=\"info-cell\">\n<div class=\"info-box\">\n<div class=\"info-title\">Acess:<\/div>\n<div class=\"info-content\">\n<div data-src=\"https:\/\/cdn.trustindex.io\/loader.js?7fd81be38eb695098c8683dcf1c\"><\/div>\n<\/div>\n<\/div>\n<\/td>\n<\/tr>\n<\/tbody>\n<\/table>\n","protected":false},"featured_media":7107241,"comment_status":"open","ping_status":"closed","template":"","meta":[],"product_brand":[],"product_cat":[335,333,351],"product_tag":[432],"class_list":{"0":"post-7107243","1":"product","2":"type-product","3":"status-publish","4":"has-post-thumbnail","6":"product_cat-juegos-es","7":"product_cat-lucha","8":"product_cat-pre-venta","9":"product_tag-multijugador-es","11":"first","12":"instock","13":"downloadable","14":"virtual","15":"purchasable","16":"product-type-simple"},"exclude_global_add_ons":[],"addons":[],"_links":{"self":[{"href":"https:\/\/gamesbestprices.com\/es\/wp-json\/wp\/v2\/product\/7107243","targetHints":{"allow":["GET"]}}],"collection":[{"href":"https:\/\/gamesbestprices.com\/es\/wp-json\/wp\/v2\/product"}],"about":[{"href":"https:\/\/gamesbestprices.com\/es\/wp-json\/wp\/v2\/types\/product"}],"replies":[{"embeddable":true,"href":"https:\/\/gamesbestprices.com\/es\/wp-json\/wp\/v2\/comments?post=7107243"}],"wp:featuredmedia":[{"embeddable":true,"href":"https:\/\/gamesbestprices.com\/es\/wp-json\/wp\/v2\/media\/7107241"}],"wp:attachment":[{"href":"https:\/\/gamesbestprices.com\/es\/wp-json\/wp\/v2\/media?parent=7107243"}],"wp:term":[{"taxonomy":"product_brand","embeddable":true,"href":"https:\/\/gamesbestprices.com\/es\/wp-json\/wp\/v2\/product_brand?post=7107243"},{"taxonomy":"product_cat","embeddable":true,"href":"https:\/\/gamesbestprices.com\/es\/wp-json\/wp\/v2\/product_cat?post=7107243"},{"taxonomy":"product_tag","embeddable":true,"href":"https:\/\/gamesbestprices.com\/es\/wp-json\/wp\/v2\/product_tag?post=7107243"}],"curies":[{"name":"wp","href":"https:\/\/api.w.org\/{rel}","templated":true}]}}