{"id":7107213,"date":"2026-04-09T10:18:28","date_gmt":"2026-04-09T10:18:28","guid":{"rendered":""},"modified":"2026-04-09T10:19:50","modified_gmt":"2026-04-09T10:19:50","slug":"the-cube-pc-steam-offline-es","status":"publish","type":"product","link":"https:\/\/gamesbestprices.com\/es\/producto\/the-cube-pc-steam-offline-es\/","title":{"rendered":"The Cube PC Steam Offline"},"content":{"rendered":"<p><!-- THE CUBE PC STEAM OFFLINE - Clean HTML with CSS Classes --><\/p>\n<div class=\"lies-of-p-container\">\n<p><!-- Main Banner --><\/p>\n<div class=\"lies-of-p-banner\">\n<h1>THE CUBE PC STEAM OFFLINE<\/h1>\n<p>Entra en un mundo donde la l\u00f3gica es tu \u00fanica arma. \u00bfPodr\u00e1s escapar de The Cube?<\/p>\n<\/div>\n<p><!-- Purchase Alert --><\/p>\n<div class=\"lies-of-p-alerta\">\u26a0\ufe0f DESAF\u00cdA TU MENTE &#8211; \u00a1ESCAPA DE THE CUBE! \u26a0\ufe0f<\/div>\n<p><!-- Offline Mode --><\/p>\n<div class=\"lies-of-p-offline\">\n<h3>\ud83c\udfae \u00a1DISFRUTA OFFLINE CON M\u00c1XIMOS AHORROS! \ud83c\udfae<\/h3>\n<p>\u00a1Disfruta del modo <strong>OFFLINE<\/strong> con absoluta libertad!<\/p>\n<div class=\"lies-of-p-beneficios\">\n<p>\u2705 Utilizar\u00e1s <strong>CREDENCIALES DE ACCESO (CUENTA \u00daNICA)<\/strong> que te proporcionaremos<\/p>\n<p>\u2705 <strong>JUEGA A TRAV\u00c9S DE LA CUENTA PROPORCIONADA<\/strong> sin obst\u00e1culos<\/p>\n<p>\u2705 Acceso completo al t\u00edtulo y a todos los parches<\/p>\n<\/div>\n<p class=\"lies-of-p-economia\">Podr\u00e1s jugar sin problemas cuando quieras<\/p>\n<p class=\"lies-of-p-economia-destaque\">\ud83d\udcb0 \u00a1AHORRANDO MUCHO y \ud83c\udfaf DIVIRTI\u00c9NDOTE A LO GRANDE!<\/p>\n<\/div>\n<p><!-- Promotional Video --><\/p>\n<div class=\"lies-of-p-video\">\n<h2>Mira el Tr\u00e1iler de The Cube<\/h2>\n<div class=\"lies-of-p-video-container\">\n<div class=\"lies-of-p-video-responsive\"><iframe title=\"Reproductor de video de YouTube\" src=\"https:\/\/www.youtube-nocookie.com\/embed\/YHHJM-KZfss\" frameborder=\"0\" allowfullscreen=\"allowfullscreen\"><\/iframe><\/div>\n<\/div>\n<\/div>\n<p><!-- System Requirements --><\/p>\n<div class=\"lies-of-p-requisitos\">\n<h2>Especificaciones del Sistema<\/h2>\n<div class=\"lies-of-p-requisitos-grid\">\n<p><!-- Minimum Requirements --><\/p>\n<div class=\"lies-of-p-requisitos-box\">\n<h3>M\u00ednimos<\/h3>\n<ul class=\"lies-of-p-requisitos-lista\">\n<li>\u25b9<strong>SO:<\/strong> Por anunciar<\/li>\n<li>\u25b9<strong>Procesador:<\/strong> Por anunciar<\/li>\n<li>\u25b9<strong>Memoria:<\/strong> Por anunciar<\/li>\n<li>\u25b9<strong>Tarjeta Gr\u00e1fica:<\/strong> Por anunciar<\/li>\n<li>\u25b9<strong>DirectX:<\/strong> Por anunciar<\/li>\n<li>\u25b9<strong>Almacenamiento:<\/strong> Por anunciar<\/li>\n<\/ul>\n<\/div>\n<p><!-- Recommended Requirements --><\/p>\n<div class=\"lies-of-p-requisitos-box\">\n<h3>Recomendados<\/h3>\n<ul class=\"lies-of-p-requisitos-lista\">\n<li>\u25b9<strong>SO:<\/strong> Por anunciar<\/li>\n<li>\u25b9<strong>Procesador:<\/strong> Por anunciar<\/li>\n<li>\u25b9<strong>Memoria:<\/strong> Por anunciar<\/li>\n<li>\u25b9<strong>Tarjeta Gr\u00e1fica:<\/strong> Por anunciar<\/li>\n<li>\u25b9<strong>DirectX:<\/strong> Por anunciar<\/li>\n<li>\u25b9<strong>Almacenamiento:<\/strong> Por anunciar<\/li>\n<\/ul>\n<\/div>\n<\/div>\n<\/div>\n<p><!-- About the Game --><\/p>\n<div class=\"lies-of-p-sobre\">\n<h2>Acerca de The Cube<\/h2>\n<p>Ad\u00e9ntrate en el enigm\u00e1tico mundo de <strong>The Cube PC<\/strong>, una experiencia de puzles alucinante que pondr\u00e1 a prueba tu intelecto y razonamiento espacial como nunca antes. En <strong>The Cube Steam<\/strong>, est\u00e1s atrapado dentro de una estructura compleja y en constante cambio, y tu \u00fanico objetivo es encontrar una salida.<\/p>\n<p>Cada c\u00e1mara presenta un nuevo desaf\u00edo, un nuevo enigma que resolver. Navega por intrincados mecanismos, descifra pistas cr\u00edpticas y manipula tu entorno para desbloquear el camino a seguir en <strong>The Cube for PC<\/strong>. Con cada paso exitoso, te adentras m\u00e1s en los misterios de esta desconcertante prisi\u00f3n.<\/p>\n<p><strong>\u00abLa l\u00f3gica es la clave. La supervivencia es la recompensa.\u00bb<\/strong><\/p>\n<\/div>\n<p><!-- Features in Cards --><\/p>\n<div class=\"lies-of-p-destaques\">\n<h2>Caracter\u00edsticas del Juego<\/h2>\n<div class=\"lies-of-p-cards-grid\">\n<p><!-- Card 1: Mind-Bending Puzzles --><\/p>\n<div class=\"lies-of-p-card\">\n<p><img decoding=\"async\" title=\"The Cube PC - Puzles Alucinantes\" src=\"https:\/\/via.placeholder.com\/300x150?text=Puzles+Alucinantes\" alt=\"The Cube PC Steam Offline - Puzles Alucinantes\" \/><\/p>\n<div class=\"lies-of-p-card-content\">\n<h3>PUZLES ALUCINANTES<\/h3>\n<p>Enfr\u00e9ntate a una amplia gama de puzles \u00fanicos y desafiantes que exigen creatividad y agudas habilidades anal\u00edticas.<\/p>\n<\/div>\n<\/div>\n<p><!-- Card 2: Dynamic Environment --><\/p>\n<div class=\"lies-of-p-card\">\n<p><img decoding=\"async\" title=\"The Cube Steam - Entorno Din\u00e1mico\" src=\"https:\/\/via.placeholder.com\/300x150?text=Entorno+Dinamico\" alt=\"Comprar The Cube PC - Entorno Din\u00e1mico\" \/><\/p>\n<div class=\"lies-of-p-card-content\">\n<h3>ENTORNO DIN\u00c1MICO<\/h3>\n<p>Explora una estructura en constante evoluci\u00f3n donde las habitaciones cambian, las paredes se mueven y nuevos caminos emergen a medida que avanzas.<\/p>\n<\/div>\n<\/div>\n<p><!-- Card 3: Immersive Atmosphere --><\/p>\n<div class=\"lies-of-p-card\">\n<p><img decoding=\"async\" title=\"The Cube - Atm\u00f3sfera Inmersiva\" src=\"https:\/\/via.placeholder.com\/300x150?text=Atmosfera+Inmersiva\" alt=\"The Cube para PC - Atm\u00f3sfera Inmersiva\" \/><\/p>\n<div class=\"lies-of-p-card-content\">\n<h3>ATM\u00d3SFERA INMERSIVA<\/h3>\n<p>Pi\u00e9rdete en la est\u00e9tica minimalista pero cautivadora y el dise\u00f1o de sonido ambiental del misterioso interior de The Cube.<\/p>\n<\/div>\n<\/div>\n<\/div>\n<\/div>\n<\/div>\n","protected":false},"excerpt":{"rendered":"<table class=\"info-table\">\n<thead>\n<tr class=\"header-row\">\n<th>Status<\/th>\n<th>INFORMATION<\/th>\n<\/tr>\n<\/thead>\n<tbody>\n<tr>\n<td class=\"status-cell\">\n<div class=\"status-title\">\ud83d\ude80 IMMEDIATE DELIVERY<\/div>\n<div class=\"status-subtitle\">Get instant access<\/div>\n<\/td>\n<td class=\"info-cell\">\n<div class=\"info-box\">\n<div class=\"info-title\">ATTENTION<\/div>\n<div class=\"info-content\">READ THE DESCRIPTION<\/div>\n<\/div>\n<\/td>\n<\/tr>\n<tr>\n<td class=\"status-cell\">\n<div class=\"status-title\">\ud83d\udcb0 Is this site trustworthy?<\/div>\n<div class=\"status-subtitle\">+ 4 years selling games<\/div>\n<\/td>\n<td class=\"info-cell\">\n<div class=\"info-box\">\n<div class=\"info-title\">Acess:<\/div>\n<div class=\"info-content\">\n<div data-src=\"https:\/\/cdn.trustindex.io\/loader.js?7fd81be38eb695098c8683dcf1c\"><\/div>\n<\/div>\n<\/div>\n<\/td>\n<\/tr>\n<\/tbody>\n<\/table>\n","protected":false},"featured_media":7107211,"comment_status":"open","ping_status":"closed","template":"","meta":[],"product_brand":[],"product_cat":[327,335,351],"product_tag":[451],"class_list":{"0":"post-7107213","1":"product","2":"type-product","3":"status-publish","4":"has-post-thumbnail","6":"product_cat-aventura-es","7":"product_cat-juegos-es","8":"product_cat-pre-venta","9":"product_tag-puzle","11":"first","12":"instock","13":"downloadable","14":"virtual","15":"purchasable","16":"product-type-simple"},"exclude_global_add_ons":[],"addons":[],"_links":{"self":[{"href":"https:\/\/gamesbestprices.com\/es\/wp-json\/wp\/v2\/product\/7107213","targetHints":{"allow":["GET"]}}],"collection":[{"href":"https:\/\/gamesbestprices.com\/es\/wp-json\/wp\/v2\/product"}],"about":[{"href":"https:\/\/gamesbestprices.com\/es\/wp-json\/wp\/v2\/types\/product"}],"replies":[{"embeddable":true,"href":"https:\/\/gamesbestprices.com\/es\/wp-json\/wp\/v2\/comments?post=7107213"}],"wp:featuredmedia":[{"embeddable":true,"href":"https:\/\/gamesbestprices.com\/es\/wp-json\/wp\/v2\/media\/7107211"}],"wp:attachment":[{"href":"https:\/\/gamesbestprices.com\/es\/wp-json\/wp\/v2\/media?parent=7107213"}],"wp:term":[{"taxonomy":"product_brand","embeddable":true,"href":"https:\/\/gamesbestprices.com\/es\/wp-json\/wp\/v2\/product_brand?post=7107213"},{"taxonomy":"product_cat","embeddable":true,"href":"https:\/\/gamesbestprices.com\/es\/wp-json\/wp\/v2\/product_cat?post=7107213"},{"taxonomy":"product_tag","embeddable":true,"href":"https:\/\/gamesbestprices.com\/es\/wp-json\/wp\/v2\/product_tag?post=7107213"}],"curies":[{"name":"wp","href":"https:\/\/api.w.org\/{rel}","templated":true}]}}