{"id":7107183,"date":"2026-04-09T10:13:48","date_gmt":"2026-04-09T10:13:48","guid":{"rendered":""},"modified":"2026-04-09T10:15:03","modified_gmt":"2026-04-09T10:15:03","slug":"onimusha-way-of-the-sword-pc-steam-offline-es","status":"publish","type":"product","link":"https:\/\/gamesbestprices.com\/es\/producto\/onimusha-way-of-the-sword-pc-steam-offline-es\/","title":{"rendered":"Onimusha Way of the Sword PC Steam Offline"},"content":{"rendered":"<p><!-- ONIMUSHA WAY OF THE SWORD PC Steam Offline - HTML limpio con Clases CSS --><\/p>\n<div class=\"lies-of-p-container\">\n<p><!-- Banner Principal --><\/p>\n<div class=\"lies-of-p-banner\">\n<h1>ONIMUSHA WAY OF THE SWORD PC STEAM OFFLINE<\/h1>\n<p>Desata el poder del Oni y forja tu camino a trav\u00e9s de un Jap\u00f3n infestado de demonios.<\/p>\n<\/div>\n<p><!-- Alerta de Compra --><\/p>\n<div class=\"lies-of-p-alerta\">\u2694\ufe0f \u00a1DOMINA LA ESPADA &#8211; CONQUISTA A LOS DEMONIOS! \u2694\ufe0f<\/div>\n<p><!-- Modo Offline --><\/p>\n<div class=\"lies-of-p-offline\">\n<h3>\ud83c\udfae \u00a1DISFRUTA OFFLINE CON M\u00c1XIMOS AHORROS! \ud83c\udfae<\/h3>\n<p>\u00a1Disfruta del modo <strong>OFFLINE<\/strong> con absoluta libertad!<\/p>\n<div class=\"lies-of-p-beneficios\">\n<p>\u2705 Utilizar\u00e1s <strong>CREDENCIALES DE ACCESO (CUENTA \u00daNICA)<\/strong> que te proporcionaremos<\/p>\n<p>\u2705 <strong>JUEGA A TRAV\u00c9S DE LA CUENTA PROPORCIONADA<\/strong> sin obst\u00e1culos<\/p>\n<p>\u2705 Acceso completo al t\u00edtulo y a todos los parches<\/p>\n<\/div>\n<p class=\"lies-of-p-economia\">Podr\u00e1s jugar sin problemas cuando quieras<\/p>\n<p class=\"lies-of-p-economia-destaque\">\ud83d\udcb0 \u00a1AHORRANDO MUCHO y \ud83c\udfaf DIVIRTI\u00c9NDOTE A LO GRANDE!<\/p>\n<\/div>\n<p><!-- Video Promocional --><\/p>\n<div class=\"lies-of-p-video\">\n<h2>Mira el tr\u00e1iler de Onimusha Way of the Sword<\/h2>\n<div class=\"lies-of-p-video-container\">\n<div class=\"lies-of-p-video-responsive\"><iframe title=\"Reproductor de video de YouTube\" src=\"https:\/\/www.youtube-nocookie.com\/embed\/foOtNKru5_0\" frameborder=\"0\" allowfullscreen=\"allowfullscreen\"><\/iframe><\/div>\n<\/div>\n<\/div>\n<p><!-- Requisitos del Sistema --><\/p>\n<div class=\"lies-of-p-requisitos\">\n<h2>Especificaciones del Sistema<\/h2>\n<div class=\"lies-of-p-requisitos-grid\">\n<p><!-- Requisitos M\u00ednimos --><\/p>\n<div class=\"lies-of-p-requisitos-box\">\n<h3>M\u00ednimo<\/h3>\n<ul class=\"lies-of-p-requisitos-lista\">\n<li>\u25b9<strong>SO:<\/strong> Por anunciar<\/li>\n<li>\u25b9<strong>Procesador:<\/strong> Por anunciar<\/li>\n<li>\u25b9<strong>Memoria:<\/strong> Por anunciar<\/li>\n<li>\u25b9<strong>Tarjeta Gr\u00e1fica:<\/strong> Por anunciar<\/li>\n<li>\u25b9<strong>DirectX:<\/strong> Por anunciar<\/li>\n<li>\u25b9<strong>Almacenamiento:<\/strong> Por anunciar<\/li>\n<\/ul>\n<\/div>\n<p><!-- Requisitos Recomendados --><\/p>\n<div class=\"lies-of-p-requisitos-box\">\n<h3>Recomendado<\/h3>\n<ul class=\"lies-of-p-requisitos-lista\">\n<li>\u25b9<strong>SO:<\/strong> Por anunciar<\/li>\n<li>\u25b9<strong>Procesador:<\/strong> Por anunciar<\/li>\n<li>\u25b9<strong>Memoria:<\/strong> Por anunciar<\/li>\n<li>\u25b9<strong>Tarjeta Gr\u00e1fica:<\/strong> Por anunciar<\/li>\n<li>\u25b9<strong>DirectX:<\/strong> Por anunciar<\/li>\n<li>\u25b9<strong>Almacenamiento:<\/strong> Por anunciar<\/li>\n<\/ul>\n<\/div>\n<\/div>\n<\/div>\n<p><!-- Acerca del Juego --><\/p>\n<div class=\"lies-of-p-sobre\">\n<h2>Acerca de Onimusha Way of the Sword<\/h2>\n<p><strong>El amanecer de una nueva leyenda samur\u00e1i. La batalla definitiva contra los Genma comienza.<\/strong><\/p>\n<p>Comprar <strong>Onimusha Way of the Sword PC<\/strong> significa adentrarse en un brutal Jap\u00f3n feudal, invadido por los demon\u00edacos Genma. Prep\u00e1rate para empu\u00f1ar espadas legendarias y desatar el poder del Oni en una emocionante aventura hack-and-slash en <strong>Onimusha Way of the Sword Steam<\/strong>.<\/p>\n<p>Experimenta un intenso combate con espadas, desafiantes batallas contra jefes y una rica narrativa impregnada de mitolog\u00eda japonesa. Domina varios tipos de armas y magia elemental para superar las implacables hordas del mal en <strong>Onimusha Way of the Sword for PC<\/strong>. Forja tu destino como un guerrero elegido para proteger a la humanidad de la oscuridad que se aproxima.<\/p>\n<p><strong>\u00abEl camino de la espada es el camino del Oni.\u00bb<\/strong><\/p>\n<\/div>\n<p><!-- Caracter\u00edsticas en Tarjetas --><\/p>\n<div class=\"lies-of-p-destaques\">\n<h2>Caracter\u00edsticas del Juego<\/h2>\n<div class=\"lies-of-p-cards-grid\">\n<p><!-- Tarjeta 1: Domina la Hoja --><\/p>\n<div class=\"lies-of-p-card\">\n<p><img decoding=\"async\" title=\"Onimusha Way of the Sword PC - Domina la Hoja\" src=\"https:\/\/shared.fastly.steamstatic.com\/store_item_assets\/steam\/apps\/3764200\/extras\/Steam_GIF_01_RE.gif?t=1750810100\" alt=\"Onimusha Way of the Sword PC Steam Offline - Domina la Hoja\" \/><\/p>\n<div class=\"lies-of-p-card-content\">\n<h3>DOMINA LA HOJA<\/h3>\n<p>Participa en un combate de espada visceral y de ritmo r\u00e1pido, dominando una variedad de armas y estilos de combate contra enemigos demon\u00edacos.<\/p>\n<\/div>\n<\/div>\n<p><!-- Tarjeta 2: Desata el Poder Oni --><\/p>\n<div class=\"lies-of-p-card\">\n<p><img decoding=\"async\" title=\"Onimusha Way of the Sword Steam - Desata el Poder Oni\" src=\"https:\/\/shared.fastly.steamstatic.com\/store_item_assets\/steam\/apps\/3764200\/extras\/Steam_GIF_02.gif?t=1750810100\" alt=\"Comprar Onimusha Way of the Sword PC - Desata el Poder Oni\" \/><\/p>\n<div class=\"lies-of-p-card-content\">\n<h3>DESATA EL PODER ONI<\/h3>\n<p>Absorbe almas de enemigos ca\u00eddos para mejorar tus habilidades, potenciar armas y desatar devastadores ataques de magia Oni.<\/p>\n<\/div>\n<\/div>\n<p><!-- Tarjeta 3: Ambientaci\u00f3n en el Jap\u00f3n Feudal --><\/p>\n<div class=\"lies-of-p-card\">\n<p><img decoding=\"async\" title=\"Onimusha Way of the Sword - Ambientaci\u00f3n en el Jap\u00f3n Feudal\" src=\"https:\/\/shared.fastly.steamstatic.com\/store_item_assets\/steam\/apps\/3764200\/extras\/Steam_GIF_04.gif?t=1750810100\" alt=\"Onimusha Way of the Sword para PC - Ambientaci\u00f3n en el Jap\u00f3n Feudal\" \/><\/p>\n<div class=\"lies-of-p-card-content\">\n<h3>AMBIENTACI\u00d3N EN EL JAP\u00d3N FEUDAL<\/h3>\n<p>Explora entornos bellamente renderizados del antiguo Jap\u00f3n, desde majestuosos castillos hasta espeluznantes reinos demon\u00edacos, todo ello impregnado de mitolog\u00eda.<\/p>\n<\/div>\n<\/div>\n<\/div>\n<\/div>\n<\/div>\n","protected":false},"excerpt":{"rendered":"<table class=\"info-table\">\n<thead>\n<tr class=\"header-row\">\n<th>Status<\/th>\n<th>INFORMATION<\/th>\n<\/tr>\n<\/thead>\n<tbody>\n<tr>\n<td class=\"status-cell\">\n<div class=\"status-title\">\ud83d\ude80 IMMEDIATE DELIVERY<\/div>\n<div class=\"status-subtitle\">Get instant access<\/div>\n<\/td>\n<td class=\"info-cell\">\n<div class=\"info-box\">\n<div class=\"info-title\">ATTENTION<\/div>\n<div class=\"info-content\">READ THE DESCRIPTION<\/div>\n<\/div>\n<\/td>\n<\/tr>\n<tr>\n<td class=\"status-cell\">\n<div class=\"status-title\">\ud83d\udcb0 Is this site trustworthy?<\/div>\n<div class=\"status-subtitle\">+ 4 years selling games<\/div>\n<\/td>\n<td class=\"info-cell\">\n<div class=\"info-box\">\n<div class=\"info-title\">Acess:<\/div>\n<div class=\"info-content\">\n<div data-src=\"https:\/\/cdn.trustindex.io\/loader.js?7fd81be38eb695098c8683dcf1c\"><\/div>\n<\/div>\n<\/div>\n<\/td>\n<\/tr>\n<\/tbody>\n<\/table>\n","protected":false},"featured_media":7107181,"comment_status":"open","ping_status":"closed","template":"","meta":[],"product_brand":[],"product_cat":[325,335,351],"product_tag":[467],"class_list":{"0":"post-7107183","1":"product","2":"type-product","3":"status-publish","4":"has-post-thumbnail","6":"product_cat-accion-es","7":"product_cat-juegos-es","8":"product_cat-pre-venta","9":"product_tag-samurai-es","11":"first","12":"instock","13":"downloadable","14":"virtual","15":"purchasable","16":"product-type-simple"},"exclude_global_add_ons":[],"addons":[],"_links":{"self":[{"href":"https:\/\/gamesbestprices.com\/es\/wp-json\/wp\/v2\/product\/7107183","targetHints":{"allow":["GET"]}}],"collection":[{"href":"https:\/\/gamesbestprices.com\/es\/wp-json\/wp\/v2\/product"}],"about":[{"href":"https:\/\/gamesbestprices.com\/es\/wp-json\/wp\/v2\/types\/product"}],"replies":[{"embeddable":true,"href":"https:\/\/gamesbestprices.com\/es\/wp-json\/wp\/v2\/comments?post=7107183"}],"wp:featuredmedia":[{"embeddable":true,"href":"https:\/\/gamesbestprices.com\/es\/wp-json\/wp\/v2\/media\/7107181"}],"wp:attachment":[{"href":"https:\/\/gamesbestprices.com\/es\/wp-json\/wp\/v2\/media?parent=7107183"}],"wp:term":[{"taxonomy":"product_brand","embeddable":true,"href":"https:\/\/gamesbestprices.com\/es\/wp-json\/wp\/v2\/product_brand?post=7107183"},{"taxonomy":"product_cat","embeddable":true,"href":"https:\/\/gamesbestprices.com\/es\/wp-json\/wp\/v2\/product_cat?post=7107183"},{"taxonomy":"product_tag","embeddable":true,"href":"https:\/\/gamesbestprices.com\/es\/wp-json\/wp\/v2\/product_tag?post=7107183"}],"curies":[{"name":"wp","href":"https:\/\/api.w.org\/{rel}","templated":true}]}}