{"id":7107173,"date":"2026-04-09T10:12:20","date_gmt":"2026-04-09T10:12:20","guid":{"rendered":""},"modified":"2026-04-09T10:13:28","modified_gmt":"2026-04-09T10:13:28","slug":"ill-pc-steam-offline-es","status":"publish","type":"product","link":"https:\/\/gamesbestprices.com\/es\/producto\/ill-pc-steam-offline-es\/","title":{"rendered":"ILL PC Steam Offline"},"content":{"rendered":"<p><!-- ILL PC Steam Offline - Clean HTML with CSS Classes --><\/p>\n<div class=\"lies-of-p-container\">\n<p><!-- Main Banner --><\/p>\n<div class=\"lies-of-p-banner\">\n<h1>ILL PC STEAM OFFLINE<\/h1>\n<p>Sum\u00e9rgete en una experiencia digital \u00fanica.<\/p>\n<\/div>\n<p><!-- Purchase Alert --><\/p>\n<div class=\"lies-of-p-alerta\">\u26a0\ufe0f DESBLOQUEA UNA NUEVA REALIDAD GAMER &#8211; \u00a1EXPERIMENTA &#8216;ILL&#8217; AHORA! \u26a0\ufe0f<\/div>\n<p><!-- Offline Mode --><\/p>\n<div class=\"lies-of-p-offline\">\n<h3>\ud83c\udfae \u00a1DISFRUTA OFFLINE CON M\u00c1XIMOS AHORROS! \ud83c\udfae<\/h3>\n<p>\u00a1Disfruta del modo <strong>OFFLINE<\/strong> con absoluta libertad!<\/p>\n<div class=\"lies-of-p-beneficios\">\n<p>\u2705 Utilizar\u00e1s <strong>CREDENCIALES DE ACCESO (CUENTA \u00daNICA)<\/strong> que te proporcionaremos<\/p>\n<p>\u2705 <strong>JUEGA A TRAV\u00c9S DE LA CUENTA PROPORCIONADA<\/strong> sin obst\u00e1culos<\/p>\n<p>\u2705 Acceso completo al t\u00edtulo y a todos los parches<\/p>\n<\/div>\n<p class=\"lies-of-p-economia\">Podr\u00e1s jugar sin problemas cuando quieras<\/p>\n<p class=\"lies-of-p-economia-destaque\">\ud83d\udcb0 \u00a1AHORRANDO MUCHO y \ud83c\udfaf DIVIRTI\u00c9NDOTE A LO GRANDE!<\/p>\n<\/div>\n<p><!-- Promotional Video --><\/p>\n<div class=\"lies-of-p-video\">\n<h2>Mira el tr\u00e1iler de ILL<\/h2>\n<div class=\"lies-of-p-video-container\">\n<div class=\"lies-of-p-video-responsive\"><iframe title=\"YouTube video player\" src=\"https:\/\/www.youtube-nocookie.com\/embed\/Ldb4yfUZXF4\" frameborder=\"0\" allowfullscreen=\"allowfullscreen\"><\/iframe><\/div>\n<\/div>\n<\/div>\n<p><!-- System Requirements --><\/p>\n<div class=\"lies-of-p-requisitos\">\n<h2>Especificaciones del Sistema<\/h2>\n<div class=\"lies-of-p-requisitos-grid\">\n<p><!-- Minimum Requirements --><\/p>\n<div class=\"lies-of-p-requisitos-box\">\n<h3>M\u00ednimos<\/h3>\n<ul class=\"lies-of-p-requisitos-lista\">\n<li>\u25b9<strong>SO:<\/strong> Por anunciar<\/li>\n<li>\u25b9<strong>Procesador:<\/strong> Por anunciar<\/li>\n<li>\u25b9<strong>Memoria:<\/strong> Por anunciar<\/li>\n<li>\u25b9<strong>Tarjeta Gr\u00e1fica:<\/strong> Por anunciar<\/li>\n<li>\u25b9<strong>DirectX:<\/strong> Por anunciar<\/li>\n<li>\u25b9<strong>Almacenamiento:<\/strong> Por anunciar<\/li>\n<\/ul>\n<\/div>\n<p><!-- Recommended Requirements --><\/p>\n<div class=\"lies-of-p-requisitos-box\">\n<h3>Recomendados<\/h3>\n<ul class=\"lies-of-p-requisitos-lista\">\n<li>\u25b9<strong>SO:<\/strong> Por anunciar<\/li>\n<li>\u25b9<strong>Procesador:<\/strong> Por anunciar<\/li>\n<li>\u25b9<strong>Memoria:<\/strong> Por anunciar<\/li>\n<li>\u25b9<strong>Tarjeta Gr\u00e1fica:<\/strong> Por anunciar<\/li>\n<li>\u25b9<strong>DirectX:<\/strong> Por anunciar<\/li>\n<li>\u25b9<strong>Almacenamiento:<\/strong> Por anunciar<\/li>\n<\/ul>\n<\/div>\n<\/div>\n<\/div>\n<p><!-- About the Game --><\/p>\n<div class=\"lies-of-p-sobre\">\n<h2>Acerca de ILL<\/h2>\n<p><strong>ILL<\/strong> ofrece un viaje sin igual a un mundo dise\u00f1ado para la m\u00e1xima inmersi\u00f3n. Prep\u00e1rate para una experiencia de juego que desafiar\u00e1 tus habilidades y cautivar\u00e1 tus sentidos. Con <strong>ILL PC<\/strong>, no solo est\u00e1s jugando un juego; est\u00e1s entrando en una nueva dimensi\u00f3n del entretenimiento digital.<\/p>\n<p>Experimenta gr\u00e1ficos de vanguardia y mec\u00e1nicas de juego innovadoras que superan los l\u00edmites de lo posible en un videojuego. <strong>ILL Steam Offline<\/strong> ofrece una emocionante aventura, ya sea que est\u00e9s explorando vastos paisajes o participando en intensos combates.<\/p>\n<p><strong>\u00abUna nueva era del entretenimiento digital ha llegado.\u00bb<\/strong><\/p>\n<\/div>\n<p><!-- Features in Cards --><\/p>\n<div class=\"lies-of-p-destaques\">\n<h2>Caracter\u00edsticas del Juego<\/h2>\n<div class=\"lies-of-p-cards-grid\">\n<p><!-- Card 1: Immersive Worlds --><\/p>\n<div class=\"lies-of-p-card\">\n<p><img decoding=\"async\" title=\"ILL PC - Mundos Inmersivos\" src=\"https:\/\/via.placeholder.com\/300x150?text=Mundo+Inmersivo\" alt=\"ILL PC Steam Offline - Mundos Inmersivos\" \/><\/p>\n<div class=\"lies-of-p-card-content\">\n<h3>MUNDOS INMERSIVOS<\/h3>\n<p>Explora entornos ricamente detallados y descubre secretos ocultos en un universo vasto y cautivador.<\/p>\n<\/div>\n<\/div>\n<p><!-- Card 2: Dynamic Gameplay --><\/p>\n<div class=\"lies-of-p-card\">\n<p><img decoding=\"async\" title=\"ILL Steam - Jugabilidad Din\u00e1mica\" src=\"https:\/\/via.placeholder.com\/300x150?text=Jugabilidad+Dinamica\" alt=\"Comprar ILL PC - Jugabilidad Din\u00e1mica\" \/><\/p>\n<div class=\"lies-of-p-card-content\">\n<h3>JUGABILIDAD DIN\u00c1MICA<\/h3>\n<p>Participa en desaf\u00edos emocionantes con mec\u00e1nicas innovadoras y controles responsivos.<\/p>\n<\/div>\n<\/div>\n<p><!-- Card 3: Engaging Storyline --><\/p>\n<div class=\"lies-of-p-card\">\n<p><img decoding=\"async\" title=\"ILL - Trama Atractiva\" src=\"https:\/\/via.placeholder.com\/300x150?text=Trama+Atractiva\" alt=\"ILL para PC - Trama\" \/><\/p>\n<div class=\"lies-of-p-card-content\">\n<h3>TRAMA ATRACTIVA<\/h3>\n<p>Desentra\u00f1a una narrativa cautivadora llena de personajes memorables y giros inesperados.<\/p>\n<\/div>\n<\/div>\n<\/div>\n<\/div>\n<\/div>\n","protected":false},"excerpt":{"rendered":"<table class=\"info-table\">\n<thead>\n<tr class=\"header-row\">\n<th>Status<\/th>\n<th>INFORMATION<\/th>\n<\/tr>\n<\/thead>\n<tbody>\n<tr>\n<td class=\"status-cell\">\n<div class=\"status-title\">\ud83d\ude80 IMMEDIATE DELIVERY<\/div>\n<div class=\"status-subtitle\">Get instant access<\/div>\n<\/td>\n<td class=\"info-cell\">\n<div class=\"info-box\">\n<div class=\"info-title\">ATTENTION<\/div>\n<div class=\"info-content\">READ THE DESCRIPTION<\/div>\n<\/div>\n<\/td>\n<\/tr>\n<tr>\n<td class=\"status-cell\">\n<div class=\"status-title\">\ud83d\udcb0 Is this site trustworthy?<\/div>\n<div class=\"status-subtitle\">+ 4 years selling games<\/div>\n<\/td>\n<td class=\"info-cell\">\n<div class=\"info-box\">\n<div class=\"info-title\">Acess:<\/div>\n<div class=\"info-content\">\n<div data-src=\"https:\/\/cdn.trustindex.io\/loader.js?7fd81be38eb695098c8683dcf1c\"><\/div>\n<\/div>\n<\/div>\n<\/td>\n<\/tr>\n<\/tbody>\n<\/table>\n","protected":false},"featured_media":7107171,"comment_status":"open","ping_status":"closed","template":"","meta":[],"product_brand":[],"product_cat":[325,335,351,339],"product_tag":[423],"class_list":{"0":"post-7107173","1":"product","2":"type-product","3":"status-publish","4":"has-post-thumbnail","6":"product_cat-accion-es","7":"product_cat-juegos-es","8":"product_cat-pre-venta","9":"product_cat-terror-es","10":"product_tag-terror-es","12":"first","13":"instock","14":"downloadable","15":"virtual","16":"purchasable","17":"product-type-simple"},"exclude_global_add_ons":[],"addons":[],"_links":{"self":[{"href":"https:\/\/gamesbestprices.com\/es\/wp-json\/wp\/v2\/product\/7107173","targetHints":{"allow":["GET"]}}],"collection":[{"href":"https:\/\/gamesbestprices.com\/es\/wp-json\/wp\/v2\/product"}],"about":[{"href":"https:\/\/gamesbestprices.com\/es\/wp-json\/wp\/v2\/types\/product"}],"replies":[{"embeddable":true,"href":"https:\/\/gamesbestprices.com\/es\/wp-json\/wp\/v2\/comments?post=7107173"}],"wp:featuredmedia":[{"embeddable":true,"href":"https:\/\/gamesbestprices.com\/es\/wp-json\/wp\/v2\/media\/7107171"}],"wp:attachment":[{"href":"https:\/\/gamesbestprices.com\/es\/wp-json\/wp\/v2\/media?parent=7107173"}],"wp:term":[{"taxonomy":"product_brand","embeddable":true,"href":"https:\/\/gamesbestprices.com\/es\/wp-json\/wp\/v2\/product_brand?post=7107173"},{"taxonomy":"product_cat","embeddable":true,"href":"https:\/\/gamesbestprices.com\/es\/wp-json\/wp\/v2\/product_cat?post=7107173"},{"taxonomy":"product_tag","embeddable":true,"href":"https:\/\/gamesbestprices.com\/es\/wp-json\/wp\/v2\/product_tag?post=7107173"}],"curies":[{"name":"wp","href":"https:\/\/api.w.org\/{rel}","templated":true}]}}