{"id":7107163,"date":"2026-04-09T10:10:49","date_gmt":"2026-04-09T10:10:49","guid":{"rendered":""},"modified":"2026-04-09T10:12:03","modified_gmt":"2026-04-09T10:12:03","slug":"game-of-thrones-a-war-for-westeros-pc-steam-offline-es","status":"publish","type":"product","link":"https:\/\/gamesbestprices.com\/es\/producto\/game-of-thrones-a-war-for-westeros-pc-steam-offline-es\/","title":{"rendered":"Game of Thrones A War for Westeros PC Steam Offline"},"content":{"rendered":"<p><!-- GAME OF THRONES A WAR FOR WESTEROS - HTML Limpio con Clases CSS --><\/p>\n<div class=\"lies-of-p-container\">\n<p><!-- Banner Principal --><\/p>\n<div class=\"lies-of-p-banner\">\n<h1>GAME OF THRONES A WAR FOR WESTEROS PC STEAM OFFLINE<\/h1>\n<p>La batalla por el Trono de Hierro comienza de nuevo.<\/p>\n<\/div>\n<p><!-- Alerta de Compra --><\/p>\n<div class=\"lies-of-p-alerta\">\u2694\ufe0f \u00a1CONQUISTA WESTEROS &#8211; ESTRATEGIA Y GUERRA! \u2694\ufe0f<\/div>\n<p><!-- Modo Offline --><\/p>\n<div class=\"lies-of-p-offline\">\n<h3>\ud83c\udfae \u00a1DISFRUTA OFFLINE CON EL M\u00c1XIMO AHORRO! \ud83c\udfae<\/h3>\n<p>\u00a1Disfruta del modo <strong>OFFLINE<\/strong> con absoluta libertad!<\/p>\n<div class=\"lies-of-p-beneficios\">\n<p>\u2705 Utilizar\u00e1s <strong>CREDENCIALES DE ACCESO (CUENTA \u00daNICA)<\/strong> que te proporcionaremos<\/p>\n<p>\u2705 <strong>JUEGA A TRAV\u00c9S DE LA CUENTA PROPORCIONADA<\/strong> sin obst\u00e1culos<\/p>\n<p>\u2705 Acceso completo al t\u00edtulo y a todos los parches<\/p>\n<\/div>\n<p class=\"lies-of-p-economia\">Podr\u00e1s jugar sin problemas cuando quieras<\/p>\n<p class=\"lies-of-p-economia-destaque\">\ud83d\udcb0 \u00a1AHORRANDO MUCHO y \ud83c\udfaf DIVIRTI\u00c9NDOTE A LO GRANDE!<\/p>\n<\/div>\n<p><!-- Video Promocional --><\/p>\n<div class=\"lies-of-p-video\">\n<h2>Mira el Tr\u00e1iler de Game of Thrones: A War for Westeros<\/h2>\n<div class=\"lies-of-p-video-container\">\n<div class=\"lies-of-p-video-responsive\"><iframe title=\"Reproductor de video de YouTube\" src=\"https:\/\/www.youtube-nocookie.com\/embed\/KPLWWIOCOOQ\" frameborder=\"0\" allowfullscreen=\"allowfullscreen\"><\/iframe><\/div>\n<\/div>\n<\/div>\n<p><!-- Requisitos del Sistema --><\/p>\n<div class=\"lies-of-p-requisitos\">\n<h2>Especificaciones del Sistema<\/h2>\n<div class=\"lies-of-p-requisitos-grid\">\n<p><!-- Requisitos M\u00ednimos --><\/p>\n<div class=\"lies-of-p-requisitos-box\">\n<h3>M\u00ednimos<\/h3>\n<ul class=\"lies-of-p-requisitos-lista\">\n<li>\u25b9<strong>SO:<\/strong> Por anunciar<\/li>\n<li>\u25b9<strong>Procesador:<\/strong> Por anunciar<\/li>\n<li>\u25b9<strong>Memoria:<\/strong> Por anunciar<\/li>\n<li>\u25b9<strong>Tarjeta Gr\u00e1fica:<\/strong> Por anunciar<\/li>\n<li>\u25b9<strong>DirectX:<\/strong> Por anunciar<\/li>\n<li>\u25b9<strong>Almacenamiento:<\/strong> Por anunciar<\/li>\n<\/ul>\n<\/div>\n<p><!-- Requisitos Recomendados --><\/p>\n<div class=\"lies-of-p-requisitos-box\">\n<h3>Recomendados<\/h3>\n<ul class=\"lies-of-p-requisitos-lista\">\n<li>\u25b9<strong>SO:<\/strong> Por anunciar<\/li>\n<li>\u25b9<strong>Procesador:<\/strong> Por anunciar<\/li>\n<li>\u25b9<strong>Memoria:<\/strong> Por anunciar<\/li>\n<li>\u25b9<strong>Tarjeta Gr\u00e1fica:<\/strong> Por anunciar<\/li>\n<li>\u25b9<strong>DirectX:<\/strong> Por anunciar<\/li>\n<li>\u25b9<strong>Almacenamiento:<\/strong> Por anunciar<\/li>\n<\/ul>\n<\/div>\n<\/div>\n<\/div>\n<p><!-- Sobre el Juego --><\/p>\n<div class=\"lies-of-p-sobre\">\n<h2>Sobre Game of Thrones: A War for Westeros<\/h2>\n<p><strong>Westeros sangra. \u00bfQui\u00e9n reclamar\u00e1 el Trono de Hierro?<\/strong><\/p>\n<p>Comprar <strong>Game of Thrones: A War for Westeros PC<\/strong> significa sumergirte en la brutal lucha por el poder a trav\u00e9s de los Siete Reinos. Prep\u00e1rate para llevar a tu casa elegida a la victoria o a la ruina en este \u00e9pico juego de estrategia.<\/p>\n<p>Experimenta el ic\u00f3nico mundo de George R.R. Martin como nunca antes, comandando ej\u00e9rcitos, forjando alianzas y traicionando a tus rivales. Cada decisi\u00f3n moldea el destino de Westeros en <strong>Game of Thrones: A War for Westeros Steam<\/strong>.<\/p>\n<p>Desde el g\u00e9lido Norte hasta el soleado Sur, la guerra contin\u00faa. \u00bfSer\u00e1s un Lannister, un Stark, un Targaryen u otra casa destinada a la grandeza? El Trono de Hierro te espera en <strong>Game of Thrones: A War for Westeros para PC<\/strong>.<\/p>\n<\/div>\n<p><!-- Caracter\u00edsticas en Tarjetas --><\/p>\n<div class=\"lies-of-p-destaques\">\n<h2>Caracter\u00edsticas del Juego<\/h2>\n<div class=\"lies-of-p-cards-grid\">\n<p><!-- Tarjeta 1: Estrategia \u00c9pica --><\/p>\n<div class=\"lies-of-p-card\">\n<p><img decoding=\"async\" title=\"Game of Thrones A War for Westeros PC - Estrategia\" src=\"https:\/\/via.placeholder.com\/300x150?text=Epic+Strategy\" alt=\"Game of Thrones A War for Westeros PC Steam Offline - Estrategia \u00c9pica\" \/><\/p>\n<div class=\"lies-of-p-card-content\">\n<h3>ESTRATEGIA Y T\u00c1CTICAS \u00c9PICAS<\/h3>\n<p>Comanda vastos ej\u00e9rcitos, gestiona recursos y supera a tus enemigos en el gran mapa estrat\u00e9gico de Westeros.<\/p>\n<\/div>\n<\/div>\n<p><!-- Tarjeta 2: Casas Ic\u00f3nicas --><\/p>\n<div class=\"lies-of-p-card\">\n<p><img decoding=\"async\" title=\"Game of Thrones A War for Westeros Steam - Casas Ic\u00f3nicas\" src=\"https:\/\/via.placeholder.com\/300x150?text=Iconic+Houses\" alt=\"Comprar Game of Thrones A War for Westeros PC - Casas Ic\u00f3nicas\" \/><\/p>\n<div class=\"lies-of-p-card-content\">\n<h3>LIDERA CASAS IC\u00d3NICAS<\/h3>\n<p>Elige tu lealtad entre las grandes casas de Westeros \u2013 Stark, Lannister, Targaryen y m\u00e1s \u2013 cada una con fortalezas y unidades \u00fanicas.<\/p>\n<\/div>\n<\/div>\n<p><!-- Tarjeta 3: Intriga Pol\u00edtica --><\/p>\n<div class=\"lies-of-p-card\">\n<p><img decoding=\"async\" title=\"Game of Thrones A War for Westeros - Intriga Pol\u00edtica\" src=\"https:\/\/via.placeholder.com\/300x150?text=Political+Intrigue\" alt=\"Game of Thrones A War for Westeros para PC - Intriga\" \/><\/p>\n<div class=\"lies-of-p-card-content\">\n<h3>INTRIGA POL\u00cdTICA Y DIPLOMACIA<\/h3>\n<p>Forja alianzas, participa en espionaje y toma decisiones dif\u00edciles que determinar\u00e1n tu ascenso o ca\u00edda en el despiadado mundo de Westeros.<\/p>\n<\/div>\n<\/div>\n<\/div>\n<\/div>\n<\/div>\n","protected":false},"excerpt":{"rendered":"<table class=\"info-table\">\n<thead>\n<tr class=\"header-row\">\n<th>Status<\/th>\n<th>INFORMATION<\/th>\n<\/tr>\n<\/thead>\n<tbody>\n<tr>\n<td class=\"status-cell\">\n<div class=\"status-title\">\ud83d\ude80 IMMEDIATE DELIVERY<\/div>\n<div class=\"status-subtitle\">Get instant access<\/div>\n<\/td>\n<td class=\"info-cell\">\n<div class=\"info-box\">\n<div class=\"info-title\">ATTENTION<\/div>\n<div class=\"info-content\">READ THE DESCRIPTION<\/div>\n<\/div>\n<\/td>\n<\/tr>\n<tr>\n<td class=\"status-cell\">\n<div class=\"status-title\">\ud83d\udcb0 Is this site trustworthy?<\/div>\n<div class=\"status-subtitle\">+ 4 years selling games<\/div>\n<\/td>\n<td class=\"info-cell\">\n<div class=\"info-box\">\n<div class=\"info-title\">Acess:<\/div>\n<div class=\"info-content\">\n<div data-src=\"https:\/\/cdn.trustindex.io\/loader.js?7fd81be38eb695098c8683dcf1c\"><\/div>\n<\/div>\n<\/div>\n<\/td>\n<\/tr>\n<\/tbody>\n<\/table>\n","protected":false},"featured_media":7107161,"comment_status":"open","ping_status":"closed","template":"","meta":[],"product_brand":[],"product_cat":[325,370,335,351],"product_tag":[],"class_list":{"0":"post-7107163","1":"product","2":"type-product","3":"status-publish","4":"has-post-thumbnail","6":"product_cat-accion-es","7":"product_cat-estrategia-es","8":"product_cat-juegos-es","9":"product_cat-pre-venta","11":"first","12":"instock","13":"downloadable","14":"virtual","15":"purchasable","16":"product-type-simple"},"exclude_global_add_ons":[],"addons":[],"_links":{"self":[{"href":"https:\/\/gamesbestprices.com\/es\/wp-json\/wp\/v2\/product\/7107163","targetHints":{"allow":["GET"]}}],"collection":[{"href":"https:\/\/gamesbestprices.com\/es\/wp-json\/wp\/v2\/product"}],"about":[{"href":"https:\/\/gamesbestprices.com\/es\/wp-json\/wp\/v2\/types\/product"}],"replies":[{"embeddable":true,"href":"https:\/\/gamesbestprices.com\/es\/wp-json\/wp\/v2\/comments?post=7107163"}],"wp:featuredmedia":[{"embeddable":true,"href":"https:\/\/gamesbestprices.com\/es\/wp-json\/wp\/v2\/media\/7107161"}],"wp:attachment":[{"href":"https:\/\/gamesbestprices.com\/es\/wp-json\/wp\/v2\/media?parent=7107163"}],"wp:term":[{"taxonomy":"product_brand","embeddable":true,"href":"https:\/\/gamesbestprices.com\/es\/wp-json\/wp\/v2\/product_brand?post=7107163"},{"taxonomy":"product_cat","embeddable":true,"href":"https:\/\/gamesbestprices.com\/es\/wp-json\/wp\/v2\/product_cat?post=7107163"},{"taxonomy":"product_tag","embeddable":true,"href":"https:\/\/gamesbestprices.com\/es\/wp-json\/wp\/v2\/product_tag?post=7107163"}],"curies":[{"name":"wp","href":"https:\/\/api.w.org\/{rel}","templated":true}]}}