{"id":7107153,"date":"2026-04-09T10:09:28","date_gmt":"2026-04-09T10:09:28","guid":{"rendered":""},"modified":"2026-04-09T10:10:32","modified_gmt":"2026-04-09T10:10:32","slug":"turok-origins-pc-steam-offline-es","status":"publish","type":"product","link":"https:\/\/gamesbestprices.com\/es\/producto\/turok-origins-pc-steam-offline-es\/","title":{"rendered":"Turok Origins PC Steam Offline"},"content":{"rendered":"<p><!-- TUROK ORIGINS PC STEAM OFFLINE - Clean HTML with CSS Classes --><\/p>\n<div class=\"lies-of-p-container\">\n<p><!-- Main Banner --><\/p>\n<div class=\"lies-of-p-banner\">\n<h1>TUROK ORIGINS PC STEAM OFFLINE<\/h1>\n<p>Emb\u00e1rcate en una caza primal en un mundo donde los dinosaurios dominan.<\/p>\n<\/div>\n<p><!-- Purchase Alert --><\/p>\n<div class=\"lies-of-p-alerta\">\u26a0\ufe0f \u00a1LA CAZA PRIMAL COMIENZA &#8211; DESATA AL CAZADOR DE DINOSAURIOS! \u26a0\ufe0f<\/div>\n<p><!-- Offline Mode --><\/p>\n<div class=\"lies-of-p-offline\">\n<h3>\ud83c\udfae \u00a1DISFRUTA OFFLINE CON M\u00c1XIMOS AHORROS! \ud83c\udfae<\/h3>\n<p>\u00a1Disfruta del modo <strong>OFFLINE<\/strong> con absoluta libertad!<\/p>\n<div class=\"lies-of-p-beneficios\">\n<p>\u2705 Utilizar\u00e1s las <strong>CREDENCIALES DE ACCESO (CUENTA \u00daNICA)<\/strong> que te proporcionaremos<\/p>\n<p>\u2705 <strong>JUEGA A TRAV\u00c9S DE LA CUENTA PROPORCIONADA<\/strong> sin obst\u00e1culos<\/p>\n<p>\u2705 Acceso completo al t\u00edtulo y a todos los parches<\/p>\n<\/div>\n<p class=\"lies-of-p-economia\">Podr\u00e1s jugar sin problemas cuando quieras<\/p>\n<p class=\"lies-of-p-economia-destaque\">\ud83d\udcb0 \u00a1AHORRANDO MUCHO y \ud83c\udfaf DIVIRTI\u00c9NDOTE A LO GRANDE!<\/p>\n<\/div>\n<p><!-- Promotional Video --><\/p>\n<div class=\"lies-of-p-video\">\n<h2>Mira el Tr\u00e1iler de Turok Origins<\/h2>\n<div class=\"lies-of-p-video-container\">\n<div class=\"lies-of-p-video-responsive\"><iframe title=\"Reproductor de video de YouTube - Tr\u00e1iler de Turok Origins\" src=\"https:\/\/www.youtube-nocookie.com\/embed\/PD_2mkaVAEE\" frameborder=\"0\" allowfullscreen=\"allowfullscreen\"><\/iframe><\/div>\n<\/div>\n<\/div>\n<p><!-- System Requirements --><\/p>\n<div class=\"lies-of-p-requisitos\">\n<h2>Especificaciones del Sistema<\/h2>\n<div class=\"lies-of-p-requisitos-grid\">\n<p><!-- Minimum Requirements --><\/p>\n<div class=\"lies-of-p-requisitos-box\">\n<h3>M\u00ednimos<\/h3>\n<ul class=\"lies-of-p-requisitos-lista\">\n<li>\u25b9<strong>SO:<\/strong> Por anunciar<\/li>\n<li>\u25b9<strong>Procesador:<\/strong> Por anunciar<\/li>\n<li>\u25b9<strong>Memoria:<\/strong> Por anunciar<\/li>\n<li>\u25b9<strong>Tarjeta Gr\u00e1fica:<\/strong> Por anunciar<\/li>\n<li>\u25b9<strong>DirectX:<\/strong> Por anunciar<\/li>\n<li>\u25b9<strong>Almacenamiento:<\/strong> Por anunciar<\/li>\n<\/ul>\n<\/div>\n<p><!-- Recommended Requirements --><\/p>\n<div class=\"lies-of-p-requisitos-box\">\n<h3>Recomendados<\/h3>\n<ul class=\"lies-of-p-requisitos-lista\">\n<li>\u25b9<strong>SO:<\/strong> Por anunciar<\/li>\n<li>\u25b9<strong>Procesador:<\/strong> Por anunciar<\/li>\n<li>\u25b9<strong>Memoria:<\/strong> Por anunciar<\/li>\n<li>\u25b9<strong>Tarjeta Gr\u00e1fica:<\/strong> Por anunciar<\/li>\n<li>\u25b9<strong>DirectX:<\/strong> Por anunciar<\/li>\n<li>\u25b9<strong>Almacenamiento:<\/strong> Por anunciar<\/li>\n<\/ul>\n<\/div>\n<\/div>\n<\/div>\n<p><!-- About the Game --><\/p>\n<div class=\"lies-of-p-sobre\">\n<h2>Acerca de Turok Origins<\/h2>\n<p><strong>La caza comienza de nuevo. Una leyenda renace.<\/strong><\/p>\n<p>Comprar <strong>Turok Origins PC<\/strong> significa ponerte en la piel de un guerrero legendario en un mundo brutal y prehist\u00f3rico. Prep\u00e1rate para enfrentarte a dinosaurios colosales y criaturas hostiles en una emocionante experiencia de shooter en primera persona con <strong>Turok Origins Steam<\/strong>.<\/p>\n<p>Experimenta el regreso definitivo del ic\u00f3nico cazador de dinosaurios, mezclando la acci\u00f3n cl\u00e1sica de Turok con mec\u00e1nicas de juego modernas y gr\u00e1ficos impresionantes. Explora entornos vastos y peligrosos, domina un arsenal de armas \u00fanicas y descubre los misterios de un mundo perdido en <strong>Turok Origins para PC<\/strong>.<\/p>\n<p><strong>\u00abLa aventura primal definitiva te espera.\u00bb<\/strong><\/p>\n<\/div>\n<p><!-- Features in Cards --><\/p>\n<div class=\"lies-of-p-destaques\">\n<h2>Caracter\u00edsticas del Juego<\/h2>\n<div class=\"lies-of-p-cards-grid\">\n<p><!-- Card 1: Dinosaur Hunting --><\/p>\n<div class=\"lies-of-p-card\">\n<p><img decoding=\"async\" title=\"Turok Origins PC Steam Offline - Caza de Dinosaurios\" src=\"#\" alt=\"Turok Origins PC Steam Offline - Caza de Dinosaurios\" \/><\/p>\n<div class=\"lies-of-p-card-content\">\n<h3>CAZAS DE DINOSAURIOS \u00c9PICAS<\/h3>\n<p>Rastrea, acecha y derriba bestias prehist\u00f3ricas masivas con una variedad de armas poderosas y destreza t\u00e1ctica.<\/p>\n<\/div>\n<\/div>\n<p><!-- Card 2: Primal Arsenal --><\/p>\n<div class=\"lies-of-p-card\">\n<p><img decoding=\"async\" title=\"Turok Origins Steam - Arsenal Primal\" src=\"#\" alt=\"Comprar Turok Origins PC - Arsenal Primal\" \/><\/p>\n<div class=\"lies-of-p-card-content\">\n<h3>ARMAMENTO IC\u00d3NICO<\/h3>\n<p>Empu\u00f1a un arsenal legendario, desde el ic\u00f3nico Cerebral Bore hasta el poderoso Rifle de Plasma, cada uno dise\u00f1ado para la m\u00e1xima carnicer\u00eda.<\/p>\n<\/div>\n<\/div>\n<p><!-- Card 3: Dangerous Worlds --><\/p>\n<div class=\"lies-of-p-card\">\n<p><img decoding=\"async\" title=\"Turok Origins - Mundos Peligrosos\" src=\"#\" alt=\"Turok Origins para PC - Mundos Peligrosos\" \/><\/p>\n<div class=\"lies-of-p-card-content\">\n<h3>EXPLORA MUNDOS PELIGROSOS<\/h3>\n<p>Viaja a trav\u00e9s de extensas selvas, ruinas antiguas y cavernas traicioneras, cada una repleta de amenazas y secretos.<\/p>\n<\/div>\n<\/div>\n<\/div>\n<\/div>\n<\/div>\n","protected":false},"excerpt":{"rendered":"<table class=\"info-table\">\n<thead>\n<tr class=\"header-row\">\n<th>Status<\/th>\n<th>INFORMATION<\/th>\n<\/tr>\n<\/thead>\n<tbody>\n<tr>\n<td class=\"status-cell\">\n<div class=\"status-title\">\ud83d\ude80 IMMEDIATE DELIVERY<\/div>\n<div class=\"status-subtitle\">Get instant access<\/div>\n<\/td>\n<td class=\"info-cell\">\n<div class=\"info-box\">\n<div class=\"info-title\">ATTENTION<\/div>\n<div class=\"info-content\">READ THE DESCRIPTION<\/div>\n<\/div>\n<\/td>\n<\/tr>\n<tr>\n<td class=\"status-cell\">\n<div class=\"status-title\">\ud83d\udcb0 Is this site trustworthy?<\/div>\n<div class=\"status-subtitle\">+ 4 years selling games<\/div>\n<\/td>\n<td class=\"info-cell\">\n<div class=\"info-box\">\n<div class=\"info-title\">Acess:<\/div>\n<div class=\"info-content\">\n<div data-src=\"https:\/\/cdn.trustindex.io\/loader.js?7fd81be38eb695098c8683dcf1c\"><\/div>\n<\/div>\n<\/div>\n<\/td>\n<\/tr>\n<\/tbody>\n<\/table>\n","protected":false},"featured_media":7107151,"comment_status":"open","ping_status":"closed","template":"","meta":[],"product_brand":[],"product_cat":[325,327,335,351],"product_tag":[],"class_list":{"0":"post-7107153","1":"product","2":"type-product","3":"status-publish","4":"has-post-thumbnail","6":"product_cat-accion-es","7":"product_cat-aventura-es","8":"product_cat-juegos-es","9":"product_cat-pre-venta","11":"first","12":"instock","13":"downloadable","14":"virtual","15":"purchasable","16":"product-type-simple"},"exclude_global_add_ons":[],"addons":[],"_links":{"self":[{"href":"https:\/\/gamesbestprices.com\/es\/wp-json\/wp\/v2\/product\/7107153","targetHints":{"allow":["GET"]}}],"collection":[{"href":"https:\/\/gamesbestprices.com\/es\/wp-json\/wp\/v2\/product"}],"about":[{"href":"https:\/\/gamesbestprices.com\/es\/wp-json\/wp\/v2\/types\/product"}],"replies":[{"embeddable":true,"href":"https:\/\/gamesbestprices.com\/es\/wp-json\/wp\/v2\/comments?post=7107153"}],"wp:featuredmedia":[{"embeddable":true,"href":"https:\/\/gamesbestprices.com\/es\/wp-json\/wp\/v2\/media\/7107151"}],"wp:attachment":[{"href":"https:\/\/gamesbestprices.com\/es\/wp-json\/wp\/v2\/media?parent=7107153"}],"wp:term":[{"taxonomy":"product_brand","embeddable":true,"href":"https:\/\/gamesbestprices.com\/es\/wp-json\/wp\/v2\/product_brand?post=7107153"},{"taxonomy":"product_cat","embeddable":true,"href":"https:\/\/gamesbestprices.com\/es\/wp-json\/wp\/v2\/product_cat?post=7107153"},{"taxonomy":"product_tag","embeddable":true,"href":"https:\/\/gamesbestprices.com\/es\/wp-json\/wp\/v2\/product_tag?post=7107153"}],"curies":[{"name":"wp","href":"https:\/\/api.w.org\/{rel}","templated":true}]}}