{"id":7107133,"date":"2026-04-09T10:06:10","date_gmt":"2026-04-09T10:06:10","guid":{"rendered":""},"modified":"2026-04-09T10:07:31","modified_gmt":"2026-04-09T10:07:31","slug":"control-resonant-pc-steam-offline-es","status":"publish","type":"product","link":"https:\/\/gamesbestprices.com\/es\/producto\/control-resonant-pc-steam-offline-es\/","title":{"rendered":"Control Resonant PC Steam Offline"},"content":{"rendered":"<p><!-- CONTROL RESONANT PC STEAM OFFLINE - Clean HTML with CSS Classes --><\/p>\n<div class=\"lies-of-p-container\">\n<p><!-- Main Banner --><\/p>\n<div class=\"lies-of-p-banner\">\n<h1>CONTROL RESONANT PC STEAM OFFLINE<\/h1>\n<p>Libera tus poderes sobrenaturales en un mundo m\u00e1s all\u00e1 de la realidad.<\/p>\n<\/div>\n<p><!-- Purchase Alert --><\/p>\n<div class=\"lies-of-p-alerta\">\u26a0\ufe0f \u00a1DOMINA TUS HABILIDADES &#8211; EXPLORA LO DESCONOCIDO! \u26a0\ufe0f<\/div>\n<p><!-- Offline Mode --><\/p>\n<div class=\"lies-of-p-offline\">\n<h3>\ud83c\udfae \u00a1DISFRUTA OFFLINE CON EL M\u00c1XIMO AHORRO! \ud83c\udfae<\/h3>\n<p>\u00a1Disfruta del modo <strong>OFFLINE<\/strong> con absoluta libertad!<\/p>\n<div class=\"lies-of-p-beneficios\">\n<p>\u2705 Utilizar\u00e1s <strong>CREDENCIALES DE ACCESO (CUENTA \u00daNICA)<\/strong> que te proporcionaremos<\/p>\n<p>\u2705 <strong>JUEGA A TRAV\u00c9S DE LA CUENTA PROPORCIONADA<\/strong> sin obst\u00e1culos<\/p>\n<p>\u2705 Acceso completo al t\u00edtulo y a todos los parches<\/p>\n<\/div>\n<p class=\"lies-of-p-economia\">Podr\u00e1s jugar sin problemas cuando quieras<\/p>\n<p class=\"lies-of-p-economia-destaque\">\ud83d\udcb0 \u00a1AHORRANDO MUCHO y \ud83c\udfaf DIVIRTI\u00c9NDOTE A LO GRANDE!<\/p>\n<\/div>\n<p><!-- Promotional Video --><\/p>\n<div class=\"lies-of-p-video\">\n<h2>Mira el Tr\u00e1iler de Control Resonant<\/h2>\n<div class=\"lies-of-p-video-container\">\n<div class=\"lies-of-p-video-responsive\"><iframe title=\"Reproductor de video de YouTube\" src=\"https:\/\/www.youtube-nocookie.com\/embed\/WhQm-ExRz60\" frameborder=\"0\" allowfullscreen=\"allowfullscreen\"><\/iframe><\/div>\n<\/div>\n<\/div>\n<p><!-- System Requirements --><\/p>\n<div class=\"lies-of-p-requisitos\">\n<h2>Especificaciones del Sistema<\/h2>\n<div class=\"lies-of-p-requisitos-grid\">\n<p><!-- Minimum Requirements --><\/p>\n<div class=\"lies-of-p-requisitos-box\">\n<h3>M\u00ednimos<\/h3>\n<ul class=\"lies-of-p-requisitos-lista\">\n<li>\u25b9<strong>SO:<\/strong> Por anunciar<\/li>\n<li>\u25b9<strong>Procesador:<\/strong> Por anunciar<\/li>\n<li>\u25b9<strong>Memoria:<\/strong> Por anunciar<\/li>\n<li>\u25b9<strong>Tarjeta Gr\u00e1fica:<\/strong> Por anunciar<\/li>\n<li>\u25b9<strong>DirectX:<\/strong> Por anunciar<\/li>\n<li>\u25b9<strong>Almacenamiento:<\/strong> Por anunciar<\/li>\n<\/ul>\n<\/div>\n<p><!-- Recommended Requirements --><\/p>\n<div class=\"lies-of-p-requisitos-box\">\n<h3>Recomendados<\/h3>\n<ul class=\"lies-of-p-requisitos-lista\">\n<li>\u25b9<strong>SO:<\/strong> Por anunciar<\/li>\n<li>\u25b9<strong>Procesador:<\/strong> Por anunciar<\/li>\n<li>\u25b9<strong>Memoria:<\/strong> Por anunciar<\/li>\n<li>\u25b9<strong>Tarjeta Gr\u00e1fica:<\/strong> Por anunciar<\/li>\n<li>\u25b9<strong>DirectX:<\/strong> Por anunciar<\/li>\n<li>\u25b9<strong>Almacenamiento:<\/strong> Por anunciar<\/li>\n<\/ul>\n<\/div>\n<\/div>\n<\/div>\n<p><!-- About the Game --><\/p>\n<div class=\"lies-of-p-sobre\">\n<h2>Acerca de Control Resonant<\/h2>\n<p><strong>La realidad es un arma.<\/strong><\/p>\n<p>Comprar <strong>Control Resonant PC<\/strong> significa ponerte en la piel de Jesse Faden, la nueva Directora de la Oficina Federal de Control, mientras busca respuestas en la misteriosa Casa M\u00e1s Antigua. Prep\u00e1rate para empu\u00f1ar poderes extraordinarios y enfrentarte a una amenaza de otro mundo en <strong>Control Resonant Steam<\/strong>.<\/p>\n<p>Despu\u00e9s de que una agencia secreta en Nueva York sea invadida por una amenaza de otro mundo, te conviertes en la nueva Directora que lucha por recuperar el Control. De los creadores de Alan Wake y Max Payne, esta aventura de acci\u00f3n sobrenatural en tercera persona te desaf\u00eda a dominar una combinaci\u00f3n de habilidades sobrenaturales, equipamientos modificables y entornos reactivos mientras luchas a trav\u00e9s de un mundo profundo e impredecible.<\/p>\n<p><strong>\u00abUn mundo de secretos espera tu mando.\u00bb<\/strong><\/p>\n<\/div>\n<p><!-- Features in Cards --><\/p>\n<div class=\"lies-of-p-destaques\">\n<h2>Caracter\u00edsticas del Juego<\/h2>\n<div class=\"lies-of-p-cards-grid\">\n<p><!-- Card 1: Supernatural Powers --><\/p>\n<div class=\"lies-of-p-card\">\n<p><img decoding=\"async\" title=\"Control Resonant PC - Poderes Sobrenaturales\" src=\"https:\/\/shared.fastly.steamstatic.com\/store_item_assets\/steam\/apps\/870780\/extras\/Control_GIF_01.gif?t=1700683050\" alt=\"Control Resonant PC Steam Offline - Poderes Sobrenaturales\" \/><\/p>\n<div class=\"lies-of-p-card-content\">\n<h3>DOMINA PODERES SOBRENATURALES<\/h3>\n<p>Libera habilidades \u00fanicas como telequinesis, levitaci\u00f3n y control mental para combatir a los Hiss, un enemigo de otro mundo.<\/p>\n<\/div>\n<\/div>\n<p><!-- Card 2: Shifting World --><\/p>\n<div class=\"lies-of-p-card\">\n<p><img decoding=\"async\" title=\"Control Resonant Steam - Casa M\u00e1s Antigua\" src=\"https:\/\/shared.fastly.steamstatic.com\/store_item_assets\/steam\/apps\/870780\/extras\/Control_GIF_02.gif?t=1700683050\" alt=\"Comprar Control Resonant PC - Casa M\u00e1s Antigua\" \/><\/p>\n<div class=\"lies-of-p-card-content\">\n<h3>EXPLORA LA CASA M\u00c1S ANTIGUA<\/h3>\n<p>Navega por un vasto rascacielos brutalista en constante cambio, un lugar donde la realidad se dobla y los secretos se esconden entre sus paredes.<\/p>\n<\/div>\n<\/div>\n<p><!-- Card 3: Intense Combat --><\/p>\n<div class=\"lies-of-p-card\">\n<p><img decoding=\"async\" title=\"Control Resonant - Combate Din\u00e1mico\" src=\"https:\/\/shared.fastly.steamstatic.com\/store_item_assets\/steam\/apps\/870780\/extras\/Control_GIF_03.gif?t=1700683050\" alt=\"Control Resonant para PC - Combate Din\u00e1mico\" \/><\/p>\n<div class=\"lies-of-p-card-content\">\n<h3>COMBATE INTENSO Y DIN\u00c1MICO<\/h3>\n<p>Participa en emocionantes y destructivas batallas usando tu Arma de Servicio y habilidades sobrenaturales contra un enemigo implacable.<\/p>\n<\/div>\n<\/div>\n<\/div>\n<\/div>\n<\/div>\n","protected":false},"excerpt":{"rendered":"<table class=\"info-table\">\n<thead>\n<tr class=\"header-row\">\n<th>Status<\/th>\n<th>INFORMATION<\/th>\n<\/tr>\n<\/thead>\n<tbody>\n<tr>\n<td class=\"status-cell\">\n<div class=\"status-title\">\ud83d\ude80 IMMEDIATE DELIVERY<\/div>\n<div class=\"status-subtitle\">Get instant access<\/div>\n<\/td>\n<td class=\"info-cell\">\n<div class=\"info-box\">\n<div class=\"info-title\">ATTENTION<\/div>\n<div class=\"info-content\">READ THE DESCRIPTION<\/div>\n<\/div>\n<\/td>\n<\/tr>\n<tr>\n<td class=\"status-cell\">\n<div class=\"status-title\">\ud83d\udcb0 Is this site trustworthy?<\/div>\n<div class=\"status-subtitle\">+ 4 years selling games<\/div>\n<\/td>\n<td class=\"info-cell\">\n<div class=\"info-box\">\n<div class=\"info-title\">Acess:<\/div>\n<div class=\"info-content\">\n<div data-src=\"https:\/\/cdn.trustindex.io\/loader.js?7fd81be38eb695098c8683dcf1c\"><\/div>\n<\/div>\n<\/div>\n<\/td>\n<\/tr>\n<\/tbody>\n<\/table>\n","protected":false},"featured_media":7107131,"comment_status":"open","ping_status":"closed","template":"","meta":[],"product_brand":[],"product_cat":[325,327,335,351,359],"product_tag":[465],"class_list":{"0":"post-7107133","1":"product","2":"type-product","3":"status-publish","4":"has-post-thumbnail","6":"product_cat-accion-es","7":"product_cat-aventura-es","8":"product_cat-juegos-es","9":"product_cat-pre-venta","10":"product_cat-rpg-es","11":"product_tag-rpg-es","13":"first","14":"instock","15":"downloadable","16":"virtual","17":"purchasable","18":"product-type-simple"},"exclude_global_add_ons":[],"addons":[],"_links":{"self":[{"href":"https:\/\/gamesbestprices.com\/es\/wp-json\/wp\/v2\/product\/7107133","targetHints":{"allow":["GET"]}}],"collection":[{"href":"https:\/\/gamesbestprices.com\/es\/wp-json\/wp\/v2\/product"}],"about":[{"href":"https:\/\/gamesbestprices.com\/es\/wp-json\/wp\/v2\/types\/product"}],"replies":[{"embeddable":true,"href":"https:\/\/gamesbestprices.com\/es\/wp-json\/wp\/v2\/comments?post=7107133"}],"wp:featuredmedia":[{"embeddable":true,"href":"https:\/\/gamesbestprices.com\/es\/wp-json\/wp\/v2\/media\/7107131"}],"wp:attachment":[{"href":"https:\/\/gamesbestprices.com\/es\/wp-json\/wp\/v2\/media?parent=7107133"}],"wp:term":[{"taxonomy":"product_brand","embeddable":true,"href":"https:\/\/gamesbestprices.com\/es\/wp-json\/wp\/v2\/product_brand?post=7107133"},{"taxonomy":"product_cat","embeddable":true,"href":"https:\/\/gamesbestprices.com\/es\/wp-json\/wp\/v2\/product_cat?post=7107133"},{"taxonomy":"product_tag","embeddable":true,"href":"https:\/\/gamesbestprices.com\/es\/wp-json\/wp\/v2\/product_tag?post=7107133"}],"curies":[{"name":"wp","href":"https:\/\/api.w.org\/{rel}","templated":true}]}}