{"id":7107123,"date":"2026-04-09T09:58:16","date_gmt":"2026-04-09T09:58:16","guid":{"rendered":""},"modified":"2026-04-09T09:59:31","modified_gmt":"2026-04-09T09:59:31","slug":"jurassic-park-survival-pc-steam-offline-es","status":"publish","type":"product","link":"https:\/\/gamesbestprices.com\/es\/producto\/jurassic-park-survival-pc-steam-offline-es\/","title":{"rendered":"Jurassic Park Survival PC Steam Offline"},"content":{"rendered":"<p><!-- JURASSIC PARK SURVIVAL - Clean HTML with CSS Classes --><\/p>\n<div class=\"lies-of-p-container\">\n<p><!-- Main Banner --><\/p>\n<div class=\"lies-of-p-banner\">\n<h1>JURASSIC PARK SURVIVAL PC STEAM OFFLINE<\/h1>\n<p>El terror prehist\u00f3rico regresa en una nueva era de supervivencia.<\/p>\n<\/div>\n<p><!-- Purchase Alert --><\/p>\n<div class=\"lies-of-p-alerta\">\u26a0\ufe0f TERROR PREHIST\u00d3RICO &#8211; \u00a1AVENTURA DE SUPERVIVENCIA DEFINITIVA! \u26a0\ufe0f<\/div>\n<p><!-- Offline Mode --><\/p>\n<div class=\"lies-of-p-offline\">\n<h3>\ud83c\udfae \u00a1DISFRUTA OFFLINE CON M\u00c1XIMOS AHORROS! \ud83c\udfae<\/h3>\n<p>\u00a1Disfruta del modo <strong>OFFLINE<\/strong> con absoluta libertad!<\/p>\n<div class=\"lies-of-p-beneficios\">\n<p>\u2705 Utilizar\u00e1s <strong>CREDENCIALES DE ACCESO (CUENTA \u00daNICA)<\/strong> que te proporcionaremos<\/p>\n<p>\u2705 <strong>JUEGA A TRAV\u00c9S DE LA CUENTA PROPORCIONADA<\/strong> sin obst\u00e1culos<\/p>\n<p>\u2705 Acceso completo al t\u00edtulo y a todos los parches<\/p>\n<\/div>\n<p class=\"lies-of-p-economia\">Podr\u00e1s jugar sin problemas cuando quieras<\/p>\n<p class=\"lies-of-p-economia-destaque\">\ud83d\udcb0 \u00a1AHORRANDO MUCHO y \ud83c\udfaf DIVIRTI\u00c9NDOTE A LO GRANDE!<\/p>\n<\/div>\n<p><!-- Promotional Video --><\/p>\n<div class=\"lies-of-p-video\">\n<h2>Mira el tr\u00e1iler de JURASSIC PARK SURVIVAL<\/h2>\n<div class=\"lies-of-p-video-container\">\n<div class=\"lies-of-p-video-responsive\"><iframe title=\"Reproductor de video de YouTube\" src=\"https:\/\/www.youtube-nocookie.com\/embed\/UinsNBOTNyU\" frameborder=\"0\" allowfullscreen=\"allowfullscreen\"><\/iframe><\/div>\n<\/div>\n<\/div>\n<p><!-- System Requirements --><\/p>\n<div class=\"lies-of-p-requisitos\">\n<h2>Especificaciones del Sistema<\/h2>\n<div class=\"lies-of-p-requisitos-grid\">\n<p><!-- Minimum Requirements --><\/p>\n<div class=\"lies-of-p-requisitos-box\">\n<h3>M\u00ednimos<\/h3>\n<ul class=\"lies-of-p-requisitos-lista\">\n<li>\u25b9<strong>SO:<\/strong> Por anunciar<\/li>\n<li>\u25b9<strong>Procesador:<\/strong> Por anunciar<\/li>\n<li>\u25b9<strong>Memoria:<\/strong> Por anunciar<\/li>\n<li>\u25b9<strong>Tarjeta Gr\u00e1fica:<\/strong> Por anunciar<\/li>\n<li>\u25b9<strong>DirectX:<\/strong> Por anunciar<\/li>\n<li>\u25b9<strong>Almacenamiento:<\/strong> Por anunciar<\/li>\n<\/ul>\n<\/div>\n<p><!-- Recommended Requirements --><\/p>\n<div class=\"lies-of-p-requisitos-box\">\n<h3>Recomendados<\/h3>\n<ul class=\"lies-of-p-requisitos-lista\">\n<li>\u25b9<strong>SO:<\/strong> Por anunciar<\/li>\n<li>\u25b9<strong>Procesador:<\/strong> Por anunciar<\/li>\n<li>\u25b9<strong>Memoria:<\/strong> Por anunciar<\/li>\n<li>\u25b9<strong>Tarjeta Gr\u00e1fica:<\/strong> Por anunciar<\/li>\n<li>\u25b9<strong>DirectX:<\/strong> Por anunciar<\/li>\n<li>\u25b9<strong>Almacenamiento:<\/strong> Por anunciar<\/li>\n<\/ul>\n<\/div>\n<\/div>\n<\/div>\n<p><!-- About the Game --><\/p>\n<div class=\"lies-of-p-sobre\">\n<h2>Acerca de JURASSIC PARK SURVIVAL<\/h2>\n<p><strong>El parque est\u00e1 abierto. La supervivencia no est\u00e1 garantizada.<\/strong><\/p>\n<p>Comprar <strong>JURASSIC PARK SURVIVAL PC<\/strong> significa experimentar un nuevo y original juego de acci\u00f3n y aventura para un solo jugador que retoma los eventos posteriores a la ic\u00f3nica pel\u00edcula de 1993. Prep\u00e1rate para una experiencia emocionante que pondr\u00e1 a prueba tu ingenio y coraje en <strong>JURASSIC PARK SURVIVAL Steam<\/strong>.<\/p>\n<p>La evoluci\u00f3n tecnol\u00f3gica combinada con la amplia experiencia de los creadores se une en una historia con personajes complejos y una jugabilidad m\u00e1s inmersiva que nunca en <strong>JURASSIC PARK SURVIVAL para PC<\/strong>. Regresa una vez m\u00e1s a Isla Nublar, la ic\u00f3nica isla donde comenz\u00f3 el terror prehist\u00f3rico.<\/p>\n<p><strong>\u00abComienza un nuevo cap\u00edtulo en el legado de Jurassic Park.\u00bb<\/strong><\/p>\n<\/div>\n<p><!-- Features in Cards --><\/p>\n<div class=\"lies-of-p-destaques\">\n<h2>Caracter\u00edsticas del Juego<\/h2>\n<div class=\"lies-of-p-cards-grid\">\n<p><!-- Card 1: Thrilling Prehistoric Survival --><\/p>\n<div class=\"lies-of-p-card\">\n<p><img decoding=\"async\" title=\"JURASSIC PARK SURVIVAL PC - Supervivencia Emocionante\" src=\"https:\/\/via.placeholder.com\/300x150?text=Jurassic+Park+Survival+Image+1\" alt=\"JURASSIC PARK SURVIVAL PC Steam Offline - Supervivencia Prehist\u00f3rica\" \/><\/p>\n<div class=\"lies-of-p-card-content\">\n<h3>EMOCIONANTE SUPERVIVENCIA PREHIST\u00d3RICA<\/h3>\n<p>Experimenta un nuevo y original juego de acci\u00f3n y aventura para un solo jugador que retoma los eventos posteriores a la ic\u00f3nica pel\u00edcula de 1993, poni\u00e9ndote en la piel de la Dra. Maya Joshi.<\/p>\n<\/div>\n<\/div>\n<p><!-- Card 2: Explore Isla Nublar --><\/p>\n<div class=\"lies-of-p-card\">\n<p><img decoding=\"async\" title=\"JURASSIC PARK SURVIVAL Steam - Isla Nublar\" src=\"https:\/\/via.placeholder.com\/300x150?text=Jurassic+Park+Survival+Image+2\" alt=\"Comprar JURASSIC PARK SURVIVAL PC - Isla Nublar\" \/><\/p>\n<div class=\"lies-of-p-card-content\">\n<h3>EXPLORA ISLA NUBLAR<\/h3>\n<p>Regresa a la ic\u00f3nica Isla Nublar, una isla peligrosa repleta de vida prehist\u00f3rica y secretos incalculables, donde cada sombra esconde una amenaza.<\/p>\n<\/div>\n<\/div>\n<p><!-- Card 3: Unforgettable Dinosaur Encounters --><\/p>\n<div class=\"lies-of-p-card\">\n<p><img decoding=\"async\" title=\"JURASSIC PARK SURVIVAL - Encuentros con Dinosaurios\" src=\"https:\/\/via.placeholder.com\/300x150?text=Jurassic+Park+Survival+Image+3\" alt=\"JURASSIC PARK SURVIVAL para PC - Dinosaurios\" \/><\/p>\n<div class=\"lies-of-p-card-content\">\n<h3>ENCUENTROS INOLVIDABLES CON DINOSAURIOS<\/h3>\n<p>Supera, evade e interact\u00faa con una variedad de dinosaurios, cada uno con comportamientos y amenazas \u00fanicos, mientras navegas por el peligroso entorno.<\/p>\n<\/div>\n<\/div>\n<\/div>\n<\/div>\n<\/div>\n","protected":false},"excerpt":{"rendered":"<table class=\"info-table\">\n<thead>\n<tr class=\"header-row\">\n<th>Status<\/th>\n<th>INFORMATION<\/th>\n<\/tr>\n<\/thead>\n<tbody>\n<tr>\n<td class=\"status-cell\">\n<div class=\"status-title\">\ud83d\ude80 IMMEDIATE DELIVERY<\/div>\n<div class=\"status-subtitle\">Get instant access<\/div>\n<\/td>\n<td class=\"info-cell\">\n<div class=\"info-box\">\n<div class=\"info-title\">ATTENTION<\/div>\n<div class=\"info-content\">READ THE DESCRIPTION<\/div>\n<\/div>\n<\/td>\n<\/tr>\n<tr>\n<td class=\"status-cell\">\n<div class=\"status-title\">\ud83d\udcb0 Is this site trustworthy?<\/div>\n<div class=\"status-subtitle\">+ 4 years selling games<\/div>\n<\/td>\n<td class=\"info-cell\">\n<div class=\"info-box\">\n<div class=\"info-title\">Acess:<\/div>\n<div class=\"info-content\">\n<div data-src=\"https:\/\/cdn.trustindex.io\/loader.js?7fd81be38eb695098c8683dcf1c\"><\/div>\n<\/div>\n<\/div>\n<\/td>\n<\/tr>\n<\/tbody>\n<\/table>\n","protected":false},"featured_media":7107121,"comment_status":"open","ping_status":"closed","template":"","meta":[],"product_brand":[],"product_cat":[325,327,335,351],"product_tag":[423],"class_list":{"0":"post-7107123","1":"product","2":"type-product","3":"status-publish","4":"has-post-thumbnail","6":"product_cat-accion-es","7":"product_cat-aventura-es","8":"product_cat-juegos-es","9":"product_cat-pre-venta","10":"product_tag-terror-es","12":"first","13":"instock","14":"downloadable","15":"virtual","16":"purchasable","17":"product-type-simple"},"exclude_global_add_ons":[],"addons":[],"_links":{"self":[{"href":"https:\/\/gamesbestprices.com\/es\/wp-json\/wp\/v2\/product\/7107123","targetHints":{"allow":["GET"]}}],"collection":[{"href":"https:\/\/gamesbestprices.com\/es\/wp-json\/wp\/v2\/product"}],"about":[{"href":"https:\/\/gamesbestprices.com\/es\/wp-json\/wp\/v2\/types\/product"}],"replies":[{"embeddable":true,"href":"https:\/\/gamesbestprices.com\/es\/wp-json\/wp\/v2\/comments?post=7107123"}],"wp:featuredmedia":[{"embeddable":true,"href":"https:\/\/gamesbestprices.com\/es\/wp-json\/wp\/v2\/media\/7107121"}],"wp:attachment":[{"href":"https:\/\/gamesbestprices.com\/es\/wp-json\/wp\/v2\/media?parent=7107123"}],"wp:term":[{"taxonomy":"product_brand","embeddable":true,"href":"https:\/\/gamesbestprices.com\/es\/wp-json\/wp\/v2\/product_brand?post=7107123"},{"taxonomy":"product_cat","embeddable":true,"href":"https:\/\/gamesbestprices.com\/es\/wp-json\/wp\/v2\/product_cat?post=7107123"},{"taxonomy":"product_tag","embeddable":true,"href":"https:\/\/gamesbestprices.com\/es\/wp-json\/wp\/v2\/product_tag?post=7107123"}],"curies":[{"name":"wp","href":"https:\/\/api.w.org\/{rel}","templated":true}]}}