{"id":7107063,"date":"2026-04-09T09:44:09","date_gmt":"2026-04-09T09:44:09","guid":{"rendered":""},"modified":"2026-04-09T09:45:37","modified_gmt":"2026-04-09T09:45:37","slug":"hollow-knight-silksong-pc-steam-offline-es","status":"publish","type":"product","link":"https:\/\/gamesbestprices.com\/es\/producto\/hollow-knight-silksong-pc-steam-offline-es\/","title":{"rendered":"Hollow Knight Silksong PC Steam Offline"},"content":{"rendered":"<p><!-- HOLLOW KNIGHT SILKSONG PC STEAM OFFLINE - Clean HTML with CSS Classes --><\/p>\n<div class=\"lies-of-p-container\">\n<p><!-- Main Banner --><\/p>\n<div class=\"lies-of-p-banner\">\n<h1>HOLLOW KNIGHT SILKSONG PC STEAM OFFLINE<\/h1>\n<p>Emb\u00e1rcate en una nueva aventura en el vasto y encantado reino de Pharloom.<\/p>\n<\/div>\n<p><!-- Purchase Alert --><\/p>\n<div class=\"lies-of-p-alerta\">\u2728 \u00a1UNA NUEVA AVENTURA \u00c9PICA &#8211; EXPLORA UN VASTO REINO NUEVO! \u2728<\/div>\n<p><!-- Offline Mode --><\/p>\n<div class=\"lies-of-p-offline\">\n<h3>\ud83c\udfae \u00a1DISFRUTA OFFLINE CON M\u00c1XIMOS AHORROS! \ud83c\udfae<\/h3>\n<p>\u00a1Disfruta del modo <strong>OFFLINE<\/strong> con absoluta libertad!<\/p>\n<div class=\"lies-of-p-beneficios\">\n<p>\u2705 Utilizar\u00e1s <strong>CREDENCIALES DE ACCESO (CUENTA \u00daNICA)<\/strong> que te proporcionaremos<\/p>\n<p>\u2705 <strong>JUEGA A TRAV\u00c9S DE LA CUENTA PROPORCIONADA<\/strong> sin obst\u00e1culos<\/p>\n<p>\u2705 Acceso completo al t\u00edtulo y a todas las actualizaciones<\/p>\n<\/div>\n<p class=\"lies-of-p-economia\">Podr\u00e1s jugar sin problemas cuando quieras<\/p>\n<p class=\"lies-of-p-economia-destaque\">\ud83d\udcb0 \u00a1AHORRANDO MUCHO y \ud83c\udfaf DIVIRTI\u00c9NDOTE A LO GRANDE!<\/p>\n<\/div>\n<p><!-- Promotional Video --><\/p>\n<div class=\"lies-of-p-video\">\n<h2>Mira el tr\u00e1iler de Hollow Knight Silksong<\/h2>\n<div class=\"lies-of-p-video-container\">\n<div class=\"lies-of-p-video-responsive\"><iframe title=\"YouTube video player\" src=\"https:\/\/www.youtube-nocookie.com\/embed\/6XGeJwsUP9c\" frameborder=\"0\" allowfullscreen=\"allowfullscreen\"><\/iframe><\/div>\n<\/div>\n<\/div>\n<p><!-- System Requirements --><\/p>\n<div class=\"lies-of-p-requisitos\">\n<h2>Especificaciones del Sistema<\/h2>\n<div class=\"lies-of-p-requisitos-grid\">\n<p><!-- Minimum Requirements --><\/p>\n<div class=\"lies-of-p-requisitos-box\">\n<h3>M\u00ednimos<\/h3>\n<ul class=\"lies-of-p-requisitos-lista\">\n<li>\u25b9<strong>SO:<\/strong> Por anunciar<\/li>\n<li>\u25b9<strong>Procesador:<\/strong> Por anunciar<\/li>\n<li>\u25b9<strong>Memoria:<\/strong> Por anunciar<\/li>\n<li>\u25b9<strong>Tarjeta Gr\u00e1fica:<\/strong> Por anunciar<\/li>\n<li>\u25b9<strong>DirectX:<\/strong> Por anunciar<\/li>\n<li>\u25b9<strong>Almacenamiento:<\/strong> Por anunciar<\/li>\n<\/ul>\n<\/div>\n<p><!-- Recommended Requirements --><\/p>\n<div class=\"lies-of-p-requisitos-box\">\n<h3>Recomendados<\/h3>\n<ul class=\"lies-of-p-requisitos-lista\">\n<li>\u25b9<strong>SO:<\/strong> Por anunciar<\/li>\n<li>\u25b9<strong>Procesador:<\/strong> Por anunciar<\/li>\n<li>\u25b9<strong>Memoria:<\/strong> Por anunciar<\/li>\n<li>\u25b9<strong>Tarjeta Gr\u00e1fica:<\/strong> Por anunciar<\/li>\n<li>\u25b9<strong>DirectX:<\/strong> Por anunciar<\/li>\n<li>\u25b9<strong>Almacenamiento:<\/strong> Por anunciar<\/li>\n<\/ul>\n<\/div>\n<\/div>\n<\/div>\n<p><!-- About the Game --><\/p>\n<div class=\"lies-of-p-sobre\">\n<h2>Acerca de Hollow Knight Silksong<\/h2>\n<p><strong>Asciende a la aventura. Descubre un nuevo reino.<\/strong><\/p>\n<p>Comprar <strong>Hollow Knight Silksong PC<\/strong> significa embarcarse en una aventura completamente nueva como Hornet, princesa-protectora de Hallownest, en un vasto y encantado reino gobernado por la seda y la canci\u00f3n. Prep\u00e1rate para explorar, luchar y descubrir en una emocionante experiencia que expande el querido universo de Hollow Knight en <strong>Hollow Knight Silksong Steam<\/strong>.<\/p>\n<p>De los galardonados creadores de Hollow Knight, Team Cherry trae una nueva aventura \u00e9pica con combates desafiantes, plataformas intrincadas y una historia cautivadora. Viaja a trav\u00e9s de ciudades resplandecientes, bosques de coral y vastas grutas cubiertas de musgo mientras descubres los secretos de Pharloom en <strong>Hollow Knight Silksong para PC<\/strong>.<\/p>\n<p><strong>\u00abUna gran nueva aventura te espera en Pharloom.\u00bb<\/strong><\/p>\n<\/div>\n<p><!-- Features in Cards --><\/p>\n<div class=\"lies-of-p-destaques\">\n<h2>Caracter\u00edsticas del Juego<\/h2>\n<div class=\"lies-of-p-cards-grid\">\n<p><!-- Card 1: Master New Abilities --><\/p>\n<div class=\"lies-of-p-card\">\n<p><img decoding=\"async\" title=\"Hollow Knight Silksong para PC - Domina Nuevas Habilidades\" src=\"https:\/\/shared.fastly.steamstatic.com\/store_item_assets\/steam\/apps\/1030300\/extras\/Silksong_GIF_HornetCombat.gif?t=1676600000\" alt=\"Hollow Knight Silksong PC Steam Offline - Domina Nuevas Habilidades\" \/><\/p>\n<div class=\"lies-of-p-card-content\">\n<h3>DOMINA NUEVAS HABILIDADES<\/h3>\n<p>Empu\u00f1a un nuevo arsenal de movimientos, herramientas y sedas para conquistar enemigos formidables y atravesar el vasto reino de Pharloom.<\/p>\n<\/div>\n<\/div>\n<p><!-- Card 2: Explore a New Kingdom --><\/p>\n<div class=\"lies-of-p-card\">\n<p><img decoding=\"async\" title=\"Hollow Knight Silksong Steam - Explora un Nuevo Reino\" src=\"https:\/\/shared.fastly.steamstatic.com\/store_item_assets\/steam\/apps\/1030300\/extras\/Silksong_GIF_PharloomExplore.gif?t=1676600000\" alt=\"Comprar Hollow Knight Silksong PC - Explora un Nuevo Reino\" \/><\/p>\n<div class=\"lies-of-p-card-content\">\n<h3>EXPLORA UN NUEVO REINO<\/h3>\n<p>Viaja a trav\u00e9s de ciudades resplandecientes, bosques de coral y vastas grutas cubiertas de musgo mientras descubres los secretos de Pharloom.<\/p>\n<\/div>\n<\/div>\n<p><!-- Card 3: Face Deadly Foes --><\/p>\n<div class=\"lies-of-p-card\">\n<p><img decoding=\"async\" title=\"Hollow Knight Silksong - Enfrenta Enemigos Mortales\" src=\"https:\/\/shared.fastly.steamstatic.com\/store_item_assets\/steam\/apps\/1030300\/extras\/Silksong_GIF_NewEnemies.gif?t=1676600000\" alt=\"Hollow Knight Silksong para PC - Enfrenta Enemigos Mortales\" \/><\/p>\n<div class=\"lies-of-p-card-content\">\n<h3>ENFRENTA ENEMIGOS MORTALES<\/h3>\n<p>Encuentra m\u00e1s de 150 nuevos enemigos y jefes \u00e9picos, cada uno con desaf\u00edos \u00fanicos y misterios por desentra\u00f1ar.<\/p>\n<\/div>\n<\/div>\n<\/div>\n<\/div>\n<\/div>\n","protected":false},"excerpt":{"rendered":"<table class=\"info-table\">\n<thead>\n<tr class=\"header-row\">\n<th>Status<\/th>\n<th>INFORMATION<\/th>\n<\/tr>\n<\/thead>\n<tbody>\n<tr>\n<td class=\"status-cell\">\n<div class=\"status-title\">\ud83d\ude80 IMMEDIATE DELIVERY<\/div>\n<div class=\"status-subtitle\">Get instant access<\/div>\n<\/td>\n<td class=\"info-cell\">\n<div class=\"info-box\">\n<div class=\"info-title\">ATTENTION<\/div>\n<div class=\"info-content\">READ THE DESCRIPTION<\/div>\n<\/div>\n<\/td>\n<\/tr>\n<tr>\n<td class=\"status-cell\">\n<div class=\"status-title\">\ud83d\udcb0 Is this site trustworthy?<\/div>\n<div class=\"status-subtitle\">+ 4 years selling games<\/div>\n<\/td>\n<td class=\"info-cell\">\n<div class=\"info-box\">\n<div class=\"info-title\">Acess:<\/div>\n<div class=\"info-content\">\n<div data-src=\"https:\/\/cdn.trustindex.io\/loader.js?7fd81be38eb695098c8683dcf1c\"><\/div>\n<\/div>\n<\/div>\n<\/td>\n<\/tr>\n<\/tbody>\n<\/table>\n","protected":false},"featured_media":7107061,"comment_status":"open","ping_status":"closed","template":"","meta":[],"product_brand":[],"product_cat":[325,327,335,355],"product_tag":[408],"class_list":{"0":"post-7107063","1":"product","2":"type-product","3":"status-publish","4":"has-post-thumbnail","6":"product_cat-accion-es","7":"product_cat-aventura-es","8":"product_cat-juegos-es","9":"product_cat-lanzamientos","10":"product_tag-dificil","12":"first","13":"instock","14":"downloadable","15":"virtual","16":"purchasable","17":"product-type-simple"},"exclude_global_add_ons":[],"addons":[],"_links":{"self":[{"href":"https:\/\/gamesbestprices.com\/es\/wp-json\/wp\/v2\/product\/7107063","targetHints":{"allow":["GET"]}}],"collection":[{"href":"https:\/\/gamesbestprices.com\/es\/wp-json\/wp\/v2\/product"}],"about":[{"href":"https:\/\/gamesbestprices.com\/es\/wp-json\/wp\/v2\/types\/product"}],"replies":[{"embeddable":true,"href":"https:\/\/gamesbestprices.com\/es\/wp-json\/wp\/v2\/comments?post=7107063"}],"wp:featuredmedia":[{"embeddable":true,"href":"https:\/\/gamesbestprices.com\/es\/wp-json\/wp\/v2\/media\/7107061"}],"wp:attachment":[{"href":"https:\/\/gamesbestprices.com\/es\/wp-json\/wp\/v2\/media?parent=7107063"}],"wp:term":[{"taxonomy":"product_brand","embeddable":true,"href":"https:\/\/gamesbestprices.com\/es\/wp-json\/wp\/v2\/product_brand?post=7107063"},{"taxonomy":"product_cat","embeddable":true,"href":"https:\/\/gamesbestprices.com\/es\/wp-json\/wp\/v2\/product_cat?post=7107063"},{"taxonomy":"product_tag","embeddable":true,"href":"https:\/\/gamesbestprices.com\/es\/wp-json\/wp\/v2\/product_tag?post=7107063"}],"curies":[{"name":"wp","href":"https:\/\/api.w.org\/{rel}","templated":true}]}}