{"id":7107053,"date":"2026-04-09T09:42:24","date_gmt":"2026-04-09T09:42:24","guid":{"rendered":""},"modified":"2026-04-09T09:43:51","modified_gmt":"2026-04-09T09:43:51","slug":"the-outer-worlds-2-pc-steam-offline-es","status":"publish","type":"product","link":"https:\/\/gamesbestprices.com\/es\/producto\/the-outer-worlds-2-pc-steam-offline-es\/","title":{"rendered":"The Outer Worlds 2 PC Steam Offline"},"content":{"rendered":"<p><!-- THE OUTER WORLDS 2 PC STEAM OFFLINE - HTML Limpio con Clases CSS --><\/p>\n<div class=\"lies-of-p-container\">\n<p><!-- Banner Principal --><\/p>\n<div class=\"lies-of-p-banner\">\n<h1>THE OUTER WORLDS 2 PC STEAM OFFLINE<\/h1>\n<p>Explora nuevas fronteras en una secuela inesperada.<\/p>\n<\/div>\n<p><!-- Alerta de Compra --><\/p>\n<div class=\"lies-of-p-alerta\">\u26a0\ufe0f \u00a1NUEVAS FRONTERAS ESPERAN &#8211; AVENTURA INESPERADA! \u26a0\ufe0f<\/div>\n<p><!-- Modo Offline --><\/p>\n<div class=\"lies-of-p-offline\">\n<h3>\ud83c\udfae \u00a1DISFRUTA OFFLINE CON M\u00c1XIMOS AHORROS! \ud83c\udfae<\/h3>\n<p>\u00a1Disfruta del modo <strong>OFFLINE<\/strong> con absoluta libertad!<\/p>\n<div class=\"lies-of-p-beneficios\">\n<p>\u2705 Utilizar\u00e1s <strong>CREDENCIALES DE ACCESO (CUENTA \u00daNICA)<\/strong> que te proporcionaremos<\/p>\n<p>\u2705 <strong>JUEGA A TRAV\u00c9S DE LA CUENTA PROPORCIONADA<\/strong> sin obst\u00e1culos<\/p>\n<p>\u2705 Acceso completo al t\u00edtulo y a todos los parches<\/p>\n<\/div>\n<p class=\"lies-of-p-economia\">Podr\u00e1s jugar sin problemas cuando quieras<\/p>\n<p class=\"lies-of-p-economia-destaque\">\ud83d\udcb0 \u00a1AHORRANDO MUCHO y \ud83c\udfaf DIVIRTI\u00c9NDOTE A LO GRANDE!<\/p>\n<\/div>\n<p><!-- Video Promocional --><\/p>\n<div class=\"lies-of-p-video\">\n<h2>Ver el Tr\u00e1iler de The Outer Worlds 2<\/h2>\n<div class=\"lies-of-p-video-container\">\n<div class=\"lies-of-p-video-responsive\"><iframe title=\"Reproductor de video de YouTube\" src=\"https:\/\/www.youtube-nocookie.com\/embed\/yUI-EIS0nnw\" frameborder=\"0\" allowfullscreen=\"allowfullscreen\"><\/iframe><\/div>\n<\/div>\n<\/div>\n<p><!-- Requisitos del Sistema --><\/p>\n<div class=\"lies-of-p-requisitos\">\n<h2>Especificaciones del Sistema<\/h2>\n<div class=\"lies-of-p-requisitos-grid\">\n<p><!-- Requisitos M\u00ednimos --><\/p>\n<div class=\"lies-of-p-requisitos-box\">\n<h3>M\u00ednimos<\/h3>\n<ul class=\"lies-of-p-requisitos-lista\">\n<li>\u25b9<strong>SO:<\/strong> Por anunciar<\/li>\n<li>\u25b9<strong>Procesador:<\/strong> Por anunciar<\/li>\n<li>\u25b9<strong>Memoria:<\/strong> Por anunciar<\/li>\n<li>\u25b9<strong>Tarjeta Gr\u00e1fica:<\/strong> Por anunciar<\/li>\n<li>\u25b9<strong>DirectX:<\/strong> Por anunciar<\/li>\n<li>\u25b9<strong>Almacenamiento:<\/strong> Por anunciar<\/li>\n<\/ul>\n<\/div>\n<p><!-- Requisitos Recomendados --><\/p>\n<div class=\"lies-of-p-requisitos-box\">\n<h3>Recomendados<\/h3>\n<ul class=\"lies-of-p-requisitos-lista\">\n<li>\u25b9<strong>SO:<\/strong> Por anunciar<\/li>\n<li>\u25b9<strong>Procesador:<\/strong> Por anunciar<\/li>\n<li>\u25b9<strong>Memoria:<\/strong> Por anunciar<\/li>\n<li>\u25b9<strong>Tarjeta Gr\u00e1fica:<\/strong> Por anunciar<\/li>\n<li>\u25b9<strong>DirectX:<\/strong> Por anunciar<\/li>\n<li>\u25b9<strong>Almacenamiento:<\/strong> Por anunciar<\/li>\n<\/ul>\n<\/div>\n<\/div>\n<\/div>\n<p><!-- Sobre el Juego --><\/p>\n<div class=\"lies-of-p-sobre\">\n<h2>Sobre The Outer Worlds 2<\/h2>\n<p><strong>El universo sigue siendo salvaje. Y t\u00fa sigues siendo el \u00fanico que puede salvarlo. O arruinarlo.<\/strong><\/p>\n<p>Comprar <strong>The Outer Worlds 2 PC<\/strong> significa embarcarse en una aventura completamente nueva, hilarante y moralmente ambigua en la colonia de Halcyon y m\u00e1s all\u00e1. Prep\u00e1rate para m\u00e1s s\u00e1tira corporativa, compa\u00f1eros fascinantes y decisiones dif\u00edciles en <strong>The Outer Worlds 2 Steam<\/strong>.<\/p>\n<p>El humor caracter\u00edstico de Obsidian Entertainment y las profundas mec\u00e1nicas RPG regresan, prometiendo mundos a\u00fan m\u00e1s expansivos, personajes exc\u00e9ntricos y la libertad de jugar a tu manera en <strong>The Outer Worlds 2 para PC<\/strong>. Descubre nuevos planetas y enfr\u00e9ntate a nuevas corporaciones, igualmente incompetentes.<\/p>\n<p><strong>\u00abM\u00e1s travesuras corporativas. M\u00e1s espacio. M\u00e1s t\u00fa.\u00bb<\/strong><\/p>\n<\/div>\n<p><!-- Caracter\u00edsticas en Tarjetas --><\/p>\n<div class=\"lies-of-p-destaques\">\n<h2>Caracter\u00edsticas del Juego<\/h2>\n<div class=\"lies-of-p-cards-grid\">\n<p><!-- Tarjeta 1: Explora Nuevos Mundos --><\/p>\n<div class=\"lies-of-p-card\">\n<p><img decoding=\"async\" title=\"The Outer Worlds 2 para PC - Exploraci\u00f3n\" src=\"https:\/\/shared.fastly.steamstatic.com\/store_item_assets\/steam\/apps\/760800\/extras\/TOW_GIF_01.gif?t=1639593121\" alt=\"The Outer Worlds 2 PC Steam Offline - Explora Nuevos Mundos\" \/><\/p>\n<div class=\"lies-of-p-card-content\">\n<h3>EXPLORA NUEVOS MUNDOS<\/h3>\n<p>Viaja a sistemas estelares inexplorados, encontrando vida alien\u00edgena extra\u00f1a y facciones humanas a\u00fan m\u00e1s extra\u00f1as.<\/p>\n<\/div>\n<\/div>\n<p><!-- Tarjeta 2: M\u00e1s S\u00e1tira Corporativa --><\/p>\n<div class=\"lies-of-p-card\">\n<p><img decoding=\"async\" title=\"The Outer Worlds 2 Steam - S\u00e1tira Corporativa\" src=\"https:\/\/shared.fastly.steamstatic.com\/store_item_assets\/steam\/apps\/760800\/extras\/TOW_GIF_02.gif?t=1639593121\" alt=\"Comprar The Outer Worlds 2 PC - S\u00e1tira Corporativa\" \/><\/p>\n<div class=\"lies-of-p-card-content\">\n<h3>M\u00c1S S\u00c1TIRA CORPORATIVA<\/h3>\n<p>R\u00ede y enc\u00f3gete ante las absurdidades del espacio controlado por corporaciones, donde el beneficio siempre est\u00e1 por encima de las personas.<\/p>\n<\/div>\n<\/div>\n<p><!-- Tarjeta 3: Compa\u00f1eros Fascinantes --><\/p>\n<div class=\"lies-of-p-card\">\n<p><img decoding=\"async\" title=\"The Outer Worlds 2 - Sistema de Compa\u00f1eros\" src=\"https:\/\/shared.fastly.steamstatic.com\/store_item_assets\/steam\/apps\/760800\/extras\/TOW_GIF_03.gif?t=1639593121\" alt=\"The Outer Worlds 2 para PC - Compa\u00f1eros Fascinantes\" \/><\/p>\n<div class=\"lies-of-p-card-content\">\n<h3>COMPA\u00d1EROS FASCINANTES<\/h3>\n<p>Recluta una tripulaci\u00f3n diversa de compa\u00f1eros memorables, cada uno con sus propias historias, habilidades y peculiaridades hilarantes.<\/p>\n<\/div>\n<\/div>\n<\/div>\n<\/div>\n<\/div>\n","protected":false},"excerpt":{"rendered":"<table class=\"info-table\">\n<thead>\n<tr class=\"header-row\">\n<th>Status<\/th>\n<th>INFORMATION<\/th>\n<\/tr>\n<\/thead>\n<tbody>\n<tr>\n<td class=\"status-cell\">\n<div class=\"status-title\">\ud83d\ude80 IMMEDIATE DELIVERY<\/div>\n<div class=\"status-subtitle\">Get instant access<\/div>\n<\/td>\n<td class=\"info-cell\">\n<div class=\"info-box\">\n<div class=\"info-title\">ATTENTION<\/div>\n<div class=\"info-content\">READ THE DESCRIPTION<\/div>\n<\/div>\n<\/td>\n<\/tr>\n<tr>\n<td class=\"status-cell\">\n<div class=\"status-title\">\ud83d\udcb0 Is this site trustworthy?<\/div>\n<div class=\"status-subtitle\">+ 4 years selling games<\/div>\n<\/td>\n<td class=\"info-cell\">\n<div class=\"info-box\">\n<div class=\"info-title\">Acess:<\/div>\n<div class=\"info-content\">\n<div data-src=\"https:\/\/cdn.trustindex.io\/loader.js?7fd81be38eb695098c8683dcf1c\"><\/div>\n<\/div>\n<\/div>\n<\/td>\n<\/tr>\n<\/tbody>\n<\/table>\n","protected":false},"featured_media":7107051,"comment_status":"open","ping_status":"closed","template":"","meta":[],"product_brand":[],"product_cat":[325,327,335,355,359],"product_tag":[471,465],"class_list":{"0":"post-7107053","1":"product","2":"type-product","3":"status-publish","4":"has-post-thumbnail","6":"product_cat-accion-es","7":"product_cat-aventura-es","8":"product_cat-juegos-es","9":"product_cat-lanzamientos","10":"product_cat-rpg-es","11":"product_tag-ciencia-ficcion-es","12":"product_tag-rpg-es","14":"first","15":"instock","16":"downloadable","17":"virtual","18":"purchasable","19":"product-type-simple"},"exclude_global_add_ons":[],"addons":[],"_links":{"self":[{"href":"https:\/\/gamesbestprices.com\/es\/wp-json\/wp\/v2\/product\/7107053","targetHints":{"allow":["GET"]}}],"collection":[{"href":"https:\/\/gamesbestprices.com\/es\/wp-json\/wp\/v2\/product"}],"about":[{"href":"https:\/\/gamesbestprices.com\/es\/wp-json\/wp\/v2\/types\/product"}],"replies":[{"embeddable":true,"href":"https:\/\/gamesbestprices.com\/es\/wp-json\/wp\/v2\/comments?post=7107053"}],"wp:featuredmedia":[{"embeddable":true,"href":"https:\/\/gamesbestprices.com\/es\/wp-json\/wp\/v2\/media\/7107051"}],"wp:attachment":[{"href":"https:\/\/gamesbestprices.com\/es\/wp-json\/wp\/v2\/media?parent=7107053"}],"wp:term":[{"taxonomy":"product_brand","embeddable":true,"href":"https:\/\/gamesbestprices.com\/es\/wp-json\/wp\/v2\/product_brand?post=7107053"},{"taxonomy":"product_cat","embeddable":true,"href":"https:\/\/gamesbestprices.com\/es\/wp-json\/wp\/v2\/product_cat?post=7107053"},{"taxonomy":"product_tag","embeddable":true,"href":"https:\/\/gamesbestprices.com\/es\/wp-json\/wp\/v2\/product_tag?post=7107053"}],"curies":[{"name":"wp","href":"https:\/\/api.w.org\/{rel}","templated":true}]}}