{"id":7107033,"date":"2026-04-09T09:32:46","date_gmt":"2026-04-09T09:32:46","guid":{"rendered":""},"modified":"2026-04-09T09:34:17","modified_gmt":"2026-04-09T09:34:17","slug":"nioh-3-deluxe-edition-pc-steam-offline-es","status":"publish","type":"product","link":"https:\/\/gamesbestprices.com\/es\/producto\/nioh-3-deluxe-edition-pc-steam-offline-es\/","title":{"rendered":"Nioh 3 Deluxe Edition PC Steam Offline"},"content":{"rendered":"<p><!-- NIOH 3 DELUXE EDITION PC STEAM OFFLINE - Clean HTML with CSS Classes --><\/p>\n<div class=\"lies-of-p-container\">\n<p><!-- Main Banner --><\/p>\n<div class=\"lies-of-p-banner\">\n<h1>NIOH 3 DELUXE EDITION PC STEAM OFFLINE<\/h1>\n<p>Emb\u00e1rcate en un nuevo viaje como un maestro samur\u00e1i.<\/p>\n<\/div>\n<p><!-- Purchase Alert --><\/p>\n<div class=\"lies-of-p-alerta\">\u26a0\ufe0f \u00a1NUEVA ERA DE ACCI\u00d3N SAMUR\u00c1I &#8211; CAZADOR DE YOKAI DEFINITIVO! \u26a0\ufe0f<\/div>\n<p><!-- Offline Mode --><\/p>\n<div class=\"lies-of-p-offline\">\n<h3>\ud83c\udfae \u00a1DISFRUTA OFFLINE CON M\u00c1XIMOS AHORROS! \ud83c\udfae<\/h3>\n<p>\u00a1Disfruta del modo <strong>OFFLINE<\/strong> con absoluta libertad!<\/p>\n<div class=\"lies-of-p-beneficios\">\n<p>\u2705 Utilizar\u00e1s <strong>CREDENCIALES DE ACCESO (CUENTA \u00daNICA)<\/strong> que te proporcionaremos<\/p>\n<p>\u2705 <strong>JUEGA A TRAV\u00c9S DE LA CUENTA PROPORCIONADA<\/strong> sin obst\u00e1culos<\/p>\n<p>\u2705 Acceso completo al t\u00edtulo y a todos los parches<\/p>\n<\/div>\n<p class=\"lies-of-p-economia\">Podr\u00e1s jugar sin problemas cuando quieras<\/p>\n<p class=\"lies-of-p-economia-destaque\">\ud83d\udcb0 \u00a1AHORRANDO MUCHO y \ud83c\udfaf DIVIRTI\u00c9NDOTE A LO GRANDE!<\/p>\n<\/div>\n<p><!-- Promotional Video --><\/p>\n<div class=\"lies-of-p-video\">\n<h2>Ver el tr\u00e1iler de Nioh 3<\/h2>\n<div class=\"lies-of-p-video-container\">\n<div class=\"lies-of-p-video-responsive\"><iframe title=\"Reproductor de video de YouTube\" src=\"https:\/\/www.youtube-nocookie.com\/embed\/30C75tjO3ms\" frameborder=\"0\" allowfullscreen=\"allowfullscreen\"><\/iframe><\/div>\n<\/div>\n<\/div>\n<p><!-- System Requirements --><\/p>\n<div class=\"lies-of-p-requisitos\">\n<h2>Especificaciones del sistema<\/h2>\n<div class=\"lies-of-p-requisitos-grid\">\n<p><!-- Minimum Requirements --><\/p>\n<div class=\"lies-of-p-requisitos-box\">\n<h3>M\u00ednimos<\/h3>\n<ul class=\"lies-of-p-requisitos-lista\">\n<li>\u25b9<strong>SO:<\/strong> Por anunciar<\/li>\n<li>\u25b9<strong>Procesador:<\/strong> Por anunciar<\/li>\n<li>\u25b9<strong>Memoria:<\/strong> Por anunciar<\/li>\n<li>\u25b9<strong>Tarjeta Gr\u00e1fica:<\/strong> Por anunciar<\/li>\n<li>\u25b9<strong>DirectX:<\/strong> Por anunciar<\/li>\n<li>\u25b9<strong>Almacenamiento:<\/strong> Por anunciar<\/li>\n<\/ul>\n<\/div>\n<p><!-- Recommended Requirements --><\/p>\n<div class=\"lies-of-p-requisitos-box\">\n<h3>Recomendados<\/h3>\n<ul class=\"lies-of-p-requisitos-lista\">\n<li>\u25b9<strong>SO:<\/strong> Por anunciar<\/li>\n<li>\u25b9<strong>Procesador:<\/strong> Por anunciar<\/li>\n<li>\u25b9<strong>Memoria:<\/strong> Por anunciar<\/li>\n<li>\u25b9<strong>Tarjeta Gr\u00e1fica:<\/strong> Por anunciar<\/li>\n<li>\u25b9<strong>DirectX:<\/strong> Por anunciar<\/li>\n<li>\u25b9<strong>Almacenamiento:<\/strong> Por anunciar<\/li>\n<\/ul>\n<\/div>\n<\/div>\n<\/div>\n<p><!-- About the Game --><\/p>\n<div class=\"lies-of-p-sobre\">\n<h2>Acerca de Nioh 3<\/h2>\n<p><strong>Forja tu leyenda. Conquista a los Yokai.<\/strong><\/p>\n<p>Comprar <strong>Nioh 3 PC<\/strong> significa experimentar la pr\u00f3xima evoluci\u00f3n en la serie Nioh. Prep\u00e1rate para enfrentarte a demonios implacables y dominar el arte del combate en una experiencia desafiante y gratificante que pondr\u00e1 a prueba tus habilidades en <strong>Nioh 3 Steam<\/strong>.<\/p>\n<p>Bas\u00e1ndose en sus aclamados predecesores, Nioh 3 ofrece mec\u00e1nicas de combate m\u00e1s profundas, una rica narrativa ambientada en un Jap\u00f3n Sengoku de fantas\u00eda oscura, y una jugabilidad m\u00e1s inmersiva que nunca en <strong>Nioh 3 para PC<\/strong>. Contin\u00faa tu saga \u00e9pica como un guerrero h\u00e1bil en una tierra asolada por la guerra y las amenazas sobrenaturales.<\/p>\n<p><strong>\u00abLa experiencia definitiva de RPG de acci\u00f3n samur\u00e1i te espera.\u00bb<\/strong><\/p>\n<\/div>\n<p><!-- Features in Cards --><\/p>\n<div class=\"lies-of-p-destaques\">\n<h2>Caracter\u00edsticas del Juego<\/h2>\n<div class=\"lies-of-p-cards-grid\">\n<p><!-- Card 1: Brutal Combat --><\/p>\n<div class=\"lies-of-p-card\">\n<p><img decoding=\"async\" title=\"Nioh 3 para PC - Combate Brutal\" src=\"https:\/\/shared.fastly.steamstatic.com\/store_item_assets\/steam\/apps\/3764200\/extras\/Steam_GIF_01_RE.gif?t=1750810100\" alt=\"Nioh 3 PC Steam Offline - Combate Samur\u00e1i Brutal\" \/><\/p>\n<div class=\"lies-of-p-card-content\">\n<h3>COMBATE SAMUR\u00c1I BRUTAL<\/h3>\n<p>Domina el camino del samur\u00e1i y desata ataques devastadores contra formidables Yokai y enemigos humanos.<\/p>\n<\/div>\n<\/div>\n<p><!-- Card 2: Feudal Japan Setting --><\/p>\n<div class=\"lies-of-p-card\">\n<p><img decoding=\"async\" title=\"Nioh 3 Steam - Jap\u00f3n Feudal\" src=\"https:\/\/shared.fastly.steamstatic.com\/store_item_assets\/steam\/apps\/3764200\/extras\/Steam_GIF_02.gif?t=1750810100\" alt=\"Comprar Nioh 3 PC - Ambientaci\u00f3n en el Jap\u00f3n Feudal\" \/><\/p>\n<div class=\"lies-of-p-card-content\">\n<h3>AMBIENTACI\u00d3N EN EL JAP\u00d3N FEUDAL<\/h3>\n<p>Viaja a trav\u00e9s de una representaci\u00f3n de fantas\u00eda oscura del Jap\u00f3n de la era Sengoku, repleta de criaturas m\u00edticas y figuras hist\u00f3ricas.<\/p>\n<\/div>\n<\/div>\n<p><!-- Card 3: Deep RPG Mechanics --><\/p>\n<div class=\"lies-of-p-card\">\n<p><img decoding=\"async\" title=\"Nioh 3 - RPG Profundo\" src=\"https:\/\/shared.fastly.steamstatic.com\/store_item_assets\/steam\/apps\/3764200\/extras\/Steam_GIF_04.gif?t=1750810100\" alt=\"Nioh 3 para PC - Mec\u00e1nicas RPG\" \/><\/p>\n<div class=\"lies-of-p-card-content\">\n<h3>MEC\u00c1NICAS RPG PROFUNDAS<\/h3>\n<p>Personaliza tu personaje, perfecciona tus habilidades y colecciona equipo poderoso para superar los encuentros m\u00e1s desafiantes.<\/p>\n<\/div>\n<\/div>\n<\/div>\n<\/div>\n<\/div>\n","protected":false},"excerpt":{"rendered":"<table class=\"info-table\">\n<thead>\n<tr class=\"header-row\">\n<th>Status<\/th>\n<th>INFORMATION<\/th>\n<\/tr>\n<\/thead>\n<tbody>\n<tr>\n<td class=\"status-cell\">\n<div class=\"status-title\">\ud83d\ude80 IMMEDIATE DELIVERY<\/div>\n<div class=\"status-subtitle\">Get instant access<\/div>\n<\/td>\n<td class=\"info-cell\">\n<div class=\"info-box\">\n<div class=\"info-title\">ATTENTION<\/div>\n<div class=\"info-content\">READ THE DESCRIPTION<\/div>\n<\/div>\n<\/td>\n<\/tr>\n<tr>\n<td class=\"status-cell\">\n<div class=\"status-title\">\ud83d\udcb0 Is this site trustworthy?<\/div>\n<div class=\"status-subtitle\">+ 4 years selling games<\/div>\n<\/td>\n<td class=\"info-cell\">\n<div class=\"info-box\">\n<div class=\"info-title\">Acess:<\/div>\n<div class=\"info-content\">\n<div data-src=\"https:\/\/cdn.trustindex.io\/loader.js?7fd81be38eb695098c8683dcf1c\"><\/div>\n<\/div>\n<\/div>\n<\/td>\n<\/tr>\n<\/tbody>\n<\/table>\n","protected":false},"featured_media":7107031,"comment_status":"open","ping_status":"closed","template":"","meta":[],"product_brand":[],"product_cat":[325,335,355,359],"product_tag":[465,477],"class_list":{"0":"post-7107033","1":"product","2":"type-product","3":"status-publish","4":"has-post-thumbnail","6":"product_cat-accion-es","7":"product_cat-juegos-es","8":"product_cat-lanzamientos","9":"product_cat-rpg-es","10":"product_tag-rpg-es","11":"product_tag-souls-like-es","13":"first","14":"instock","15":"downloadable","16":"virtual","17":"purchasable","18":"product-type-simple"},"exclude_global_add_ons":[],"addons":[],"_links":{"self":[{"href":"https:\/\/gamesbestprices.com\/es\/wp-json\/wp\/v2\/product\/7107033","targetHints":{"allow":["GET"]}}],"collection":[{"href":"https:\/\/gamesbestprices.com\/es\/wp-json\/wp\/v2\/product"}],"about":[{"href":"https:\/\/gamesbestprices.com\/es\/wp-json\/wp\/v2\/types\/product"}],"replies":[{"embeddable":true,"href":"https:\/\/gamesbestprices.com\/es\/wp-json\/wp\/v2\/comments?post=7107033"}],"wp:featuredmedia":[{"embeddable":true,"href":"https:\/\/gamesbestprices.com\/es\/wp-json\/wp\/v2\/media\/7107031"}],"wp:attachment":[{"href":"https:\/\/gamesbestprices.com\/es\/wp-json\/wp\/v2\/media?parent=7107033"}],"wp:term":[{"taxonomy":"product_brand","embeddable":true,"href":"https:\/\/gamesbestprices.com\/es\/wp-json\/wp\/v2\/product_brand?post=7107033"},{"taxonomy":"product_cat","embeddable":true,"href":"https:\/\/gamesbestprices.com\/es\/wp-json\/wp\/v2\/product_cat?post=7107033"},{"taxonomy":"product_tag","embeddable":true,"href":"https:\/\/gamesbestprices.com\/es\/wp-json\/wp\/v2\/product_tag?post=7107033"}],"curies":[{"name":"wp","href":"https:\/\/api.w.org\/{rel}","templated":true}]}}