{"id":7107013,"date":"2026-04-09T09:29:28","date_gmt":"2026-04-09T09:29:28","guid":{"rendered":""},"modified":"2026-04-09T09:30:50","modified_gmt":"2026-04-09T09:30:50","slug":"reanimal-deluxe-pc-steam-offline-es","status":"publish","type":"product","link":"https:\/\/gamesbestprices.com\/es\/producto\/reanimal-deluxe-pc-steam-offline-es\/","title":{"rendered":"Reanimal Deluxe PC Steam Offline"},"content":{"rendered":"<p><!-- REANIMAL DELUXE PC STEAM OFFLINE - HTML Limpio con Clases CSS --><\/p>\n<div class=\"lies-of-p-container\">\n<p><!-- Banner Principal --><\/p>\n<div class=\"lies-of-p-banner\">\n<h1>REANIMAL DELUXE PC STEAM OFFLINE<\/h1>\n<p>La naturaleza llama. Resp\u00f3ndele.<\/p>\n<\/div>\n<p><!-- Alerta de Compra --><\/p>\n<div class=\"lies-of-p-alerta\">\u26a0\ufe0f \u00a1DESATA LA BESTIA &#8211; SUPERVIVENCIA ANIMAL DEFINITIVA! \u26a0\ufe0f<\/div>\n<p><!-- Modo Offline --><\/p>\n<div class=\"lies-of-p-offline\">\n<h3>\ud83c\udfae \u00a1DISFRUTA OFFLINE CON EL M\u00c1XIMO AHORRO! \ud83c\udfae<\/h3>\n<p>\u00a1Disfruta del modo <strong>OFFLINE<\/strong> con absoluta libertad!<\/p>\n<div class=\"lies-of-p-beneficios\">\n<p>\u2705 Utilizar\u00e1s <strong>CREDENCIALES DE ACCESO (CUENTA \u00daNICA)<\/strong> que te proporcionaremos<\/p>\n<p>\u2705 <strong>JUEGA A TRAV\u00c9S DE LA CUENTA PROPORCIONADA<\/strong> sin obst\u00e1culos<\/p>\n<p>\u2705 Acceso completo al t\u00edtulo y a todos los parches<\/p>\n<\/div>\n<p class=\"lies-of-p-economia\">Podr\u00e1s jugar sin problemas cuando quieras<\/p>\n<p class=\"lies-of-p-economia-destaque\">\ud83d\udcb0 \u00a1AHORRANDO MUCHO y \ud83c\udfaf DIVIRTI\u00c9NDOTE A LO GRANDE!<\/p>\n<\/div>\n<p><!-- Video Promocional --><\/p>\n<div class=\"lies-of-p-video\">\n<h2>Mira el Tr\u00e1iler de Reanimal<\/h2>\n<div class=\"lies-of-p-video-container\">\n<div class=\"lies-of-p-video-responsive\"><iframe title=\"Reproductor de video de YouTube\" src=\"https:\/\/www.youtube-nocookie.com\/embed\/V6NhwZpqo3Q\" frameborder=\"0\" allowfullscreen=\"allowfullscreen\"><\/iframe><\/div>\n<\/div>\n<\/div>\n<p><!-- Requisitos del Sistema --><\/p>\n<div class=\"lies-of-p-requisitos\">\n<h2>Especificaciones del Sistema<\/h2>\n<div class=\"lies-of-p-requisitos-grid\">\n<p><!-- Requisitos M\u00ednimos --><\/p>\n<div class=\"lies-of-p-requisitos-box\">\n<h3>M\u00ednimos<\/h3>\n<ul class=\"lies-of-p-requisitos-lista\">\n<li>\u25b9<strong>SO:<\/strong> Por anunciar<\/li>\n<li>\u25b9<strong>Procesador:<\/strong> Por anunciar<\/li>\n<li>\u25b9<strong>Memoria:<\/strong> Por anunciar<\/li>\n<li>\u25b9<strong>Tarjeta Gr\u00e1fica:<\/strong> Por anunciar<\/li>\n<li>\u25b9<strong>DirectX:<\/strong> Por anunciar<\/li>\n<li>\u25b9<strong>Almacenamiento:<\/strong> Por anunciar<\/li>\n<\/ul>\n<\/div>\n<p><!-- Requisitos Recomendados --><\/p>\n<div class=\"lies-of-p-requisitos-box\">\n<h3>Recomendados<\/h3>\n<ul class=\"lies-of-p-requisitos-lista\">\n<li>\u25b9<strong>SO:<\/strong> Por anunciar<\/li>\n<li>\u25b9<strong>Procesador:<\/strong> Por anunciar<\/li>\n<li>\u25b9<strong>Memoria:<\/strong> Por anunciar<\/li>\n<li>\u25b9<strong>Tarjeta Gr\u00e1fica:<\/strong> Por anunciar<\/li>\n<li>\u25b9<strong>DirectX:<\/strong> Por anunciar<\/li>\n<li>\u25b9<strong>Almacenamiento:<\/strong> Por anunciar<\/li>\n<\/ul>\n<\/div>\n<\/div>\n<\/div>\n<p><!-- Acerca del Juego --><\/p>\n<div class=\"lies-of-p-sobre\">\n<h2>Acerca de Reanimal<\/h2>\n<p><strong>La supervivencia del m\u00e1s apto. La evoluci\u00f3n de lo salvaje.<\/strong><\/p>\n<p>Comprar <strong>Reanimal PC<\/strong> significa embarcarse en un viaje \u00e9pico donde te transformas y adaptas para sobrevivir. Prep\u00e1rate para desatar tus instintos primarios en una emocionante experiencia que pondr\u00e1 a prueba tus l\u00edmites en <strong>Reanimal Steam<\/strong>.<\/p>\n<p>Un dise\u00f1o de vanguardia combinado con una profunda comprensi\u00f3n del reino animal crea un mundo de ecosistemas complejos y una jugabilidad m\u00e1s inmersiva que nunca en <strong>Reanimal for PC<\/strong>. Descubre territorios ind\u00f3mitos y domina el arte de la transformaci\u00f3n.<\/p>\n<p><strong>\u00abUna nueva era de supervivencia primigenia comienza ahora.\u00bb<\/strong><\/p>\n<\/div>\n<p><!-- Caracter\u00edsticas en Tarjetas --><\/p>\n<div class=\"lies-of-p-destaques\">\n<h2>Caracter\u00edsticas del Juego<\/h2>\n<div class=\"lies-of-p-cards-grid\">\n<p><!-- Tarjeta 1: Instintos Primarios --><\/p>\n<div class=\"lies-of-p-card\">\n<p><img decoding=\"async\" title=\"Reanimal PC - Instintos Primarios\" src=\"https:\/\/shared.fastly.steamstatic.com\/store_item_assets\/steam\/apps\/3764200\/extras\/Steam_GIF_01_RE.gif?t=1750810100\" alt=\"Reanimal PC Steam Offline - Instintos Primarios Despertados\" \/><\/p>\n<div class=\"lies-of-p-card-content\">\n<h3>INSTINTOS PRIMARIOS DESPERTADOS<\/h3>\n<p>Experimenta la supervivencia pura e ind\u00f3mita mientras abrazas a tu bestia interior, navegando por un mundo brutal de depredadores y presas.<\/p>\n<\/div>\n<\/div>\n<p><!-- Tarjeta 2: Explora la Naturaleza Salvaje --><\/p>\n<div class=\"lies-of-p-card\">\n<p><img decoding=\"async\" title=\"Reanimal Steam - Naturaleza Salvaje Ind\u00f3mita\" src=\"https:\/\/shared.fastly.steamstatic.com\/store_item_assets\/steam\/apps\/3764200\/extras\/Steam_GIF_02.gif?t=1750810100\" alt=\"Comprar Reanimal PC - Explora la Vasta Naturaleza Salvaje\" \/><\/p>\n<div class=\"lies-of-p-card-content\">\n<h3>EXPLORA LA VASTA NATURALEZA SALVAJE<\/h3>\n<p>Viaja a trav\u00e9s de paisajes extensos e ind\u00f3mitos, desde densos bosques hasta desiertos \u00e1ridos, cada uno con sus propios desaf\u00edos \u00fanicos y secretos ocultos.<\/p>\n<\/div>\n<\/div>\n<p><!-- Tarjeta 3: Domina las Formas Animales --><\/p>\n<div class=\"lies-of-p-card\">\n<p><img decoding=\"async\" title=\"Reanimal - Domina las Formas Animales\" src=\"https:\/\/shared.fastly.steamstatic.com\/store_item_assets\/steam\/apps\/3764200\/extras\/Steam_GIF_04.gif?t=1750810100\" alt=\"Reanimal para PC - Transf\u00f3rmate y Ad\u00e1ptate\" \/><\/p>\n<div class=\"lies-of-p-card-content\">\n<h3>DOMINA LAS FORMAS ANIMALES<\/h3>\n<p>Transf\u00f3rmate en varias criaturas, cada una con habilidades y estilos de juego \u00fanicos, lo que permite una jugabilidad diversa y una supervivencia estrat\u00e9gica.<\/p>\n<\/div>\n<\/div>\n<\/div>\n<\/div>\n<\/div>\n","protected":false},"excerpt":{"rendered":"<table class=\"info-table\">\n<thead>\n<tr class=\"header-row\">\n<th>Status<\/th>\n<th>INFORMATION<\/th>\n<\/tr>\n<\/thead>\n<tbody>\n<tr>\n<td class=\"status-cell\">\n<div class=\"status-title\">\ud83d\ude80 IMMEDIATE DELIVERY<\/div>\n<div class=\"status-subtitle\">Get instant access<\/div>\n<\/td>\n<td class=\"info-cell\">\n<div class=\"info-box\">\n<div class=\"info-title\">ATTENTION<\/div>\n<div class=\"info-content\">READ THE DESCRIPTION<\/div>\n<\/div>\n<\/td>\n<\/tr>\n<tr>\n<td class=\"status-cell\">\n<div class=\"status-title\">\ud83d\udcb0 Is this site trustworthy?<\/div>\n<div class=\"status-subtitle\">+ 4 years selling games<\/div>\n<\/td>\n<td class=\"info-cell\">\n<div class=\"info-box\">\n<div class=\"info-title\">Acess:<\/div>\n<div class=\"info-content\">\n<div data-src=\"https:\/\/cdn.trustindex.io\/loader.js?7fd81be38eb695098c8683dcf1c\"><\/div>\n<\/div>\n<\/div>\n<\/td>\n<\/tr>\n<\/tbody>\n<\/table>\n","protected":false},"featured_media":7107011,"comment_status":"open","ping_status":"closed","template":"","meta":[],"product_brand":[],"product_cat":[327,335,355],"product_tag":[],"class_list":{"0":"post-7107013","1":"product","2":"type-product","3":"status-publish","4":"has-post-thumbnail","6":"product_cat-aventura-es","7":"product_cat-juegos-es","8":"product_cat-lanzamientos","10":"first","11":"instock","12":"downloadable","13":"virtual","14":"purchasable","15":"product-type-simple"},"exclude_global_add_ons":[],"addons":[],"_links":{"self":[{"href":"https:\/\/gamesbestprices.com\/es\/wp-json\/wp\/v2\/product\/7107013","targetHints":{"allow":["GET"]}}],"collection":[{"href":"https:\/\/gamesbestprices.com\/es\/wp-json\/wp\/v2\/product"}],"about":[{"href":"https:\/\/gamesbestprices.com\/es\/wp-json\/wp\/v2\/types\/product"}],"replies":[{"embeddable":true,"href":"https:\/\/gamesbestprices.com\/es\/wp-json\/wp\/v2\/comments?post=7107013"}],"wp:featuredmedia":[{"embeddable":true,"href":"https:\/\/gamesbestprices.com\/es\/wp-json\/wp\/v2\/media\/7107011"}],"wp:attachment":[{"href":"https:\/\/gamesbestprices.com\/es\/wp-json\/wp\/v2\/media?parent=7107013"}],"wp:term":[{"taxonomy":"product_brand","embeddable":true,"href":"https:\/\/gamesbestprices.com\/es\/wp-json\/wp\/v2\/product_brand?post=7107013"},{"taxonomy":"product_cat","embeddable":true,"href":"https:\/\/gamesbestprices.com\/es\/wp-json\/wp\/v2\/product_cat?post=7107013"},{"taxonomy":"product_tag","embeddable":true,"href":"https:\/\/gamesbestprices.com\/es\/wp-json\/wp\/v2\/product_tag?post=7107013"}],"curies":[{"name":"wp","href":"https:\/\/api.w.org\/{rel}","templated":true}]}}