{"id":7107003,"date":"2026-04-09T09:27:42","date_gmt":"2026-04-09T09:27:42","guid":{"rendered":""},"modified":"2026-04-09T09:29:06","modified_gmt":"2026-04-09T09:29:06","slug":"fatal-frame-ii-crimson-butterfly-remake-deluxe-edition-pc-steam-offline-es","status":"publish","type":"product","link":"https:\/\/gamesbestprices.com\/es\/producto\/fatal-frame-ii-crimson-butterfly-remake-deluxe-edition-pc-steam-offline-es\/","title":{"rendered":"Fatal Frame II Crimson Butterfly Remake Deluxe Edition PC Steam Offline"},"content":{"rendered":"<p><!-- FATAL FRAME II CRIMSON BUTTERFLY REMAKE - HTML Limpio con Clases CSS --><\/p>\n<div class=\"lies-of-p-container\">\n<p><!-- Banner Principal --><\/p>\n<div class=\"lies-of-p-banner\">\n<h1>FATAL FRAME II CRIMSON BUTTERFLY REMAKE DELUXE PC STEAM OFFLINE<\/h1>\n<p>La escalofriante historia de dos hermanas se desarrolla en una nueva visi\u00f3n aterradora.<\/p>\n<\/div>\n<p><!-- Alerta de Compra --><\/p>\n<div class=\"lies-of-p-alerta\">\u26a0\ufe0f \u00a1DESVELA LA MALDICI\u00d3N &#8211; HORROR DE SUPERVIVENCIA DEFINITIVO! \u26a0\ufe0f<\/div>\n<p><!-- Modo Sin Conexi\u00f3n --><\/p>\n<div class=\"lies-of-p-offline\">\n<h3>\ud83c\udfae \u00a1DISFRUTA SIN CONEXI\u00d3N CON EL M\u00c1XIMO AHORRO! \ud83c\udfae<\/h3>\n<p>\u00a1Disfruta del modo <strong>SIN CONEXI\u00d3N<\/strong> con absoluta libertad!<\/p>\n<div class=\"lies-of-p-beneficios\">\n<p>\u2705 Utilizar\u00e1s <strong>CREDENCIALES DE ACCESO (CUENTA \u00daNICA)<\/strong> que te proporcionaremos<\/p>\n<p>\u2705 <strong>JUEGA A TRAV\u00c9S DE LA CUENTA PROPORCIONADA<\/strong> sin obst\u00e1culos<\/p>\n<p>\u2705 Acceso completo al t\u00edtulo y a todos los parches<\/p>\n<\/div>\n<p class=\"lies-of-p-economia\">Podr\u00e1s jugar sin problemas cuando quieras<\/p>\n<p class=\"lies-of-p-economia-destaque\">\ud83d\udcb0 \u00a1AHORRANDO MUCHO y \ud83c\udfaf DIVIRTI\u00c9NDOTE A LO GRANDE!<\/p>\n<\/div>\n<p><!-- Video Promocional --><\/p>\n<div class=\"lies-of-p-video\">\n<h2>Mira el Tr\u00e1iler de Fatal Frame II Crimson Butterfly Remake<\/h2>\n<div class=\"lies-of-p-video-container\">\n<div class=\"lies-of-p-video-responsive\"><iframe title=\"Reproductor de video de YouTube\" src=\"https:\/\/www.youtube-nocookie.com\/embed\/D93fpaZQ-7w\" frameborder=\"0\" allowfullscreen=\"allowfullscreen\"><\/iframe><\/div>\n<\/div>\n<\/div>\n<p><!-- Requisitos del Sistema --><\/p>\n<div class=\"lies-of-p-requisitos\">\n<h2>Especificaciones del Sistema<\/h2>\n<div class=\"lies-of-p-requisitos-grid\">\n<p><!-- Requisitos M\u00ednimos --><\/p>\n<div class=\"lies-of-p-requisitos-box\">\n<h3>M\u00ednimos<\/h3>\n<ul class=\"lies-of-p-requisitos-lista\">\n<li>\u25b9<strong>SO:<\/strong> Por anunciar<\/li>\n<li>\u25b9<strong>Procesador:<\/strong> Por anunciar<\/li>\n<li>\u25b9<strong>Memoria:<\/strong> Por anunciar<\/li>\n<li>\u25b9<strong>Tarjeta Gr\u00e1fica:<\/strong> Por anunciar<\/li>\n<li>\u25b9<strong>DirectX:<\/strong> Por anunciar<\/li>\n<li>\u25b9<strong>Almacenamiento:<\/strong> Por anunciar<\/li>\n<\/ul>\n<\/div>\n<p><!-- Requisitos Recomendados --><\/p>\n<div class=\"lies-of-p-requisitos-box\">\n<h3>Recomendados<\/h3>\n<ul class=\"lies-of-p-requisitos-lista\">\n<li>\u25b9<strong>SO:<\/strong> Por anunciar<\/li>\n<li>\u25b9<strong>Procesador:<\/strong> Por anunciar<\/li>\n<li>\u25b9<strong>Memoria:<\/strong> Por anunciar<\/li>\n<li>\u25b9<strong>Tarjeta Gr\u00e1fica:<\/strong> Por anunciar<\/li>\n<li>\u25b9<strong>DirectX:<\/strong> Por anunciar<\/li>\n<li>\u25b9<strong>Almacenamiento:<\/strong> Por anunciar<\/li>\n<\/ul>\n<\/div>\n<\/div>\n<\/div>\n<p><!-- Acerca del Juego --><\/p>\n<div class=\"lies-of-p-sobre\">\n<h2>Acerca de Fatal Frame II Crimson Butterfly Remake<\/h2>\n<p><strong>El pueblo llama. Los esp\u00edritus esperan.<\/strong><\/p>\n<p>Comprar <strong>Fatal Frame II Crimson Butterfly Remake PC<\/strong> significa revivir el querido cl\u00e1sico con mejoras modernas. Prep\u00e1rate para escapar de las garras de esp\u00edritus vengativos en una experiencia aterradora que te helar\u00e1 la sangre en <strong>Fatal Frame II Crimson Butterfly Remake Steam<\/strong>.<\/p>\n<p>La evoluci\u00f3n tecnol\u00f3gica combinada con la amplia experiencia de los creadores se une en una historia con personajes complejos y una jugabilidad m\u00e1s inmersiva que nunca en <strong>Fatal Frame II Crimson Butterfly Remake para PC<\/strong>. Regresa una vez m\u00e1s al pueblo maldito de Minakami, donde el ritual del Sacrificio Carmes\u00ed te espera.<\/p>\n<p><strong>\u00abUna nueva visi\u00f3n del horror cl\u00e1sico te espera.\u00bb<\/strong><\/p>\n<\/div>\n<p><!-- Caracter\u00edsticas en Tarjetas --><\/p>\n<div class=\"lies-of-p-destaques\">\n<h2>Caracter\u00edsticas del Juego<\/h2>\n<div class=\"lies-of-p-cards-grid\">\n<p><!-- Tarjeta 1: Horror Psicol\u00f3gico --><\/p>\n<div class=\"lies-of-p-card\">\n<p><img decoding=\"async\" title=\"Fatal Frame II Crimson Butterfly Remake para PC - Horror\" src=\"https:\/\/shared.fastly.steamstatic.com\/store_item_assets\/steam\/apps\/3764200\/extras\/Steam_GIF_01_RE.gif?t=1750810100\" alt=\"Fatal Frame II Crimson Butterfly Remake PC Steam Offline - Horror Psicol\u00f3gico\" \/><\/p>\n<div class=\"lies-of-p-card-content\">\n<h3>HORROR PSICOL\u00d3GICO INTENSO<\/h3>\n<p>Experimenta el cl\u00e1sico horror de supervivencia de la serie a trav\u00e9s del combate con la C\u00e1mara Oscura, la investigaci\u00f3n, los rompecabezas y la gesti\u00f3n de recursos.<\/p>\n<\/div>\n<\/div>\n<p><!-- Tarjeta 2: Pueblo Maldito --><\/p>\n<div class=\"lies-of-p-card\">\n<p><img decoding=\"async\" title=\"Fatal Frame II Crimson Butterfly Remake Steam - Pueblo Maldito\" src=\"https:\/\/shared.fastly.steamstatic.com\/store_item_assets\/steam\/apps\/3764200\/extras\/Steam_GIF_02.gif?t=1750810100\" alt=\"Comprar Fatal Frame II Crimson Butterfly Remake PC - Pueblo Minakami\" \/><\/p>\n<div class=\"lies-of-p-card-content\">\n<h3>REGRESA AL PUEBLO DE MINAKAMI<\/h3>\n<p>Regresa una vez m\u00e1s al pueblo maldito de Minakami, donde se desarrolla el escalofriante ritual del Sacrificio Carmes\u00ed.<\/p>\n<\/div>\n<\/div>\n<p><!-- Tarjeta 3: Jugabilidad Mejorada --><\/p>\n<div class=\"lies-of-p-card\">\n<p><img decoding=\"async\" title=\"Fatal Frame II Crimson Butterfly Remake - Experiencia Modernizada\" src=\"https:\/\/shared.fastly.steamstatic.com\/store_item_assets\/steam\/apps\/3764200\/extras\/Steam_GIF_04.gif?t=1750810100\" alt=\"Fatal Frame II Crimson Butterfly Remake para PC - Jugabilidad\" \/><\/p>\n<div class=\"lies-of-p-card-content\">\n<h3>JUGABILIDAD Y GR\u00c1FICOS MODERNIZADOS<\/h3>\n<p>Experimenta la aterradora historia con impresionantes gr\u00e1ficos modernos, controles mejorados y un dise\u00f1o de sonido inmersivo para una nueva generaci\u00f3n de horror.<\/p>\n<\/div>\n<\/div>\n<\/div>\n<\/div>\n<\/div>\n","protected":false},"excerpt":{"rendered":"<table class=\"info-table\">\n<thead>\n<tr class=\"header-row\">\n<th>Status<\/th>\n<th>INFORMATION<\/th>\n<\/tr>\n<\/thead>\n<tbody>\n<tr>\n<td class=\"status-cell\">\n<div class=\"status-title\">\ud83d\ude80 IMMEDIATE DELIVERY<\/div>\n<div class=\"status-subtitle\">Get instant access<\/div>\n<\/td>\n<td class=\"info-cell\">\n<div class=\"info-box\">\n<div class=\"info-title\">ATTENTION<\/div>\n<div class=\"info-content\">READ THE DESCRIPTION<\/div>\n<\/div>\n<\/td>\n<\/tr>\n<tr>\n<td class=\"status-cell\">\n<div class=\"status-title\">\ud83d\udcb0 Is this site trustworthy?<\/div>\n<div class=\"status-subtitle\">+ 4 years selling games<\/div>\n<\/td>\n<td class=\"info-cell\">\n<div class=\"info-box\">\n<div class=\"info-title\">Acess:<\/div>\n<div class=\"info-content\">\n<div data-src=\"https:\/\/cdn.trustindex.io\/loader.js?7fd81be38eb695098c8683dcf1c\"><\/div>\n<\/div>\n<\/div>\n<\/td>\n<\/tr>\n<\/tbody>\n<\/table>\n","protected":false},"featured_media":7107001,"comment_status":"open","ping_status":"closed","template":"","meta":[],"product_brand":[],"product_cat":[325,335,351,339],"product_tag":[238,423],"class_list":{"0":"post-7107003","1":"product","2":"type-product","3":"status-publish","4":"has-post-thumbnail","6":"product_cat-accion-es","7":"product_cat-juegos-es","8":"product_cat-pre-venta","9":"product_cat-terror-es","10":"product_tag-atmosferico","11":"product_tag-terror-es","13":"first","14":"instock","15":"downloadable","16":"virtual","17":"purchasable","18":"product-type-simple"},"exclude_global_add_ons":[],"addons":[],"_links":{"self":[{"href":"https:\/\/gamesbestprices.com\/es\/wp-json\/wp\/v2\/product\/7107003","targetHints":{"allow":["GET"]}}],"collection":[{"href":"https:\/\/gamesbestprices.com\/es\/wp-json\/wp\/v2\/product"}],"about":[{"href":"https:\/\/gamesbestprices.com\/es\/wp-json\/wp\/v2\/types\/product"}],"replies":[{"embeddable":true,"href":"https:\/\/gamesbestprices.com\/es\/wp-json\/wp\/v2\/comments?post=7107003"}],"wp:featuredmedia":[{"embeddable":true,"href":"https:\/\/gamesbestprices.com\/es\/wp-json\/wp\/v2\/media\/7107001"}],"wp:attachment":[{"href":"https:\/\/gamesbestprices.com\/es\/wp-json\/wp\/v2\/media?parent=7107003"}],"wp:term":[{"taxonomy":"product_brand","embeddable":true,"href":"https:\/\/gamesbestprices.com\/es\/wp-json\/wp\/v2\/product_brand?post=7107003"},{"taxonomy":"product_cat","embeddable":true,"href":"https:\/\/gamesbestprices.com\/es\/wp-json\/wp\/v2\/product_cat?post=7107003"},{"taxonomy":"product_tag","embeddable":true,"href":"https:\/\/gamesbestprices.com\/es\/wp-json\/wp\/v2\/product_tag?post=7107003"}],"curies":[{"name":"wp","href":"https:\/\/api.w.org\/{rel}","templated":true}]}}