{"id":7106717,"date":"2026-04-09T07:09:42","date_gmt":"2026-04-09T07:09:42","guid":{"rendered":""},"modified":"2026-04-09T07:11:39","modified_gmt":"2026-04-09T07:11:39","slug":"crimson-desert-deluxe-edition-pc-steam-offline-es","status":"publish","type":"product","link":"https:\/\/gamesbestprices.com\/es\/producto\/crimson-desert-deluxe-edition-pc-steam-offline-es\/","title":{"rendered":"Crimson Desert Deluxe Edition PC Steam Offline"},"content":{"rendered":"<div class=\"lies-of-p-container\">\n<p><!-- Main Banner --><\/p>\n<div class=\"lies-of-p-banner\">\n<h1>CRIMSON DESERT EDICI\u00d3N DELUXE PC STEAM OFFLINE<\/h1>\n<p>Una nueva saga de fantas\u00eda \u00e9pica y acci\u00f3n te espera.<\/p>\n<\/div>\n<p><!-- Purchase Alert --><\/p>\n<div class=\"lies-of-p-alerta\">\u2694\ufe0f \u00a1EMBARCA EN UN VIAJE \u00c9PICO &#8211; EL RPG DE MUNDO ABIERTO DEFINITIVO! \u2694\ufe0f<\/div>\n<p><!-- Offline Mode --><\/p>\n<div class=\"lies-of-p-offline\">\n<h3>\ud83c\udfae \u00a1DISFRUTA OFFLINE CON M\u00c1XIMOS AHORROS! \ud83c\udfae<\/h3>\n<p>\u00a1Disfruta del <strong>OFFLINE<\/strong> modo con total libertad!<\/p>\n<div class=\"lies-of-p-beneficios\">\n<p>\u2705 Utilizar\u00e1s <strong>CREDENCIALES DE ACCESO (CUENTA \u00daNICA)<\/strong> que te proporcionaremos<\/p>\n<p>\u2705 <strong>JUEGA A TRAV\u00c9S DE LA CUENTA PROPORCIONADA<\/strong> sin obst\u00e1culos<\/p>\n<p>\u2705 Acceso completo al t\u00edtulo y a todos los parches<\/p>\n<\/div>\n<p class=\"lies-of-p-economia\">Podr\u00e1s jugar sin problemas cuando quieras<\/p>\n<p class=\"lies-of-p-economia-destaque\">\ud83d\udcb0 \u00a1AHORRANDO MUCHO y \ud83c\udfaf DIVIRTI\u00c9NDOTE A LO GRANDE!<\/p>\n<\/div>\n<p><!-- Promotional Video --><\/p>\n<div class=\"lies-of-p-video\">\n<h2>Mira el tr\u00e1iler de Crimson Desert<\/h2>\n<div class=\"lies-of-p-video-container\">\n<div class=\"lies-of-p-video-responsive\"><iframe title=\"YouTube video player\" src=\"https:\/\/www.youtube-nocookie.com\/embed\/R6_9U6yTfAc\" frameborder=\"0\" allowfullscreen=\"allowfullscreen\"><\/iframe><\/div>\n<\/div>\n<\/div>\n<p><!-- System Requirements --><\/p>\n<div class=\"lies-of-p-requisitos\">\n<h2>Especificaciones del Sistema<\/h2>\n<div class=\"lies-of-p-requisitos-grid\">\n<p><!-- Minimum Requirements --><\/p>\n<div class=\"lies-of-p-requisitos-box\">\n<h3>M\u00ednimos<\/h3>\n<ul class=\"lies-of-p-requisitos-lista\">\n<li>\u25b9<strong>SO:<\/strong> Windows 10 64-bit<\/li>\n<li>\u25b9<strong>Procesador:<\/strong> Ryzen 5 2600X \/ i5-8500<\/li>\n<li>\u25b9<strong>Memoria:<\/strong> 16 GB RAM<\/li>\n<li>\u25b9<strong>Tarjeta Gr\u00e1fica:<\/strong> RX 5500 XT \/ GTX 1060<\/li>\n<li>\u25b9<strong>DirectX:<\/strong> Versi\u00f3n 12<\/li>\n<li>\u25b9<strong>Almacenamiento:<\/strong> Por anunciar<\/li>\n<\/ul>\n<\/div>\n<p><!-- Recommended Requirements --><\/p>\n<div class=\"lies-of-p-requisitos-box\">\n<h3>Recomendados<\/h3>\n<ul class=\"lies-of-p-requisitos-lista\">\n<li>\u25b9<strong>SO:<\/strong> Por anunciar<\/li>\n<li>\u25b9<strong>Procesador:<\/strong> Por anunciar<\/li>\n<li>\u25b9<strong>Memoria:<\/strong> Por anunciar<\/li>\n<li>\u25b9<strong>Tarjeta Gr\u00e1fica:<\/strong> Por anunciar<\/li>\n<li>\u25b9<strong>DirectX:<\/strong> Por anunciar<\/li>\n<li>\u25b9<strong>Almacenamiento:<\/strong> Por anunciar<\/li>\n<\/ul>\n<\/div>\n<\/div>\n<\/div>\n<p><!-- About the Game --><\/p>\n<div class=\"lies-of-p-sobre\">\n<h2>Acerca de Crimson Desert<\/h2>\n<p><strong>Forja tu destino en un mundo de belleza ind\u00f3mita y conflicto brutal.<\/strong><\/p>\n<p>Comprar <strong>Crimson Desert Edici\u00f3n Deluxe PC<\/strong> significa sumergirse en un extenso RPG de acci\u00f3n de mundo abierto de Pearl Abyss. Prep\u00e1rate para explorar un vasto reino de fantas\u00eda medieval, participar en emocionantes combates llenos de acci\u00f3n y descubrir una narrativa profunda y cautivadora en <strong>Crimson Desert Steam<\/strong>. Con gr\u00e1ficos impresionantes y una jugabilidad innovadora, <strong>Crimson Desert para PC<\/strong> te invita a convertirte en un mercenario, luchar por tu supervivencia y dar forma al futuro de un continente asolado por la guerra.<\/p>\n<p><strong>\u00abLa pr\u00f3xima generaci\u00f3n de aventura de mundo abierto comienza.\u00bb<\/strong><\/p>\n<\/div>\n<p><!-- Features in Cards --><\/p>\n<div class=\"lies-of-p-destaques\">\n<h2>Caracter\u00edsticas del Juego<\/h2>\n<div class=\"lies-of-p-cards-grid\">\n<p><!-- Card 1: Epic Open World --><\/p>\n<div class=\"lies-of-p-card\">\n<p><img decoding=\"async\" title=\"Crimson Desert PC - Exploraci\u00f3n de Mundo Abierto\" src=\"https:\/\/shared.akamai.steamstatic.com\/store_item_assets\/steam\/apps\/3321460\/669119c3747653f41a46c59f213168448d094e04\/ss_669119c3747653f41a46c59f213168448d094e04.1920x1080.jpg?t=1775206852\" alt=\"Crimson Desert Edici\u00f3n Deluxe PC Steam Offline - Vasto Mundo Abierto\" \/><\/p>\n<div class=\"lies-of-p-card-content\">\n<h3>EXPLORACI\u00d3N DE UN VASTO MUNDO ABIERTO<\/h3>\n<p>Viaja a trav\u00e9s del extenso continente de Pywel, una tierra llena de diversas regiones, secretos ocultos y enemigos formidables.<\/p>\n<\/div>\n<\/div>\n<p><!-- Card 2: Dynamic Combat --><\/p>\n<div class=\"lies-of-p-card\">\n<p><img decoding=\"async\" title=\"Crimson Desert Steam - Combate de Acci\u00f3n\" src=\"https:\/\/shared.akamai.steamstatic.com\/store_item_assets\/steam\/apps\/3321460\/4b178bdd24ed576458116d8d3383b5352dad0fae\/ss_4b178bdd24ed576458116d8d3383b5352dad0fae.1920x1080.jpg?t=1775206852\" alt=\"Comprar Crimson Desert PC - Combate Emocionante\" \/><\/p>\n<div class=\"lies-of-p-card-content\">\n<h3>EMOCIONANTE COMBATE DE ACCI\u00d3N<\/h3>\n<p>Domina un sistema de combate profundo y fluido, combinando habilidades cuerpo a cuerpo, a distancia y m\u00e1gicas para superar enemigos desafiantes y jefes \u00e9picos.<\/p>\n<\/div>\n<\/div>\n<p><!-- Card 3: Deep RPG Mechanics --><\/p>\n<div class=\"lies-of-p-card\">\n<p><img decoding=\"async\" title=\"Crimson Desert - Narrativa Rica\" src=\"https:\/\/shared.akamai.steamstatic.com\/store_item_assets\/steam\/apps\/3321460\/55e514af688f459364b3d0ffb288faf73580c8e5\/ss_55e514af688f459364b3d0ffb288faf73580c8e5.1920x1080.jpg?t=1775206852\" alt=\"Crimson Desert para PC - Personalizaci\u00f3n RPG\" \/><\/p>\n<div class=\"lies-of-p-card-content\">\n<h3>NARRATIVA RICA Y PERSONALIZACI\u00d3N<\/h3>\n<p>Sum\u00e9rgete en una historia cautivadora, personaliza a tu personaje y toma decisiones que impactar\u00e1n el destino de Pywel.<\/p>\n<\/div>\n<\/div>\n<\/div>\n<\/div>\n<\/div>\n","protected":false},"excerpt":{"rendered":"<div class=\"acasa-produto-container\">\n<table class=\"acasa-produto-tabela\">\n<thead>\n<tr>\n<th>\ud83d\ude80 STATUS<\/th>\n<th>\u26a0\ufe0f IMPORTANT<\/th>\n<\/tr>\n<\/thead>\n<tbody>\n<tr>\n<td class=\"acasa-celula-esquerda\">\n<div class=\"acasa-titulo-principal\">\u26a1 INSTANT DELIVERY<\/div>\n<div class=\"acasa-subtitulo\">Log in, purchase and receive immediately<\/div>\n<\/td>\n<td class=\"acasa-celula-direita\">\n<div class=\"acasa-info-box\">\n<div class=\"acasa-titulo-info\">\ud83d\udccb READ THE DESCRIPTION<\/div>\n<div class=\"acasa-subtitulo\">Important Information<\/div>\n<\/div>\n<\/td>\n<\/tr>\n<\/tbody>\n<\/table>\n<div class=\"acasa-secao-inferior\">\n<div class=\"acasa-coluna\">\n<h3 class=\"acasa-titulo-secao\">\ud83d\uded2 Why buy from us?<\/h3>\n<div class=\"acasa-lista\">\n<div class=\"acasa-item\"><span class=\"acasa-check\">\u2713<\/span> Over 3 years in the market<\/div>\n<div class=\"acasa-item\"><span class=\"acasa-check\">\u2713<\/span> Fast delivery<\/div>\n<div class=\"acasa-item\"><span class=\"acasa-check\">\u2713<\/span> Benefits, promotions and subscription plans<\/div>\n<div class=\"acasa-item\"><span class=\"acasa-check\">\u2713<\/span> Competitive prices<\/div>\n<\/div>\n<\/div>\n<div class=\"acasa-coluna\">\n<div class=\"acasa-widget\">[trustindex data-widget-id=7fd81be38eb695098c8683dcf1c]<\/div>\n<\/div>\n<\/div>\n<\/div>\n","protected":false},"featured_media":7106740,"comment_status":"open","ping_status":"closed","template":"","meta":[],"product_brand":[],"product_cat":[325,327,335,355,359],"product_tag":[415,441,465],"class_list":{"0":"post-7106717","1":"product","2":"type-product","3":"status-publish","4":"has-post-thumbnail","6":"product_cat-accion-es","7":"product_cat-aventura-es","8":"product_cat-juegos-es","9":"product_cat-lanzamientos","10":"product_cat-rpg-es","11":"product_tag-fantasia-es","12":"product_tag-mundo-abierto-es","13":"product_tag-rpg-es","15":"first","16":"instock","17":"downloadable","18":"virtual","19":"purchasable","20":"product-type-simple"},"exclude_global_add_ons":[],"addons":[],"_links":{"self":[{"href":"https:\/\/gamesbestprices.com\/es\/wp-json\/wp\/v2\/product\/7106717","targetHints":{"allow":["GET"]}}],"collection":[{"href":"https:\/\/gamesbestprices.com\/es\/wp-json\/wp\/v2\/product"}],"about":[{"href":"https:\/\/gamesbestprices.com\/es\/wp-json\/wp\/v2\/types\/product"}],"replies":[{"embeddable":true,"href":"https:\/\/gamesbestprices.com\/es\/wp-json\/wp\/v2\/comments?post=7106717"}],"wp:featuredmedia":[{"embeddable":true,"href":"https:\/\/gamesbestprices.com\/es\/wp-json\/wp\/v2\/media\/7106740"}],"wp:attachment":[{"href":"https:\/\/gamesbestprices.com\/es\/wp-json\/wp\/v2\/media?parent=7106717"}],"wp:term":[{"taxonomy":"product_brand","embeddable":true,"href":"https:\/\/gamesbestprices.com\/es\/wp-json\/wp\/v2\/product_brand?post=7106717"},{"taxonomy":"product_cat","embeddable":true,"href":"https:\/\/gamesbestprices.com\/es\/wp-json\/wp\/v2\/product_cat?post=7106717"},{"taxonomy":"product_tag","embeddable":true,"href":"https:\/\/gamesbestprices.com\/es\/wp-json\/wp\/v2\/product_tag?post=7106717"}],"curies":[{"name":"wp","href":"https:\/\/api.w.org\/{rel}","templated":true}]}}