{"id":7106619,"date":"2026-04-09T06:21:44","date_gmt":"2026-04-09T06:21:44","guid":{"rendered":""},"modified":"2026-04-09T06:23:25","modified_gmt":"2026-04-09T06:23:25","slug":"life-is-strange-reunion-pc-steam-offline-es","status":"publish","type":"product","link":"https:\/\/gamesbestprices.com\/es\/producto\/life-is-strange-reunion-pc-steam-offline-es\/","title":{"rendered":"Life is Strange Reunion PC Steam Offline"},"content":{"rendered":"<p><!-- Life is Strange Reunion PC Steam Offline --><\/p>\n<div class=\"lies-of-p-container\">\n<p><!-- Main Banner --><\/p>\n<div class=\"lies-of-p-banner\">\n<h1>LIFE IS STRANGE REUNION PC STEAM OFFLINE<\/h1>\n<p>\u00a1La saga de Max y Chloe contin\u00faa, y el destino de Caledon es tuyo para decidir!<\/p>\n<\/div>\n<p><!-- Purchase Alert --><\/p>\n<div class=\"lies-of-p-alerta\">\u26a0\ufe0f MAX Y CHLOE REGRESAN &#8211; \u00a1TUS ELECCIONES FORMAN EL DESTINO! \u26a0\ufe0f<\/div>\n<p><!-- Offline Mode --><\/p>\n<div class=\"lies-of-p-offline\">\n<h3>\ud83c\udfae \u00a1DISFRUTA OFFLINE CON M\u00c1XIMOS AHORROS! \ud83c\udfae<\/h3>\n<p>\u00a1Disfruta del modo <strong>OFFLINE<\/strong> con absoluta libertad!<\/p>\n<div class=\"lies-of-p-beneficios\">\n<p>\u2705 Utilizar\u00e1s las <strong>CREDENCIALES DE ACCESO (CUENTA \u00daNICA)<\/strong> que te proporcionaremos<\/p>\n<p>\u2705 <strong>JUEGA A TRAV\u00c9S DE LA CUENTA PROPORCIONADA<\/strong> sin obst\u00e1culos<\/p>\n<p>\u2705 Acceso completo al t\u00edtulo y a todos los parches<\/p>\n<\/div>\n<p class=\"lies-of-p-economia\">Podr\u00e1s jugar sin problemas cuando quieras<\/p>\n<p class=\"lies-of-p-economia-destaque\">\ud83d\udcb0 \u00a1AHORRANDO MUCHO y \ud83c\udfaf DIVIRTI\u00c9NDOTE A LO GRANDE!<\/p>\n<\/div>\n<p><!-- Promotional Video --><\/p>\n<div class=\"lies-of-p-video\">\n<h2>Mira el tr\u00e1iler de Life is Strange: Reunion<\/h2>\n<div class=\"lies-of-p-video-container\">\n<div class=\"lies-of-p-video-responsive\"><iframe title=\"Reproductor de video de YouTube\" src=\"https:\/\/www.youtube-nocookie.com\/embed\/rrxm00_0jPE\" frameborder=\"0\" allowfullscreen=\"allowfullscreen\"><\/iframe><\/div>\n<\/div>\n<\/div>\n<p><!-- System Requirements --><\/p>\n<div class=\"lies-of-p-requisitos\">\n<h2>Especificaciones del Sistema<\/h2>\n<div class=\"lies-of-p-requisitos-grid\">\n<p><!-- Minimum Requirements --><\/p>\n<div class=\"lies-of-p-requisitos-box\">\n<h3>M\u00ednimos<\/h3>\n<ul class=\"lies-of-p-requisitos-lista\">\n<li>\u25b9<strong>SO:<\/strong> Windows 10<\/li>\n<li>\u25b9<strong>Procesador:<\/strong> AMD Ryzen 5 1400 \/ Intel Core i5-4670K<\/li>\n<li>\u25b9<strong>Memoria:<\/strong> 12 GB RAM<\/li>\n<li>\u25b9<strong>Tarjeta Gr\u00e1fica:<\/strong> AMD Radeon RX 480, 8 GB \/ NVIDIA GeForce GTX 1660, 6 GB \/ Intel Arc A750, 8GB<\/li>\n<li>\u25b9<strong>DirectX:<\/strong> Versi\u00f3n 12<\/li>\n<li>\u25b9<strong>Almacenamiento:<\/strong> 30 GB de espacio disponible<\/li>\n<\/ul>\n<\/div>\n<p><!-- Recommended Requirements --><\/p>\n<div class=\"lies-of-p-requisitos-box\">\n<h3>Recomendados<\/h3>\n<ul class=\"lies-of-p-requisitos-lista\">\n<li>\u25b9<strong>SO:<\/strong> Por anunciar<\/li>\n<li>\u25b9<strong>Procesador:<\/strong> Por anunciar<\/li>\n<li>\u25b9<strong>Memoria:<\/strong> Por anunciar<\/li>\n<li>\u25b9<strong>Tarjeta Gr\u00e1fica:<\/strong> Por anunciar<\/li>\n<li>\u25b9<strong>DirectX:<\/strong> Por anunciar<\/li>\n<li>\u25b9<strong>Almacenamiento:<\/strong> Por anunciar<\/li>\n<\/ul>\n<\/div>\n<\/div>\n<\/div>\n<p><!-- About the Game --><\/p>\n<div class=\"lies-of-p-sobre\">\n<h2>Acerca de Life is Strange: Reunion<\/h2>\n<p><strong>Max y Chloe regresan. Su futuro, y el destino de Caledon, dependen de tus elecciones.<\/strong><\/p>\n<p>Comprar <strong>Life is Strange: Reunion PC<\/strong> significa sumergirse en una nueva aventura narrativa con personajes queridos. Juega como Max y Chloe mientras una historia \u00e9pica avanza hacia un cl\u00edmax, oblig\u00e1ndolas a tomar decisiones devastadoras. \u00bfPodr\u00e1n encontrar un futuro juntas&#8230; antes de que todo arda? Experimenta la profundidad emocional y los giros sobrenaturales que definen la serie en <strong>Life is Strange: Reunion Steam<\/strong>. Tus elecciones realmente importan en esta experiencia para un solo jugador y offline, dando forma al destino de Caledon y sus habitantes. Prep\u00e1rate para un viaje poderoso con <strong>Life is Strange: Reunion para PC<\/strong>.<\/p>\n<\/div>\n<p><!-- Features in Cards --><\/p>\n<div class=\"lies-of-p-destaques\">\n<h2>Caracter\u00edsticas del Juego<\/h2>\n<div class=\"lies-of-p-cards-grid\">\n<p><!-- Card 1: Narrative Adventure --><\/p>\n<div class=\"lies-of-p-card\">\n<p><img decoding=\"async\" title=\"Life is Strange Reunion PC - Aventura Narrativa\" src=\"https:\/\/shared.akamai.steamstatic.com\/store_item_assets\/steam\/apps\/2624870\/199b89bfa0ad61293e0a059c4a1e8259c5d23438\/ss_199b89bfa0ad61293e0a059c4a1e8259c5d23438.1920x1080.jpg?t=1775578910\" alt=\"Life is Strange Reunion PC Steam Offline jugabilidad\" \/><\/p>\n<div class=\"lies-of-p-card-content\">\n<h3>AVENTURA NARRATIVA INMERSIVA<\/h3>\n<p>Sum\u00e9rgete en una historia apasionante donde cada elecci\u00f3n que hagas tendr\u00e1 profundas consecuencias para Max, Chloe y Caledon.<\/p>\n<\/div>\n<\/div>\n<p><!-- Card 2: Supernatural Powers --><\/p>\n<div class=\"lies-of-p-card\">\n<p><img decoding=\"async\" title=\"Life is Strange Reunion Steam - Poderes Sobrenaturales\" src=\"https:\/\/shared.akamai.steamstatic.com\/store_item_assets\/steam\/apps\/2624870\/e2703ae262dac46f703a5d2bcafe0aa0d0a90736\/ss_e2703ae262dac46f703a5d2bcafe0aa0d0a90736.1920x1080.jpg?t=1775578910\" alt=\"Comprar Life is Strange Reunion PC poderes sobrenaturales\" \/><\/p>\n<div class=\"lies-of-p-card-content\">\n<h3>PODERES SOBRENATURALES IC\u00d3NICOS<\/h3>\n<p>Maneja las ic\u00f3nicas habilidades de Max para manipular el tiempo, influir en los eventos, descubrir verdades ocultas y alterar el curso del destino.<\/p>\n<\/div>\n<\/div>\n<p><!-- Card 3: Emotional Story & Choices --><\/p>\n<div class=\"lies-of-p-card\">\n<p><img decoding=\"async\" title=\"Life is Strange Reunion para PC - Historia Emocional\" src=\"https:\/\/shared.akamai.steamstatic.com\/store_item_assets\/steam\/apps\/2624870\/2802cb7dd327b136709742f164d8a82d31be68f5\/ss_2802cb7dd327b136709742f164d8a82d31be68f5.1920x1080.jpg?t=1775578910\" alt=\"Life is Strange Reunion decisiones de la historia\" \/><\/p>\n<div class=\"lies-of-p-card-content\">\n<h3>DECISIONES DEVASTADORAS<\/h3>\n<p>Juega como Max y Chloe, navegando por decisiones devastadoras que dan forma a su futuro y al propio destino de Caledon.<\/p>\n<\/div>\n<\/div>\n<\/div>\n<\/div>\n<\/div>\n","protected":false},"excerpt":{"rendered":"<div class=\"acasa-produto-container\">\n<table class=\"acasa-produto-tabela\">\n<thead>\n<tr>\n<th>\ud83d\ude80 STATUS<\/th>\n<th>\u26a0\ufe0f IMPORTANT<\/th>\n<\/tr>\n<\/thead>\n<tbody>\n<tr>\n<td class=\"acasa-celula-esquerda\">\n<div class=\"acasa-titulo-principal\">\u26a1 INSTANT DELIVERY<\/div>\n<div class=\"acasa-subtitulo\">Log in, purchase and receive immediately<\/div>\n<\/td>\n<td class=\"acasa-celula-direita\">\n<div class=\"acasa-info-box\">\n<div class=\"acasa-titulo-info\">\ud83d\udccb READ THE DESCRIPTION<\/div>\n<div class=\"acasa-subtitulo\">Important Information<\/div>\n<\/div>\n<\/td>\n<\/tr>\n<\/tbody>\n<\/table>\n<div class=\"acasa-secao-inferior\">\n<div class=\"acasa-coluna\">\n<h3 class=\"acasa-titulo-secao\">\ud83d\uded2 Why buy from us?<\/h3>\n<div class=\"acasa-lista\">\n<div class=\"acasa-item\"><span class=\"acasa-check\">\u2713<\/span> Over 3 years in the market<\/div>\n<div class=\"acasa-item\"><span class=\"acasa-check\">\u2713<\/span> Fast delivery<\/div>\n<div class=\"acasa-item\"><span class=\"acasa-check\">\u2713<\/span> Benefits, promotions and subscription plans<\/div>\n<div class=\"acasa-item\"><span class=\"acasa-check\">\u2713<\/span> Competitive prices<\/div>\n<\/div>\n<\/div>\n<div class=\"acasa-coluna\">\n<div class=\"acasa-widget\">[trustindex data-widget-id=7fd81be38eb695098c8683dcf1c]<\/div>\n<\/div>\n<\/div>\n<\/div>\n","protected":false},"featured_media":7106627,"comment_status":"open","ping_status":"closed","template":"","meta":[],"product_brand":[],"product_cat":[327,335,355],"product_tag":[394],"class_list":{"0":"post-7106619","1":"product","2":"type-product","3":"status-publish","4":"has-post-thumbnail","6":"product_cat-aventura-es","7":"product_cat-juegos-es","8":"product_cat-lanzamientos","9":"product_tag-tus-decisiones-importan","11":"first","12":"instock","13":"downloadable","14":"virtual","15":"purchasable","16":"product-type-simple"},"exclude_global_add_ons":[],"addons":[],"_links":{"self":[{"href":"https:\/\/gamesbestprices.com\/es\/wp-json\/wp\/v2\/product\/7106619","targetHints":{"allow":["GET"]}}],"collection":[{"href":"https:\/\/gamesbestprices.com\/es\/wp-json\/wp\/v2\/product"}],"about":[{"href":"https:\/\/gamesbestprices.com\/es\/wp-json\/wp\/v2\/types\/product"}],"replies":[{"embeddable":true,"href":"https:\/\/gamesbestprices.com\/es\/wp-json\/wp\/v2\/comments?post=7106619"}],"wp:featuredmedia":[{"embeddable":true,"href":"https:\/\/gamesbestprices.com\/es\/wp-json\/wp\/v2\/media\/7106627"}],"wp:attachment":[{"href":"https:\/\/gamesbestprices.com\/es\/wp-json\/wp\/v2\/media?parent=7106619"}],"wp:term":[{"taxonomy":"product_brand","embeddable":true,"href":"https:\/\/gamesbestprices.com\/es\/wp-json\/wp\/v2\/product_brand?post=7106619"},{"taxonomy":"product_cat","embeddable":true,"href":"https:\/\/gamesbestprices.com\/es\/wp-json\/wp\/v2\/product_cat?post=7106619"},{"taxonomy":"product_tag","embeddable":true,"href":"https:\/\/gamesbestprices.com\/es\/wp-json\/wp\/v2\/product_tag?post=7106619"}],"curies":[{"name":"wp","href":"https:\/\/api.w.org\/{rel}","templated":true}]}}