{"id":7106379,"date":"2025-10-24T15:20:34","date_gmt":"2025-10-24T15:20:34","guid":{"rendered":"https:\/\/gamesbestprices.com\/product\/jurassic-world-evolution-3-deluxe-collection\/"},"modified":"2025-10-24T15:20:34","modified_gmt":"2025-10-24T15:20:34","slug":"jurassic-world-evolution-3-deluxe-collection","status":"publish","type":"product","link":"https:\/\/gamesbestprices.com\/es\/producto\/jurassic-world-evolution-3-deluxe-collection\/","title":{"rendered":"Jurassic World Evolution 3 Deluxe Pc"},"content":{"rendered":"<div class=\"lies-of-p-container\">\n<div class=\"lies-of-p-banner\">\n<h1>Jurassic World Evolution 3 PC Steam Offline Deluxe Edition<\/h1>\n<p>\u00a1Construye y gestiona tu propio Jurassic World! <strong>Jurassic World Evolution 3 PC<\/strong> Deluxe Edition es la pr\u00f3xima entrega de la galardonada serie de simulaci\u00f3n de parques de dinosaurios.<\/p>\n<\/div>\n<div class=\"lies-of-p-alerta\">\u26a0\ufe0f \u00a1EDICI\u00d3N DELUXE CON 4 ESPECIES EXCLUSIVAS Y CONTENIDO ADICIONAL! \u26a0\ufe0f<\/div>\n<div class=\"lies-of-p-offline\">\n<h3>\ud83c\udfae \u00a1JUEGA OFFLINE Y AHORRA MUCHO! \ud83c\udfae<\/h3>\n<p>\u00a1Disfruta de <strong>Jurassic World Evolution 3 PC Deluxe<\/strong> en modo <strong>OFFLINE<\/strong> con total flexibilidad!<\/p>\n<div class=\"lies-of-p-beneficios\">\u2705 Usar\u00e1s el <strong>USUARIO y CONTRASE\u00d1A<\/strong> que te proporcionaremos<br \/>\n\u2705 <strong>JUEGA CON LA CUENTA PROPORCIONADA<\/strong> sin complicaciones<br \/>\n\u2705 Acceso completo al juego y todas las actualizaciones<br \/>\n\u2705 Juega <strong>Jurassic World Evolution 3 para PC<\/strong> cuando quieras<\/div>\n<p class=\"lies-of-p-economia\">Podr\u00e1s jugar sin problemas cuando lo desees<\/p>\n<p class=\"lies-of-p-economia-destaque\">\ud83d\udcb0 \u00a1AHORRANDO DINERO mientras \ud83c\udfaf TE DIVIERTES MUCHO!<\/p>\n<\/div>\n<div class=\"lies-of-p-requisitos\">\n<h2>Requisitos del Sistema &#8211; Jurassic World Evolution 3 PC<\/h2>\n<div class=\"lies-of-p-requisitos-grid\">\n<div class=\"lies-of-p-requisitos-box\">\n<h3>M\u00ednimos<\/h3>\n<ul class=\"lies-of-p-requisitos-lista\">\n<li>\u25b9<strong>SO:<\/strong> Windows 10 64-bit (min version 22H2)<\/li>\n<li>\u25b9<strong>Procesador:<\/strong> Intel i5-6600K \/ AMD Ryzen 5 2600<\/li>\n<li>\u25b9<strong>Memoria:<\/strong> 16 GB RAM<\/li>\n<li>\u25b9<strong>Gr\u00e1ficos:<\/strong> NVIDIA GeForce GTX 1060 (6GB VRAM) \/ AMD Radeon RX 5600XT (6GB VRAM) \/ Intel Arc A750 (8GB VRAM)<\/li>\n<li>\u25b9<strong>DirectX:<\/strong> Versi\u00f3n 12<\/li>\n<li>\u25b9<strong>Almacenamiento:<\/strong> 25 GB de espacio disponible<\/li>\n<li>\u25b9<strong>Notas:<\/strong> SSD Recomendado<\/li>\n<\/ul>\n<\/div>\n<div class=\"lies-of-p-requisitos-box\">\n<h3>Recomendados<\/h3>\n<ul class=\"lies-of-p-requisitos-lista\">\n<li>\u25b9<strong>SO:<\/strong> Windows 10, 11<\/li>\n<li>\u25b9<strong>Procesador:<\/strong> Intel i7-10700K \/ AMD Ryzen 7 5800<\/li>\n<li>\u25b9<strong>Memoria:<\/strong> 16 GB RAM<\/li>\n<li>\u25b9<strong>Gr\u00e1ficos:<\/strong> NVIDIA GeForce RTX 2070 Super (8GB VRAM) \/ AMD Radeon RX 6700 XT (12GB VRAM) \/ Intel Arc B580 (12GB VRAM)<\/li>\n<li>\u25b9<strong>DirectX:<\/strong> Versi\u00f3n 12<\/li>\n<li>\u25b9<strong>Almacenamiento:<\/strong> 25 GB de espacio disponible<\/li>\n<li>\u25b9<strong>Notas:<\/strong> SSD Requerido<\/li>\n<\/ul>\n<\/div>\n<\/div>\n<\/div>\n<div class=\"lies-of-p-edicoes\">\n<h2>Ediciones y Bonificaciones &#8211; Jurassic World Evolution 3 Deluxe<\/h2>\n<div class=\"lies-of-p-bundle\">\n<h2>Jurassic World Evolution 3 PC &#8211; Edici\u00f3n Deluxe<\/h2>\n<div class=\"lies-of-p-bundle-content\">\n<div class=\"lies-of-p-bundle-text\">\n<p><strong>Contenido de la Edici\u00f3n Deluxe de Jurassic World Evolution 3 PC:<\/strong><\/p>\n<ul class=\"lies-of-p-bundle-lista\">\n<li>\u2713Juego principal <strong>Jurassic World Evolution 3 para PC<\/strong><\/li>\n<li>\u2713Cuatro Especies Prehist\u00f3ricas Exclusivas:\n<ul class=\"lies-of-p-bundle-sublista\">\n<li>\u25aaProtoceratops (Macho, Hembra y Juvenil)<\/li>\n<li>\u25aaGuanlong (Macho, Hembra y Juvenil)<\/li>\n<li>\u25aaThanatosdrakon (Macho, Hembra y Juvenil)<\/li>\n<li>\u25aaConcavenator (Macho, Hembra y Juvenil)<\/li>\n<\/ul>\n<\/li>\n<li>\u2713Skin Exclusiva de Mosasaurus<\/li>\n<li>\u2713Escenario Exclusivo de Clark County<\/li>\n<li>\u2713Tres Skins Exclusivas de ATV para el Equipo de Mantenimiento<\/li>\n<\/ul>\n<\/div>\n<\/div>\n<\/div>\n<\/div>\n<div class=\"lies-of-p-sobre\">\n<h2>Sobre Jurassic World Evolution 3 PC<\/h2>\n<p><strong>Construye y Gestiona Tu Jurassic World<\/strong><br \/>\nCompra <strong>Jurassic World Evolution 3 PC Deluxe<\/strong>, \u00a1la pr\u00f3xima entrega de la galardonada serie! En <strong>Jurassic World Evolution 3 para PC<\/strong>, tomas el control de la construcci\u00f3n y gesti\u00f3n de tu propio parque de dinosaurios.<br \/>\n<strong>Crea Generaciones de Dinosaurios<\/strong><br \/>\n\u00a1Ayuda a la vida a encontrar un camino en <strong>Jurassic World Evolution 3 PC<\/strong>! Sintetiza, cr\u00eda y cuida especies prehist\u00f3ricas. Gestiona cada especie para que prospere, forme familias y transmita genes a futuras generaciones, con m\u00e1s de 85 especies disponibles en <strong>Jurassic World Evolution 3 Steam<\/strong>.<br \/>\n<strong>Herramientas Creativas Revolucionarias<\/strong><br \/>\n\u00a1Crea parques impresionantes en <strong>Jurassic World Evolution 3 PC Deluxe<\/strong> con nuevas herramientas creativas nunca antes vistas en la serie! Desde la edici\u00f3n innovadora de terreno hasta la personalizaci\u00f3n modular de escenarios, construye cada aspecto de tu parque desde cero en <strong>Jurassic World Evolution 3 para PC<\/strong>.<br \/>\n<strong>Campa\u00f1a Global \u00c9pica<\/strong><br \/>\n\u00danete a rostros conocidos de la franquicia Jurassic en <strong>Jurassic World Evolution 3 PC<\/strong>, incluyendo al Dr. Ian Malcolm (con la voz de Jeff Goldblum en ingl\u00e9s). Emb\u00e1rcate en una campa\u00f1a no lineal a trav\u00e9s de un vasto mapa mundial con ubicaciones ic\u00f3nicas como las Montana Badlands y nuevas regiones como Jap\u00f3n.<br \/>\n<strong>Mant\u00e9n el Caos Bajo Control<\/strong><br \/>\nPrepara tus instalaciones para funcionar eficientemente en <strong>Jurassic World Evolution 3 Steam<\/strong> con potentes herramientas de gesti\u00f3n. Usa las nuevas c\u00e1maras de seguridad que automatizan las respuestas a las fugas de dinosaurios y activan al Equipo de Mantenimiento para contener las amenazas en <strong>Jurassic World Evolution 3 PC<\/strong>.<br \/>\n<strong>Desarrollado por Frontier Developments<\/strong><br \/>\n<strong>Jurassic World Evolution 3 para PC<\/strong> fue creado por el reconocido Frontier Developments, garantizando calidad y una experiencia de simulaci\u00f3n refinada e inmersiva.<\/p>\n<\/div>\n<div class=\"lies-of-p-destaques\">\n<h2>Aspectos Destacados de la Aventura en Jurassic World Evolution 3 PC<\/h2>\n<div class=\"lies-of-p-cards-grid\">\n<div class=\"lies-of-p-card\">\n<div class=\"lies-of-p-card-content\">\n<h3>85+ ESPECIES PREHIST\u00d3RICAS<\/h3>\n<p>\u00a1Crea generaciones de dinosaurios en <strong>Jurassic World Evolution 3 PC<\/strong>! \u00a1Gestiona familias enteras con variaciones de macho, hembra y juvenil para cada especie!<\/p>\n<\/div>\n<\/div>\n<div class=\"lies-of-p-card\">\n<div class=\"lies-of-p-card-content\">\n<h3>CREATIVIDAD SIN L\u00cdMITES<\/h3>\n<p>\u00a1Herramientas revolucionarias en <strong>Jurassic World Evolution 3 Steam<\/strong>! \u00a1Edici\u00f3n de terreno, personalizaci\u00f3n modular y Generador de Islas para crear parques \u00fanicos!<\/p>\n<\/div>\n<\/div>\n<div class=\"lies-of-p-card\">\n<div class=\"lies-of-p-card-content\">\n<h3>CAMPA\u00d1A MUNDIAL \u00c9PICA<\/h3>\n<p>\u00a1Viaja por el mundo en <strong>Jurassic World Evolution 3 para PC<\/strong>! \u00a1Conoce al Dr. Ian Malcolm y enfrenta desaf\u00edos en ubicaciones ic\u00f3nicas de todo el mundo!<\/p>\n<\/div>\n<\/div>\n<\/div>\n<\/div>\n<\/div>\n","protected":false},"excerpt":{"rendered":"<table class=\"info-table\">\n<thead>\n<tr class=\"header-row\">\n<th>Estado<\/th>\n<th>INFORMACI\u00d3N<\/th>\n<\/tr>\n<\/thead>\n<tbody>\n<tr>\n<td class=\"status-cell\">\n<div class=\"status-title\">\ud83d\ude80 ENTREGA INMEDIATA<\/div>\n<div class=\"status-subtitle\">Obt\u00e9n acceso instant\u00e1neo<\/div>\n<\/td>\n<td class=\"info-cell\">\n<div class=\"info-box\">\n<div class=\"info-title\">ATENCI\u00d3N<\/div>\n<div class=\"info-content\">LEA LA DESCRIPCI\u00d3N<\/div>\n<\/div>\n<\/td>\n<\/tr>\n<tr>\n<td class=\"status-cell\">\n<div class=\"status-title\">\ud83d\udcb0 \u00bfEs este sitio confiable?<\/div>\n<div class=\"status-subtitle\">+ 4 a\u00f1os vendiendo juegos<\/div>\n<\/td>\n<td class=\"info-cell\">\n<div class=\"info-box\">\n<div class=\"info-title\">Acceso:<\/div>\n<div class=\"info-content\">[trustindex data-widget-id=7fd81be38eb695098c8683dcf1c]<\/div>\n<\/div>\n<\/td>\n<\/tr>\n<\/tbody>\n<\/table>\n","protected":false},"featured_media":7103752,"comment_status":"open","ping_status":"closed","template":"","meta":[],"product_brand":[158],"product_cat":[370,331,366,368],"product_tag":[428,473,475],"class_list":{"0":"post-7106379","1":"product","2":"type-product","3":"status-publish","4":"has-post-thumbnail","6":"product_brand-frontier","7":"product_cat-estrategia-es","8":"product_cat-juegos-destacados","9":"product_cat-steam-es","10":"product_cat-steam-games-es","11":"product_tag-gestion-es","12":"product_tag-simulacion-es","13":"product_tag-un-jugador-es","15":"first","16":"instock","17":"downloadable","18":"virtual","19":"purchasable","20":"product-type-simple"},"exclude_global_add_ons":[],"addons":[],"_links":{"self":[{"href":"https:\/\/gamesbestprices.com\/es\/wp-json\/wp\/v2\/product\/7106379","targetHints":{"allow":["GET"]}}],"collection":[{"href":"https:\/\/gamesbestprices.com\/es\/wp-json\/wp\/v2\/product"}],"about":[{"href":"https:\/\/gamesbestprices.com\/es\/wp-json\/wp\/v2\/types\/product"}],"replies":[{"embeddable":true,"href":"https:\/\/gamesbestprices.com\/es\/wp-json\/wp\/v2\/comments?post=7106379"}],"wp:featuredmedia":[{"embeddable":true,"href":"https:\/\/gamesbestprices.com\/es\/wp-json\/wp\/v2\/media\/7103752"}],"wp:attachment":[{"href":"https:\/\/gamesbestprices.com\/es\/wp-json\/wp\/v2\/media?parent=7106379"}],"wp:term":[{"taxonomy":"product_brand","embeddable":true,"href":"https:\/\/gamesbestprices.com\/es\/wp-json\/wp\/v2\/product_brand?post=7106379"},{"taxonomy":"product_cat","embeddable":true,"href":"https:\/\/gamesbestprices.com\/es\/wp-json\/wp\/v2\/product_cat?post=7106379"},{"taxonomy":"product_tag","embeddable":true,"href":"https:\/\/gamesbestprices.com\/es\/wp-json\/wp\/v2\/product_tag?post=7106379"}],"curies":[{"name":"wp","href":"https:\/\/api.w.org\/{rel}","templated":true}]}}