{"id":7106374,"date":"2025-10-10T10:58:44","date_gmt":"2025-10-10T10:58:44","guid":{"rendered":"https:\/\/gamesbestprices.com\/product\/little-nightmares-iii-pc-steam\/"},"modified":"2025-10-10T10:58:44","modified_gmt":"2025-10-10T10:58:44","slug":"little-nightmares-iii-pc-steam","status":"publish","type":"product","link":"https:\/\/gamesbestprices.com\/es\/producto\/little-nightmares-iii-pc-steam\/","title":{"rendered":"Little Nightmares III PC Steam"},"content":{"rendered":"<div class=\"lies-of-p-container\">\n<p><!-- Banner Principal --><\/p>\n<div class=\"lies-of-p-banner\">\n<h1>LITTLE NIGHTMARES III PC STEAM OFFLINE<\/h1>\n<p>Two young friends lost in a scary world. Enter a world where fear has many faces in Little Nightmares III PC!<\/p>\n<\/div>\n<p><!-- Alerta de Compra --><\/p>\n<div class=\"lies-of-p-alerta\">\u26a0\ufe0f BUY IN PRE-ORDER AND PLAY UP TO 5 DAYS EARLIER! \u26a0\ufe0f<\/div>\n<p><!-- Modo Offline --><\/p>\n<div class=\"lies-of-p-offline\">\n<h3>\ud83c\udfae PLAY OFFLINE WITH MAXIMUM SAVINGS! \ud83c\udfae<\/h3>\n<p>Enjoy <strong>Little Nightmares III PC<\/strong> in <strong>OFFLINE<\/strong> mode with total flexibility!<\/p>\n<div class=\"lies-of-p-beneficios\">\n<p>\u2705 You will use <strong>LOGIN and PASSWORD<\/strong> that we will provide<\/p>\n<p>\u2705 <strong>PLAY WITH THE ACCOUNT SENT<\/strong> without complications<\/p>\n<p>\u2705 Full access to Little Nightmares III Steam and all updates<\/p>\n<p>\u2705 Includes Little Nightmares 1, 2 and some Outlast games as a bonus.<\/p>\n<\/div>\n<p class=\"lies-of-p-economia\">You will be able to play Little Nightmares III for PC without problems and whenever you want<\/p>\n<p class=\"lies-of-p-economia-destaque\">\ud83d\udcb0 SAVING WELL and having \ud83c\udfaf LOTS OF FUN!<\/p>\n<\/div>\n<p><!-- V\u00eddeo Promocional --><\/p>\n<div class=\"lies-of-p-video\">\n<h2>Watch the Little Nightmares III Trailer<\/h2>\n<div class=\"lies-of-p-video-container\">\n<div class=\"lies-of-p-video-responsive\"><\/div>\n<\/div>\n<\/div>\n<p><!-- Requisitos do Sistema --><\/p>\n<div class=\"lies-of-p-requisitos\">\n<h2>System Requirements &#8211; Little Nightmares III PC Steam<\/h2>\n<div class=\"lies-of-p-requisitos-grid\">\n<p><!-- Requisitos M\u00ednimos --><\/p>\n<div class=\"lies-of-p-requisitos-box\">\n<h3>Minimum<\/h3>\n<ul class=\"lies-of-p-requisitos-lista\">\n<li>\u25b9<strong>OS:<\/strong> Windows 11<\/li>\n<li>\u25b9<strong>Processor:<\/strong> Intel Core i5-6500 or AMD Ryzen 3 1200<\/li>\n<li>\u25b9<strong>Memory:<\/strong> 8 GB RAM<\/li>\n<li>\u25b9<strong>Graphics Card:<\/strong> Nvidia GeForce GTX 1060 or AMD Radeon RX 580<\/li>\n<li>\u25b9<strong>Other notes:<\/strong> Low 1080p @ 60 FPS<\/li>\n<\/ul>\n<\/div>\n<p><!-- Requisitos Recomendados --><\/p>\n<div class=\"lies-of-p-requisitos-box\">\n<h3>Recommended<\/h3>\n<ul class=\"lies-of-p-requisitos-lista\">\n<li>\u25b9<strong>OS:<\/strong> Windows 11<\/li>\n<li>\u25b9<strong>Processor:<\/strong> Intel Core i5-8400 or AMD Ryzen 5 1600<\/li>\n<li>\u25b9<strong>Memory:<\/strong> 12 GB RAM<\/li>\n<li>\u25b9<strong>Graphics Card:<\/strong> Nvidia GeForce RTX 2080, 8 GB or AMD RX 6800<\/li>\n<li>\u25b9<strong>Other notes:<\/strong> High 1080p @ 60 FPS<\/li>\n<\/ul>\n<\/div>\n<\/div>\n<\/div>\n<p><!-- Edi\u00e7\u00f5es Dispon\u00edveis --><\/p>\n<div class=\"lies-of-p-edicoes\">\n<h2>Editions and Bonuses of Little Nightmares III<\/h2>\n<p><!-- Oferta de Pr\u00e9-Venda --><\/p>\n<div class=\"lies-of-p-bundle\">\n<h2>Pre-Order Offer &#8211; Little Nightmares III<\/h2>\n<div class=\"lies-of-p-bundle-content\">\n<p><!-- Imagem do Bundle --><\/p>\n<div class=\"lies-of-p-bundle-image\"><img decoding=\"async\" src=\"https:\/\/shared.akamai.steamstatic.com\/store_item_assets\/steam\/apps\/1392860\/extras\/d213f2a5f42e8baaa0f083b2339e89f7.avif?t=1758186235\" alt=\"Little Nightmares III Pre-Order\" \/><\/div>\n<p><!-- Texto do Bundle --><\/p>\n<div class=\"lies-of-p-bundle-text\">\n<p>Buy <strong>Little Nightmares III PC Steam<\/strong> in pre-order and get the Dark Six Costume Pack, compatible with the characters Low and Alone, a distorted reflection of the girl who escaped the Maw.<\/p>\n<p><strong>Extra Pre-Order Bonus:<\/strong><\/p>\n<ul class=\"lies-of-p-bundle-lista\">\n<li>\u2713 Dark Six Costume Pack for Low and Alone<\/li>\n<li>\u2713 <strong>Little Nightmares Enhanced Edition FREE<\/strong><\/li>\n<li>\u2713 (Re)Discover the first game of the franchise in 4K and 60 FPS!<\/li>\n<li>\u2713 Available for immediate download and play<\/li>\n<\/ul>\n<p class=\"lies-of-p-bundle-nota\">Enter the darkness today with <strong>Little Nightmares III Steam Offline<\/strong>!<\/p>\n<\/div>\n<\/div>\n<\/div>\n<p><!-- Edi\u00e7\u00e3o Deluxe --><\/p>\n<div class=\"lies-of-p-bundle\">\n<h2>Little Nightmares III &#8211; Deluxe Edition<\/h2>\n<div class=\"lies-of-p-bundle-content\">\n<p><!-- Imagem do Bundle --><\/p>\n<div class=\"lies-of-p-bundle-image\"><img decoding=\"async\" src=\"https:\/\/shared.akamai.steamstatic.com\/store_item_assets\/steam\/apps\/1392860\/extras\/846a223a380fb9efc3a3417eade1b7e7.avif?t=1758186235\" alt=\"Little Nightmares III Deluxe Edition\" \/><\/div>\n<p><!-- Texto do Bundle --><\/p>\n<div class=\"lies-of-p-bundle-text\">\n<p>Expand your unsettling journey through the Spiral with the <strong>Little Nightmares III PC Deluxe Edition<\/strong>! Get access to the Expansion Pass: Secrets of the Spiral, with 2 additional chapters to play.<\/p>\n<p><strong>The Deluxe Edition includes:<\/strong><\/p>\n<ul class=\"lies-of-p-bundle-lista\">\n<li>\u2713 Full game Little Nightmares III<\/li>\n<li>\u2713 Expansion Pass: Secrets of the Spiral (2 additional chapters)<\/li>\n<li>\u2713 Sailor Costume Pack<\/li>\n<li>\u2713 Resident Costume Pack<\/li>\n<\/ul>\n<\/div>\n<\/div>\n<\/div>\n<\/div>\n<p><!-- Sobre o Jogo --><\/p>\n<div class=\"lies-of-p-sobre\">\n<h2>About Little Nightmares III PC<\/h2>\n<p><strong>Two Young Friends in a World of Nightmares<\/strong><\/p>\n<p>In <strong>Little Nightmares III PC Steam<\/strong>, you play as Low and Alone, best friends since they met in this lonely nightmare. Lost in a scary world not made for children, if they do not find a way out of this No Place, they will be doomed to a fate worse than death.<\/p>\n<p><strong>Cooperation and Survival<\/strong><\/p>\n<p>Each character in <strong>Little Nightmares III<\/strong> has their own iconic item: a bow for Low and a wrench for Alone. Working together in <strong>Little Nightmares III for PC<\/strong>, they become experts at sneaking through hidden passages, helping climb huge obstacles, and protecting each other.<\/p>\n<p>Whether playing with a friend or an AI companion, you will rely on each other&#8217;s iconic items to create opportunities and advance. Low&#8217;s arrows can hit high targets, cut ropes, or knock down flying enemies, and Alone&#8217;s wrench is perfect for smashing stunned enemies, breaking barriers, or manipulating huge machines.<\/p>\n<p><strong>Face Terrifying Monsters<\/strong><\/p>\n<p>Wherever you go in <strong>Little Nightmares III Steam<\/strong>, No Place is home to horrifying monsters. These Residents will not hesitate to do anything to capture any small intruding Visitor. You might find yourself in a terrifying game of hide and seek with the Baby Monster in the sandy ruins of the Necropolis, struggling to avoid swarms of ravenous Sweet Gurgles in a creepy Candy Factory, or dodging heavy feet while running along the rain-soaked boardwalk of a filthy amusement park.<\/p>\n<p><strong>Dark Mysteries Await<\/strong><\/p>\n<p>Don&#8217;t get too distracted by the desolate beauty of No Place. Dark mysteries await you in <strong>Little Nightmares III PC Steam Offline<\/strong> as Low and Alone follow their mirrored paths along the Spiral. As each new location becomes more dangerous and disturbing than the last, traumatic memories from the past will begin to surface. Will Low and Alone finally escape this endless nightmare?<\/p>\n<\/div>\n<p><!-- Recursos em Cards --><\/p>\n<div class=\"lies-of-p-destaques\">\n<h2>Highlights of Little Nightmares III<\/h2>\n<div class=\"lies-of-p-cards-grid\">\n<p><!-- Card 1: Coopera\u00e7\u00e3o --><\/p>\n<div class=\"lies-of-p-card\">\n<p><img decoding=\"async\" src=\"https:\/\/shared.akamai.steamstatic.com\/store_item_assets\/steam\/apps\/1392860\/extras\/91f78067130688f5629cb0417e58d570.avif?t=1758186235\" alt=\"Little Nightmares III Co-op\" \/><\/p>\n<div class=\"lies-of-p-card-content\">\n<h3>PLAY IN CO-OP<\/h3>\n<p>Play as Low and Alone in <strong>Little Nightmares III PC<\/strong>! Use the bow and wrench to solve puzzles and overcome obstacles together on a terrifying journey!<\/p>\n<\/div>\n<\/div>\n<p><!-- Card 2: Monstros Aterrorizantes --><\/p>\n<div class=\"lies-of-p-card\">\n<p><img decoding=\"async\" src=\"https:\/\/shared.akamai.steamstatic.com\/store_item_assets\/steam\/apps\/1392860\/extras\/70292d803a2dbe2abe89960e793f55fc.avif?t=1758186235\" alt=\"Little Nightmares III Monsters\" \/><\/p>\n<div class=\"lies-of-p-card-content\">\n<h3>FACE HORRIFYING MONSTERS<\/h3>\n<p>Escape terrifying creatures in <strong>Little Nightmares III Steam<\/strong>! Face the Baby Monster, Sweet Gurgles, and many other horrors of No Place!<\/p>\n<\/div>\n<\/div>\n<p><!-- Card 3: Explore Lugar Nenhum --><\/p>\n<div class=\"lies-of-p-card\">\n<p><img decoding=\"async\" src=\"https:\/\/shared.akamai.steamstatic.com\/store_item_assets\/steam\/apps\/1392860\/extras\/550ac6c3a7923c2a5fc0678bd62afcc9.avif?t=1758186235\" alt=\"Little Nightmares III Exploration\" \/><\/p>\n<div class=\"lies-of-p-card-content\">\n<h3>EXPLORE NO PLACE<\/h3>\n<p>Discover the dark mysteries of the Spiral in <strong>Little Nightmares III for PC<\/strong>! Travel through disturbing locations and uncover traumatic secrets from the past!<\/p>\n<\/div>\n<\/div>\n<\/div>\n<\/div>\n<\/div>\n","protected":false},"excerpt":{"rendered":"<table class=\"info-table\">\n<thead>\n<tr class=\"header-row\">\n<th>Estado<\/th>\n<th>INFORMACI\u00d3N<\/th>\n<\/tr>\n<\/thead>\n<tbody>\n<tr>\n<td class=\"status-cell\">\n<div class=\"status-title\">\ud83d\ude80 ENTREGA INMEDIATA<\/div>\n<div class=\"status-subtitle\">Obt\u00e9n acceso instant\u00e1neo<\/div>\n<\/td>\n<td class=\"info-cell\">\n<div class=\"info-box\">\n<div class=\"info-title\">ATENCI\u00d3N<\/div>\n<div class=\"info-content\">LEA LA DESCRIPCI\u00d3N<\/div>\n<\/div>\n<\/td>\n<\/tr>\n<tr>\n<td class=\"status-cell\">\n<div class=\"status-title\">\ud83d\udcb0 \u00bfEs este sitio confiable?<\/div>\n<div class=\"status-subtitle\">+ 4 a\u00f1os vendiendo juegos<\/div>\n<\/td>\n<td class=\"info-cell\">\n<div class=\"info-box\">\n<div class=\"info-title\">Acceso:<\/div>\n<div class=\"info-content\">[trustindex data-widget-id=7fd81be38eb695098c8683dcf1c]<\/div>\n<\/div>\n<\/td>\n<\/tr>\n<\/tbody>\n<\/table>\n","protected":false},"featured_media":7103654,"comment_status":"open","ping_status":"closed","template":"","meta":[],"product_brand":[132],"product_cat":[327,331,339],"product_tag":[238,400,446,451,423],"class_list":{"0":"post-7106374","1":"product","2":"type-product","3":"status-publish","4":"has-post-thumbnail","6":"product_brand-bandai-namco","7":"product_cat-aventura-es","8":"product_cat-juegos-destacados","9":"product_cat-terror-es","10":"product_tag-atmosferico","11":"product_tag-cooperativo-es","12":"product_tag-plataformas-es","13":"product_tag-puzle","14":"product_tag-terror-es","16":"first","17":"instock","18":"downloadable","19":"virtual","20":"purchasable","21":"product-type-simple"},"exclude_global_add_ons":[],"addons":[],"_links":{"self":[{"href":"https:\/\/gamesbestprices.com\/es\/wp-json\/wp\/v2\/product\/7106374","targetHints":{"allow":["GET"]}}],"collection":[{"href":"https:\/\/gamesbestprices.com\/es\/wp-json\/wp\/v2\/product"}],"about":[{"href":"https:\/\/gamesbestprices.com\/es\/wp-json\/wp\/v2\/types\/product"}],"replies":[{"embeddable":true,"href":"https:\/\/gamesbestprices.com\/es\/wp-json\/wp\/v2\/comments?post=7106374"}],"wp:featuredmedia":[{"embeddable":true,"href":"https:\/\/gamesbestprices.com\/es\/wp-json\/wp\/v2\/media\/7103654"}],"wp:attachment":[{"href":"https:\/\/gamesbestprices.com\/es\/wp-json\/wp\/v2\/media?parent=7106374"}],"wp:term":[{"taxonomy":"product_brand","embeddable":true,"href":"https:\/\/gamesbestprices.com\/es\/wp-json\/wp\/v2\/product_brand?post=7106374"},{"taxonomy":"product_cat","embeddable":true,"href":"https:\/\/gamesbestprices.com\/es\/wp-json\/wp\/v2\/product_cat?post=7106374"},{"taxonomy":"product_tag","embeddable":true,"href":"https:\/\/gamesbestprices.com\/es\/wp-json\/wp\/v2\/product_tag?post=7106374"}],"curies":[{"name":"wp","href":"https:\/\/api.w.org\/{rel}","templated":true}]}}