{"id":7106259,"date":"2025-07-23T17:04:39","date_gmt":"2025-07-23T17:04:39","guid":{"rendered":"https:\/\/gamesbestprices.com\/product\/wuchang-fallen-feathers-deluxe-edition-steam\/"},"modified":"2025-07-23T17:04:39","modified_gmt":"2025-07-23T17:04:39","slug":"wuchang-fallen-feathers-deluxe-edition-steam","status":"publish","type":"product","link":"https:\/\/gamesbestprices.com\/es\/producto\/wuchang-fallen-feathers-deluxe-edition-steam\/","title":{"rendered":"Wuchang: Fallen Feathers Deluxe Edition Steam"},"content":{"rendered":"<p><!-- WUCHANG: FALLEN FEATHERS - HTML Limpo com Classes CSS --><\/p>\n<div class=\"lies-of-p-container\">\n<p><!-- Banner Principal --><\/p>\n<div class=\"lies-of-p-banner\">\n<h1>WUCHANG: FALLEN FEATHERS<\/h1>\n<p>Um RPG de a\u00e7\u00e3o no estilo soulslike ambientado durante o final sombrio e conturbado da dinastia Ming.<\/p>\n<\/div>\n<p><!-- Alerta de Compra --><\/p>\n<div class=\"lies-of-p-alerta\">\u26a0\ufe0f SOULS-LIKE \u00c9PICO AMBIENTADO NA CHINA MING! \u26a0\ufe0f<\/div>\n<p><!-- Modo Offline --><\/p>\n<div class=\"lies-of-p-offline\">\n<h3>\ud83c\udfae JOGUE OFFLINE COM M\u00c1XIMA ECONOMIA! \ud83c\udfae<\/h3>\n<p>Desfrute do modo <strong>OFFLINE<\/strong> com total flexibilidade!<\/p>\n<div class=\"lies-of-p-beneficios\">\n<p>\u2705 Utilizar\u00e1 <strong>LOGIN e SENHA<\/strong> que forneceremos<\/p>\n<p>\u2705 <strong>JOGUE PELA CONTA ENVIADA<\/strong> sem complica\u00e7\u00f5es<\/p>\n<p>\u2705 Acesso completo ao jogo e todas as atualiza\u00e7\u00f5es<\/p>\n<\/div>\n<p class=\"lies-of-p-economia\">Voc\u00ea poder\u00e1 jogar sem problemas e no momento que quiser<\/p>\n<p class=\"lies-of-p-economia-destaque\">\ud83d\udcb0 ECONOMIZANDO BEM e se \ud83c\udfaf DIVERTINDO MUITO!<\/p>\n<\/div>\n<p><!-- V\u00eddeo Promocional --><\/p>\n<div class=\"lies-of-p-video\">\n<h2>Assista ao Trailer<\/h2>\n<div class=\"lies-of-p-video-container\">\n<div class=\"lies-of-p-video-responsive\"><\/div>\n<\/div>\n<\/div>\n<p><!-- Requisitos do Sistema --><\/p>\n<div class=\"lies-of-p-requisitos\">\n<h2>Requisitos do Sistema<\/h2>\n<div class=\"lies-of-p-requisitos-grid\">\n<p><!-- Requisitos M\u00ednimos --><\/p>\n<div class=\"lies-of-p-requisitos-box\">\n<h3>M\u00ednimos<\/h3>\n<ul class=\"lies-of-p-requisitos-lista\">\n<li>\u25b9<strong>SO:<\/strong> A ser anunciado<\/li>\n<li>\u25b9<strong>Processador:<\/strong> A ser anunciado<\/li>\n<li>\u25b9<strong>Mem\u00f3ria:<\/strong> A ser anunciado<\/li>\n<li>\u25b9<strong>Placa de v\u00eddeo:<\/strong> A ser anunciado<\/li>\n<li>\u25b9<strong>DirectX:<\/strong> A ser anunciado<\/li>\n<li>\u25b9<strong>Armazenamento:<\/strong> A ser anunciado<\/li>\n<\/ul>\n<\/div>\n<p><!-- Requisitos Recomendados --><\/p>\n<div class=\"lies-of-p-requisitos-box\">\n<h3>Recomendados<\/h3>\n<ul class=\"lies-of-p-requisitos-lista\">\n<li>\u25b9<strong>SO:<\/strong> A ser anunciado<\/li>\n<li>\u25b9<strong>Processador:<\/strong> A ser anunciado<\/li>\n<li>\u25b9<strong>Mem\u00f3ria:<\/strong> A ser anunciado<\/li>\n<li>\u25b9<strong>Placa de v\u00eddeo:<\/strong> A ser anunciado<\/li>\n<li>\u25b9<strong>DirectX:<\/strong> A ser anunciado<\/li>\n<li>\u25b9<strong>Armazenamento:<\/strong> A ser anunciado<\/li>\n<\/ul>\n<\/div>\n<\/div>\n<\/div>\n<p><!-- Sobre o Jogo --><\/p>\n<div class=\"lies-of-p-sobre\">\n<h2>Sobre WUCHANG: Fallen Feathers<\/h2>\n<p><strong>Uma Jornada Atrav\u00e9s do Fim de uma Era<\/strong><\/p>\n<p>WUCHANG: Fallen Feathers \u00e9 um RPG de a\u00e7\u00e3o no estilo soulslike ambientado durante o final sombrio e conturbado da dinastia Ming, na terra de Shu, um lugar atormentado por fac\u00e7\u00f5es em guerra e uma doen\u00e7a misteriosa que gera criaturas monstruosas.<\/p>\n<p>Assuma o papel de Wuchang, uma pirata habilidosa e sem mem\u00f3rias que deve navegar pelas incertezas de seu passado misterioso enquanto sofre os efeitos da terr\u00edvel doen\u00e7a da Plumagem. Explore as profundezas de Shu, melhore seu arsenal e domine novas habilidades coletadas dos inimigos derrotados.<\/p>\n<p><strong>\u00abO passado pode estar perdido, mas o futuro ainda pode ser conquistado.\u00bb<\/strong><\/p>\n<\/div>\n<p><!-- Recursos em Cards --><\/p>\n<div class=\"lies-of-p-destaques\">\n<h2>Caracter\u00edsticas do Jogo<\/h2>\n<div class=\"lies-of-p-cards-grid\">\n<p><!-- Card 1: Combate Souls-like --><\/p>\n<div class=\"lies-of-p-card\">\n<p><img decoding=\"async\" src=\"https:\/\/shared.akamai.steamstatic.com\/store_item_assets\/steam\/apps\/2277560\/extras\/WUCHANG_GIF-1_600x200.gif?t=1749250889\" alt=\"Combate Souls-like\" \/><\/p>\n<div class=\"lies-of-p-card-content\">\n<h3>COMBATE SOULS-LIKE INTENSO<\/h3>\n<p>Assuma o papel de Wuchang, uma pirata habilidosa que deve navegar pelas incertezas de seu passado misterioso enquanto sofre os efeitos da terr\u00edvel doen\u00e7a da Plumagem.<\/p>\n<\/div>\n<\/div>\n<p><!-- Card 2: Explora\u00e7\u00e3o --><\/p>\n<div class=\"lies-of-p-card\">\n<p><img decoding=\"async\" src=\"https:\/\/shared.akamai.steamstatic.com\/store_item_assets\/steam\/apps\/2277560\/extras\/WUCHANG_GIF-2_600x200.gif?t=1749250889\" alt=\"Explora\u00e7\u00e3o\" \/><\/p>\n<div class=\"lies-of-p-card-content\">\n<h3>EXPLORE A TERRA DE SHU<\/h3>\n<p>Enfrente monstros grotescos, recorrendo a antigos conhecimentos para enfrentar a escurid\u00e3o que amea\u00e7a o restante da humanidade.<\/p>\n<\/div>\n<\/div>\n<p><!-- Card 3: Narrativa \u00c9pica --><\/p>\n<div class=\"lies-of-p-card\">\n<p><img decoding=\"async\" src=\"https:\/\/shared.akamai.steamstatic.com\/store_item_assets\/steam\/apps\/2277560\/extras\/WUCHANG_GIF-3_600x200.gif?t=1749250889\" alt=\"Hist\u00f3ria \u00c9pica\" \/><\/p>\n<div class=\"lies-of-p-card-content\">\n<h3>NARRATIVA \u00c9PICA<\/h3>\n<p>Mergulhe em uma aventura inesquec\u00edvel com uma hist\u00f3ria profunda, um sistema de combate din\u00e2mico e visuais de encher os olhos.<\/p>\n<\/div>\n<\/div>\n<\/div>\n<\/div>\n<\/div>\n","protected":false},"excerpt":{"rendered":"<table class=\"info-table\">\n<thead>\n<tr class=\"header-row\">\n<th>Estado<\/th>\n<th>INFORMACI\u00d3N<\/th>\n<\/tr>\n<\/thead>\n<tbody>\n<tr>\n<td class=\"status-cell\">\n<div class=\"status-title\">\ud83d\ude80 ENTREGA INMEDIATA<\/div>\n<div class=\"status-subtitle\">Obt\u00e9n acceso instant\u00e1neo<\/div>\n<\/td>\n<td class=\"info-cell\">\n<div class=\"info-box\">\n<div class=\"info-title\">ATENCI\u00d3N<\/div>\n<div class=\"info-content\">LEA LA DESCRIPCI\u00d3N<\/div>\n<\/div>\n<\/td>\n<\/tr>\n<tr>\n<td class=\"status-cell\">\n<div class=\"status-title\">\ud83d\udcb0 \u00bfEs este sitio confiable?<\/div>\n<div class=\"status-subtitle\">+ 4 a\u00f1os vendiendo juegos<\/div>\n<\/td>\n<td class=\"info-cell\">\n<div class=\"info-box\">\n<div class=\"info-title\">Acceso:<\/div>\n<div class=\"info-content\">[trustindex data-widget-id=7fd81be38eb695098c8683dcf1c]<\/div>\n<\/div>\n<\/td>\n<\/tr>\n<\/tbody>\n<\/table>\n","protected":false},"featured_media":7103692,"comment_status":"open","ping_status":"closed","template":"","meta":[],"product_brand":[186],"product_cat":[325,327,331,359,366,368],"product_tag":[408,415,477,475],"class_list":{"0":"post-7106259","1":"product","2":"type-product","3":"status-publish","4":"has-post-thumbnail","6":"product_brand-505-games","7":"product_cat-accion-es","8":"product_cat-aventura-es","9":"product_cat-juegos-destacados","10":"product_cat-rpg-es","11":"product_cat-steam-es","12":"product_cat-steam-games-es","13":"product_tag-dificil","14":"product_tag-fantasia-es","15":"product_tag-souls-like-es","16":"product_tag-un-jugador-es","18":"first","19":"instock","20":"downloadable","21":"virtual","22":"purchasable","23":"product-type-simple"},"exclude_global_add_ons":[],"addons":[],"_links":{"self":[{"href":"https:\/\/gamesbestprices.com\/es\/wp-json\/wp\/v2\/product\/7106259","targetHints":{"allow":["GET"]}}],"collection":[{"href":"https:\/\/gamesbestprices.com\/es\/wp-json\/wp\/v2\/product"}],"about":[{"href":"https:\/\/gamesbestprices.com\/es\/wp-json\/wp\/v2\/types\/product"}],"replies":[{"embeddable":true,"href":"https:\/\/gamesbestprices.com\/es\/wp-json\/wp\/v2\/comments?post=7106259"}],"wp:featuredmedia":[{"embeddable":true,"href":"https:\/\/gamesbestprices.com\/es\/wp-json\/wp\/v2\/media\/7103692"}],"wp:attachment":[{"href":"https:\/\/gamesbestprices.com\/es\/wp-json\/wp\/v2\/media?parent=7106259"}],"wp:term":[{"taxonomy":"product_brand","embeddable":true,"href":"https:\/\/gamesbestprices.com\/es\/wp-json\/wp\/v2\/product_brand?post=7106259"},{"taxonomy":"product_cat","embeddable":true,"href":"https:\/\/gamesbestprices.com\/es\/wp-json\/wp\/v2\/product_cat?post=7106259"},{"taxonomy":"product_tag","embeddable":true,"href":"https:\/\/gamesbestprices.com\/es\/wp-json\/wp\/v2\/product_tag?post=7106259"}],"curies":[{"name":"wp","href":"https:\/\/api.w.org\/{rel}","templated":true}]}}