{"id":7106254,"date":"2025-07-12T10:26:35","date_gmt":"2025-07-12T10:26:35","guid":{"rendered":"https:\/\/gamesbestprices.com\/product\/tony-hawks-pro-skater-3-4-steam\/"},"modified":"2025-07-12T10:26:35","modified_gmt":"2025-07-12T10:26:35","slug":"tony-hawks-pro-skater-3-4-steam","status":"publish","type":"product","link":"https:\/\/gamesbestprices.com\/es\/producto\/tony-hawks-pro-skater-3-4-steam\/","title":{"rendered":"Tony Hawks Pro Skater 3 + 4 Steam"},"content":{"rendered":"<p><!-- TONY HAWK'S PRO SKATER 3 + 4 - HTML Limpo com Classes CSS --><\/p>\n<div class=\"lies-of-p-container\">\n<p><!-- Banner Principal --><\/p>\n<div class=\"lies-of-p-banner\">\n<h1>TONY HAWK&#8217;S PRO SKATER 3 + 4 <\/h1>\n<p>O jogo que voc\u00ea amava est\u00e1 de volta, com mais skatistas, novas pistas, manobras ainda mais insanas e muito mais.<\/p>\n<\/div>\n<p><!-- Modo Offline --><\/p>\n<div class=\"lies-of-p-offline\">\n<h3>\ud83c\udfae JOGUE OFFLINE COM M\u00c1XIMA ECONOMIA! \ud83c\udfae<\/h3>\n<p>Desfrute do modo <strong>OFFLINE<\/strong> com total flexibilidade!<\/p>\n<div class=\"lies-of-p-beneficios\">\u2705 Utilizar\u00e1 <strong>LOGIN e SENHA<\/strong> que forneceremos\u2705 <strong>JOGUE PELA CONTA ENVIADA<\/strong> sem complica\u00e7\u00f5es<\/p>\n<p>\u2705 Acesso completo aos dois jogos cl\u00e1ssicos remasterizados<\/p>\n<\/div>\n<p class=\"lies-of-p-economia\">Voc\u00ea poder\u00e1 jogar sem problemas e no momento que quiser<\/p>\n<p class=\"lies-of-p-economia-destaque\">\ud83d\udcb0 ECONOMIZANDO BEM e se \ud83c\udfaf DIVERTINDO MUITO!<\/p>\n<\/div>\n<p><!-- V\u00eddeo Promocional --><\/p>\n<div class=\"lies-of-p-video\">\n<h2>Assista ao Trailer<\/h2>\n<div class=\"lies-of-p-video-container\">\n<div class=\"lies-of-p-video-responsive\"><\/div>\n<\/div>\n<\/div>\n<p><!-- Requisitos do Sistema --><\/p>\n<div class=\"lies-of-p-requisitos\">\n<h2>Requisitos do Sistema<\/h2>\n<div class=\"lies-of-p-requisitos-grid\">\n<p><!-- Requisitos M\u00ednimos --><\/p>\n<div class=\"lies-of-p-requisitos-box\">\n<h3>M\u00ednimos<\/h3>\n<ul class=\"lies-of-p-requisitos-lista\">\n<li>\u25b9<strong>SO:<\/strong> Requer um processador e sistema operacional de 64 bits<\/li>\n<li>\u25b9<strong>Processador:<\/strong> Intel Core i5-4460 \/ AMD FX-6300<\/li>\n<li>\u25b9<strong>Mem\u00f3ria:<\/strong> 8 GB de RAM<\/li>\n<li>\u25b9<strong>Placa de v\u00eddeo:<\/strong> NVIDIA GTX 960 \/ AMD R9 280<\/li>\n<li>\u25b9<strong>DirectX:<\/strong> Vers\u00e3o 11<\/li>\n<li>\u25b9<strong>Armazenamento:<\/strong> 25 GB de espa\u00e7o dispon\u00edvel<\/li>\n<\/ul>\n<\/div>\n<p><!-- Requisitos Recomendados --><\/p>\n<div class=\"lies-of-p-requisitos-box\">\n<h3>Recomendados<\/h3>\n<ul class=\"lies-of-p-requisitos-lista\">\n<li>\u25b9<strong>SO:<\/strong> Requer um processador e sistema operacional de 64 bits<\/li>\n<li>\u25b9<strong>Processador:<\/strong> Intel Core i7-6700K \/ AMD Ryzen 5 1600<\/li>\n<li>\u25b9<strong>Mem\u00f3ria:<\/strong> 16 GB de RAM<\/li>\n<li>\u25b9<strong>Placa de v\u00eddeo:<\/strong> NVIDIA GTX 1070 \/ AMD RX 580<\/li>\n<li>\u25b9<strong>DirectX:<\/strong> Vers\u00e3o 12<\/li>\n<li>\u25b9<strong>Armazenamento:<\/strong> 25 GB de espa\u00e7o dispon\u00edvel<\/li>\n<\/ul>\n<\/div>\n<\/div>\n<\/div>\n<p><!-- Edi\u00e7\u00f5es Dispon\u00edveis --><\/p>\n<div class=\"lies-of-p-edicoes\">\n<h2>Edi\u00e7\u00f5es e B\u00f4nus<\/h2>\n<p><!-- Bundle Edition --><\/p>\n<div class=\"lies-of-p-bundle\">\n<h2>Tony Hawk&#8217;s Pro Skater 3 + 4 &#8211; Edi\u00e7\u00e3o Digital Deluxe<\/h2>\n<div class=\"lies-of-p-bundle-content\">\n<p><!-- Imagem do Bundle --><\/p>\n<div class=\"lies-of-p-bundle-image\"><img decoding=\"async\" src=\"https:\/\/shared.akamai.steamstatic.com\/store_item_assets\/steam\/apps\/2545710\/extras\/TH34R_Beauty_Shot-Steam_Bundle-Art_SA-1032x693.png?t=1749416461\" alt=\"Tony Hawk's Pro Skater 3 + 4 Digital Deluxe\" \/><\/div>\n<p><!-- Texto do Bundle --><\/p>\n<div class=\"lies-of-p-bundle-text\"><strong>A Edi\u00e7\u00e3o Digital Deluxe inclui:<\/strong><\/p>\n<ul class=\"lies-of-p-bundle-lista\">\n<li>\u2713O Doom Slayer e O Revenant como skatistas jog\u00e1veis<\/li>\n<li>\u2713Acesso Antecipado &#8211; jogue 3 dias antes do lan\u00e7amento\n<ul class=\"lies-of-p-bundle-sublista\">\n<li>\u25aaDoom Slayer inclui 2 roupas \u00fanicas<\/li>\n<li>\u25aaPrancha Unmaykr Hoverboard exclusiva<\/li>\n<li>\u25aaM\u00fasicas adicionais na trilha sonora<\/li>\n<\/ul>\n<\/li>\n<\/ul>\n<p class=\"lies-of-p-bundle-nota\">*Compre na pr\u00e9-venda e receba tamb\u00e9m: Acesso \u00e0 demo da Metal\u00fargica + Skin Tony Wireframe.<\/p>\n<\/div>\n<\/div>\n<\/div>\n<\/div>\n<p><!-- Sobre o Jogo --><\/p>\n<div class=\"lies-of-p-sobre\">\n<h2>Sobre Tony Hawk&#8217;s Pro Skater 3 + 4<\/h2>\n<p><strong>Os Cl\u00e1ssicos do Skate Retornam<\/strong><br \/>\nPrepare-se para o retorno da lend\u00e1ria franquia com Tony Hawk&#8217;s\u2122 Pro Skater\u2122 3 + 4. O jogo que voc\u00ea amava est\u00e1 de volta, com mais skatistas, novas pistas, manobras ainda mais insanas, m\u00fasicas de arrasar e muito mais.<\/p>\n<p>Re\u00fana seus amigos com o modo Multijogador online entre plataformas para at\u00e9 8 skatistas em novos e antigos modos de jogo. Entre nas novas pistas ou se divirta nas pistas atemporais de Tony Hawk&#8217;s\u2122 Pro Skater\u2122 3 e Tony Hawk&#8217;s\u2122 Pro Skater\u2122 4, recriadas de forma aut\u00eantica em uma resolu\u00e7\u00e3o 4K impressionante, com objetivos simplificados e o formato \u00e9pico de 2 minutos.<\/p>\n<p><strong>\u00abEspalhe para a galera, porque o esp\u00edrito do skate n\u00e3o morreu. Ele est\u00e1 de volta, mais vivo do que nunca!\u00bb<\/strong><\/p>\n<\/div>\n<\/div>\n","protected":false},"excerpt":{"rendered":"<table class=\"info-table\">\n<thead>\n<tr class=\"header-row\">\n<th>Estado<\/th>\n<th>INFORMACI\u00d3N<\/th>\n<\/tr>\n<\/thead>\n<tbody>\n<tr>\n<td class=\"status-cell\">\n<div class=\"status-title\">\ud83d\ude80 ENTREGA INMEDIATA<\/div>\n<div class=\"status-subtitle\">Obt\u00e9n acceso instant\u00e1neo<\/div>\n<\/td>\n<td class=\"info-cell\">\n<div class=\"info-box\">\n<div class=\"info-title\">ATENCI\u00d3N<\/div>\n<div class=\"info-content\">LEA LA DESCRIPCI\u00d3N<\/div>\n<\/div>\n<\/td>\n<\/tr>\n<tr>\n<td class=\"status-cell\">\n<div class=\"status-title\">\ud83d\udcb0 \u00bfEs este sitio confiable?<\/div>\n<div class=\"status-subtitle\">+ 4 a\u00f1os vendiendo juegos<\/div>\n<\/td>\n<td class=\"info-cell\">\n<div class=\"info-box\">\n<div class=\"info-title\">Acceso:<\/div>\n<div class=\"info-content\">[trustindex data-widget-id=7fd81be38eb695098c8683dcf1c]<\/div>\n<\/div>\n<\/td>\n<\/tr>\n<\/tbody>\n<\/table>\n","protected":false},"featured_media":7103747,"comment_status":"open","ping_status":"closed","template":"","meta":[],"product_brand":[131],"product_cat":[325,364,335,331,329,349,362],"product_tag":[390,479,432,475],"class_list":{"0":"post-7106254","1":"product","2":"type-product","3":"status-publish","4":"has-post-thumbnail","6":"product_brand-activision","7":"product_cat-accion-es","8":"product_cat-deportes-es","9":"product_cat-juegos-es","10":"product_cat-juegos-destacados","11":"product_cat-ofertas-es","12":"product_cat-pc-es","13":"product_cat-simulacion-es","14":"product_tag-casual-es","15":"product_tag-deportes-es","16":"product_tag-multijugador-es","17":"product_tag-un-jugador-es","19":"first","20":"instock","21":"shipping-taxable","22":"purchasable","23":"product-type-simple"},"exclude_global_add_ons":[],"addons":[],"_links":{"self":[{"href":"https:\/\/gamesbestprices.com\/es\/wp-json\/wp\/v2\/product\/7106254","targetHints":{"allow":["GET"]}}],"collection":[{"href":"https:\/\/gamesbestprices.com\/es\/wp-json\/wp\/v2\/product"}],"about":[{"href":"https:\/\/gamesbestprices.com\/es\/wp-json\/wp\/v2\/types\/product"}],"replies":[{"embeddable":true,"href":"https:\/\/gamesbestprices.com\/es\/wp-json\/wp\/v2\/comments?post=7106254"}],"wp:featuredmedia":[{"embeddable":true,"href":"https:\/\/gamesbestprices.com\/es\/wp-json\/wp\/v2\/media\/7103747"}],"wp:attachment":[{"href":"https:\/\/gamesbestprices.com\/es\/wp-json\/wp\/v2\/media?parent=7106254"}],"wp:term":[{"taxonomy":"product_brand","embeddable":true,"href":"https:\/\/gamesbestprices.com\/es\/wp-json\/wp\/v2\/product_brand?post=7106254"},{"taxonomy":"product_cat","embeddable":true,"href":"https:\/\/gamesbestprices.com\/es\/wp-json\/wp\/v2\/product_cat?post=7106254"},{"taxonomy":"product_tag","embeddable":true,"href":"https:\/\/gamesbestprices.com\/es\/wp-json\/wp\/v2\/product_tag?post=7106254"}],"curies":[{"name":"wp","href":"https:\/\/api.w.org\/{rel}","templated":true}]}}