{"id":7106184,"date":"2025-03-20T22:24:33","date_gmt":"2025-03-20T22:24:33","guid":{"rendered":"https:\/\/gamesbestprices.com\/product\/wartales-steam-pc\/"},"modified":"2025-03-20T22:24:33","modified_gmt":"2025-03-20T22:24:33","slug":"wartales-steam-pc","status":"publish","type":"product","link":"https:\/\/gamesbestprices.com\/es\/producto\/wartales-steam-pc\/","title":{"rendered":"Wartales Steam PC"},"content":{"rendered":"<p>\u26a0\ufe0f <strong>SOBRE EL FUNCIONAMIENTO<\/strong> \u26a0\ufe0f<\/p>\n<p>\u00a1Adquirir\u00e1s de nosotros un juego original de Steam! El modo de juego es <strong>OFFLINE<\/strong>, es decir, campa\u00f1a. TE ENVIAREMOS USUARIO Y CONTRASE\u00d1A (UNA CUENTA) junto con un tutorial de instalaci\u00f3n SIMPLIFICADO. Podr\u00e1s jugar sin problemas y cuando quieras, \u00a1AHORRANDO MUCHO y DIVIRTI\u00c9NDOTE MUCHO!<\/p>\n<p><strong>\ud83c\udfae\ud83e\uddd9\u200d\u2642\ufe0f<\/strong><strong> SOBRE EL JUEGO: <\/strong><\/p>\n<p>Ha pasado un siglo desde la ca\u00edda del Imperio Edoran, debido a una plaga sin precedentes que arras\u00f3 la naci\u00f3n. Ahora, la tierra est\u00e1 plagada de trabajo para mercenarios, bandidaje y robos, donde el honor es una virtud pr\u00e1cticamente muerta y enterrada.<\/p>\n<p>Prep\u00e1rate para liderar un grupo de personajes sin escr\u00fapulos en un vasto mundo abierto donde el combate, la muerte y la sed de riqueza controlan tu vida diaria. No eres el h\u00e9roe de esta historia, destinado a allanar el camino para una nueva era de paz. Tu objetivo es \u00fanicamente sobrevivir y prosperar en este mundo cruel y hostil, sin importar el costo&#8230;<\/p>\n<p><strong>\ud83d\udcbb\ud83d\udd27 REQUISITOS M\u00cdNIMOS:<\/strong><\/p>\n<ul class=\"bb_ul\">\n<li><strong>SO *:<\/strong> Windows 7 64bit<\/li>\n<li><strong>Procesador:<\/strong> Intel Core i5 2.5 GHz \/ AMD Ryzen 5<\/li>\n<li><strong>Memoria:<\/strong> 8 GB RAM<\/li>\n<li><strong>Tarjeta gr\u00e1fica:<\/strong> NVidia GTX 1050 \/ AMD RX550<\/li>\n<li><strong>DirectX:<\/strong> Versi\u00f3n 10<\/li>\n<li><strong>Almacenamiento:<\/strong> 30 GB de espacio disponible<\/li>\n<\/ul>\n<p>&nbsp;<\/p>\n<p><strong><em>\ud83e\udd1d\ud83c\udfae \u00daNETE A NOSOTROS:<\/em><\/strong><\/p>\n<p>\u00a1Bienvenido a la Casa de los Gamers! Aqu\u00ed encontrar\u00e1s un hogar para tu pasi\u00f3n por los juegos. \u00danete a nuestra comunidad y explora el mundo de los videojuegos de una manera \u00fanica. \u00a1Ven a jugar con nosotros! En la Casa de los Gamers, no somos solo una comunidad de jugadores, somos una familia. Aqu\u00ed puedes confiar en nosotros para disfrutar de tu pasi\u00f3n por los juegos en un entorno seguro y amigable. \u00danete y forma parte de esta familia que crece cada d\u00eda. \u00a1Ven a jugar con nosotros y si\u00e9ntete como en casa!<\/p>\n<p>\ud83c\udf89\ud83c\udfc6 <strong>PROMOCI\u00d3N: <\/strong><\/p>\n<p>\u00a1Aprovecha nuestra promoci\u00f3n exclusiva en la Casa de los Gamers: PARTICIPA Y GANA UN JUEGO GRATIS AL COMPRAR! Haz clic <a href=\"http:\/\/acasadosgamers.com\/produto\/detroit-become-human\/ofertas-imperdiveis-aproveite-agora-na-casa-dos-gamers\" target=\"_blank\" rel=\"noopener\">AQU\u00cd<\/a> para saber m\u00e1s.<\/p>\n","protected":false},"excerpt":{"rendered":"<table class=\"info-table\">\n<thead>\n<tr class=\"header-row\">\n<th>Estado<\/th>\n<th>INFORMACI\u00d3N<\/th>\n<\/tr>\n<\/thead>\n<tbody>\n<tr>\n<td class=\"status-cell\">\n<div class=\"status-title\">\ud83d\ude80 ENTREGA INMEDIATA<\/div>\n<div class=\"status-subtitle\">Obt\u00e9n acceso instant\u00e1neo<\/div>\n<\/td>\n<td class=\"info-cell\">\n<div class=\"info-box\">\n<div class=\"info-title\">ATENCI\u00d3N<\/div>\n<div class=\"info-content\">LEA LA DESCRIPCI\u00d3N<\/div>\n<\/div>\n<\/td>\n<\/tr>\n<tr>\n<td class=\"status-cell\">\n<div class=\"status-title\">\ud83d\udcb0 \u00bfEs este sitio confiable?<\/div>\n<div class=\"status-subtitle\">+ 4 a\u00f1os vendiendo juegos<\/div>\n<\/td>\n<td class=\"info-cell\">\n<div class=\"info-box\">\n<div class=\"info-title\">Acceso:<\/div>\n<div class=\"info-content\">[trustindex data-widget-id=7fd81be38eb695098c8683dcf1c]<\/div>\n<\/div>\n<\/td>\n<\/tr>\n<\/tbody>\n<\/table>\n","protected":false},"featured_media":7103690,"comment_status":"open","ping_status":"closed","template":"","meta":[],"product_brand":[185],"product_cat":[325,327,376,349,359],"product_tag":[415,430,495,489,475],"class_list":{"0":"post-7106184","1":"product","2":"type-product","3":"status-publish","4":"has-post-thumbnail","6":"product_brand-shiro-games","7":"product_cat-accion-es","8":"product_cat-aventura-es","9":"product_cat-guerra","10":"product_cat-pc-es","11":"product_cat-rpg-es","12":"product_tag-fantasia-es","13":"product_tag-medieval-es","14":"product_tag-por-turnos-es","15":"product_tag-tactical-es","16":"product_tag-un-jugador-es","18":"first","19":"instock","20":"downloadable","21":"virtual","22":"purchasable","23":"product-type-simple"},"exclude_global_add_ons":[],"addons":[],"_links":{"self":[{"href":"https:\/\/gamesbestprices.com\/es\/wp-json\/wp\/v2\/product\/7106184","targetHints":{"allow":["GET"]}}],"collection":[{"href":"https:\/\/gamesbestprices.com\/es\/wp-json\/wp\/v2\/product"}],"about":[{"href":"https:\/\/gamesbestprices.com\/es\/wp-json\/wp\/v2\/types\/product"}],"replies":[{"embeddable":true,"href":"https:\/\/gamesbestprices.com\/es\/wp-json\/wp\/v2\/comments?post=7106184"}],"wp:featuredmedia":[{"embeddable":true,"href":"https:\/\/gamesbestprices.com\/es\/wp-json\/wp\/v2\/media\/7103690"}],"wp:attachment":[{"href":"https:\/\/gamesbestprices.com\/es\/wp-json\/wp\/v2\/media?parent=7106184"}],"wp:term":[{"taxonomy":"product_brand","embeddable":true,"href":"https:\/\/gamesbestprices.com\/es\/wp-json\/wp\/v2\/product_brand?post=7106184"},{"taxonomy":"product_cat","embeddable":true,"href":"https:\/\/gamesbestprices.com\/es\/wp-json\/wp\/v2\/product_cat?post=7106184"},{"taxonomy":"product_tag","embeddable":true,"href":"https:\/\/gamesbestprices.com\/es\/wp-json\/wp\/v2\/product_tag?post=7106184"}],"curies":[{"name":"wp","href":"https:\/\/api.w.org\/{rel}","templated":true}]}}