{"id":7105794,"date":"2025-01-23T03:54:35","date_gmt":"2025-01-23T03:54:35","guid":{"rendered":"https:\/\/gamesbestprices.com\/product\/sniper-elite-resistance-deluxe-edition-pc\/"},"modified":"2025-01-23T03:54:35","modified_gmt":"2025-01-23T03:54:35","slug":"sniper-elite-resistance-deluxe-edition-pc","status":"publish","type":"product","link":"https:\/\/gamesbestprices.com\/es\/producto\/sniper-elite-resistance-deluxe-edition-pc\/","title":{"rendered":"Sniper Elite: Resistance Deluxe Edition Steam Pc"},"content":{"rendered":"<p><strong>\u26a0\ufe0f<span style=\"color: #ff0000;\"><span style=\"color: #ff00ff;\">GET SNIPER ELITE RESISTANCE DELUXE PC STEAM<\/span><\/span><\/strong><\/p>\n<p>Enjoy <strong>OFFLINE<\/strong> mode with complete flexibility. You will receive a <strong>LOGIN<\/strong>\u00a0and <strong>PASSWORD (ONE ACCOUNT)<\/strong> that we provide, allowing you to play.<br \/>\n<strong>USANDO LA CUENTA PROPORCIONADA<\/strong>.<\/p>\n<p><span style=\"color: #ff00ff;\"><strong>IMPORTANT<\/strong><\/span>: No te preocupes, tendr\u00e1s tu <strong>guardado exclusivo<\/strong> y nadie podr\u00e1 eliminarte de nuestra cuenta mientras juegas.<br \/>\n\u00a1Juega sin complicaciones, cuando quieras, ahorrando mucho y divirti\u00e9ndote al m\u00e1ximo!<\/p>\n<p>La informaci\u00f3n de la cuenta<strong> no se puede cambiar. <\/strong>Para m\u00e1s detalles, por favor <span style=\"color: #037c05;\"><strong><a style=\"color: #037c05;\" href=\"https:\/\/gamesbestprices.com\/es\/faqs\/\">haz clic en este enlace.<\/a><\/strong><\/span><\/p>\n<p><strong>\ud83c\udfae\ud83e\uddd9\u200d\u2642\ufe0f SOBRE EL JUEGO:\u00a0<\/strong><\/p>\n<h6 id=\"tw-target-text\" class=\"tw-data-text tw-text-large tw-ta\" dir=\"ltr\" data-placeholder=\"Translation\" data-ved=\"2ahUKEwjI_6Xbr4-LAxUckZUCHZOHBXsQ3ewLegQIDBAV\" aria-label=\"Translated text: Minimum requirements for The Last of Us\u2122 Part II Remastered Pc\"><span class=\"Y2IQFc\" lang=\"en\">Requisitos m\u00ednimos para Sniper Elite: Resistance Deluxe<\/span><\/h6>\n<table>\n<thead>\n<tr>\n<th class=\"cabecalho\" colspan=\"2\">Requisitos M\u00ednimos del Sistema<\/th>\n<\/tr>\n<\/thead>\n<tbody>\n<tr>\n<td>Requiere<\/td>\n<td>procesador y sistema operativo de 64 bits<\/td>\n<\/tr>\n<tr>\n<td>Sistema Operativo<\/td>\n<td>Windows 10 or later<\/td>\n<\/tr>\n<tr>\n<td>Procesador<\/td>\n<td>Intel CPU Core i5-9400f or equivalent<\/td>\n<\/tr>\n<tr>\n<td>Memoria<\/td>\n<td>16 GB RAM<\/td>\n<\/tr>\n<tr>\n<td>Gr\u00e1ficos<\/td>\n<td>Nvidia 2060 6GB or equivalent<\/td>\n<\/tr>\n<tr>\n<td>DirectX<\/td>\n<td>Version 12<\/td>\n<\/tr>\n<tr>\n<td>Almacenamiento<\/td>\n<td>90 GB available space<\/td>\n<\/tr>\n<\/tbody>\n<\/table>\n<p style=\"text-align: center;\"><iframe title=\"YouTube video player\" src=\"https:\/\/www.youtube.com\/embed\/iijKvn_w4hc?si=hejycH9cmGUK_ozh\" width=\"50%\" height=\"315\" frameborder=\"0\" allowfullscreen=\"allowfullscreen\"><span data-mce-type=\"bookmark\" style=\"display: inline-block; width: 0px; overflow: hidden; line-height: 0;\" class=\"mce_SELRES_start\">\ufeff<\/span><\/iframe><\/p>\n<h6><strong>Sniper Elite: Resistance Deluxe Edition Pc<\/strong><\/h6>\n<p>\u00a1Reserva Sniper Elite: Resistance Deluxe Edition Pc ahora! Pon a prueba tus habilidades en combate t\u00e1ctico con gr\u00e1ficos mejorados y emocionantes misiones. \u00a1Disponible para descargar en la mejor plataforma de juegos para PC!<\/p>\n<p>\u00a1Juega Sniper Elite: Resistance en tu PC y elimina a tus enemigos con precisi\u00f3n. Perfecto para los fans de los juegos de sigilo y acci\u00f3n. \u00a1Reserva ahora y \u00fanete a la resistencia!<\/p>\n<p class=\"bb_paragraph\">NUEVO OPERATIVO, NUEVA AMENAZA, NUEVA CAMPA\u00d1A \u00c9PICA<\/p>\n<p class=\"bb_paragraph\">Ofreciendo mec\u00e1nicas de francotirador inigualables, sigilo y combate t\u00e1ctico en tercera persona, Sniper Elite: Resistance dirige la atenci\u00f3n de la galardonada serie hacia una guerra oculta, lejos de las l\u00edneas del frente, en lo profundo del coraz\u00f3n de la Francia ocupada.<\/p>\n<p><img decoding=\"async\" class=\"aligncenter\" src=\"https:\/\/shared.cloudflare.steamstatic.com\/store_item_assets\/steam\/apps\/2169200\/extras\/SER_GIF1_No_text_Compressed.gif?t=1736949784\" \/><\/p>\n","protected":false},"excerpt":{"rendered":"<table class=\"info-table\">\n<thead>\n<tr class=\"header-row\">\n<th>Estado<\/th>\n<th>INFORMACI\u00d3N<\/th>\n<\/tr>\n<\/thead>\n<tbody>\n<tr>\n<td class=\"status-cell\">\n<div class=\"status-title\">\ud83d\ude80 ENTREGA INMEDIATA<\/div>\n<div class=\"status-subtitle\">Obt\u00e9n acceso instant\u00e1neo<\/div>\n<\/td>\n<td class=\"info-cell\">\n<div class=\"info-box\">\n<div class=\"info-title\">ATENCI\u00d3N<\/div>\n<div class=\"info-content\">LEA LA DESCRIPCI\u00d3N<\/div>\n<\/div>\n<\/td>\n<\/tr>\n<tr>\n<td class=\"status-cell\">\n<div class=\"status-title\">\ud83d\udcb0 \u00bfEs este sitio confiable?<\/div>\n<div class=\"status-subtitle\">+ 4 a\u00f1os vendiendo juegos<\/div>\n<\/td>\n<td class=\"info-cell\">\n<div class=\"info-box\">\n<div class=\"info-title\">Acceso:<\/div>\n<div class=\"info-content\">[trustindex data-widget-id=7fd81be38eb695098c8683dcf1c]<\/div>\n<\/div>\n<\/td>\n<\/tr>\n<\/tbody>\n<\/table>\n","protected":false},"featured_media":7103733,"comment_status":"open","ping_status":"closed","template":"","meta":[],"product_brand":[172],"product_cat":[325,327,376,331,366,368],"product_tag":[481,489,493,475,497],"class_list":{"0":"post-7105794","1":"product","2":"type-product","3":"status-publish","4":"has-post-thumbnail","6":"product_brand-ci","7":"product_cat-accion-es","8":"product_cat-aventura-es","9":"product_cat-guerra","10":"product_cat-juegos-destacados","11":"product_cat-steam-es","12":"product_cat-steam-games-es","13":"product_tag-sigilo-es","14":"product_tag-tactical-es","15":"product_tag-tps-es","16":"product_tag-un-jugador-es","17":"product_tag-war-es","19":"first","20":"instock","21":"downloadable","22":"virtual","23":"purchasable","24":"product-type-simple"},"exclude_global_add_ons":[],"addons":[],"_links":{"self":[{"href":"https:\/\/gamesbestprices.com\/es\/wp-json\/wp\/v2\/product\/7105794","targetHints":{"allow":["GET"]}}],"collection":[{"href":"https:\/\/gamesbestprices.com\/es\/wp-json\/wp\/v2\/product"}],"about":[{"href":"https:\/\/gamesbestprices.com\/es\/wp-json\/wp\/v2\/types\/product"}],"replies":[{"embeddable":true,"href":"https:\/\/gamesbestprices.com\/es\/wp-json\/wp\/v2\/comments?post=7105794"}],"wp:featuredmedia":[{"embeddable":true,"href":"https:\/\/gamesbestprices.com\/es\/wp-json\/wp\/v2\/media\/7103733"}],"wp:attachment":[{"href":"https:\/\/gamesbestprices.com\/es\/wp-json\/wp\/v2\/media?parent=7105794"}],"wp:term":[{"taxonomy":"product_brand","embeddable":true,"href":"https:\/\/gamesbestprices.com\/es\/wp-json\/wp\/v2\/product_brand?post=7105794"},{"taxonomy":"product_cat","embeddable":true,"href":"https:\/\/gamesbestprices.com\/es\/wp-json\/wp\/v2\/product_cat?post=7105794"},{"taxonomy":"product_tag","embeddable":true,"href":"https:\/\/gamesbestprices.com\/es\/wp-json\/wp\/v2\/product_tag?post=7105794"}],"curies":[{"name":"wp","href":"https:\/\/api.w.org\/{rel}","templated":true}]}}