{"id":7105754,"date":"2025-01-22T18:42:06","date_gmt":"2025-01-22T18:42:06","guid":{"rendered":"https:\/\/gamesbestprices.com\/product\/spider-man-2-steam-pc\/"},"modified":"2025-01-22T18:42:06","modified_gmt":"2025-01-22T18:42:06","slug":"spider-man-2-steam-pc","status":"publish","type":"product","link":"https:\/\/gamesbestprices.com\/es\/producto\/spider-man-2-steam-pc\/","title":{"rendered":"Spider-Man 2 PC STEAM"},"content":{"rendered":"<p><strong>\u26a0\ufe0f<span style=\"color: #ff00ff;\">GET SPIDER-MAN 2 STEAM<\/span><\/strong><\/p>\n<p>Enjoy <strong>OFFLINE<\/strong> mode with complete flexibility. You will receive a <strong>LOGIN<\/strong>\u00a0and <strong>PASSWORD (ONE ACCOUNT)<\/strong> that we provide, allowing you to play.<br \/>\n<strong>USANDO LA CUENTA PROPORCIONADA<\/strong>.<\/p>\n<p><span style=\"color: #ff00ff;\"><strong>IMPORTANT<\/strong><\/span>: No te preocupes, tendr\u00e1s tu <strong>guardado exclusivo<\/strong> y nadie podr\u00e1 eliminarte de nuestra cuenta mientras juegas.<br \/>\n\u00a1Juega sin complicaciones, cuando quieras, ahorrando mucho y divirti\u00e9ndote al m\u00e1ximo!<\/p>\n<p>La informaci\u00f3n de la cuenta<strong> no se puede cambiar. <\/strong>Para m\u00e1s detalles, por favor <span style=\"color: #037c05;\"><strong><a style=\"color: #037c05;\" href=\"https:\/\/gamesbestprices.com\/es\/faqs\/\">haz clic en este enlace.<\/a><\/strong><\/span><\/p>\n<p><strong>\ud83c\udfae\ud83e\uddd9\u200d\u2642\ufe0f SOBRE EL JUEGO:\u00a0<\/strong><\/p>\n<h6 id=\"tw-target-text\" class=\"tw-data-text tw-text-large tw-ta\" dir=\"ltr\" data-placeholder=\"Translation\" data-ved=\"2ahUKEwjI_6Xbr4-LAxUckZUCHZOHBXsQ3ewLegQIDBAV\" aria-label=\"Translated text: Minimum requirements for The Last of Us\u2122 Part II Remastered Pc\"><span class=\"Y2IQFc\" lang=\"en\">Requisitos m\u00ednimos para Spider-Man 2 PC<\/span><\/h6>\n<table>\n<thead>\n<tr>\n<th class=\"cabecalho\" colspan=\"2\">Requisitos M\u00ednimos del Sistema<\/th>\n<\/tr>\n<\/thead>\n<tbody>\n<tr>\n<td>Sistema Operativo<\/td>\n<td>TO BE ANNOUNCED<\/td>\n<\/tr>\n<tr>\n<td>Procesador<\/td>\n<td><\/td>\n<\/tr>\n<tr>\n<td>Memoria<\/td>\n<td><\/td>\n<\/tr>\n<tr>\n<td>Gr\u00e1ficos<\/td>\n<td><\/td>\n<\/tr>\n<tr>\n<td>DirectX<\/td>\n<td><\/td>\n<\/tr>\n<tr>\n<td>Red<\/td>\n<td><\/td>\n<\/tr>\n<tr>\n<td>Almacenamiento<\/td>\n<td><\/td>\n<\/tr>\n<\/tbody>\n<\/table>\n<h6 style=\"text-align: center;\"><iframe title=\"YouTube video player\" src=\"https:\/\/www.youtube.com\/embed\/wOJaeD0Si04?si=9n7-4-VfrBm1Z0IB\" width=\"50%\" height=\"315\" frameborder=\"0\" allowfullscreen=\"allowfullscreen\"><\/iframe><\/h6>\n<h6><strong>Spider-Man 2 Pc Digital<\/strong><\/h6>\n<p>\u00a1Reserva Spider-Man 2 Pc Digital ahora! Balanc\u00e9ate por la ciudad con gr\u00e1ficos incre\u00edbles y una historia cautivadora. \u00a1Disponible para descargar en la mejor plataforma de juegos para PC!<\/p>\n<p>\u00a1Juega Spider-Man 2 en tu PC y vive la aventura de superh\u00e9roes definitiva. Perfecto para los fans de la acci\u00f3n y Marvel. \u00a1Reserva ahora y salva el d\u00eda!<\/p>\n<p>El Sentido Ar\u00e1cnido est\u00e1 alertando\u2026<\/p>\n<p>Ponte la m\u00e1scara y l\u00e1nzate a electrizantes aventuras con la llegada de *Marvel&#8217;s Spider-Man 2* a PC.<\/p>\n<p>Desarrollado por Insomniac Games en colaboraci\u00f3n con Marvel y optimizado para PC por Nixxes Software.<\/p>\n<p><img fetchpriority=\"high\" decoding=\"async\" class=\"wp-image-305916 aligncenter\" src=\"http:\/\/acasadosgamers.com\/wp-content\/uploads\/2024\/12\/giphy.webp\" alt=\"spider man 2 pc\" width=\"537\" height=\"302\" \/><\/p>\n","protected":false},"excerpt":{"rendered":"<table class=\"info-table\">\n<thead>\n<tr class=\"header-row\">\n<th>Estado<\/th>\n<th>INFORMACI\u00d3N<\/th>\n<\/tr>\n<\/thead>\n<tbody>\n<tr>\n<td class=\"status-cell\">\n<div class=\"status-title\">\ud83d\ude80 ENTREGA INMEDIATA<\/div>\n<div class=\"status-subtitle\">Obt\u00e9n acceso instant\u00e1neo<\/div>\n<\/td>\n<td class=\"info-cell\">\n<div class=\"info-box\">\n<div class=\"info-title\">ATENCI\u00d3N<\/div>\n<div class=\"info-content\">LEA LA DESCRIPCI\u00d3N<\/div>\n<\/div>\n<\/td>\n<\/tr>\n<tr>\n<td class=\"status-cell\">\n<div class=\"status-title\">\ud83d\udcb0 \u00bfEs este sitio confiable?<\/div>\n<div class=\"status-subtitle\">+ 4 a\u00f1os vendiendo juegos<\/div>\n<\/td>\n<td class=\"info-cell\">\n<div class=\"info-box\">\n<div class=\"info-title\">Acceso:<\/div>\n<div class=\"info-content\">[trustindex data-widget-id=7fd81be38eb695098c8683dcf1c]<\/div>\n<\/div>\n<\/td>\n<\/tr>\n<\/tbody>\n<\/table>\n","protected":false},"featured_media":7103603,"comment_status":"open","ping_status":"closed","template":"","meta":[],"product_brand":[143],"product_cat":[325,327,366,368],"product_tag":[441,483,485,475],"class_list":{"0":"post-7105754","1":"product","2":"type-product","3":"status-publish","4":"has-post-thumbnail","6":"product_brand-playstation-studios","7":"product_cat-accion-es","8":"product_cat-aventura-es","9":"product_cat-steam-es","10":"product_cat-steam-games-es","11":"product_tag-mundo-abierto-es","12":"product_tag-rica-en-historia-es","13":"product_tag-super-heroes-es","14":"product_tag-un-jugador-es","16":"first","17":"instock","18":"sale","19":"downloadable","20":"virtual","21":"purchasable","22":"product-type-simple"},"exclude_global_add_ons":[],"addons":[],"_links":{"self":[{"href":"https:\/\/gamesbestprices.com\/es\/wp-json\/wp\/v2\/product\/7105754","targetHints":{"allow":["GET"]}}],"collection":[{"href":"https:\/\/gamesbestprices.com\/es\/wp-json\/wp\/v2\/product"}],"about":[{"href":"https:\/\/gamesbestprices.com\/es\/wp-json\/wp\/v2\/types\/product"}],"replies":[{"embeddable":true,"href":"https:\/\/gamesbestprices.com\/es\/wp-json\/wp\/v2\/comments?post=7105754"}],"wp:featuredmedia":[{"embeddable":true,"href":"https:\/\/gamesbestprices.com\/es\/wp-json\/wp\/v2\/media\/7103603"}],"wp:attachment":[{"href":"https:\/\/gamesbestprices.com\/es\/wp-json\/wp\/v2\/media?parent=7105754"}],"wp:term":[{"taxonomy":"product_brand","embeddable":true,"href":"https:\/\/gamesbestprices.com\/es\/wp-json\/wp\/v2\/product_brand?post=7105754"},{"taxonomy":"product_cat","embeddable":true,"href":"https:\/\/gamesbestprices.com\/es\/wp-json\/wp\/v2\/product_cat?post=7105754"},{"taxonomy":"product_tag","embeddable":true,"href":"https:\/\/gamesbestprices.com\/es\/wp-json\/wp\/v2\/product_tag?post=7105754"}],"curies":[{"name":"wp","href":"https:\/\/api.w.org\/{rel}","templated":true}]}}