{"id":7105734,"date":"2025-01-02T18:41:21","date_gmt":"2025-01-02T18:41:21","guid":{"rendered":"https:\/\/gamesbestprices.com\/product\/sonic-x-shadow-generations-deluxe-edition-steam-pc\/"},"modified":"2025-01-02T18:41:21","modified_gmt":"2025-01-02T18:41:21","slug":"sonic-x-shadow-generations-deluxe-edition-steam-pc","status":"publish","type":"product","link":"https:\/\/gamesbestprices.com\/es\/producto\/sonic-x-shadow-generations-deluxe-edition-steam-pc\/","title":{"rendered":"SONIC X SHADOW GENERATIONS Deluxe Edition Steam Pc"},"content":{"rendered":"<p><strong>\u26a0\ufe0f<span style=\"color: #ff0000;\">\u00a1OBT\u00c9N UN JUEGO ORIGINAL DE STEAM!<\/span> \u26a0\ufe0f<\/strong><\/p>\n<p>Enjoy <strong>OFFLINE<\/strong> mode with complete flexibility. You will receive a <strong>LOGIN<\/strong>\u00a0and <strong>PASSWORD (ONE ACCOUNT)<\/strong> that we provide, allowing you to play.<br \/>\n<strong>USANDO LA CUENTA PROPORCIONADA<\/strong>.<\/p>\n<p><strong><span style=\"color: #ff0000;\">IMPORTANT<\/span><\/strong>: No te preocupes, tendr\u00e1s tu <strong>guardado exclusivo<\/strong> y nadie podr\u00e1 eliminarte de nuestra cuenta mientras juegas.<br \/>\n\u00a1Juega sin complicaciones, cuando quieras, ahorrando mucho y divirti\u00e9ndote al m\u00e1ximo!<\/p>\n<p>La informaci\u00f3n de la cuenta<strong> no se puede cambiar. <\/strong>Para m\u00e1s detalles, por favor <span style=\"color: #037c05;\"><strong><a style=\"color: #037c05;\" href=\"https:\/\/gamesbestprices.com\/es\/faqs\/\">haz clic en este enlace.<\/a><\/strong><\/span><\/p>\n<p><strong>\ud83c\udfae\ud83e\uddd9\u200d\u2642\ufe0f SOBRE EL JUEGO:\u00a0<\/strong><\/p>\n<table>\n<thead>\n<tr>\n<th class=\"cabecalho\" colspan=\"2\">Requisitos M\u00ednimos del Sistema<\/th>\n<\/tr>\n<\/thead>\n<tbody>\n<tr>\n<td>Sistema Operativo<\/td>\n<td>Windows 10<\/td>\n<\/tr>\n<tr>\n<td>Procesador<\/td>\n<td>Intel Core i3-2120 or AMD FX-4100<\/td>\n<\/tr>\n<tr>\n<td>Memoria<\/td>\n<td>8 GB RAM<\/td>\n<\/tr>\n<tr>\n<td>Gr\u00e1ficos<\/td>\n<td>NVIDIA GeForce GT 730, 2GB or ATI Radeon HD 5670, 1GB<\/td>\n<\/tr>\n<\/tbody>\n<\/table>\n<p>**SONIC X SHADOW GENERATIONS EDICI\u00d3N DIGITAL DELUXE**<\/p>\n<p>\u00a1Adquiere la Edici\u00f3n Digital Deluxe de SONIC X SHADOW GENERATIONS y juega 3 d\u00edas antes, con acceso a la ic\u00f3nica m\u00fasica de la franquicia, la apariencia de Terios inspirada en el concepto original de Shadow, ilustraciones, una fase extra, el traje de Shadow y mucho m\u00e1s!<\/p>\n<p>**Incluye:**<br \/>\n\u2022 Juego base<br \/>\n\u2022 Pase de Temporada Digital Deluxe:<br \/>\n&#8211; Fase y traje para Shadow (finales de 2024)<br \/>\n&#8211; Traje de Terios<br \/>\n&#8211; Paquete de M\u00fasica Extra<br \/>\n&#8211; Libro de Arte Digital + Banda Sonora<br \/>\n&#8211; Puntos (Sonic Generations)<\/p>\n<p>\u00a1Shadow regresa en **SONIC X SHADOW GENERATIONS**, una colecci\u00f3n con dos experiencias originales!<\/p>\n<p><img fetchpriority=\"high\" decoding=\"async\" class=\"size-full wp-image-303167 aligncenter\" src=\"http:\/\/acasadosgamers.com\/wp-content\/uploads\/2024\/08\/longa-2.jpg\" alt=\"SONIC X SHADOW GENERATIONS \" width=\"960\" height=\"540\" \/><\/p>\n","protected":false},"excerpt":{"rendered":"<table class=\"info-table\">\n<thead>\n<tr class=\"header-row\">\n<th>Estado<\/th>\n<th>INFORMACI\u00d3N<\/th>\n<\/tr>\n<\/thead>\n<tbody>\n<tr>\n<td class=\"status-cell\">\n<div class=\"status-title\">\ud83d\ude80 ENTREGA INMEDIATA<\/div>\n<div class=\"status-subtitle\">Obt\u00e9n acceso instant\u00e1neo<\/div>\n<\/td>\n<td class=\"info-cell\">\n<div class=\"info-box\">\n<div class=\"info-title\">ATENCI\u00d3N<\/div>\n<div class=\"info-content\">LEA LA DESCRIPCI\u00d3N<\/div>\n<\/div>\n<\/td>\n<\/tr>\n<tr>\n<td class=\"status-cell\">\n<div class=\"status-title\">\ud83d\udcb0 \u00bfEs este sitio confiable?<\/div>\n<div class=\"status-subtitle\">+ 4 a\u00f1os vendiendo juegos<\/div>\n<\/td>\n<td class=\"info-cell\">\n<div class=\"info-box\">\n<div class=\"info-title\">Acceso:<\/div>\n<div class=\"info-content\">[trustindex data-widget-id=7fd81be38eb695098c8683dcf1c]<\/div>\n<\/div>\n<\/td>\n<\/tr>\n<\/tbody>\n<\/table>\n","protected":false},"featured_media":7103741,"comment_status":"open","ping_status":"closed","template":"","meta":[],"product_brand":[147],"product_cat":[325,327,366,368],"product_tag":[390,446,475],"class_list":{"0":"post-7105734","1":"product","2":"type-product","3":"status-publish","4":"has-post-thumbnail","6":"product_brand-sega","7":"product_cat-accion-es","8":"product_cat-aventura-es","9":"product_cat-steam-es","10":"product_cat-steam-games-es","11":"product_tag-casual-es","12":"product_tag-plataformas-es","13":"product_tag-un-jugador-es","15":"first","16":"instock","17":"downloadable","18":"virtual","19":"purchasable","20":"product-type-simple"},"exclude_global_add_ons":[],"addons":[],"_links":{"self":[{"href":"https:\/\/gamesbestprices.com\/es\/wp-json\/wp\/v2\/product\/7105734","targetHints":{"allow":["GET"]}}],"collection":[{"href":"https:\/\/gamesbestprices.com\/es\/wp-json\/wp\/v2\/product"}],"about":[{"href":"https:\/\/gamesbestprices.com\/es\/wp-json\/wp\/v2\/types\/product"}],"replies":[{"embeddable":true,"href":"https:\/\/gamesbestprices.com\/es\/wp-json\/wp\/v2\/comments?post=7105734"}],"wp:featuredmedia":[{"embeddable":true,"href":"https:\/\/gamesbestprices.com\/es\/wp-json\/wp\/v2\/media\/7103741"}],"wp:attachment":[{"href":"https:\/\/gamesbestprices.com\/es\/wp-json\/wp\/v2\/media?parent=7105734"}],"wp:term":[{"taxonomy":"product_brand","embeddable":true,"href":"https:\/\/gamesbestprices.com\/es\/wp-json\/wp\/v2\/product_brand?post=7105734"},{"taxonomy":"product_cat","embeddable":true,"href":"https:\/\/gamesbestprices.com\/es\/wp-json\/wp\/v2\/product_cat?post=7105734"},{"taxonomy":"product_tag","embeddable":true,"href":"https:\/\/gamesbestprices.com\/es\/wp-json\/wp\/v2\/product_tag?post=7105734"}],"curies":[{"name":"wp","href":"https:\/\/api.w.org\/{rel}","templated":true}]}}