{"id":7105724,"date":"2025-01-02T18:40:56","date_gmt":"2025-01-02T18:40:56","guid":{"rendered":"https:\/\/gamesbestprices.com\/product\/baldurs-gate-3-deluxe-pc-digital\/"},"modified":"2025-01-02T18:40:56","modified_gmt":"2025-01-02T18:40:56","slug":"baldurs-gate-3-deluxe-pc-digital","status":"publish","type":"product","link":"https:\/\/gamesbestprices.com\/es\/producto\/baldurs-gate-3-deluxe-pc-digital\/","title":{"rendered":"Baldur&#8217;s Gate 3 Deluxe Steam Pc"},"content":{"rendered":"<p><strong>\u26a0\ufe0f<span style=\"color: #ff0000;\">\u00a1OBT\u00c9N UN JUEGO ORIGINAL DE STEAM!<\/span> \u26a0\ufe0f<\/strong><\/p>\n<p>Enjoy <strong>OFFLINE<\/strong> mode with complete flexibility. You will receive a <strong>LOGIN<\/strong>\u00a0and <strong>PASSWORD (ONE ACCOUNT)<\/strong> that we provide, allowing you to play.<br \/>\n<strong>USANDO LA CUENTA PROPORCIONADA<\/strong>.<\/p>\n<p><strong><span style=\"color: #ff0000;\">IMPORTANT<\/span><\/strong>: No te preocupes, tendr\u00e1s tu <strong>guardado exclusivo<\/strong> y nadie podr\u00e1 eliminarte de nuestra cuenta mientras juegas.<br \/>\n\u00a1Juega sin complicaciones, cuando quieras, ahorrando mucho y divirti\u00e9ndote al m\u00e1ximo!<\/p>\n<p>La informaci\u00f3n de la cuenta<strong> no se puede cambiar. <\/strong>Para m\u00e1s detalles, por favor <span style=\"color: #037c05;\"><strong><a style=\"color: #037c05;\" href=\"https:\/\/gamesbestprices.com\/es\/faqs\/\">haz clic en este enlace.<\/a><\/strong><\/span><\/p>\n<p><strong>\ud83c\udfae\ud83e\uddd9\u200d\u2642\ufe0f SOBRE EL JUEGO:<\/strong><\/p>\n<table>\n<thead>\n<tr>\n<th class=\"cabecalho\" colspan=\"2\">Requisitos M\u00ednimos del Sistema<\/th>\n<\/tr>\n<\/thead>\n<tbody>\n<tr>\n<td>Sistema Operativo<\/td>\n<td>Windows 10 64-bit<\/td>\n<\/tr>\n<tr>\n<td>Procesador<\/td>\n<td>Intel I5 4690 \/ AMD FX 8350<\/td>\n<\/tr>\n<tr>\n<td>Memoria<\/td>\n<td>8 GB RAM<\/td>\n<\/tr>\n<tr>\n<td>Gr\u00e1ficos<\/td>\n<td>Nvidia GTX 970 \/ RX 480 (4GB+ of VRAM)<\/td>\n<\/tr>\n<tr>\n<td>DirectX<\/td>\n<td>Version 11<\/td>\n<\/tr>\n<tr>\n<td>Almacenamiento<\/td>\n<td>150 GB available space<\/td>\n<\/tr>\n<\/tbody>\n<\/table>\n<p>**Baldur&#8217;s Gate 3**<\/p>\n<p>Re\u00fane a tu grupo y regresa a Forgotten Realms en una historia de amistad y traici\u00f3n, sacrificio y supervivencia, y la tentaci\u00f3n del poder absoluto.<\/p>\n<p>Habilidades misteriosas despiertan dentro de ti, sembradas por un par\u00e1sito mind flayer incrustado en tu cerebro. Resiste y deja que la oscuridad se destruya a s\u00ed misma, o abraza la corrupci\u00f3n y convi\u00e9rtete en el mal supremo.<\/p>\n<p>De los creadores de *Divinity: Original Sin 2*, este es un RPG de nueva generaci\u00f3n ambientado en el mundo de *Dungeons and Dragons*.<\/p>\n<p><img fetchpriority=\"high\" decoding=\"async\" class=\"size-full wp-image-302543 aligncenter\" src=\"http:\/\/acasadosgamers.com\/wp-content\/uploads\/2024\/07\/Baldurs-Gate-3-2-900x503-1.jpg\" alt=\"Baldur's Gate 3\" width=\"900\" height=\"503\" \/><\/p>\n","protected":false},"excerpt":{"rendered":"<table class=\"info-table\">\n<thead>\n<tr class=\"header-row\">\n<th>Estado<\/th>\n<th>INFORMACI\u00d3N<\/th>\n<\/tr>\n<\/thead>\n<tbody>\n<tr>\n<td class=\"status-cell\">\n<div class=\"status-title\">\ud83d\ude80 ENTREGA INMEDIATA<\/div>\n<div class=\"status-subtitle\">Obt\u00e9n acceso instant\u00e1neo<\/div>\n<\/td>\n<td class=\"info-cell\">\n<div class=\"info-box\">\n<div class=\"info-title\">ATENCI\u00d3N<\/div>\n<div class=\"info-content\">LEA LA DESCRIPCI\u00d3N<\/div>\n<\/div>\n<\/td>\n<\/tr>\n<tr>\n<td class=\"status-cell\">\n<div class=\"status-title\">\ud83d\udcb0 \u00bfEs este sitio confiable?<\/div>\n<div class=\"status-subtitle\">+ 4 a\u00f1os vendiendo juegos<\/div>\n<\/td>\n<td class=\"info-cell\">\n<div class=\"info-box\">\n<div class=\"info-title\">Acceso:<\/div>\n<div class=\"info-content\">[trustindex data-widget-id=7fd81be38eb695098c8683dcf1c]<\/div>\n<\/div>\n<\/td>\n<\/tr>\n<\/tbody>\n<\/table>\n","protected":false},"featured_media":7103549,"comment_status":"open","ping_status":"closed","template":"","meta":[],"product_brand":[141],"product_cat":[327,370,359,366,368],"product_tag":[400,415,392,495,483,394,475],"class_list":{"0":"post-7105724","1":"product","2":"type-product","3":"status-publish","4":"has-post-thumbnail","6":"product_brand-larian","7":"product_cat-aventura-es","8":"product_cat-estrategia-es","9":"product_cat-rpg-es","10":"product_cat-steam-es","11":"product_cat-steam-games-es","12":"product_tag-cooperativo-es","13":"product_tag-fantasia-es","14":"product_tag-personalizacion-de-personajes","15":"product_tag-por-turnos-es","16":"product_tag-rica-en-historia-es","17":"product_tag-tus-decisiones-importan","18":"product_tag-un-jugador-es","20":"first","21":"instock","22":"downloadable","23":"virtual","24":"purchasable","25":"product-type-simple"},"exclude_global_add_ons":[],"addons":[],"_links":{"self":[{"href":"https:\/\/gamesbestprices.com\/es\/wp-json\/wp\/v2\/product\/7105724","targetHints":{"allow":["GET"]}}],"collection":[{"href":"https:\/\/gamesbestprices.com\/es\/wp-json\/wp\/v2\/product"}],"about":[{"href":"https:\/\/gamesbestprices.com\/es\/wp-json\/wp\/v2\/types\/product"}],"replies":[{"embeddable":true,"href":"https:\/\/gamesbestprices.com\/es\/wp-json\/wp\/v2\/comments?post=7105724"}],"wp:featuredmedia":[{"embeddable":true,"href":"https:\/\/gamesbestprices.com\/es\/wp-json\/wp\/v2\/media\/7103549"}],"wp:attachment":[{"href":"https:\/\/gamesbestprices.com\/es\/wp-json\/wp\/v2\/media?parent=7105724"}],"wp:term":[{"taxonomy":"product_brand","embeddable":true,"href":"https:\/\/gamesbestprices.com\/es\/wp-json\/wp\/v2\/product_brand?post=7105724"},{"taxonomy":"product_cat","embeddable":true,"href":"https:\/\/gamesbestprices.com\/es\/wp-json\/wp\/v2\/product_cat?post=7105724"},{"taxonomy":"product_tag","embeddable":true,"href":"https:\/\/gamesbestprices.com\/es\/wp-json\/wp\/v2\/product_tag?post=7105724"}],"curies":[{"name":"wp","href":"https:\/\/api.w.org\/{rel}","templated":true}]}}