{"id":7105719,"date":"2025-01-02T18:40:10","date_gmt":"2025-01-02T18:40:10","guid":{"rendered":"https:\/\/gamesbestprices.com\/product\/dark-souls-1-2-e-3-complete-collection-pc-digital\/"},"modified":"2025-01-02T18:40:10","modified_gmt":"2025-01-02T18:40:10","slug":"dark-souls-1-2-e-3-complete-collection-pc-digital","status":"publish","type":"product","link":"https:\/\/gamesbestprices.com\/es\/producto\/dark-souls-1-2-e-3-complete-collection-pc-digital\/","title":{"rendered":"Dark Souls 1, 2 e 3 COMPLETE COLLECTION Steam Pc"},"content":{"rendered":"<p><strong>\u26a0\ufe0f<span style=\"color: #ff0000;\">\u00a1OBT\u00c9N UN JUEGO ORIGINAL DE STEAM!<\/span> \u26a0\ufe0f<\/strong><\/p>\n<p>Enjoy <strong>OFFLINE<\/strong> mode with complete flexibility. You will receive a <strong>LOGIN<\/strong>\u00a0and <strong>PASSWORD (ONE ACCOUNT)<\/strong> that we provide, allowing you to play.<br \/>\n<strong>USANDO LA CUENTA PROPORCIONADA<\/strong>.<\/p>\n<p><strong><span style=\"color: #ff0000;\">IMPORTANT<\/span><\/strong>: No te preocupes, tendr\u00e1s tu <strong>guardado exclusivo<\/strong> y nadie podr\u00e1 eliminarte de nuestra cuenta mientras juegas.<br \/>\n\u00a1Juega sin complicaciones, cuando quieras, ahorrando mucho y divirti\u00e9ndote al m\u00e1ximo!<\/p>\n<p>La informaci\u00f3n de la cuenta<strong> no se puede cambiar. <\/strong>Para m\u00e1s detalles, por favor <span style=\"color: #037c05;\"><strong><a style=\"color: #037c05;\" href=\"https:\/\/gamesbestprices.com\/es\/faqs\/\">haz clic en este enlace.<\/a><\/strong><\/span><\/p>\n<p><strong>\ud83c\udfae\ud83e\uddd9\u200d\u2642\ufe0f SOBRE EL JUEGO:\u00a0<\/strong><\/p>\n<table>\n<thead>\n<tr>\n<th class=\"cabecalho\" colspan=\"2\">Requisitos M\u00ednimos del Sistema<\/th>\n<\/tr>\n<\/thead>\n<tbody>\n<tr>\n<td>Sistema Operativo *<\/td>\n<td>Windows 7 SP1 64-bit, Windows 8.1 64-bit, Windows 10 64-bit<\/td>\n<\/tr>\n<tr>\n<td>Procesador<\/td>\n<td>Intel Core i3-2100 \/ AMD\u00ae FX-6300<\/td>\n<\/tr>\n<tr>\n<td>Memoria<\/td>\n<td>8 GB RAM<\/td>\n<\/tr>\n<tr>\n<td>Gr\u00e1ficos<\/td>\n<td>NVIDIA\u00ae GeForce GTX 750 Ti \/ ATI Radeon HD 7950<\/td>\n<\/tr>\n<tr>\n<td>DirectX<\/td>\n<td>Version 11<\/td>\n<\/tr>\n<tr>\n<td>Red<\/td>\n<td>Conexi\u00f3n a Internet de banda ancha<\/td>\n<\/tr>\n<tr>\n<td>Almacenamiento<\/td>\n<td>25 GB available space<\/td>\n<\/tr>\n<\/tbody>\n<\/table>\n<p>**Dark Souls Complete Collection**<\/p>\n<p>Premiado como \u00abMejor RPG\u00bb en Gamescom 2015 y con m\u00e1s de 35 premios y nominaciones en E3 2015, *DARK SOULS\u2122 III* contin\u00faa elevando el list\u00f3n de una de las series m\u00e1s innovadoras y aclamadas por la cr\u00edtica.<br \/>\nCon el fuego desvaneci\u00e9ndose y el mundo cayendo en ruinas, debes aventurarte en un universo lleno de enemigos colosales y entornos imponentes. Los jugadores entrar\u00e1n en un mundo de oscuridad y atm\u00f3sfera \u00e9pica, con una jugabilidad m\u00e1s r\u00e1pida y un combate m\u00e1s intenso.<br \/>\n\u00a1Ahora solo quedan cenizas&#8230; Prep\u00e1rate para abrazar la oscuridad una vez m\u00e1s!<\/p>\n<p>**Paquete DARK SOULS:**<br \/>\n&#8211; DARK SOULS: REMASTERED<br \/>\n&#8211; DARK SOULS\u2122 II: Bundle<br \/>\n&#8211; DARK SOULS III Deluxe Edition<\/p>\n<p><img decoding=\"async\" class=\"aligncenter\" src=\"https:\/\/media3.giphy.com\/media\/v1.Y2lkPTc5MGI3NjExZm90Zjg1ODF3aTd0OTd5dGdteHpkcHh5bHFrd2xxZWpjamY3eDRrcyZlcD12MV9pbnRlcm5hbF9naWZfYnlfaWQmY3Q9Zw\/CclMcM0dl8BqMBkE6U\/giphy.gif\" alt=\"Dark Souls Gamer GIF by BANDAI NAMCO Entertainment\" \/><\/p>\n","protected":false},"excerpt":{"rendered":"<table class=\"info-table\">\n<thead>\n<tr class=\"header-row\">\n<th>Estado<\/th>\n<th>INFORMACI\u00d3N<\/th>\n<\/tr>\n<\/thead>\n<tbody>\n<tr>\n<td class=\"status-cell\">\n<div class=\"status-title\">\ud83d\ude80 ENTREGA INMEDIATA<\/div>\n<div class=\"status-subtitle\">Obt\u00e9n acceso instant\u00e1neo<\/div>\n<\/td>\n<td class=\"info-cell\">\n<div class=\"info-box\">\n<div class=\"info-title\">ATENCI\u00d3N<\/div>\n<div class=\"info-content\">LEA LA DESCRIPCI\u00d3N<\/div>\n<\/div>\n<\/td>\n<\/tr>\n<tr>\n<td class=\"status-cell\">\n<div class=\"status-title\">\ud83d\udcb0 \u00bfEs este sitio confiable?<\/div>\n<div class=\"status-subtitle\">+ 4 a\u00f1os vendiendo juegos<\/div>\n<\/td>\n<td class=\"info-cell\">\n<div class=\"info-box\">\n<div class=\"info-title\">Acceso:<\/div>\n<div class=\"info-content\">[trustindex data-widget-id=7fd81be38eb695098c8683dcf1c]<\/div>\n<\/div>\n<\/td>\n<\/tr>\n<\/tbody>\n<\/table>\n","protected":false},"featured_media":7103518,"comment_status":"open","ping_status":"closed","template":"","meta":[],"product_brand":[138],"product_cat":[325,366,368],"product_tag":[408,415,430,477,475],"class_list":{"0":"post-7105719","1":"product","2":"type-product","3":"status-publish","4":"has-post-thumbnail","6":"product_brand-from-software","7":"product_cat-accion-es","8":"product_cat-steam-es","9":"product_cat-steam-games-es","10":"product_tag-dificil","11":"product_tag-fantasia-es","12":"product_tag-medieval-es","13":"product_tag-souls-like-es","14":"product_tag-un-jugador-es","16":"first","17":"instock","18":"downloadable","19":"virtual","20":"purchasable","21":"product-type-simple"},"exclude_global_add_ons":[],"addons":[],"_links":{"self":[{"href":"https:\/\/gamesbestprices.com\/es\/wp-json\/wp\/v2\/product\/7105719","targetHints":{"allow":["GET"]}}],"collection":[{"href":"https:\/\/gamesbestprices.com\/es\/wp-json\/wp\/v2\/product"}],"about":[{"href":"https:\/\/gamesbestprices.com\/es\/wp-json\/wp\/v2\/types\/product"}],"replies":[{"embeddable":true,"href":"https:\/\/gamesbestprices.com\/es\/wp-json\/wp\/v2\/comments?post=7105719"}],"wp:featuredmedia":[{"embeddable":true,"href":"https:\/\/gamesbestprices.com\/es\/wp-json\/wp\/v2\/media\/7103518"}],"wp:attachment":[{"href":"https:\/\/gamesbestprices.com\/es\/wp-json\/wp\/v2\/media?parent=7105719"}],"wp:term":[{"taxonomy":"product_brand","embeddable":true,"href":"https:\/\/gamesbestprices.com\/es\/wp-json\/wp\/v2\/product_brand?post=7105719"},{"taxonomy":"product_cat","embeddable":true,"href":"https:\/\/gamesbestprices.com\/es\/wp-json\/wp\/v2\/product_cat?post=7105719"},{"taxonomy":"product_tag","embeddable":true,"href":"https:\/\/gamesbestprices.com\/es\/wp-json\/wp\/v2\/product_tag?post=7105719"}],"curies":[{"name":"wp","href":"https:\/\/api.w.org\/{rel}","templated":true}]}}