{"id":7105694,"date":"2025-01-02T18:38:57","date_gmt":"2025-01-02T18:38:57","guid":{"rendered":"https:\/\/gamesbestprices.com\/product\/cities-skylines-2-ultimate-edition-steam-pc\/"},"modified":"2025-01-02T18:38:57","modified_gmt":"2025-01-02T18:38:57","slug":"cities-skylines-2-ultimate-edition-steam-pc","status":"publish","type":"product","link":"https:\/\/gamesbestprices.com\/es\/producto\/cities-skylines-2-ultimate-edition-steam-pc\/","title":{"rendered":"Cities: Skylines 2 Ultimate Edition Steam Pc"},"content":{"rendered":"<p><strong>\u26a0\ufe0f<span style=\"color: #ff00ff;\">OBT\u00c9N THE LAST OF US PARTE II REMASTERED PC STEAM<\/span><\/strong><\/p>\n<p>Enjoy <strong>OFFLINE<\/strong> mode with complete flexibility. You will receive a <strong>LOGIN<\/strong>\u00a0and <strong>PASSWORD (ONE ACCOUNT)<\/strong> that we provide, allowing you to play.<br \/>\n<strong>USANDO LA CUENTA PROPORCIONADA<\/strong>.<\/p>\n<p><span style=\"color: #ff00ff;\"><strong>IMPORTANTE<\/strong>:<\/span> No te preocupes, tendr\u00e1s tu <strong>guardado exclusivo<\/strong> y nadie podr\u00e1 eliminarte de nuestra cuenta mientras juegas.<br \/>\n\u00a1Juega sin complicaciones, cuando quieras, ahorrando mucho y divirti\u00e9ndote al m\u00e1ximo!<\/p>\n<p>La informaci\u00f3n de la cuenta<strong> no se puede cambiar. <\/strong>Para m\u00e1s detalles, por favor <span style=\"color: #037c05;\"><strong><a style=\"color: #037c05;\" href=\"https:\/\/gamesbestprices.com\/es\/faqs\/\">haz clic en este enlace.<\/a><\/strong><\/span><\/p>\n<p>&nbsp;<\/p>\n<p><strong>\ud83c\udfae\ud83e\uddd9\u200d\u2642\ufe0f<\/strong><strong>\u00a0SOBRE EL JUEGO:\u00a0<\/strong><\/p>\n<h6 id=\"tw-target-text\" class=\"tw-data-text tw-text-large tw-ta\" dir=\"ltr\" data-placeholder=\"Translation\" data-ved=\"2ahUKEwjI_6Xbr4-LAxUckZUCHZOHBXsQ3ewLegQIDBAV\" aria-label=\"Translated text: Minimum requirements for The Last of Us\u2122 Part II Remastered Pc\"><span class=\"Y2IQFc\" lang=\"en\">Requisitos m\u00ednimos para Cities: Skylines 2 Ultimate Edition<\/span><\/h6>\n<table>\n<thead>\n<tr>\n<th class=\"cabecalho\" colspan=\"2\">Requisitos M\u00ednimos del Sistema<\/th>\n<\/tr>\n<\/thead>\n<tbody>\n<tr>\n<td>64-bit Procesador and OS Required<\/td>\n<td>Yes<\/td>\n<\/tr>\n<tr>\n<td>Sistema Operativo<\/td>\n<td>Windows\u00ae 10 Home 64 Bit<\/td>\n<\/tr>\n<tr>\n<td>Procesador<\/td>\n<td>Intel\u00ae Core\u2122 i7-6700K | AMD\u00ae Ryzen\u2122 5 2600X<\/td>\n<\/tr>\n<tr>\n<td>Memoria<\/td>\n<td>8 GB RAM<\/td>\n<\/tr>\n<tr>\n<td>Gr\u00e1ficos<\/td>\n<td>Nvidia\u00ae GeForce\u2122 GTX 970 (4 GB) | AMD\u00ae Radeon\u2122 RX 480 (8 GB)<\/td>\n<\/tr>\n<tr>\n<td>Almacenamiento<\/td>\n<td>60 GB available space<\/td>\n<\/tr>\n<\/tbody>\n<\/table>\n<p>Construye una ciudad desde cero y transf\u00f3rmala en una metr\u00f3polis pr\u00f3spera que solo t\u00fa puedes imaginar.<\/p>\n<p>You\u2019ve never built on this scale before. With deep simulation and a living economy, *Cities: Skylines II* offers limitless world-building possibilities.<\/p>\n<p style=\"text-align: center;\"><iframe title=\"YouTube video player\" src=\"https:\/\/www.youtube.com\/embed\/7vlKoMi4Qr0?si=MteB00zfep-NSQok\" width=\"560\" height=\"315\" frameborder=\"0\" allowfullscreen=\"allowfullscreen\"><\/iframe><\/p>\n<h6><strong>Cities: Skylines 2 Ultimate Edition Pc Digital<\/strong><\/h6>\n<p>\u00a1Obt\u00e9n Cities: Skylines 2 Ultimate Edition Pc Digital ahora! Construye la ciudad de tus sue\u00f1os con un detalle y realismo incomparables. \u00a1Disponible para descargar en la mejor plataforma de juegos para PC!<\/p>\n<p>\u00a1Juega Cities: Skylines 2 en tu PC y gestiona cada aspecto de tu ciudad, desde la infraestructura hasta la felicidad de los ciudadanos. Perfecto para los fans de juegos de simulaci\u00f3n y estrategia. \u00a1Descarga ahora y comienza a construir tu legado!<\/p>\n","protected":false},"excerpt":{"rendered":"<table class=\"info-table\">\n<thead>\n<tr class=\"header-row\">\n<th>Estado<\/th>\n<th>INFORMACI\u00d3N<\/th>\n<\/tr>\n<\/thead>\n<tbody>\n<tr>\n<td class=\"status-cell\">\n<div class=\"status-title\">\ud83d\ude80 ENTREGA INMEDIATA<\/div>\n<div class=\"status-subtitle\">Obt\u00e9n acceso instant\u00e1neo<\/div>\n<\/td>\n<td class=\"info-cell\">\n<div class=\"info-box\">\n<div class=\"info-title\">ATENCI\u00d3N<\/div>\n<div class=\"info-content\">LEA LA DESCRIPCI\u00d3N<\/div>\n<\/div>\n<\/td>\n<\/tr>\n<tr>\n<td class=\"status-cell\">\n<div class=\"status-title\">\ud83d\udcb0 \u00bfEs este sitio confiable?<\/div>\n<div class=\"status-subtitle\">+ 4 a\u00f1os vendiendo juegos<\/div>\n<\/td>\n<td class=\"info-cell\">\n<div class=\"info-box\">\n<div class=\"info-title\">Acceso:<\/div>\n<div class=\"info-content\">[trustindex data-widget-id=7fd81be38eb695098c8683dcf1c]<\/div>\n<\/div>\n<\/td>\n<\/tr>\n<\/tbody>\n<\/table>\n","protected":false},"featured_media":7103706,"comment_status":"open","ping_status":"closed","template":"","meta":[],"product_brand":[155],"product_cat":[370,362,366,368],"product_tag":[398,428,469,473,475],"class_list":{"0":"post-7105694","1":"product","2":"type-product","3":"status-publish","4":"has-post-thumbnail","6":"product_brand-paradox","7":"product_cat-estrategia-es","8":"product_cat-simulacion-es","9":"product_cat-steam-es","10":"product_cat-steam-games-es","11":"product_tag-constructor-de-ciudades-es","12":"product_tag-gestion-es","13":"product_tag-sandbox-es","14":"product_tag-simulacion-es","15":"product_tag-un-jugador-es","17":"first","18":"instock","19":"downloadable","20":"virtual","21":"purchasable","22":"product-type-simple"},"exclude_global_add_ons":[],"addons":[],"_links":{"self":[{"href":"https:\/\/gamesbestprices.com\/es\/wp-json\/wp\/v2\/product\/7105694","targetHints":{"allow":["GET"]}}],"collection":[{"href":"https:\/\/gamesbestprices.com\/es\/wp-json\/wp\/v2\/product"}],"about":[{"href":"https:\/\/gamesbestprices.com\/es\/wp-json\/wp\/v2\/types\/product"}],"replies":[{"embeddable":true,"href":"https:\/\/gamesbestprices.com\/es\/wp-json\/wp\/v2\/comments?post=7105694"}],"wp:featuredmedia":[{"embeddable":true,"href":"https:\/\/gamesbestprices.com\/es\/wp-json\/wp\/v2\/media\/7103706"}],"wp:attachment":[{"href":"https:\/\/gamesbestprices.com\/es\/wp-json\/wp\/v2\/media?parent=7105694"}],"wp:term":[{"taxonomy":"product_brand","embeddable":true,"href":"https:\/\/gamesbestprices.com\/es\/wp-json\/wp\/v2\/product_brand?post=7105694"},{"taxonomy":"product_cat","embeddable":true,"href":"https:\/\/gamesbestprices.com\/es\/wp-json\/wp\/v2\/product_cat?post=7105694"},{"taxonomy":"product_tag","embeddable":true,"href":"https:\/\/gamesbestprices.com\/es\/wp-json\/wp\/v2\/product_tag?post=7105694"}],"curies":[{"name":"wp","href":"https:\/\/api.w.org\/{rel}","templated":true}]}}