{"id":7105684,"date":"2025-01-02T18:38:57","date_gmt":"2025-01-02T18:38:57","guid":{"rendered":"https:\/\/gamesbestprices.com\/product\/f1-24-champions-edition-pc-digital\/"},"modified":"2025-01-02T18:38:57","modified_gmt":"2025-01-02T18:38:57","slug":"f1-24-champions-edition-pc-digital","status":"publish","type":"product","link":"https:\/\/gamesbestprices.com\/es\/producto\/f1-24-champions-edition-pc-digital\/","title":{"rendered":"F1 24 \u2013 Champions Edition Steam Pc"},"content":{"rendered":"<p><strong>\u26a0\ufe0f<span style=\"color: #ff0000;\">\u00a1OBT\u00c9N UN JUEGO ORIGINAL DE STEAM!<\/span> \u26a0\ufe0f<\/strong><\/p>\n<p>Enjoy <strong>OFFLINE<\/strong> mode with complete flexibility. You will receive a <strong>LOGIN<\/strong>\u00a0and <strong>PASSWORD (ONE ACCOUNT)<\/strong> that we provide, allowing you to play.<br \/>\n<strong>USANDO LA CUENTA PROPORCIONADA<\/strong>.<\/p>\n<p><strong><span style=\"color: #ff0000;\">IMPORTANT<\/span><\/strong>: No te preocupes, tendr\u00e1s tu <strong>guardado exclusivo<\/strong> y nadie podr\u00e1 eliminarte de nuestra cuenta mientras juegas.<br \/>\n\u00a1Juega sin complicaciones, cuando quieras, ahorrando mucho y divirti\u00e9ndote al m\u00e1ximo!<\/p>\n<p>La informaci\u00f3n de la cuenta<strong> no se puede cambiar. <\/strong>Para m\u00e1s detalles, por favor <span style=\"color: #037c05;\"><strong><a style=\"color: #037c05;\" href=\"https:\/\/gamesbestprices.com\/es\/faqs\/\">haz clic en este enlace.<\/a><\/strong><\/span><\/p>\n<p><strong>\ud83c\udfae\ud83e\uddd9\u200d\u2642\ufe0f SOBRE EL JUEGO:\u00a0<\/strong><\/p>\n<table>\n<thead>\n<tr>\n<th class=\"cabecalho\" colspan=\"2\">Requisitos del Sistema<\/th>\n<\/tr>\n<\/thead>\n<tbody>\n<tr>\n<td>Sistema Operativo<\/td>\n<td>Windows 10 64-bit Version 21H1 or newer<\/td>\n<\/tr>\n<tr>\n<td>Procesador<\/td>\n<td>Intel Core i3-2130 | Core i5-9600k (VR) or AMD FX 4300 | Ryzen 5 2600X (VR)<\/td>\n<\/tr>\n<tr>\n<td>RAM Memoria<\/td>\n<td>8 GB RAM<\/td>\n<\/tr>\n<tr>\n<td>Tarjeta de Video<\/td>\n<td>NVIDIA GTX 1060 (6GB) | GTX 1660Ti (VR) | RTX 2060 (RT)<br \/>\nAMD RX 480 (8GB) | RX 590 (VR) | 6700XT (RT)<br \/>\nIntel Arc A380 (VR\/RT)<\/td>\n<\/tr>\n<tr>\n<td>DirectX<\/td>\n<td>Version 12<\/td>\n<\/tr>\n<tr>\n<td>Red<\/td>\n<td>Conexi\u00f3n a Internet de banda ancha<\/td>\n<\/tr>\n<tr>\n<td>Almacenamiento<\/td>\n<td>100 GB available space<\/td>\n<\/tr>\n<\/tbody>\n<\/table>\n<p>Alcanza las primeras posiciones en EA SPORTS\u2122 F1\u00ae 24, el juego oficial del Campeonato Mundial de F\u00f3rmula Uno de la FIA 2024\u2122. Acelera tu competitividad en busca de una carrera hist\u00f3rica en F1\u00ae con la primera gran actualizaci\u00f3n de este modo desde 2016. Compite como los gigantes del automovilismo y sincron\u00edzate con tu coche usando el nuevo sistema de conducci\u00f3n din\u00e1mica de EA SPORTS. Impulsa tu pasi\u00f3n aline\u00e1ndote con tus equipos y pilotos favoritos mientras demuestras tus habilidades en nuevos modos y experiencias.<\/p>\n<p><img decoding=\"async\" class=\"aligncenter\" src=\"https:\/\/media4.giphy.com\/media\/v1.Y2lkPTc5MGI3NjExYjVtaGp2b2VncjhxZTZ5b2ticHQwMXV2bTdrZjBtN214dzV6aWtmbiZlcD12MV9pbnRlcm5hbF9naWZfYnlfaWQmY3Q9Zw\/SfkUONpU8cFXGYVzTM\/giphy.gif\" alt=\"Racing Berlin GIF by ABB Formula E\" \/><\/p>\n","protected":false},"excerpt":{"rendered":"<table class=\"info-table\">\n<thead>\n<tr class=\"header-row\">\n<th>Estado<\/th>\n<th>INFORMACI\u00d3N<\/th>\n<\/tr>\n<\/thead>\n<tbody>\n<tr>\n<td class=\"status-cell\">\n<div class=\"status-title\">\ud83d\ude80 ENTREGA INMEDIATA<\/div>\n<div class=\"status-subtitle\">Obt\u00e9n acceso instant\u00e1neo<\/div>\n<\/td>\n<td class=\"info-cell\">\n<div class=\"info-box\">\n<div class=\"info-title\">ATENCI\u00d3N<\/div>\n<div class=\"info-content\">LEA LA DESCRIPCI\u00d3N<\/div>\n<\/div>\n<\/td>\n<\/tr>\n<tr>\n<td class=\"status-cell\">\n<div class=\"status-title\">\ud83d\udcb0 \u00bfEs este sitio confiable?<\/div>\n<div class=\"status-subtitle\">+ 4 a\u00f1os vendiendo juegos<\/div>\n<\/td>\n<td class=\"info-cell\">\n<div class=\"info-box\">\n<div class=\"info-title\">Acceso:<\/div>\n<div class=\"info-content\">[trustindex data-widget-id=7fd81be38eb695098c8683dcf1c]<\/div>\n<\/div>\n<\/td>\n<\/tr>\n<\/tbody>\n<\/table>\n","protected":false},"featured_media":7103632,"comment_status":"open","ping_status":"closed","template":"","meta":[],"product_brand":[136],"product_cat":[353,364,331,368],"product_tag":[457,479,432,473],"class_list":{"0":"post-7105684","1":"product","2":"type-product","3":"status-publish","4":"has-post-thumbnail","6":"product_brand-codemasters-ea-sports","7":"product_cat-carreras","8":"product_cat-deportes-es","9":"product_cat-juegos-destacados","10":"product_cat-steam-games-es","11":"product_tag-carreras-es","12":"product_tag-deportes-es","13":"product_tag-multijugador-es","14":"product_tag-simulacion-es","16":"first","17":"instock","18":"downloadable","19":"virtual","20":"purchasable","21":"product-type-simple"},"exclude_global_add_ons":[],"addons":[],"_links":{"self":[{"href":"https:\/\/gamesbestprices.com\/es\/wp-json\/wp\/v2\/product\/7105684","targetHints":{"allow":["GET"]}}],"collection":[{"href":"https:\/\/gamesbestprices.com\/es\/wp-json\/wp\/v2\/product"}],"about":[{"href":"https:\/\/gamesbestprices.com\/es\/wp-json\/wp\/v2\/types\/product"}],"replies":[{"embeddable":true,"href":"https:\/\/gamesbestprices.com\/es\/wp-json\/wp\/v2\/comments?post=7105684"}],"wp:featuredmedia":[{"embeddable":true,"href":"https:\/\/gamesbestprices.com\/es\/wp-json\/wp\/v2\/media\/7103632"}],"wp:attachment":[{"href":"https:\/\/gamesbestprices.com\/es\/wp-json\/wp\/v2\/media?parent=7105684"}],"wp:term":[{"taxonomy":"product_brand","embeddable":true,"href":"https:\/\/gamesbestprices.com\/es\/wp-json\/wp\/v2\/product_brand?post=7105684"},{"taxonomy":"product_cat","embeddable":true,"href":"https:\/\/gamesbestprices.com\/es\/wp-json\/wp\/v2\/product_cat?post=7105684"},{"taxonomy":"product_tag","embeddable":true,"href":"https:\/\/gamesbestprices.com\/es\/wp-json\/wp\/v2\/product_tag?post=7105684"}],"curies":[{"name":"wp","href":"https:\/\/api.w.org\/{rel}","templated":true}]}}