{"id":7105594,"date":"2025-01-02T18:37:06","date_gmt":"2025-01-02T18:37:06","guid":{"rendered":"https:\/\/gamesbestprices.com\/product\/call-of-duty-black-ops-pc-digital\/"},"modified":"2025-01-02T18:37:06","modified_gmt":"2025-01-02T18:37:06","slug":"call-of-duty-black-ops-pc-digital","status":"publish","type":"product","link":"https:\/\/gamesbestprices.com\/es\/producto\/call-of-duty-black-ops-pc-digital\/","title":{"rendered":"Call of Duty: Black Ops Steam Pc"},"content":{"rendered":"<p><strong>\u26a0\ufe0f<span style=\"color: #ff0000;\">\u00a1OBT\u00c9N UN JUEGO ORIGINAL DE STEAM!<\/span> \u26a0\ufe0f<\/strong><\/p>\n<p>Enjoy <strong>OFFLINE<\/strong> mode with complete flexibility. You will receive a <strong>LOGIN<\/strong>\u00a0and <strong>PASSWORD (ONE ACCOUNT)<\/strong> that we provide, allowing you to play.<br \/>\n<strong>USANDO LA CUENTA PROPORCIONADA<\/strong>.<\/p>\n<p><strong><span style=\"color: #ff0000;\">IMPORTANT<\/span><\/strong>: No te preocupes, tendr\u00e1s tu <strong>guardado exclusivo<\/strong> y nadie podr\u00e1 eliminarte de nuestra cuenta mientras juegas.<br \/>\n\u00a1Juega sin complicaciones, cuando quieras, ahorrando mucho y divirti\u00e9ndote al m\u00e1ximo!<\/p>\n<p>La informaci\u00f3n de la cuenta<strong> no se puede cambiar. <\/strong>Para m\u00e1s detalles, por favor <span style=\"color: #037c05;\"><strong><a style=\"color: #037c05;\" href=\"https:\/\/gamesbestprices.com\/es\/faqs\/\">haz clic en este enlace.<\/a><\/strong><\/span><\/p>\n<p><strong>\ud83c\udfae\ud83e\uddd9\u200d\u2642\ufe0f<\/strong><strong>\u00a0SOBRE EL JUEGO:\u00a0<\/strong><\/p>\n<table>\n<thead>\n<tr>\n<th class=\"cabecalho\" colspan=\"2\">Requisitos M\u00ednimos del Sistema<\/th>\n<\/tr>\n<\/thead>\n<tbody>\n<tr>\n<td>Sistema Operativo *<\/td>\n<td>Windows\u00ae Vista \/ XP \/ 7<\/td>\n<\/tr>\n<tr>\n<td>Procesador<\/td>\n<td>Intel\u00ae Core\u21222 Duo E6600 or AMD Phenom\u2122 X3 8750 or better<\/td>\n<\/tr>\n<tr>\n<td>Memoria<\/td>\n<td>2 GB<\/td>\n<\/tr>\n<tr>\n<td>Gr\u00e1ficos<\/td>\n<td>Shader 3.0 or better, 256MB NVIDIA\u00ae GeForce\u00ae 8600GT \/ ATI Radeon\u00ae X1950Pro or better<\/td>\n<\/tr>\n<tr>\n<td>DirectX\u00ae<\/td>\n<td>DirectX\u00ae 9.0c<\/td>\n<\/tr>\n<tr>\n<td>Disco Duro<\/td>\n<td>12 GB<\/td>\n<\/tr>\n<\/tbody>\n<\/table>\n<p>La mayor serie de acci\u00f3n en primera persona de todos los tiempos regresa con **Call of Duty\u00ae: Black Ops**, la secuela del \u00e9xito r\u00e9cord *Call of Duty\u00ae: Modern Warfare 2*.<\/p>\n<p>En *Call of Duty\u00ae: Black Ops*, ser\u00e1s llevado tras las l\u00edneas enemigas como miembro de una unidad de fuerzas especiales de \u00e9lite involucrada en guerras encubiertas, operaciones clasificadas y conflictos explosivos alrededor del mundo.<\/p>\n<p>Con acceso a armas y equipamiento exclusivos, tus acciones inclinar\u00e1n la balanza durante el momento m\u00e1s peligroso que la humanidad haya conocido.<\/p>\n","protected":false},"excerpt":{"rendered":"<table class=\"info-table\">\n<thead>\n<tr class=\"header-row\">\n<th>Estado<\/th>\n<th>INFORMACI\u00d3N<\/th>\n<\/tr>\n<\/thead>\n<tbody>\n<tr>\n<td class=\"status-cell\">\n<div class=\"status-title\">\ud83d\ude80 ENTREGA INMEDIATA<\/div>\n<div class=\"status-subtitle\">Obt\u00e9n acceso instant\u00e1neo<\/div>\n<\/td>\n<td class=\"info-cell\">\n<div class=\"info-box\">\n<div class=\"info-title\">ATENCI\u00d3N<\/div>\n<div class=\"info-content\">LEA LA DESCRIPCI\u00d3N<\/div>\n<\/div>\n<\/td>\n<\/tr>\n<tr>\n<td class=\"status-cell\">\n<div class=\"status-title\">\ud83d\udcb0 \u00bfEs este sitio confiable?<\/div>\n<div class=\"status-subtitle\">+ 4 a\u00f1os vendiendo juegos<\/div>\n<\/td>\n<td class=\"info-cell\">\n<div class=\"info-box\">\n<div class=\"info-title\">Acceso:<\/div>\n<div class=\"info-content\">[trustindex data-widget-id=7fd81be38eb695098c8683dcf1c]<\/div>\n<\/div>\n<\/td>\n<\/tr>\n<\/tbody>\n<\/table>\n","protected":false},"featured_media":7103556,"comment_status":"open","ping_status":"closed","template":"","meta":[],"product_brand":[131],"product_cat":[325,376,366,368],"product_tag":[419,432,455,497],"class_list":{"0":"post-7105594","1":"product","2":"type-product","3":"status-publish","4":"has-post-thumbnail","6":"product_brand-activision","7":"product_cat-accion-es","8":"product_cat-guerra","9":"product_cat-steam-es","10":"product_cat-steam-games-es","11":"product_tag-fps-es","12":"product_tag-multijugador-es","13":"product_tag-pvp-es","14":"product_tag-war-es","16":"first","17":"instock","18":"downloadable","19":"virtual","20":"purchasable","21":"product-type-simple"},"exclude_global_add_ons":[],"addons":[],"_links":{"self":[{"href":"https:\/\/gamesbestprices.com\/es\/wp-json\/wp\/v2\/product\/7105594","targetHints":{"allow":["GET"]}}],"collection":[{"href":"https:\/\/gamesbestprices.com\/es\/wp-json\/wp\/v2\/product"}],"about":[{"href":"https:\/\/gamesbestprices.com\/es\/wp-json\/wp\/v2\/types\/product"}],"replies":[{"embeddable":true,"href":"https:\/\/gamesbestprices.com\/es\/wp-json\/wp\/v2\/comments?post=7105594"}],"wp:featuredmedia":[{"embeddable":true,"href":"https:\/\/gamesbestprices.com\/es\/wp-json\/wp\/v2\/media\/7103556"}],"wp:attachment":[{"href":"https:\/\/gamesbestprices.com\/es\/wp-json\/wp\/v2\/media?parent=7105594"}],"wp:term":[{"taxonomy":"product_brand","embeddable":true,"href":"https:\/\/gamesbestprices.com\/es\/wp-json\/wp\/v2\/product_brand?post=7105594"},{"taxonomy":"product_cat","embeddable":true,"href":"https:\/\/gamesbestprices.com\/es\/wp-json\/wp\/v2\/product_cat?post=7105594"},{"taxonomy":"product_tag","embeddable":true,"href":"https:\/\/gamesbestprices.com\/es\/wp-json\/wp\/v2\/product_tag?post=7105594"}],"curies":[{"name":"wp","href":"https:\/\/api.w.org\/{rel}","templated":true}]}}