{"id":7105544,"date":"2025-01-02T18:35:39","date_gmt":"2025-01-02T18:35:39","guid":{"rendered":"https:\/\/gamesbestprices.com\/product\/one-piece-pirate-warriors-4-pc-digital\/"},"modified":"2025-01-02T18:35:39","modified_gmt":"2025-01-02T18:35:39","slug":"one-piece-pirate-warriors-4-pc-digital","status":"publish","type":"product","link":"https:\/\/gamesbestprices.com\/es\/producto\/one-piece-pirate-warriors-4-pc-digital\/","title":{"rendered":"One Piece: Pirate Warriors 4 Steam Pc"},"content":{"rendered":"<p><strong>\u26a0\ufe0f<span style=\"color: #ff0000;\">\u00a1OBT\u00c9N UN JUEGO ORIGINAL DE STEAM!<\/span> \u26a0\ufe0f<\/strong><\/p>\n<p>Disfruta del modo <strong>OFFLINE<\/strong> con total flexibilidad. Recibir\u00e1s un <strong>LOGIN<\/strong> y una <strong>CONTRASE\u00d1A (UNA CUENTA)<\/strong> que te proporcionamos, permiti\u00e9ndote jugar.<br \/>\n<strong>USANDO LA CUENTA PROPORCIONADA<\/strong>.<\/p>\n<p><strong><span style=\"color: #ff0000;\">IMPORTANTE<\/span><\/strong>: No te preocupes, tendr\u00e1s tu <strong>partida guardada exclusiva<\/strong> y nadie podr\u00e1 eliminarte de nuestra cuenta mientras juegas.<br \/>\n\u00a1Juega sin complicaciones, cuando quieras, ahorrando mucho y divirti\u00e9ndote al m\u00e1ximo!<\/p>\n<p>La informaci\u00f3n de la cuenta<strong> no se puede cambiar. <\/strong>Para m\u00e1s detalles, por favor <span style=\"color: #037c05;\"><strong><a style=\"color: #037c05;\" href=\"https:\/\/gamesbestprices.com\/es\/faqs\/\">haz clic en este enlace.<\/a><\/strong><\/span><\/p>\n<p><strong>\ud83c\udfae\ud83e\uddd9\u200d\u2642\ufe0f<\/strong><strong> SOBRE EL JUEGO: <\/strong><\/p>\n<table>\n<thead>\n<tr>\n<th class=\"cabecalho\" colspan=\"2\">Requisitos M\u00ednimos del Sistema<\/th>\n<\/tr>\n<\/thead>\n<tbody>\n<tr>\n<td>Sistema Operativo<\/td>\n<td>Windows 10, 64-bit<\/td>\n<\/tr>\n<tr>\n<td>Procesador<\/td>\n<td>Intel Core i5 3450 \/ AMD Ryzen 3 1300X<\/td>\n<\/tr>\n<tr>\n<td>Memoria<\/td>\n<td>8 GB RAM<\/td>\n<\/tr>\n<tr>\n<td>Gr\u00e1ficos<\/td>\n<td>NVIDIA GeForce GTX 660 (2GB) \/ AMD Radeon HD 7870 (2GB)<\/td>\n<\/tr>\n<tr>\n<td>DirectX<\/td>\n<td>Version 11<\/td>\n<\/tr>\n<tr>\n<td>Red<\/td>\n<td>Broadband Internet connection<\/td>\n<\/tr>\n<tr>\n<td>Almacenamiento<\/td>\n<td>25 GB available space<\/td>\n<\/tr>\n<\/tbody>\n<\/table>\n<p>\u00a1La serie PIRATE WARRIORS combin\u00f3 el popular anime ONE PIECE con la emocionante acci\u00f3n de la serie WARRIORS para crear un fen\u00f3meno mundial que vendi\u00f3 m\u00e1s de cuatro millones de copias! Basado en el concepto de \u00abluchar contra multitudes de enemigos mientras te aventuras con aliados de confianza\u00bb, \u00a1experimenta la incre\u00edble acci\u00f3n de ONE PIECE sacada directamente del anime!<\/p>\n<p>ONE PIECE: PIRATE WARRIORS 4 es la evoluci\u00f3n m\u00e1s reciente de la acci\u00f3n de los PIRATE WARRIORS. Basado en el concepto de \u00abexperimentar un verdadero campo de batalla de ONE PIECE\u00bb, en medio de la acci\u00f3n y los ataques, los edificios se derrumbar\u00e1n y lanzar\u00e1n humo y polvo, \u00a1sumergi\u00e9ndote en el mundo de ONE PIECE! La introducci\u00f3n de nuevos elementos que no se pudieron lograr en entregas anteriores ahora ha conseguido una marca a\u00fan m\u00e1s emocionante de la acci\u00f3n de PIRATE WARRIORS.<\/p>\n<p>&nbsp;<\/p>\n","protected":false},"excerpt":{"rendered":"<table class=\"info-table\">\n<thead>\n<tr class=\"header-row\">\n<th>Estado<\/th>\n<th>INFORMACI\u00d3N<\/th>\n<\/tr>\n<\/thead>\n<tbody>\n<tr>\n<td class=\"status-cell\">\n<div class=\"status-title\">\ud83d\ude80 ENTREGA INMEDIATA<\/div>\n<div class=\"status-subtitle\">Obt\u00e9n acceso instant\u00e1neo<\/div>\n<\/td>\n<td class=\"info-cell\">\n<div class=\"info-box\">\n<div class=\"info-title\">ATENCI\u00d3N<\/div>\n<div class=\"info-content\">LEA LA DESCRIPCI\u00d3N<\/div>\n<\/div>\n<\/td>\n<\/tr>\n<tr>\n<td class=\"status-cell\">\n<div class=\"status-title\">\ud83d\udcb0 \u00bfEs este sitio confiable?<\/div>\n<div class=\"status-subtitle\">+ 4 a\u00f1os vendiendo juegos<\/div>\n<\/td>\n<td class=\"info-cell\">\n<div class=\"info-box\">\n<div class=\"info-title\">Acceso:<\/div>\n<div class=\"info-content\">[trustindex data-widget-id=7fd81be38eb695098c8683dcf1c]<\/div>\n<\/div>\n<\/td>\n<\/tr>\n<\/tbody>\n<\/table>\n","protected":false},"featured_media":7103671,"comment_status":"open","ping_status":"closed","template":"","meta":[],"product_brand":[132],"product_cat":[325,327,366,368],"product_tag":[380,400,421,432],"class_list":{"0":"post-7105544","1":"product","2":"type-product","3":"status-publish","4":"has-post-thumbnail","6":"product_brand-bandai-namco","7":"product_cat-accion-es","8":"product_cat-aventura-es","9":"product_cat-steam-es","10":"product_cat-steam-games-es","11":"product_tag-anime-es","12":"product_tag-cooperativo-es","13":"product_tag-hack-and-slash-es","14":"product_tag-multijugador-es","16":"first","17":"instock","18":"downloadable","19":"virtual","20":"purchasable","21":"product-type-simple"},"exclude_global_add_ons":[],"addons":[],"_links":{"self":[{"href":"https:\/\/gamesbestprices.com\/es\/wp-json\/wp\/v2\/product\/7105544","targetHints":{"allow":["GET"]}}],"collection":[{"href":"https:\/\/gamesbestprices.com\/es\/wp-json\/wp\/v2\/product"}],"about":[{"href":"https:\/\/gamesbestprices.com\/es\/wp-json\/wp\/v2\/types\/product"}],"replies":[{"embeddable":true,"href":"https:\/\/gamesbestprices.com\/es\/wp-json\/wp\/v2\/comments?post=7105544"}],"wp:featuredmedia":[{"embeddable":true,"href":"https:\/\/gamesbestprices.com\/es\/wp-json\/wp\/v2\/media\/7103671"}],"wp:attachment":[{"href":"https:\/\/gamesbestprices.com\/es\/wp-json\/wp\/v2\/media?parent=7105544"}],"wp:term":[{"taxonomy":"product_brand","embeddable":true,"href":"https:\/\/gamesbestprices.com\/es\/wp-json\/wp\/v2\/product_brand?post=7105544"},{"taxonomy":"product_cat","embeddable":true,"href":"https:\/\/gamesbestprices.com\/es\/wp-json\/wp\/v2\/product_cat?post=7105544"},{"taxonomy":"product_tag","embeddable":true,"href":"https:\/\/gamesbestprices.com\/es\/wp-json\/wp\/v2\/product_tag?post=7105544"}],"curies":[{"name":"wp","href":"https:\/\/api.w.org\/{rel}","templated":true}]}}