{"id":7105534,"date":"2025-01-02T18:35:16","date_gmt":"2025-01-02T18:35:16","guid":{"rendered":"https:\/\/gamesbestprices.com\/product\/quantum-break-pc-digital\/"},"modified":"2025-01-02T18:35:16","modified_gmt":"2025-01-02T18:35:16","slug":"quantum-break-pc-digital","status":"publish","type":"product","link":"https:\/\/gamesbestprices.com\/es\/producto\/quantum-break-pc-digital\/","title":{"rendered":"Quantum Break Steam Pc"},"content":{"rendered":"<p><strong>\u26a0\ufe0f<span style=\"color: #ff0000;\">\u00a1OBT\u00c9N UN JUEGO ORIGINAL DE STEAM!<\/span> \u26a0\ufe0f<\/strong><\/p>\n<p>Disfruta del modo <strong>OFFLINE<\/strong> con total flexibilidad. Recibir\u00e1s un <strong>LOGIN<\/strong> y una <strong>CONTRASE\u00d1A (UNA CUENTA)<\/strong> que te proporcionamos, permiti\u00e9ndote jugar.<br \/>\n<strong>USANDO LA CUENTA PROPORCIONADA<\/strong>.<\/p>\n<p><strong><span style=\"color: #ff0000;\">IMPORTANTE<\/span><\/strong>: No te preocupes, tendr\u00e1s tu <strong>partida guardada exclusiva<\/strong> y nadie podr\u00e1 eliminarte de nuestra cuenta mientras juegas.<br \/>\n\u00a1Juega sin complicaciones, cuando quieras, ahorrando mucho y divirti\u00e9ndote al m\u00e1ximo!<\/p>\n<p>La informaci\u00f3n de la cuenta<strong> no se puede cambiar. <\/strong>Para m\u00e1s detalles, por favor <span style=\"color: #037c05;\"><strong><a style=\"color: #037c05;\" href=\"https:\/\/gamesbestprices.com\/es\/faqs\/\">haz clic en este enlace.<\/a><\/strong><\/span><\/p>\n<p><strong>\ud83c\udfae\ud83e\uddd9\u200d\u2642\ufe0f<\/strong><strong> SOBRE EL JUEGO: <\/strong><\/p>\n<table>\n<thead>\n<tr>\n<th class=\"cabecalho\" colspan=\"2\">Requisitos M\u00ednimos del Sistema<\/th>\n<\/tr>\n<\/thead>\n<tbody>\n<tr>\n<td>Sistema Operativo*<\/td>\n<td>Windows 7 &#8211; 64 bit<\/td>\n<\/tr>\n<tr>\n<td>Procesador<\/td>\n<td>Intel Core i5-4460, 2.70GHz or AMD FX-6300<\/td>\n<\/tr>\n<tr>\n<td>Memoria<\/td>\n<td>8 GB RAM<\/td>\n<\/tr>\n<tr>\n<td>Gr\u00e1ficos<\/td>\n<td>NVIDIA GeForce GTX 760 or AMD Radeon R7 260x<\/td>\n<\/tr>\n<tr>\n<td>DirectX<\/td>\n<td>Versi\u00f3n 11<\/td>\n<\/tr>\n<tr>\n<td>Almacenamiento<\/td>\n<td>68 GB de espacio disponible<\/td>\n<\/tr>\n<\/tbody>\n<\/table>\n<p>Como resultado de un colapso que, en una fracci\u00f3n de segundo, fractura el tiempo mismo, dos individuos descubren que han adquirido habilidades extraordinarias. Uno, decidido a controlar este poder, viaja a trav\u00e9s del tiempo, mientras el otro usa sus nuevas habilidades para intentar detenerlo y restaurar la l\u00ednea temporal antes de que sea destruida irreparablemente. Ambos enfrentan grandes desaf\u00edos y toman decisiones dram\u00e1ticas que dar\u00e1n forma al futuro.<\/p>\n<p><strong>Quantum Break<\/strong> es una experiencia sin igual: parte juego hardcore, parte emocionante serie de acci\u00f3n real, con un elenco estelar que incluye a <strong>Shawn Ashmore<\/strong> como el h\u00e9roe Jack Joyce, <strong>Aidan Gillen<\/strong> como su archienemigo Paul Serene, y <strong>Dominic Monaghan<\/strong> como William, el brillante hermano de Jack.<\/p>\n<p><strong>Quantum Break<\/strong> ofrece una narrativa v\u00edvida, personajes profundos y giros dram\u00e1ticos por los que Remedy Entertainment es reconocida. Las decisiones que tomes en el juego influyen en los resultados de esta intensa fusi\u00f3n de jugabilidad y serie, ofreciendo a los jugadores una experiencia de entretenimiento verdaderamente \u00fanica.<\/p>\n","protected":false},"excerpt":{"rendered":"<table class=\"info-table\">\n<thead>\n<tr class=\"header-row\">\n<th>Estado<\/th>\n<th>INFORMACI\u00d3N<\/th>\n<\/tr>\n<\/thead>\n<tbody>\n<tr>\n<td class=\"status-cell\">\n<div class=\"status-title\">\ud83d\ude80 ENTREGA INMEDIATA<\/div>\n<div class=\"status-subtitle\">Obt\u00e9n acceso instant\u00e1neo<\/div>\n<\/td>\n<td class=\"info-cell\">\n<div class=\"info-box\">\n<div class=\"info-title\">ATENCI\u00d3N<\/div>\n<div class=\"info-content\">LEA LA DESCRIPCI\u00d3N<\/div>\n<\/div>\n<\/td>\n<\/tr>\n<tr>\n<td class=\"status-cell\">\n<div class=\"status-title\">\ud83d\udcb0 \u00bfEs este sitio confiable?<\/div>\n<div class=\"status-subtitle\">+ 4 a\u00f1os vendiendo juegos<\/div>\n<\/td>\n<td class=\"info-cell\">\n<div class=\"info-box\">\n<div class=\"info-title\">Acceso:<\/div>\n<div class=\"info-content\">[trustindex data-widget-id=7fd81be38eb695098c8683dcf1c]<\/div>\n<\/div>\n<\/td>\n<\/tr>\n<\/tbody>\n<\/table>\n","protected":false},"featured_media":7103666,"comment_status":"open","ping_status":"closed","template":"","meta":[],"product_brand":[145],"product_cat":[325,366,368],"product_tag":[471,483,493,475],"class_list":{"0":"post-7105534","1":"product","2":"type-product","3":"status-publish","4":"has-post-thumbnail","6":"product_brand-remedy-entertainment","7":"product_cat-accion-es","8":"product_cat-steam-es","9":"product_cat-steam-games-es","10":"product_tag-ciencia-ficcion-es","11":"product_tag-rica-en-historia-es","12":"product_tag-tps-es","13":"product_tag-un-jugador-es","15":"first","16":"instock","17":"downloadable","18":"virtual","19":"purchasable","20":"product-type-simple"},"exclude_global_add_ons":[],"addons":[],"_links":{"self":[{"href":"https:\/\/gamesbestprices.com\/es\/wp-json\/wp\/v2\/product\/7105534","targetHints":{"allow":["GET"]}}],"collection":[{"href":"https:\/\/gamesbestprices.com\/es\/wp-json\/wp\/v2\/product"}],"about":[{"href":"https:\/\/gamesbestprices.com\/es\/wp-json\/wp\/v2\/types\/product"}],"replies":[{"embeddable":true,"href":"https:\/\/gamesbestprices.com\/es\/wp-json\/wp\/v2\/comments?post=7105534"}],"wp:featuredmedia":[{"embeddable":true,"href":"https:\/\/gamesbestprices.com\/es\/wp-json\/wp\/v2\/media\/7103666"}],"wp:attachment":[{"href":"https:\/\/gamesbestprices.com\/es\/wp-json\/wp\/v2\/media?parent=7105534"}],"wp:term":[{"taxonomy":"product_brand","embeddable":true,"href":"https:\/\/gamesbestprices.com\/es\/wp-json\/wp\/v2\/product_brand?post=7105534"},{"taxonomy":"product_cat","embeddable":true,"href":"https:\/\/gamesbestprices.com\/es\/wp-json\/wp\/v2\/product_cat?post=7105534"},{"taxonomy":"product_tag","embeddable":true,"href":"https:\/\/gamesbestprices.com\/es\/wp-json\/wp\/v2\/product_tag?post=7105534"}],"curies":[{"name":"wp","href":"https:\/\/api.w.org\/{rel}","templated":true}]}}