{"id":7105486,"date":"2025-01-02T18:33:21","date_gmt":"2025-01-02T18:33:21","guid":{"rendered":"https:\/\/gamesbestprices.com\/product\/days-gone-pc-digital\/"},"modified":"2025-01-02T18:33:21","modified_gmt":"2025-01-02T18:33:21","slug":"days-gone-pc-digital","status":"publish","type":"product","link":"https:\/\/gamesbestprices.com\/es\/producto\/days-gone-pc-digital\/","title":{"rendered":"Days Gone Steam Pc"},"content":{"rendered":"<p><strong>\u26a0\ufe0f<span style=\"color: #ff0000;\">\u00a1OBT\u00c9N UN JUEGO ORIGINAL DE STEAM!<\/span> \u26a0\ufe0f<\/strong><\/p>\n<p>Disfruta del modo <strong>OFFLINE<\/strong> con total flexibilidad. Recibir\u00e1s un <strong>LOGIN<\/strong> y <strong>CONTRASE\u00d1A (UNA CUENTA)<\/strong> que te proporcionamos, permiti\u00e9ndote jugar.<br \/>\n<strong>USANDO LA CUENTA PROPORCIONADA<\/strong>.<\/p>\n<p><strong><span style=\"color: #ff0000;\">IMPORTANTE<\/span><\/strong>: No te preocupes, tendr\u00e1s tu <strong>guardado exclusivo<\/strong> y nadie puede eliminarte de nuestra cuenta mientras juegas.<br \/>\n\u00a1Juega sin complicaciones, cuando quieras, ahorrando mucho y divirti\u00e9ndote al m\u00e1ximo!<\/p>\n<p>La informaci\u00f3n de la cuenta<strong> no se puede cambiar. <\/strong>Para m\u00e1s detalles, por favor <span style=\"color: #037c05;\"><strong><a style=\"color: #037c05;\" href=\"https:\/\/gamesbestprices.com\/es\/faqs\/\">haz clic en este enlace.<\/a><\/strong><\/span><\/p>\n<p><strong>\ud83c\udfae\ud83e\uddd9\u200d\u2642\ufe0f<\/strong><strong> SOBRE EL JUEGO: <\/strong><\/p>\n<table>\n<thead>\n<tr>\n<th class=\"cabecalho\" colspan=\"2\">Requisitos M\u00ednimos del Sistema<\/th>\n<\/tr>\n<\/thead>\n<tbody>\n<tr>\n<td>Procesador y SO de 64 bits requeridos<\/td>\n<td>S\u00ed<\/td>\n<\/tr>\n<tr>\n<td>Sistema Operativo<\/td>\n<td>Windows 10 64-bit<\/td>\n<\/tr>\n<tr>\n<td>Procesador<\/td>\n<td>Intel Core i5-2500K @ 3.3GHz or AMD FX 6300 @ 3.5GHz<\/td>\n<\/tr>\n<tr>\n<td>Memoria<\/td>\n<td>8 GB RAM<\/td>\n<\/tr>\n<tr>\n<td>Gr\u00e1ficos<\/td>\n<td>Nvidia GeForce GTX 780 (3 GB) or AMD Radeon R9 290 (4 GB)<\/td>\n<\/tr>\n<tr>\n<td>DirectX<\/td>\n<td>Versi\u00f3n 11<\/td>\n<\/tr>\n<tr>\n<td>Almacenamiento<\/td>\n<td>70 GB available space<\/td>\n<\/tr>\n<\/tbody>\n<\/table>\n<p>**Days Gone** es un juego de acci\u00f3n y aventura en mundo abierto ambientado en un entorno hostil dos a\u00f1os despu\u00e9s de una devastadora pandemia global.<\/p>\n<p>Ponte en la piel del ex motociclista forajido Deacon St. John, un cazarrecompensas que lucha por encontrar una raz\u00f3n para vivir en una tierra invadida por la muerte.<\/p>\n","protected":false},"excerpt":{"rendered":"<table class=\"info-table\">\n<thead>\n<tr class=\"header-row\">\n<th>Estado<\/th>\n<th>INFORMACI\u00d3N<\/th>\n<\/tr>\n<\/thead>\n<tbody>\n<tr>\n<td class=\"status-cell\">\n<div class=\"status-title\">\ud83d\ude80 ENTREGA INMEDIATA<\/div>\n<div class=\"status-subtitle\">Obt\u00e9n acceso instant\u00e1neo<\/div>\n<\/td>\n<td class=\"info-cell\">\n<div class=\"info-box\">\n<div class=\"info-title\">ATENCI\u00d3N<\/div>\n<div class=\"info-content\">LEA LA DESCRIPCI\u00d3N<\/div>\n<\/div>\n<\/td>\n<\/tr>\n<tr>\n<td class=\"status-cell\">\n<div class=\"status-title\">\ud83d\udcb0 \u00bfEs este sitio confiable?<\/div>\n<div class=\"status-subtitle\">+ 4 a\u00f1os vendiendo juegos<\/div>\n<\/td>\n<td class=\"info-cell\">\n<div class=\"info-box\">\n<div class=\"info-title\">Acceso:<\/div>\n<div class=\"info-content\">[trustindex data-widget-id=7fd81be38eb695098c8683dcf1c]<\/div>\n<\/div>\n<\/td>\n<\/tr>\n<\/tbody>\n<\/table>\n","protected":false},"featured_media":7103560,"comment_status":"open","ping_status":"closed","template":"","meta":[],"product_brand":[143],"product_cat":[325,327,366,368],"product_tag":[441,449,487,493,475,499],"class_list":{"0":"post-7105486","1":"product","2":"type-product","3":"status-publish","4":"has-post-thumbnail","6":"product_brand-playstation-studios","7":"product_cat-accion-es","8":"product_cat-aventura-es","9":"product_cat-steam-es","10":"product_cat-steam-games-es","11":"product_tag-mundo-abierto-es","12":"product_tag-post-apocaliptico-es","13":"product_tag-supervivencia-es","14":"product_tag-tps-es","15":"product_tag-un-jugador-es","16":"product_tag-zombis","18":"first","19":"instock","20":"downloadable","21":"virtual","22":"purchasable","23":"product-type-simple"},"exclude_global_add_ons":[],"addons":[],"_links":{"self":[{"href":"https:\/\/gamesbestprices.com\/es\/wp-json\/wp\/v2\/product\/7105486","targetHints":{"allow":["GET"]}}],"collection":[{"href":"https:\/\/gamesbestprices.com\/es\/wp-json\/wp\/v2\/product"}],"about":[{"href":"https:\/\/gamesbestprices.com\/es\/wp-json\/wp\/v2\/types\/product"}],"replies":[{"embeddable":true,"href":"https:\/\/gamesbestprices.com\/es\/wp-json\/wp\/v2\/comments?post=7105486"}],"wp:featuredmedia":[{"embeddable":true,"href":"https:\/\/gamesbestprices.com\/es\/wp-json\/wp\/v2\/media\/7103560"}],"wp:attachment":[{"href":"https:\/\/gamesbestprices.com\/es\/wp-json\/wp\/v2\/media?parent=7105486"}],"wp:term":[{"taxonomy":"product_brand","embeddable":true,"href":"https:\/\/gamesbestprices.com\/es\/wp-json\/wp\/v2\/product_brand?post=7105486"},{"taxonomy":"product_cat","embeddable":true,"href":"https:\/\/gamesbestprices.com\/es\/wp-json\/wp\/v2\/product_cat?post=7105486"},{"taxonomy":"product_tag","embeddable":true,"href":"https:\/\/gamesbestprices.com\/es\/wp-json\/wp\/v2\/product_tag?post=7105486"}],"curies":[{"name":"wp","href":"https:\/\/api.w.org\/{rel}","templated":true}]}}