{"id":7105476,"date":"2025-01-02T18:53:07","date_gmt":"2025-01-02T18:53:07","guid":{"rendered":"https:\/\/gamesbestprices.com\/product\/the-last-of-us-part-i-digital-deluxe-steam-pc__trashed\/"},"modified":"2025-01-02T18:53:07","modified_gmt":"2025-01-02T18:53:07","slug":"the-last-of-us-part-i-digital-deluxe-steam-pc__trashed","status":"publish","type":"product","link":"https:\/\/gamesbestprices.com\/es\/producto\/the-last-of-us-part-i-digital-deluxe-steam-pc__trashed\/","title":{"rendered":"The Last of Us Part I Digital Deluxe Steam Pc"},"content":{"rendered":"<p><strong>\u26a0\ufe0f<span style=\"color: #ff0000;\">\u00a1OBT\u00c9N UN JUEGO ORIGINAL DE STEAM!<\/span> \u26a0\ufe0f<\/strong><\/p>\n<p>Disfruta del modo <strong>OFFLINE<\/strong> con total flexibilidad. Recibir\u00e1s un <strong>LOGIN<\/strong> y <strong>CONTRASE\u00d1A (UNA CUENTA)<\/strong> que te proporcionamos, permiti\u00e9ndote jugar.<br \/>\n<strong>USANDO LA CUENTA PROPORCIONADA<\/strong>.<\/p>\n<p><strong><span style=\"color: #ff0000;\">IMPORTANTE<\/span><\/strong>: No te preocupes, tendr\u00e1s tu <strong>guardado exclusivo<\/strong> y nadie puede eliminarte de nuestra cuenta mientras juegas.<br \/>\n\u00a1Juega sin complicaciones, cuando quieras, ahorrando mucho y divirti\u00e9ndote al m\u00e1ximo!<\/p>\n<p>La informaci\u00f3n de la cuenta<strong> no se puede cambiar. <\/strong>Para m\u00e1s detalles, por favor <span style=\"color: #037c05;\"><strong><a style=\"color: #037c05;\" href=\"https:\/\/gamesbestprices.com\/es\/faqs\/\">haz clic en este enlace.<\/a><\/strong><\/span><\/p>\n<p><strong>\ud83c\udfae\ud83e\uddd9\u200d\u2642\ufe0f<\/strong><strong> SOBRE EL JUEGO: <\/strong><\/p>\n<table>\n<thead>\n<tr>\n<th class=\"cabecalho\" colspan=\"2\">Requisitos del Sistema<\/th>\n<\/tr>\n<\/thead>\n<tbody>\n<tr>\n<td>Sistema Operativo<\/td>\n<td>Windows 10 (Version 1909 or Newer)<\/td>\n<\/tr>\n<tr>\n<td>Procesador<\/td>\n<td>AMD Ryzen 5 1500X, Intel Core i7-4770K<\/td>\n<\/tr>\n<tr>\n<td>Memoria<\/td>\n<td>16 GB RAM<\/td>\n<\/tr>\n<tr>\n<td>Gr\u00e1ficos<\/td>\n<td>AMD Radeon RX 470 (4 GB), AMD Radeon RX 6500 XT (4 GB),<br \/>\nNVIDIA GeForce GTX 970 (4 GB), NVIDIA GeForce GTX 1050 Ti (4 GB)<\/td>\n<\/tr>\n<tr>\n<td>Almacenamiento<\/td>\n<td>100 GB de espacio disponible<\/td>\n<\/tr>\n<\/tbody>\n<\/table>\n<p>Descubre la emocionante historia y los personajes inolvidables de The Last of Us\u2122, ganador de m\u00e1s de 200 premios al Juego del A\u00f1o.<br \/>\nEn una civilizaci\u00f3n devastada, donde infectados y supervivientes experimentados deambulan libremente, Joel, un protagonista descorazonado, es contratado para escoltar a una chica de 14 a\u00f1os, Ellie, fuera de una zona de cuarentena militar. Sin embargo, lo que comienza como una peque\u00f1a tarea se convierte en un brutal viaje a trav\u00e9s del pa\u00eds.<\/p>\n<p><img decoding=\"async\" class=\"aligncenter\" src=\"https:\/\/media2.giphy.com\/media\/v1.Y2lkPTc5MGI3NjExeXJkczI2MmRhaXRsYnpncjBiM3NwcnVwOGN0cHlzdnQ5MjFhM2d3eSZlcD12MV9pbnRlcm5hbF9naWZfYnlfaWQmY3Q9Zw\/9tl9BLJ7oVCiWXyyQD\/giphy.gif\" alt=\"Video Game Dance GIF by Naughty Dog\" \/><\/p>\n","protected":false},"excerpt":{"rendered":"<table class=\"info-table\">\n<thead>\n<tr class=\"header-row\">\n<th>Estado<\/th>\n<th>INFORMACI\u00d3N<\/th>\n<\/tr>\n<\/thead>\n<tbody>\n<tr>\n<td class=\"status-cell\">\n<div class=\"status-title\">\ud83d\ude80 ENTREGA INMEDIATA<\/div>\n<div class=\"status-subtitle\">Obt\u00e9n acceso instant\u00e1neo<\/div>\n<\/td>\n<td class=\"info-cell\">\n<div class=\"info-box\">\n<div class=\"info-title\">ATENCI\u00d3N<\/div>\n<div class=\"info-content\">LEA LA DESCRIPCI\u00d3N<\/div>\n<\/div>\n<\/td>\n<\/tr>\n<tr>\n<td class=\"status-cell\">\n<div class=\"status-title\">\ud83d\udcb0 \u00bfEs este sitio confiable?<\/div>\n<div class=\"status-subtitle\">+ 4 a\u00f1os vendiendo juegos<\/div>\n<\/td>\n<td class=\"info-cell\">\n<div class=\"info-box\">\n<div class=\"info-title\">Acceso:<\/div>\n<div class=\"info-content\">[trustindex data-widget-id=7fd81be38eb695098c8683dcf1c]<\/div>\n<\/div>\n<\/td>\n<\/tr>\n<\/tbody>\n<\/table>\n","protected":false},"featured_media":7103607,"comment_status":"open","ping_status":"closed","template":"","meta":[],"product_brand":[142],"product_cat":[325,327,368],"product_tag":[449,483,487,493,475],"class_list":{"0":"post-7105476","1":"product","2":"type-product","3":"status-publish","4":"has-post-thumbnail","6":"product_brand-naughty-dog","7":"product_cat-accion-es","8":"product_cat-aventura-es","9":"product_cat-steam-games-es","10":"product_tag-post-apocaliptico-es","11":"product_tag-rica-en-historia-es","12":"product_tag-supervivencia-es","13":"product_tag-tps-es","14":"product_tag-un-jugador-es","16":"first","17":"instock","18":"sale","19":"downloadable","20":"virtual","21":"purchasable","22":"product-type-simple"},"exclude_global_add_ons":[],"addons":[],"_links":{"self":[{"href":"https:\/\/gamesbestprices.com\/es\/wp-json\/wp\/v2\/product\/7105476","targetHints":{"allow":["GET"]}}],"collection":[{"href":"https:\/\/gamesbestprices.com\/es\/wp-json\/wp\/v2\/product"}],"about":[{"href":"https:\/\/gamesbestprices.com\/es\/wp-json\/wp\/v2\/types\/product"}],"replies":[{"embeddable":true,"href":"https:\/\/gamesbestprices.com\/es\/wp-json\/wp\/v2\/comments?post=7105476"}],"wp:featuredmedia":[{"embeddable":true,"href":"https:\/\/gamesbestprices.com\/es\/wp-json\/wp\/v2\/media\/7103607"}],"wp:attachment":[{"href":"https:\/\/gamesbestprices.com\/es\/wp-json\/wp\/v2\/media?parent=7105476"}],"wp:term":[{"taxonomy":"product_brand","embeddable":true,"href":"https:\/\/gamesbestprices.com\/es\/wp-json\/wp\/v2\/product_brand?post=7105476"},{"taxonomy":"product_cat","embeddable":true,"href":"https:\/\/gamesbestprices.com\/es\/wp-json\/wp\/v2\/product_cat?post=7105476"},{"taxonomy":"product_tag","embeddable":true,"href":"https:\/\/gamesbestprices.com\/es\/wp-json\/wp\/v2\/product_tag?post=7105476"}],"curies":[{"name":"wp","href":"https:\/\/api.w.org\/{rel}","templated":true}]}}