{"id":7105436,"date":"2024-11-23T22:34:14","date_gmt":"2024-11-23T22:34:14","guid":{"rendered":"https:\/\/gamesbestprices.com\/product\/horizon-forbidden-west-complete-edition-pc-digital\/"},"modified":"2024-11-23T22:34:14","modified_gmt":"2024-11-23T22:34:14","slug":"horizon-forbidden-west-complete-edition-pc-digital","status":"publish","type":"product","link":"https:\/\/gamesbestprices.com\/es\/producto\/horizon-forbidden-west-complete-edition-pc-digital\/","title":{"rendered":"Horizon Forbidden West Complete Edition Steam Pc"},"content":{"rendered":"<p><strong>\u26a0\ufe0f<span style=\"color: #ff0000;\">\u00a1OBT\u00c9N UN JUEGO ORIGINAL DE STEAM!<\/span> \u26a0\ufe0f<\/strong><\/p>\n<p>Disfruta del modo <strong>OFFLINE<\/strong> con total flexibilidad. Recibir\u00e1s un <strong>LOGIN<\/strong> y <strong>CONTRASE\u00d1A (UNA CUENTA)<\/strong> que te proporcionamos, permiti\u00e9ndote jugar.<br \/>\n<strong>USANDO LA CUENTA PROPORCIONADA<\/strong>.<\/p>\n<p><strong><span style=\"color: #ff0000;\">IMPORTANTE<\/span><\/strong>: No te preocupes, tendr\u00e1s tu <strong>guardado exclusivo<\/strong> y nadie puede eliminarte de nuestra cuenta mientras juegas.<br \/>\n\u00a1Juega sin complicaciones, cuando quieras, ahorrando mucho y divirti\u00e9ndote al m\u00e1ximo!<\/p>\n<p>La informaci\u00f3n de la cuenta<strong> no se puede cambiar. <\/strong>Para m\u00e1s detalles, por favor <span style=\"color: #037c05;\"><strong><a style=\"color: #037c05;\" href=\"https:\/\/gamesbestprices.com\/es\/faqs\/\">haz clic en este enlace.<\/a><\/strong><\/span><\/p>\n<p><strong>\ud83c\udfae\ud83e\uddd9\u200d\u2642\ufe0f SOBRE EL JUEGO: <\/strong><\/p>\n<table>\n<thead>\n<tr>\n<th class=\"cabecalho\" colspan=\"2\">Requisitos del Sistema<\/th>\n<\/tr>\n<\/thead>\n<tbody>\n<tr>\n<td>Sistema Operativo<\/td>\n<td>Windows 10 64-bit (version 1909 or higher)<\/td>\n<\/tr>\n<tr>\n<td>Procesador<\/td>\n<td>Intel Core i3-8100 or AMD Ryzen 3 1300X<\/td>\n<\/tr>\n<tr>\n<td>Memoria RAM<\/td>\n<td>16 GB RAM<\/td>\n<\/tr>\n<tr>\n<td>Tarjeta de Video<\/td>\n<td>NVIDIA GeForce GTX 1650 4GB or AMD Radeon RX 5500XT 4GB<\/td>\n<\/tr>\n<tr>\n<td>Almacenamiento<\/td>\n<td>150 GB de espacio disponible<\/td>\n<\/tr>\n<tr>\n<td>Notas Adicionales<\/td>\n<td>150GB SSD Space<\/td>\n<\/tr>\n<\/tbody>\n<\/table>\n<h6>Horizon Forbidden West Complete Edition Pc<\/h6>\n<p>\u00danete a Aloy mientras se enfrenta a una nueva frontera majestuosa pero peligrosa que alberga misteriosas nuevas amenazas. Esta Edici\u00f3n Completa te permite disfrutar del aclamado por la cr\u00edtica Horizon Forbidden West en PC en su totalidad con contenido adicional, incluyendo la expansi\u00f3n de historia Burning Shores que contin\u00faa despu\u00e9s del juego principal.<\/p>\n<p>Explora tierras lejanas, lucha contra m\u00e1quinas m\u00e1s grandes e impresionantes, y encuentra tribus asombrosas mientras regresas al mundo post-apocal\u00edptico del futuro lejano de Horizon.<\/p>\n<p><img decoding=\"async\" class=\"aligncenter\" src=\"https:\/\/media3.giphy.com\/media\/v1.Y2lkPTc5MGI3NjExM2ZxZ3dsMDVqOHcybnJjNmRrN2gxN2hiNGl2YjdiaDJ5Z2c0aXloaSZlcD12MV9pbnRlcm5hbF9naWZfYnlfaWQmY3Q9Zw\/b17sdMXH7zXxlA48U2\/giphy.webp\" \/><\/p>\n","protected":false},"excerpt":{"rendered":"<table class=\"info-table\">\n<thead>\n<tr class=\"header-row\">\n<th>Estado<\/th>\n<th>INFORMACI\u00d3N<\/th>\n<\/tr>\n<\/thead>\n<tbody>\n<tr>\n<td class=\"status-cell\">\n<div class=\"status-title\">\ud83d\ude80 ENTREGA INMEDIATA<\/div>\n<div class=\"status-subtitle\">Obt\u00e9n acceso instant\u00e1neo<\/div>\n<\/td>\n<td class=\"info-cell\">\n<div class=\"info-box\">\n<div class=\"info-title\">ATENCI\u00d3N<\/div>\n<div class=\"info-content\">LEA LA DESCRIPCI\u00d3N<\/div>\n<\/div>\n<\/td>\n<\/tr>\n<tr>\n<td class=\"status-cell\">\n<div class=\"status-title\">\ud83d\udcb0 \u00bfEs este sitio confiable?<\/div>\n<div class=\"status-subtitle\">+ 4 a\u00f1os vendiendo juegos<\/div>\n<\/td>\n<td class=\"info-cell\">\n<div class=\"info-box\">\n<div class=\"info-title\">Acceso:<\/div>\n<div class=\"info-content\">[trustindex data-widget-id=7fd81be38eb695098c8683dcf1c]<\/div>\n<\/div>\n<\/td>\n<\/tr>\n<\/tbody>\n<\/table>\n","protected":false},"featured_media":7103582,"comment_status":"open","ping_status":"closed","template":"","meta":[],"product_brand":[143],"product_cat":[335,331,349,368],"product_tag":[412,441,449,483,475],"class_list":{"0":"post-7105436","1":"product","2":"type-product","3":"status-publish","4":"has-post-thumbnail","6":"product_brand-playstation-studios","7":"product_cat-juegos-es","8":"product_cat-juegos-destacados","9":"product_cat-pc-es","10":"product_cat-steam-games-es","11":"product_tag-exploracion-es","12":"product_tag-mundo-abierto-es","13":"product_tag-post-apocaliptico-es","14":"product_tag-rica-en-historia-es","15":"product_tag-un-jugador-es","17":"first","18":"instock","19":"downloadable","20":"virtual","21":"purchasable","22":"product-type-simple"},"exclude_global_add_ons":[],"addons":[],"_links":{"self":[{"href":"https:\/\/gamesbestprices.com\/es\/wp-json\/wp\/v2\/product\/7105436","targetHints":{"allow":["GET"]}}],"collection":[{"href":"https:\/\/gamesbestprices.com\/es\/wp-json\/wp\/v2\/product"}],"about":[{"href":"https:\/\/gamesbestprices.com\/es\/wp-json\/wp\/v2\/types\/product"}],"replies":[{"embeddable":true,"href":"https:\/\/gamesbestprices.com\/es\/wp-json\/wp\/v2\/comments?post=7105436"}],"wp:featuredmedia":[{"embeddable":true,"href":"https:\/\/gamesbestprices.com\/es\/wp-json\/wp\/v2\/media\/7103582"}],"wp:attachment":[{"href":"https:\/\/gamesbestprices.com\/es\/wp-json\/wp\/v2\/media?parent=7105436"}],"wp:term":[{"taxonomy":"product_brand","embeddable":true,"href":"https:\/\/gamesbestprices.com\/es\/wp-json\/wp\/v2\/product_brand?post=7105436"},{"taxonomy":"product_cat","embeddable":true,"href":"https:\/\/gamesbestprices.com\/es\/wp-json\/wp\/v2\/product_cat?post=7105436"},{"taxonomy":"product_tag","embeddable":true,"href":"https:\/\/gamesbestprices.com\/es\/wp-json\/wp\/v2\/product_tag?post=7105436"}],"curies":[{"name":"wp","href":"https:\/\/api.w.org\/{rel}","templated":true}]}}