{"id":7105421,"date":"2024-11-23T22:34:14","date_gmt":"2024-11-23T22:34:14","guid":{"rendered":"https:\/\/gamesbestprices.com\/product\/stalker-2-heart-of-chornobyl-ultimate-edition-pc-digital\/"},"modified":"2024-11-23T22:34:14","modified_gmt":"2024-11-23T22:34:14","slug":"stalker-2-heart-of-chornobyl-ultimate-edition-pc-digital","status":"publish","type":"product","link":"https:\/\/gamesbestprices.com\/es\/producto\/stalker-2-heart-of-chornobyl-ultimate-edition-pc-digital\/","title":{"rendered":"Stalker 2: Heart of Chornobyl \u2013 Ultimate Edition Steam Pc"},"content":{"rendered":"<p><strong>\u26a0\ufe0f<span style=\"color: #ff0000;\">\u00a1OBT\u00c9N UN JUEGO ORIGINAL DE STEAM!<\/span> \u26a0\ufe0f<\/strong><\/p>\n<p>Disfruta del modo <strong>OFFLINE<\/strong> con total flexibilidad. Recibir\u00e1s un <strong>LOGIN<\/strong> y <strong>CONTRASE\u00d1A (UNA CUENTA)<\/strong> que te proporcionamos, permiti\u00e9ndote jugar.<br \/>\n<strong>USANDO LA CUENTA PROPORCIONADA<\/strong>.<\/p>\n<p><strong><span style=\"color: #ff0000;\">IMPORTANTE<\/span><\/strong>: No te preocupes, tendr\u00e1s tu <strong>guardado exclusivo<\/strong> y nadie puede eliminarte de nuestra cuenta mientras juegas.<br \/>\n\u00a1Juega sin complicaciones, cuando quieras, ahorrando mucho y divirti\u00e9ndote al m\u00e1ximo!<\/p>\n<p>La informaci\u00f3n de la cuenta<strong> no se puede cambiar. <\/strong>Para m\u00e1s detalles, por favor <span style=\"color: #037c05;\"><strong><a style=\"color: #037c05;\" href=\"https:\/\/gamesbestprices.com\/es\/faqs\/\">haz clic en este enlace.<\/a><\/strong><\/span><\/p>\n<p><strong>\ud83c\udfae\ud83e\uddd9\u200d\u2642\ufe0f SOBRE EL JUEGO: <\/strong><\/p>\n<table>\n<thead>\n<tr>\n<th class=\"cabecalho\" colspan=\"2\">Requisitos del Sistema<\/th>\n<\/tr>\n<\/thead>\n<tbody>\n<tr>\n<td>Sistema Operativo<\/td>\n<td>Windows 10 x64 \/ Windows 11 x64<\/td>\n<\/tr>\n<tr>\n<td>Procesador<\/td>\n<td>Intel Core i7-7700K \/ AMD Ryzen 5 1600X<\/td>\n<\/tr>\n<tr>\n<td>Memoria RAM<\/td>\n<td>16 GB RAM<\/td>\n<\/tr>\n<tr>\n<td>Tarjeta de Video<\/td>\n<td>Nvidia GeForce GTX 1060 6GB \/ AMD Radeon RX 580 8GB \/ Intel Arc A750<\/td>\n<\/tr>\n<tr>\n<td>Almacenamiento<\/td>\n<td>160 GB de espacio disponible<\/td>\n<\/tr>\n<\/tbody>\n<\/table>\n<h4>Stalker 2: Heart of Chornobyl<\/h4>\n<p>La Zona de Exclusi\u00f3n de Chornobyl cambi\u00f3 dr\u00e1sticamente despu\u00e9s de la segunda explosi\u00f3n masiva en el a\u00f1o 2006. Mutantes violentos, anomal\u00edas mortales y facciones en guerra han convertido la Zona en un lugar muy dif\u00edcil para sobrevivir. Sin embargo, artefactos de un valor incre\u00edble atrajeron a muchas personas llamadas S.T.A.L.K.E.R.s, quienes entraron en la Zona bajo su propio riesgo, esforz\u00e1ndose por hacer fortuna o incluso por encontrar la Verdad oculta en el Coraz\u00f3n de Chornobyl.<\/p>\n<p>&nbsp;<\/p>\n<p><img decoding=\"async\" class=\"bb_img aligncenter\" src=\"https:\/\/shared.cloudflare.steamstatic.com\/store_item_assets\/steam\/apps\/1643320\/extras\/S.T.A.L.K.E.R.2_bloodsucker.gif?t=1732124346\" \/><\/p>\n","protected":false},"excerpt":{"rendered":"<table class=\"info-table\">\n<thead>\n<tr class=\"header-row\">\n<th>Estado<\/th>\n<th>INFORMACI\u00d3N<\/th>\n<\/tr>\n<\/thead>\n<tbody>\n<tr>\n<td class=\"status-cell\">\n<div class=\"status-title\">\ud83d\ude80 ENTREGA INMEDIATA<\/div>\n<div class=\"status-subtitle\">Obt\u00e9n acceso instant\u00e1neo<\/div>\n<\/td>\n<td class=\"info-cell\">\n<div class=\"info-box\">\n<div class=\"info-title\">ATENCI\u00d3N<\/div>\n<div class=\"info-content\">LEA LA DESCRIPCI\u00d3N<\/div>\n<\/div>\n<\/td>\n<\/tr>\n<tr>\n<td class=\"status-cell\">\n<div class=\"status-title\">\ud83d\udcb0 \u00bfEs este sitio confiable?<\/div>\n<div class=\"status-subtitle\">+ 4 a\u00f1os vendiendo juegos<\/div>\n<\/td>\n<td class=\"info-cell\">\n<div class=\"info-box\">\n<div class=\"info-title\">Acceso:<\/div>\n<div class=\"info-content\">[trustindex data-widget-id=7fd81be38eb695098c8683dcf1c]<\/div>\n<\/div>\n<\/td>\n<\/tr>\n<\/tbody>\n<\/table>\n","protected":false},"featured_media":7103604,"comment_status":"open","ping_status":"closed","template":"","meta":[],"product_brand":[164],"product_cat":[335,349,368],"product_tag":[419,449,487,423,475],"class_list":{"0":"post-7105421","1":"product","2":"type-product","3":"status-publish","4":"has-post-thumbnail","6":"product_brand-gsc","7":"product_cat-juegos-es","8":"product_cat-pc-es","9":"product_cat-steam-games-es","10":"product_tag-fps-es","11":"product_tag-post-apocaliptico-es","12":"product_tag-supervivencia-es","13":"product_tag-terror-es","14":"product_tag-un-jugador-es","16":"first","17":"instock","18":"downloadable","19":"virtual","20":"purchasable","21":"product-type-simple"},"exclude_global_add_ons":[],"addons":[],"_links":{"self":[{"href":"https:\/\/gamesbestprices.com\/es\/wp-json\/wp\/v2\/product\/7105421","targetHints":{"allow":["GET"]}}],"collection":[{"href":"https:\/\/gamesbestprices.com\/es\/wp-json\/wp\/v2\/product"}],"about":[{"href":"https:\/\/gamesbestprices.com\/es\/wp-json\/wp\/v2\/types\/product"}],"replies":[{"embeddable":true,"href":"https:\/\/gamesbestprices.com\/es\/wp-json\/wp\/v2\/comments?post=7105421"}],"wp:featuredmedia":[{"embeddable":true,"href":"https:\/\/gamesbestprices.com\/es\/wp-json\/wp\/v2\/media\/7103604"}],"wp:attachment":[{"href":"https:\/\/gamesbestprices.com\/es\/wp-json\/wp\/v2\/media?parent=7105421"}],"wp:term":[{"taxonomy":"product_brand","embeddable":true,"href":"https:\/\/gamesbestprices.com\/es\/wp-json\/wp\/v2\/product_brand?post=7105421"},{"taxonomy":"product_cat","embeddable":true,"href":"https:\/\/gamesbestprices.com\/es\/wp-json\/wp\/v2\/product_cat?post=7105421"},{"taxonomy":"product_tag","embeddable":true,"href":"https:\/\/gamesbestprices.com\/es\/wp-json\/wp\/v2\/product_tag?post=7105421"}],"curies":[{"name":"wp","href":"https:\/\/api.w.org\/{rel}","templated":true}]}}