{"id":7103935,"date":"2024-11-23T21:47:46","date_gmt":"2024-11-23T21:47:46","guid":{"rendered":"https:\/\/gamesbestprices.com\/politica-de-reembolsos-y-devoluciones\/"},"modified":"2026-03-06T17:39:57","modified_gmt":"2026-03-06T17:39:57","slug":"politica-de-reembolsos-y-devoluciones","status":"publish","type":"page","link":"https:\/\/gamesbestprices.com\/es\/politica-de-reembolsos-y-devoluciones\/","title":{"rendered":"Pol\u00edtica de reembolsos y devoluciones"},"content":{"rendered":"\t\t<div data-elementor-type=\"wp-page\" data-elementor-id=\"7103935\" class=\"elementor elementor-7103935 elementor-17\" data-elementor-post-type=\"page\">\n\t\t\t\t<div class=\"elementor-element elementor-element-692293b8 e-flex e-con-boxed e-con e-parent\" data-id=\"692293b8\" data-element_type=\"container\" data-e-type=\"container\">\n\t\t\t\t\t<div class=\"e-con-inner\">\n\t\t\t\t<div class=\"elementor-element elementor-element-4e861678 elementor-widget elementor-widget-text-editor\" data-id=\"4e861678\" data-element_type=\"widget\" data-e-type=\"widget\" data-widget_type=\"text-editor.default\">\n\t\t\t\t<div class=\"elementor-widget-container\">\n\t\t\t\t\t\t\t\t\t\n<p><strong>Verificaci\u00f3n previa a la compra<\/strong><\/p>\n<p>Antes de comprar cualquier producto digital en nuestra tienda, verifica cuidadosamente todos los requisitos del sistema y las especificaciones de compatibilidad. Es responsabilidad del cliente asegurarse de que su dispositivo y software cumplan todos los requisitos necesarios para el producto digital que desea comprar.<\/p>\n<p><strong>Aclaraci\u00f3n de consultas<\/strong><\/p>\n<p>Recomendamos encarecidamente a los clientes que resuelvan cualquier duda o inquietud antes de completar su compra. Nuestro equipo de soporte est\u00e1 disponible para proporcionarte informaci\u00f3n completa que te ayude a tomar una decisi\u00f3n de compra informada.<\/p>\n<p>Para informaci\u00f3n detallada, visita nuestra p\u00e1gina de recursos: <a href=\"https:\/\/gamesbestprices.com\/es\/preguntas-frecuentes\/\" target=\"_blank\" rel=\"noopener\">Preguntas frecuentes &#8211; GAMES BEST PRICES<\/a>.<\/p>\n<p><strong>Pol\u00edtica de reembolsos<\/strong><\/p>\n<p>Debido a la naturaleza de los productos digitales y para evitar la duplicaci\u00f3n no autorizada, todas las ventas se consideran definitivas una vez realizada la entrega. Al proceder con tu compra, reconoces y aceptas que no se emitir\u00e1n reembolsos despu\u00e9s de que el producto digital haya sido entregado, excepto en las circunstancias espec\u00edficas que se detallan a continuaci\u00f3n.<\/p>\n<p><strong>Excepciones limitadas<\/strong><\/p>\n<p>Los reembolsos solo se considerar\u00e1n en casos donde problemas t\u00e9cnicos verificables impidan el funcionamiento adecuado del producto y nuestro equipo de soporte t\u00e9cnico no haya podido resolver el problema. En tales casos verificados, los clientes pueden solicitar un reembolso dentro de los 7 d\u00edas naturales desde la fecha de compra. Ten en cuenta que las comisiones de procesamiento de pago no son reembolsables bajo ninguna circunstancia.<\/p>\n<p><strong>Atenci\u00f3n al cliente<\/strong><\/p>\n<p>Para cualquier consulta sobre nuestras pol\u00edticas de reembolsos y devoluciones, consulta nuestra completa <a href=\"https:\/\/gamesbestprices.com\/es\/preguntas-frecuentes\/\" target=\"_blank\" rel=\"noopener\">p\u00e1gina de preguntas frecuentes<\/a> en The Gamers&#8217; House, o contacta directamente con nuestro equipo de atenci\u00f3n al cliente a trav\u00e9s de WhatsApp para recibir asistencia r\u00e1pida.<\/p>\n\n<p> <\/p>\t\t\t\t\t\t\t\t<\/div>\n\t\t\t\t<\/div>\n\t\t\t\t\t<\/div>\n\t\t\t\t<\/div>\n\t\t\t\t<\/div>\n\t\t","protected":false},"excerpt":{"rendered":"<p>Verificaci\u00f3n previa a la compra Antes de comprar cualquier producto digital en nuestra tienda, verifica cuidadosamente todos los requisitos del sistema y las especificaciones de compatibilidad. Es responsabilidad del cliente asegurarse de que su dispositivo y software cumplan todos los requisitos necesarios para el producto digital que desea comprar. Aclaraci\u00f3n de consultas Recomendamos encarecidamente a [&hellip;]<\/p>\n","protected":false},"author":1,"featured_media":0,"parent":0,"menu_order":0,"comment_status":"closed","ping_status":"closed","template":"","meta":{"footnotes":""},"class_list":["post-7103935","page","type-page","status-publish","hentry"],"_links":{"self":[{"href":"https:\/\/gamesbestprices.com\/es\/wp-json\/wp\/v2\/pages\/7103935","targetHints":{"allow":["GET"]}}],"collection":[{"href":"https:\/\/gamesbestprices.com\/es\/wp-json\/wp\/v2\/pages"}],"about":[{"href":"https:\/\/gamesbestprices.com\/es\/wp-json\/wp\/v2\/types\/page"}],"author":[{"embeddable":true,"href":"https:\/\/gamesbestprices.com\/es\/wp-json\/wp\/v2\/users\/1"}],"replies":[{"embeddable":true,"href":"https:\/\/gamesbestprices.com\/es\/wp-json\/wp\/v2\/comments?post=7103935"}],"version-history":[{"count":9,"href":"https:\/\/gamesbestprices.com\/es\/wp-json\/wp\/v2\/pages\/7103935\/revisions"}],"predecessor-version":[{"id":7106522,"href":"https:\/\/gamesbestprices.com\/es\/wp-json\/wp\/v2\/pages\/7103935\/revisions\/7106522"}],"wp:attachment":[{"href":"https:\/\/gamesbestprices.com\/es\/wp-json\/wp\/v2\/media?parent=7103935"}],"curies":[{"name":"wp","href":"https:\/\/api.w.org\/{rel}","templated":true}]}}